{"id":2902,"date":"2025-09-03T13:44:23","date_gmt":"2025-09-03T05:44:23","guid":{"rendered":"https:\/\/www.chuxin-smt.com\/?page_id=2902"},"modified":"2025-09-05T16:10:49","modified_gmt":"2025-09-05T08:10:49","slug":"mini-led-smart-displayminiled","status":"publish","type":"page","link":"https:\/\/www.chuxin-smt.com\/cs\/mini-led-smart-displayminiled\/","title":{"rendered":"Mini LED Smart Display&amp;MiniLED"},"content":{"rendered":"<div data-elementor-type=\"wp-page\" data-elementor-id=\"2902\" class=\"elementor elementor-2902\" data-elementor-post-type=\"page\">\n\t\t\t\t<div class=\"elementor-element elementor-element-55ada3c8 e-con-full e-flex e-con e-parent\" data-id=\"55ada3c8\" data-element_type=\"container\" data-settings=\"{&quot;background_background&quot;:&quot;classic&quot;}\">\n\t\t<div class=\"elementor-element elementor-element-281af913 e-con-full e-flex e-con e-child\" data-id=\"281af913\" data-element_type=\"container\">\n\t\t\t\t<div class=\"elementor-element elementor-element-4908fc73 elementor-widget elementor-widget-heading\" data-id=\"4908fc73\" data-element_type=\"widget\" data-widget_type=\"heading.default\">\n\t\t\t\t<div class=\"elementor-widget-container\">\n\t\t\t<h2 class=\"elementor-heading-title elementor-size-default\">OUTLINE<\/h2>\t\t<\/div>\n\t\t\t\t<\/div>\n\t\t\t\t<div class=\"elementor-element elementor-element-14949236 elementor-widget__width-initial elementor-absolute elementor-widget-tablet__width-initial elementor-widget-mobile__width-initial elementor-widget elementor-widget-spacer\" data-id=\"14949236\" data-element_type=\"widget\" data-settings=\"{&quot;_position&quot;:&quot;absolute&quot;}\" data-widget_type=\"spacer.default\">\n\t\t\t\t<div class=\"elementor-widget-container\">\n\t\t\t\t\t<div class=\"elementor-spacer\">\n\t\t\t<div class=\"elementor-spacer-inner\"><\/div>\n\t\t<\/div>\n\t\t\t\t<\/div>\n\t\t\t\t<\/div>\n\t\t<div class=\"elementor-element elementor-element-299961f2 e-con-full e-flex e-con e-child\" data-id=\"299961f2\" data-element_type=\"container\">\n\t\t\t\t<div class=\"elementor-element elementor-element-7a9736aa elementor-widget elementor-widget-text-editor\" data-id=\"7a9736aa\" data-element_type=\"widget\" data-widget_type=\"text-editor.default\">\n\t\t\t\t<div class=\"elementor-widget-container\">\n\t\t\t\t\t\t\t<p>1) Technologick\u00fd v\u00fdvoj MiniLED a chytr\u00fdch displej\u016f<\/p><p>2) \u00daloha za\u0159\u00edzen\u00ed SMT p\u0159i v\u00fdrob\u011b vysoce p\u0159esn\u00fdch a velkoform\u00e1tov\u00fdch panel\u016f<\/p><p>3) Technick\u00e9 po\u017eadavky: n\u00edzk\u00e1 m\u00edra vad, kontrola v\u00fdt\u011b\u017enosti<\/p><p>4) \u00dasp\u011b\u0161n\u00e9 p\u0159\u00edpady a budouc\u00ed sm\u011bry v\u00fdvoje<\/p>\t\t\t\t\t\t<\/div>\n\t\t\t\t<\/div>\n\t\t\t\t<div class=\"elementor-element elementor-element-67dbb19 elementor-button-align-stretch elementor-widget elementor-widget-form\" data-id=\"67dbb19\" data-element_type=\"widget\" data-settings=\"{&quot;step_next_label&quot;:&quot;Next&quot;,&quot;step_previous_label&quot;:&quot;Previous&quot;,&quot;button_width&quot;:&quot;40&quot;,&quot;step_type&quot;:&quot;number_text&quot;,&quot;step_icon_shape&quot;:&quot;circle&quot;}\" data-widget_type=\"form.default\">\n\t\t\t\t<div class=\"elementor-widget-container\">\n\t\t\t\t\t<form class=\"elementor-form\" method=\"post\" name=\"Newsletter\" action=\"\">\n\t\t\t<input type=\"hidden\" name=\"post_id\" value=\"2902\"\/>\n\t\t\t<input type=\"hidden\" name=\"form_id\" value=\"67dbb19\"\/>\n\t\t\t<input type=\"hidden\" name=\"referer_title\" value=\"\" \/>\n\n\t\t\t\n\t\t\t<div class=\"elementor-form-fields-wrapper elementor-labels-\">\n\t\t\t\t\t\t\t\t<div class=\"elementor-field-type-email elementor-field-group elementor-column elementor-field-group-email elementor-col-60 elementor-field-required\">\n\t\t\t\t\t\t\t\t\t\t\t\t<label for=\"form-field-email\" class=\"elementor-field-label elementor-screen-only\">\n\t\t\t\t\t\t\t\tE-mail\t\t\t\t\t\t\t<\/label>\n\t\t\t\t\t\t\t\t\t\t\t\t\t\t<input size=\"1\" type=\"email\" name=\"form_fields[email]\" id=\"form-field-email\" class=\"elementor-field elementor-size-sm  elementor-field-textual\" placeholder=\"E-mail\" required=\"required\" aria-required=\"true\">\n\t\t\t\t\t\t\t\t\t\t\t<\/div>\n\t\t\t\t\t\t\t\t<div class=\"elementor-field-group elementor-column elementor-field-type-submit elementor-col-40 e-form__buttons\">\n\t\t\t\t\t<button class=\"elementor-button elementor-size-sm\" type=\"submit\">\n\t\t\t\t\t\t<span class=\"elementor-button-content-wrapper\">\n\t\t\t\t\t\t\t\t\t\t\t\t\t\t\t\t\t\t\t\t\t\t<span class=\"elementor-button-text\">P\u0159ihlaste se k odb\u011bru na <\/span>\n\t\t\t\t\t\t\t\t\t\t\t\t\t<\/span>\n\t\t\t\t\t<\/button>\n\t\t\t\t<\/div>\n\t\t\t<\/div>\n\t\t<input type=\"hidden\" name=\"trp-form-language\" value=\"cs\"\/><\/form>\n\t\t\t\t<\/div>\n\t\t\t\t<\/div>\n\t\t\t\t<\/div>\n\t\t\t\t<\/div>\n\t\t<div class=\"elementor-element elementor-element-1ac06b56 e-con-full e-flex e-con e-child\" data-id=\"1ac06b56\" data-element_type=\"container\" data-settings=\"{&quot;background_background&quot;:&quot;classic&quot;}\">\n\t\t\t\t<\/div>\n\t\t\t\t<\/div>\n\t\t<div class=\"elementor-element elementor-element-15cf4ca7 e-flex e-con-boxed e-con e-parent\" data-id=\"15cf4ca7\" data-element_type=\"container\">\n\t\t\t\t\t<div class=\"e-con-inner\">\n\t\t\t\t<div class=\"elementor-element elementor-element-1906c7b3 elementor-widget elementor-widget-heading\" data-id=\"1906c7b3\" data-element_type=\"widget\" data-widget_type=\"heading.default\">\n\t\t\t\t<div class=\"elementor-widget-container\">\n\t\t\t<h2 class=\"elementor-heading-title elementor-size-default\">Pou\u017eit\u00ed za\u0159\u00edzen\u00ed S&amp;M SMT v oblasti chytr\u00fdch displej\u016f a MiniLED<\/h2>\t\t<\/div>\n\t\t\t\t<\/div>\n\t\t\t\t\t<\/div>\n\t\t\t\t<\/div>\n\t\t<div class=\"elementor-element elementor-element-45ab32ce e-flex e-con-boxed e-con e-parent\" data-id=\"45ab32ce\" data-element_type=\"container\">\n\t\t\t\t\t<div class=\"e-con-inner\">\n\t\t\t\t<div class=\"elementor-element elementor-element-6306a712 elementor-widget elementor-widget-text-editor\" data-id=\"6306a712\" data-element_type=\"widget\" data-widget_type=\"text-editor.default\">\n\t\t\t\t<div class=\"elementor-widget-container\">\n\t\t\t\t\t\t\t<p>S rychl\u00fdm v\u00fdvojem zobrazovac\u00edch technologi\u00ed se kl\u00ed\u010dov\u00fdm trendem v oboru staly displeje MiniLED a chytr\u00e9 displeje. MiniLED, kter\u00e9 se vyzna\u010duj\u00ed vy\u0161\u0161\u00edm jasem, vy\u0161\u0161\u00edm kontrastem a del\u0161\u00ed \u017eivotnost\u00ed, se \u0161iroce pou\u017e\u00edvaj\u00ed v televizorech, komer\u010dn\u00edch displej\u00edch, displej\u00edch pro automobilov\u00fd pr\u016fmysl a v profesion\u00e1ln\u00edch sledovac\u00edch za\u0159\u00edzen\u00edch.<\/p><p><strong><span style=\"color: #ff0000;\">BOE,<\/span><\/strong> p\u0159edn\u00ed sv\u011btov\u00e1 spole\u010dnost v oblasti zobrazovac\u00edch technologi\u00ed, aktivn\u011b vyv\u00edj\u00ed MiniLED a \u0161pi\u010dkov\u00e9 chytr\u00e9 displeje. To klade extr\u00e9mn\u011b vysok\u00e9 n\u00e1roky na v\u00fdrobn\u00ed procesy: zaji\u0161t\u011bn\u00ed rovnom\u011brn\u00e9ho jasu nap\u0159\u00ed\u010d zobrazovac\u00edmi panely a z\u00e1rove\u0148 spolehlivost ka\u017ed\u00e9ho p\u00e1jen\u00e9ho spoje.<\/p><p>D\u00edky dlouholet\u00fdm zku\u0161enostem s v\u00fdvojem za\u0159\u00edzen\u00ed SMT poskytuje spole\u010dnost S&amp;M z\u00e1kazn\u00edk\u016fm kompletn\u00ed \u0159e\u0161en\u00ed, kter\u00e1 spl\u0148uj\u00ed jejich pot\u0159eby v oblasti vysoce p\u0159esn\u00e9 a hromadn\u00e9 v\u00fdroby, a pom\u00e1h\u00e1 jim tak udr\u017eet si vedouc\u00ed postaven\u00ed v oblasti zobrazovac\u00edch technologi\u00ed nov\u00e9 generace.<\/p>\t\t\t\t\t\t<\/div>\n\t\t\t\t<\/div>\n\t\t\t\t\t<\/div>\n\t\t\t\t<\/div>\n\t\t<div class=\"elementor-element elementor-element-5e2142ab e-flex e-con-boxed e-con e-parent\" data-id=\"5e2142ab\" data-element_type=\"container\">\n\t\t\t\t\t<div class=\"e-con-inner\">\n\t\t<div class=\"elementor-element elementor-element-53ddd9c e-con-full e-flex e-con e-child\" data-id=\"53ddd9c\" data-element_type=\"container\">\n\t\t\t\t<div class=\"elementor-element elementor-element-1970679a elementor-widget elementor-widget-heading\" data-id=\"1970679a\" data-element_type=\"widget\" data-widget_type=\"heading.default\">\n\t\t\t\t<div class=\"elementor-widget-container\">\n\t\t\t<h2 class=\"elementor-heading-title elementor-size-default\">\u00daloha za\u0159\u00edzen\u00ed SMT p\u0159i v\u00fdrob\u011b vysoce p\u0159esn\u00fdch a velkoform\u00e1tov\u00fdch panel\u016f<\/h2>\t\t<\/div>\n\t\t\t\t<\/div>\n\t\t\t\t<\/div>\n\t\t\t\t\t<\/div>\n\t\t\t\t<\/div>\n\t\t<div class=\"elementor-element elementor-element-2f05c6c2 e-flex e-con-boxed e-con e-parent\" data-id=\"2f05c6c2\" data-element_type=\"container\">\n\t\t\t\t\t<div class=\"e-con-inner\">\n\t\t\t\t<div class=\"elementor-element elementor-element-f57f714 elementor-widget elementor-widget-text-editor\" data-id=\"f57f714\" data-element_type=\"widget\" data-widget_type=\"text-editor.default\">\n\t\t\t\t<div class=\"elementor-widget-container\">\n\t\t\t\t\t\t\t<p>Chytr\u00e9 displeje a produkty MiniLED b\u011b\u017en\u011b vyu\u017e\u00edvaj\u00ed velkoplo\u0161n\u00e9 desky plo\u0161n\u00fdch spoj\u016f, kter\u00e9 vy\u017eaduj\u00ed vysoce p\u0159esn\u00e9 um\u00edst\u011bn\u00ed a stabiln\u00ed p\u0159enosov\u00e9 syst\u00e9my.<\/p><p>Spole\u010dnost S&amp;M prost\u0159ednictv\u00edm sv\u00e9ho p\u0159esn\u00e9ho vybaven\u00ed pom\u00e1h\u00e1 z\u00e1kazn\u00edk\u016fm dos\u00e1hnout efektivn\u00ed hromadn\u00e9 v\u00fdroby a stabiln\u00ed kvality p\u0159i v\u00fdrob\u011b velkoplo\u0161n\u00fdch zobrazovac\u00edch panel\u016f s vysokou hustotou.<\/p>\t\t\t\t\t\t<\/div>\n\t\t\t\t<\/div>\n\t\t\t\t\t<\/div>\n\t\t\t\t<\/div>\n\t\t<div class=\"elementor-element elementor-element-2f134027 e-flex e-con-boxed e-con e-parent\" data-id=\"2f134027\" data-element_type=\"container\">\n\t\t\t\t\t<div class=\"e-con-inner\">\n\t\t\t\t<div class=\"elementor-element elementor-element-5257af63 elementor-widget elementor-widget-heading\" data-id=\"5257af63\" data-element_type=\"widget\" data-widget_type=\"heading.default\">\n\t\t\t\t<div class=\"elementor-widget-container\">\n\t\t\t<h2 class=\"elementor-heading-title elementor-size-default\">Technick\u00e9 po\u017eadavky: n\u00edzk\u00e1 chybovost, kontrola v\u00fdt\u011b\u017enosti<\/h2>\t\t<\/div>\n\t\t\t\t<\/div>\n\t\t\t\t<div class=\"elementor-element elementor-element-2966c20 elementor-widget elementor-widget-text-editor\" data-id=\"2966c20\" data-element_type=\"widget\" data-widget_type=\"text-editor.default\">\n\t\t\t\t<div class=\"elementor-widget-container\">\n\t\t\t\t\t\t\t<p>V\u00fdrobky MiniLED vy\u017eaduj\u00ed extr\u00e9mn\u011b vysokou v\u00fdt\u011b\u017enost. Jak\u00e1koli drobn\u00e1 vada p\u00e1jec\u00edho spoje m\u016f\u017ee zp\u016fsobit abnormality zobrazen\u00ed nebo zkr\u00e1tit \u017eivotnost. Z\u00e1kazn\u00edci mus\u00ed p\u0159\u00edsn\u011b kontrolovat m\u00edru defekt\u016f p\u0159i osazov\u00e1n\u00ed s vysokou hustotou a velkoplo\u0161n\u00e9 v\u00fdrob\u011b desek plo\u0161n\u00fdch spoj\u016f.<\/p><p><strong><span style=\"color: #ff0000;\">BOE<\/span><\/strong> v\u00fdrobn\u00ed linky vyu\u017e\u00edvaj\u00ed automatizovan\u00e1 \u0159e\u0161en\u00ed SMT od spole\u010dnosti S&amp;M, \u010d\u00edm\u017e dosahuj\u00ed pln\u00e9 kontroly v\u00fdt\u011b\u017enosti procesu:<\/p><p>P\u00e1jen\u00ed p\u0159etaven\u00edm sni\u017euje mno\u017estv\u00ed pr\u00e1zdn\u00fdch m\u00edst v p\u00e1jce a zvy\u0161uje celkovou spolehlivost.<\/p><p>Tato opat\u0159en\u00ed v\u00fdznamn\u011b sni\u017euj\u00ed m\u00edru defekt\u016f v hromadn\u00e9 v\u00fdrob\u011b a pom\u00e1haj\u00ed z\u00e1kazn\u00edk\u016fm udr\u017eet vysok\u00e9 dodac\u00ed schopnosti v n\u00e1ro\u010dn\u00e9m odv\u011btv\u00ed v\u00fdroby displej\u016f.<\/p>\t\t\t\t\t\t<\/div>\n\t\t\t\t<\/div>\n\t\t\t\t\t<\/div>\n\t\t\t\t<\/div>\n\t\t<div class=\"elementor-element elementor-element-32224b71 e-flex e-con-boxed e-con e-parent\" data-id=\"32224b71\" data-element_type=\"container\">\n\t\t\t\t\t<div class=\"e-con-inner\">\n\t\t\t\t<div class=\"elementor-element elementor-element-1fb65a3e elementor-widget elementor-widget-heading\" data-id=\"1fb65a3e\" data-element_type=\"widget\" data-widget_type=\"heading.default\">\n\t\t\t\t<div class=\"elementor-widget-container\">\n\t\t\t<h2 class=\"elementor-heading-title elementor-size-default\">\u00dasp\u011b\u0161n\u00e9 p\u0159\u00edpady a budouc\u00ed sm\u011bry v\u00fdvoje<\/h2>\t\t<\/div>\n\t\t\t\t<\/div>\n\t\t<div class=\"elementor-element elementor-element-5e8a30b3 e-con-full e-flex e-con e-child\" data-id=\"5e8a30b3\" data-element_type=\"container\">\n\t\t\t\t<div class=\"elementor-element elementor-element-616d7ab6 elementor-widget elementor-widget-text-editor\" data-id=\"616d7ab6\" data-element_type=\"widget\" data-widget_type=\"text-editor.default\">\n\t\t\t\t<div class=\"elementor-widget-container\">\n\t\t\t\t\t\t\t<p>\u0158e\u0161en\u00ed spole\u010dnosti S&amp;M v oblasti chytr\u00fdch displej\u016f a MiniLED \u00fasp\u011b\u0161n\u011b implementovalo n\u011bkolik zn\u00e1m\u00fdch z\u00e1kazn\u00edk\u016f, v\u010detn\u011b spole\u010dnost\u00ed BOE, Unilumin a Goertek.<\/p><p>S dal\u0161\u00edm rozvojem technologi\u00ed MicroLED a displej\u016f s ultra vysok\u00fdm rozli\u0161en\u00edm bude spole\u010dnost S&amp;M pokra\u010dovat v optimalizaci sv\u00fdch kompletn\u00edch \u0159e\u0161en\u00ed SMT linek a poskytovat z\u00e1kazn\u00edk\u016fm vy\u0161\u0161\u00ed p\u0159esnost, spolehlivost a inteligentn\u011bj\u0161\u00ed v\u00fdrobn\u00ed mo\u017enosti.<\/p>\t\t\t\t\t\t<\/div>\n\t\t\t\t<\/div>\n\t\t\t\t<\/div>\n\t\t\t\t\t<\/div>\n\t\t\t\t<\/div>\n\t\t<div class=\"elementor-element elementor-element-38bc1f73 e-flex e-con-boxed e-con e-parent\" data-id=\"38bc1f73\" data-element_type=\"container\" data-settings=\"{&quot;background_background&quot;:&quot;classic&quot;}\">\n\t\t\t\t\t<div class=\"e-con-inner\">\n\t\t\t\t<div class=\"elementor-element elementor-element-635422a9 elementor-widget elementor-widget-heading\" data-id=\"635422a9\" data-element_type=\"widget\" data-widget_type=\"heading.default\">\n\t\t\t\t<div class=\"elementor-widget-container\">\n\t\t\t<h2 class=\"elementor-heading-title elementor-size-default\">Hodnota aplikace<\/h2>\t\t<\/div>\n\t\t\t\t<\/div>\n\t\t\t\t<div class=\"elementor-element elementor-element-43889042 elementor-widget elementor-widget-text-editor\" data-id=\"43889042\" data-element_type=\"widget\" data-widget_type=\"text-editor.default\">\n\t\t\t\t<div class=\"elementor-widget-container\">\n\t\t\t\t\t\t\t<p>Hodnota aplikace: Zlep\u0161en\u00edm automatizace v\u00fdrobn\u00edch linek, sn\u00ed\u017een\u00edm po\u010dtu vad a podporou flexibiln\u00edho roz\u0161i\u0159ov\u00e1n\u00ed v\u00fdroby pom\u00e1h\u00e1 S&amp;M z\u00e1kazn\u00edk\u016fm udr\u017eet si konkuren\u010dn\u00ed v\u00fdhodu na glob\u00e1ln\u00edm trhu s chytr\u00fdm hardwarem.<\/p>\t\t\t\t\t\t<\/div>\n\t\t\t\t<\/div>\n\t\t\t\t<div class=\"elementor-element elementor-element-46bfc79 elementor-skin-carousel elementor-widget elementor-widget-media-carousel\" data-id=\"46bfc79\" data-element_type=\"widget\" data-settings=\"{&quot;slides_per_view&quot;:&quot;5&quot;,&quot;slides_to_scroll&quot;:&quot;1&quot;,&quot;slides_per_view_tablet&quot;:&quot;4&quot;,&quot;slides_per_view_mobile&quot;:&quot;2&quot;,&quot;skin&quot;:&quot;carousel&quot;,&quot;effect&quot;:&quot;slide&quot;,&quot;speed&quot;:500,&quot;autoplay&quot;:&quot;yes&quot;,&quot;autoplay_speed&quot;:5000,&quot;loop&quot;:&quot;yes&quot;,&quot;pause_on_hover&quot;:&quot;yes&quot;,&quot;pause_on_interaction&quot;:&quot;yes&quot;,&quot;space_between&quot;:{&quot;unit&quot;:&quot;px&quot;,&quot;size&quot;:10,&quot;sizes&quot;:[]},&quot;space_between_tablet&quot;:{&quot;unit&quot;:&quot;px&quot;,&quot;size&quot;:10,&quot;sizes&quot;:[]},&quot;space_between_mobile&quot;:{&quot;unit&quot;:&quot;px&quot;,&quot;size&quot;:10,&quot;sizes&quot;:[]}}\" data-widget_type=\"media-carousel.default\">\n\t\t\t\t<div class=\"elementor-widget-container\">\n\t\t\t\t\t<div class=\"elementor-swiper\">\n\t\t\t<div class=\"elementor-main-swiper swiper\">\n\t\t\t\t<div class=\"swiper-wrapper\">\n\t\t\t\t\t\t\t\t\t\t\t<div class=\"swiper-slide\">\n\t\t\t\t\t\t\t\t\t<div class=\"elementor-carousel-image\" role=\"img\" aria-label=\"1756803359-Malaysian customers-5\" style=\"background-image: url(&#039;https:\/\/www.chuxin-smt.com\/wp-content\/uploads\/2025\/09\/1756803359-Malaysian-customers-5.jpg&#039;)\">\n\n\t\t\t\n\t\t\t\t\t<\/div>\n\t\t\t\t\t\t\t\t<\/div>\n\t\t\t\t\t\t\t\t\t\t\t<div class=\"swiper-slide\">\n\t\t\t\t\t\t\t\t\t<div class=\"elementor-carousel-image\" role=\"img\" aria-label=\"1756778979-customers-2\" style=\"background-image: url(&#039;https:\/\/www.chuxin-smt.com\/wp-content\/uploads\/2025\/09\/1756778979-customers-2.jpg&#039;)\">\n\n\t\t\t\n\t\t\t\t\t<\/div>\n\t\t\t\t\t\t\t\t<\/div>\n\t\t\t\t\t\t\t\t\t\t\t<div class=\"swiper-slide\">\n\t\t\t\t\t\t\t\t\t<div class=\"elementor-carousel-image\" role=\"img\" aria-label=\"1756803354-Malaysian customers-3\" style=\"background-image: url(&#039;https:\/\/www.chuxin-smt.com\/wp-content\/uploads\/2025\/09\/1756803354-Malaysian-customers-3.jpg&#039;)\">\n\n\t\t\t\n\t\t\t\t\t<\/div>\n\t\t\t\t\t\t\t\t<\/div>\n\t\t\t\t\t\t\t\t\t\t\t<div class=\"swiper-slide\">\n\t\t\t\t\t\t\t\t\t<div class=\"elementor-carousel-image\" role=\"img\" aria-label=\"1756803348-Malaj\u0161t\u00ed z\u00e1kazn\u00edci\" style=\"background-image: url(&#039;https:\/\/www.chuxin-smt.com\/wp-content\/uploads\/2025\/09\/1756803348-Malaysian-customers.jpg&#039;)\">\n\n\t\t\t\n\t\t\t\t\t<\/div>\n\t\t\t\t\t\t\t\t<\/div>\n\t\t\t\t\t\t\t\t\t\t\t<div class=\"swiper-slide\">\n\t\t\t\t\t\t\t\t\t<div class=\"elementor-carousel-image\" role=\"img\" aria-label=\"1756803352-Malaysian customers-2\" style=\"background-image: url(&#039;https:\/\/www.chuxin-smt.com\/wp-content\/uploads\/2025\/09\/1756803352-Malaysian-customers-2.jpg&#039;)\">\n\n\t\t\t\n\t\t\t\t\t<\/div>\n\t\t\t\t\t\t\t\t<\/div>\n\t\t\t\t\t\t\t\t\t\t\t<div class=\"swiper-slide\">\n\t\t\t\t\t\t\t\t\t<div class=\"elementor-carousel-image\" role=\"img\" aria-label=\"1756803345-Foxconn z\u00e1kazn\u00edci-3\" style=\"background-image: url(&#039;https:\/\/www.chuxin-smt.com\/wp-content\/uploads\/2025\/09\/1756803345-Foxconn-customers-3.jpg&#039;)\">\n\n\t\t\t\n\t\t\t\t\t<\/div>\n\t\t\t\t\t\t\t\t<\/div>\n\t\t\t\t\t\t\t\t\t\t\t<div class=\"swiper-slide\">\n\t\t\t\t\t\t\t\t\t<div class=\"elementor-carousel-image\" role=\"img\" aria-label=\"1756803335-Foxconn z\u00e1kazn\u00edci\" style=\"background-image: url(&#039;https:\/\/www.chuxin-smt.com\/wp-content\/uploads\/2025\/09\/1756803335-Foxconn-customers.jpg&#039;)\">\n\n\t\t\t\n\t\t\t\t\t<\/div>\n\t\t\t\t\t\t\t\t<\/div>\n\t\t\t\t\t\t\t\t\t<\/div>\n\t\t\t\t\t\t\t\t\t\t\t\t\t\t\t\t\t\t\t\t\t<\/div>\n\t\t<\/div>\n\t\t\t\t<\/div>\n\t\t\t\t<\/div>\n\t\t\t\t\t<\/div>\n\t\t\t\t<\/div>\n\t\t<div class=\"elementor-element elementor-element-761fe67c e-con-full e-flex e-con e-parent\" data-id=\"761fe67c\" data-element_type=\"container\">\n\t\t\t\t<div class=\"elementor-element elementor-element-22b9962f elementor-cta--layout-image-right elementor-cta--mobile-layout-image-above elementor-cta--skin-classic elementor-animated-content elementor-bg-transform elementor-bg-transform-zoom-in elementor-widget elementor-widget-call-to-action\" data-id=\"22b9962f\" data-element_type=\"widget\" data-widget_type=\"call-to-action.default\">\n\t\t\t\t<div class=\"elementor-widget-container\">\n\t\t\t\t\t<div class=\"elementor-cta\">\n\t\t\t\t\t<div class=\"elementor-cta__bg-wrapper\">\n\t\t\t\t<div class=\"elementor-cta__bg elementor-bg\" style=\"background-image: url(https:\/\/www.chuxin-smt.com\/wp-content\/uploads\/2025\/04\/1744707680-\u6c5f\u95e8\u5de5\u5382.jpg);\" role=\"img\" aria-label=\"S&amp;M FACTORY\"><\/div>\n\t\t\t\t<div class=\"elementor-cta__bg-overlay\"><\/div>\n\t\t\t<\/div>\n\t\t\t\t\t\t\t<div class=\"elementor-cta__content\">\n\t\t\t\t\n\t\t\t\t\t\t\t\t\t<span class=\"elementor-cta__title elementor-cta__content-item elementor-content-item\">\n\t\t\t\t\t\tPot\u0159ebujete za\u0159\u00edzen\u00ed SMT?\t\t\t\t\t<\/span>\n\t\t\t\t\n\t\t\t\t\t\t\t\t\t<div class=\"elementor-cta__description elementor-cta__content-item elementor-content-item\">\n\t\t\t\t\t\tVy\u017e\u00e1dejte si bezplatnou konzultaci a odhad ceny\t\t\t\t\t<\/div>\n\t\t\t\t\n\t\t\t\t\t\t\t\t\t<div class=\"elementor-cta__button-wrapper elementor-cta__content-item elementor-content-item\">\n\t\t\t\t\t<a class=\"elementor-cta__button elementor-button elementor-size-md\" href=\"https:\/\/www.chuxin-smt.com\/cs\/contacts\/\">\n\t\t\t\t\t\tKontaktujte n\u00e1s\t\t\t\t\t<\/a>\n\t\t\t\t\t<\/div>\n\t\t\t\t\t\t\t<\/div>\n\t\t\t\t\t\t<\/div>\n\t\t\t\t<\/div>\n\t\t\t\t<\/div>\n\t\t\t\t<\/div>\n\t\t\t\t<\/div>","protected":false},"excerpt":{"rendered":"<p>OUTLINE 1) Technological Development of MiniLED and Smart Display 2) The role of SMT equipment in the production of high-precision [&hellip;]<\/p>","protected":false},"author":1,"featured_media":0,"parent":0,"menu_order":0,"comment_status":"closed","ping_status":"closed","template":"","meta":{"_acf_changed":false,"site-sidebar-layout":"no-sidebar","site-content-layout":"","ast-site-content-layout":"full-width-container","site-content-style":"default","site-sidebar-style":"default","ast-global-header-display":"","ast-banner-title-visibility":"","ast-main-header-display":"","ast-hfb-above-header-display":"","ast-hfb-below-header-display":"","ast-hfb-mobile-header-display":"","site-post-title":"disabled","ast-breadcrumbs-content":"","ast-featured-img":"disabled","footer-sml-layout":"","theme-transparent-header-meta":"default","adv-header-id-meta":"","stick-header-meta":"","header-above-stick-meta":"","header-main-stick-meta":"","header-below-stick-meta":"","astra-migrate-meta-layouts":"set","ast-page-background-enabled":"default","ast-page-background-meta":{"desktop":{"background-color":"var(--ast-global-color-4)","background-image":"","background-repeat":"repeat","background-position":"center center","background-size":"auto","background-attachment":"scroll","background-type":"","background-media":"","overlay-type":"","overlay-color":"","overlay-opacity":"","overlay-gradient":""},"tablet":{"background-color":"","background-image":"","background-repeat":"repeat","background-position":"center center","background-size":"auto","background-attachment":"scroll","background-type":"","background-media":"","overlay-type":"","overlay-color":"","overlay-opacity":"","overlay-gradient":""},"mobile":{"background-color":"","background-image":"","background-repeat":"repeat","background-position":"center center","background-size":"auto","background-attachment":"scroll","background-type":"","background-media":"","overlay-type":"","overlay-color":"","overlay-opacity":"","overlay-gradient":""}},"ast-content-background-meta":{"desktop":{"background-color":"var(--ast-global-color-5)","background-image":"","background-repeat":"repeat","background-position":"center center","background-size":"auto","background-attachment":"scroll","background-type":"","background-media":"","overlay-type":"","overlay-color":"","overlay-opacity":"","overlay-gradient":""},"tablet":{"background-color":"var(--ast-global-color-5)","background-image":"","background-repeat":"repeat","background-position":"center center","background-size":"auto","background-attachment":"scroll","background-type":"","background-media":"","overlay-type":"","overlay-color":"","overlay-opacity":"","overlay-gradient":""},"mobile":{"background-color":"var(--ast-global-color-5)","background-image":"","background-repeat":"repeat","background-position":"center center","background-size":"auto","background-attachment":"scroll","background-type":"","background-media":"","overlay-type":"","overlay-color":"","overlay-opacity":"","overlay-gradient":""}}},"class_list":["post-2902","page","type-page","status-publish","hentry"],"acf":[],"_links":{"self":[{"href":"https:\/\/www.chuxin-smt.com\/cs\/wp-json\/wp\/v2\/pages\/2902","targetHints":{"allow":["GET"]}}],"collection":[{"href":"https:\/\/www.chuxin-smt.com\/cs\/wp-json\/wp\/v2\/pages"}],"about":[{"href":"https:\/\/www.chuxin-smt.com\/cs\/wp-json\/wp\/v2\/types\/page"}],"author":[{"embeddable":true,"href":"https:\/\/www.chuxin-smt.com\/cs\/wp-json\/wp\/v2\/users\/1"}],"replies":[{"embeddable":true,"href":"https:\/\/www.chuxin-smt.com\/cs\/wp-json\/wp\/v2\/comments?post=2902"}],"version-history":[{"count":0,"href":"https:\/\/www.chuxin-smt.com\/cs\/wp-json\/wp\/v2\/pages\/2902\/revisions"}],"wp:attachment":[{"href":"https:\/\/www.chuxin-smt.com\/cs\/wp-json\/wp\/v2\/media?parent=2902"}],"curies":[{"name":"wp","href":"https:\/\/api.w.org\/{rel}","templated":true}]}}