{"id":2897,"date":"2025-09-03T13:03:53","date_gmt":"2025-09-03T05:03:53","guid":{"rendered":"https:\/\/www.chuxin-smt.com\/?page_id=2897"},"modified":"2025-09-05T16:08:40","modified_gmt":"2025-09-05T08:08:40","slug":"home-appliances-smart-home","status":"publish","type":"page","link":"https:\/\/www.chuxin-smt.com\/da\/home-appliances-smart-home\/","title":{"rendered":"Hvidevarer til hjemmet &amp; Smart Home"},"content":{"rendered":"<div data-elementor-type=\"wp-page\" data-elementor-id=\"2897\" class=\"elementor elementor-2897\" data-elementor-post-type=\"page\">\n\t\t\t\t<div class=\"elementor-element elementor-element-56864aa2 e-con-full e-flex e-con e-parent\" data-id=\"56864aa2\" data-element_type=\"container\" data-settings=\"{&quot;background_background&quot;:&quot;classic&quot;}\">\n\t\t<div class=\"elementor-element elementor-element-6c7da674 e-con-full e-flex e-con e-child\" data-id=\"6c7da674\" data-element_type=\"container\">\n\t\t\t\t<div class=\"elementor-element elementor-element-5e5a1a35 elementor-widget elementor-widget-heading\" data-id=\"5e5a1a35\" data-element_type=\"widget\" data-widget_type=\"heading.default\">\n\t\t\t\t<div class=\"elementor-widget-container\">\n\t\t\t<h2 class=\"elementor-heading-title elementor-size-default\">OVERBLIK<\/h2>\t\t<\/div>\n\t\t\t\t<\/div>\n\t\t\t\t<div class=\"elementor-element elementor-element-3c0b9f4e elementor-widget__width-initial elementor-absolute elementor-widget-tablet__width-initial elementor-widget-mobile__width-initial elementor-widget elementor-widget-spacer\" data-id=\"3c0b9f4e\" data-element_type=\"widget\" data-settings=\"{&quot;_position&quot;:&quot;absolute&quot;}\" data-widget_type=\"spacer.default\">\n\t\t\t\t<div class=\"elementor-widget-container\">\n\t\t\t\t\t<div class=\"elementor-spacer\">\n\t\t\t<div class=\"elementor-spacer-inner\"><\/div>\n\t\t<\/div>\n\t\t\t\t<\/div>\n\t\t\t\t<\/div>\n\t\t<div class=\"elementor-element elementor-element-26a498cf e-con-full e-flex e-con e-child\" data-id=\"26a498cf\" data-element_type=\"container\">\n\t\t\t\t<div class=\"elementor-element elementor-element-13d952d0 elementor-widget elementor-widget-text-editor\" data-id=\"13d952d0\" data-element_type=\"widget\" data-widget_type=\"text-editor.default\">\n\t\t\t\t<div class=\"elementor-widget-container\">\n\t\t\t\t\t\t\t<p>1) Tendenser p\u00e5 markedet for husholdningsapparater og intelligente hjem<\/p><p>2) SMT-udstyrets rolle i produktionen af kontroltavler og kommunikationsmoduler<\/p><p>3) Produktkrav: stabilitet, evne til masseproduktion<\/p><p>4) Anvendeligheden og fordelene ved vores reflow-lodning, b\u00f8lgelodning, selektiv b\u00f8lgelodning og perifert udstyr<\/p><p>5) Konkrete tilf\u00e6lde: intelligente k\u00f8leskabe, kontrolpaneler til klimaanl\u00e6g, IoT-moduler<\/p>\t\t\t\t\t\t<\/div>\n\t\t\t\t<\/div>\n\t\t\t\t<div class=\"elementor-element elementor-element-7a847515 elementor-button-align-stretch elementor-widget elementor-widget-form\" data-id=\"7a847515\" data-element_type=\"widget\" data-settings=\"{&quot;step_next_label&quot;:&quot;Next&quot;,&quot;step_previous_label&quot;:&quot;Previous&quot;,&quot;button_width&quot;:&quot;40&quot;,&quot;step_type&quot;:&quot;number_text&quot;,&quot;step_icon_shape&quot;:&quot;circle&quot;}\" data-widget_type=\"form.default\">\n\t\t\t\t<div class=\"elementor-widget-container\">\n\t\t\t\t\t<form class=\"elementor-form\" method=\"post\" name=\"Newsletter\" action=\"\">\n\t\t\t<input type=\"hidden\" name=\"post_id\" value=\"2897\"\/>\n\t\t\t<input type=\"hidden\" name=\"form_id\" value=\"7a847515\"\/>\n\t\t\t<input type=\"hidden\" name=\"referer_title\" value=\"Home Appliances &#038;Smart Home\" \/>\n\n\t\t\t\t\t\t\t<input type=\"hidden\" name=\"queried_id\" value=\"2897\"\/>\n\t\t\t\n\t\t\t<div class=\"elementor-form-fields-wrapper elementor-labels-\">\n\t\t\t\t\t\t\t\t<div class=\"elementor-field-type-email elementor-field-group elementor-column elementor-field-group-email elementor-col-60 elementor-field-required\">\n\t\t\t\t\t\t\t\t\t\t\t\t<label for=\"form-field-email\" class=\"elementor-field-label elementor-screen-only\">\n\t\t\t\t\t\t\t\tE-mail\t\t\t\t\t\t\t<\/label>\n\t\t\t\t\t\t\t\t\t\t\t\t\t\t<input size=\"1\" type=\"email\" name=\"form_fields[email]\" id=\"form-field-email\" class=\"elementor-field elementor-size-sm  elementor-field-textual\" placeholder=\"E-mail\" required=\"required\" aria-required=\"true\">\n\t\t\t\t\t\t\t\t\t\t\t<\/div>\n\t\t\t\t\t\t\t\t<div class=\"elementor-field-group elementor-column elementor-field-type-submit elementor-col-40 e-form__buttons\">\n\t\t\t\t\t<button class=\"elementor-button elementor-size-sm\" type=\"submit\">\n\t\t\t\t\t\t<span class=\"elementor-button-content-wrapper\">\n\t\t\t\t\t\t\t\t\t\t\t\t\t\t\t\t\t\t\t\t\t\t<span class=\"elementor-button-text\">Abonner <\/span>\n\t\t\t\t\t\t\t\t\t\t\t\t\t<\/span>\n\t\t\t\t\t<\/button>\n\t\t\t\t<\/div>\n\t\t\t<\/div>\n\t\t<input type=\"hidden\" name=\"trp-form-language\" value=\"da\"\/><\/form>\n\t\t\t\t<\/div>\n\t\t\t\t<\/div>\n\t\t\t\t<\/div>\n\t\t\t\t<\/div>\n\t\t<div class=\"elementor-element elementor-element-69d5169a e-con-full e-flex e-con e-child\" data-id=\"69d5169a\" data-element_type=\"container\" data-settings=\"{&quot;background_background&quot;:&quot;classic&quot;}\">\n\t\t\t\t<\/div>\n\t\t\t\t<\/div>\n\t\t<div class=\"elementor-element elementor-element-71870e0e e-flex e-con-boxed e-con e-parent\" data-id=\"71870e0e\" data-element_type=\"container\">\n\t\t\t\t\t<div class=\"e-con-inner\">\n\t\t\t\t<div class=\"elementor-element elementor-element-417a7840 elementor-widget elementor-widget-heading\" data-id=\"417a7840\" data-element_type=\"widget\" data-widget_type=\"heading.default\">\n\t\t\t\t<div class=\"elementor-widget-container\">\n\t\t\t<h2 class=\"elementor-heading-title elementor-size-default\">Anvendelse af S&amp;M SMT-udstyr i husholdningsapparater og intelligente hjem<\/h2>\t\t<\/div>\n\t\t\t\t<\/div>\n\t\t\t\t\t<\/div>\n\t\t\t\t<\/div>\n\t\t<div class=\"elementor-element elementor-element-13454bc1 e-flex e-con-boxed e-con e-parent\" data-id=\"13454bc1\" data-element_type=\"container\">\n\t\t\t\t\t<div class=\"e-con-inner\">\n\t\t\t\t<div class=\"elementor-element elementor-element-64dc8214 elementor-widget elementor-widget-text-editor\" data-id=\"64dc8214\" data-element_type=\"widget\" data-widget_type=\"text-editor.default\">\n\t\t\t\t<div class=\"elementor-widget-container\">\n\t\t\t\t\t\t\t<p>Efterh\u00e5nden som industrien for husholdningsapparater udvikler sig i retning af intelligens og IoT, forts\u00e6tter markedets eftersp\u00f8rgsel efter intelligente k\u00f8leskabe, klimaanl\u00e6g, vaskemaskiner og intelligente tv'er med at vokse. Produkterne skal ikke kun v\u00e6re h\u00f8jtydende og multifunktionelle, men kr\u00e6ver ogs\u00e5 mindre, tyndere og mere p\u00e5lidelige kontrol- og kommunikationsmoduler.<\/p><p><span style=\"color: #ff0000;\"><strong>Haier, Midea, Gree og TCL,<\/strong><\/span> globalt anerkendte m\u00e6rker af husholdningsapparater, opgraderer deres smart home-produkter, hvilket kr\u00e6ver storstilet, stabil og h\u00f8jpr\u00e6cis elektronikproduktionskapacitet. S&amp;M forsyner kunderne med komplette l\u00f8sninger fra SMT og lodning til smart periferistyring, der underst\u00f8tter en effektiv og p\u00e5lidelig produktion af intelligente husholdningsapparater. P\u00e5 denne baggrund tilbyder S&amp;M's SMT-udstyr h\u00f8j p\u00e5lidelighed.<\/p>\t\t\t\t\t\t<\/div>\n\t\t\t\t<\/div>\n\t\t\t\t\t<\/div>\n\t\t\t\t<\/div>\n\t\t<div class=\"elementor-element elementor-element-7a79fe4a e-flex e-con-boxed e-con e-parent\" data-id=\"7a79fe4a\" data-element_type=\"container\">\n\t\t\t\t\t<div class=\"e-con-inner\">\n\t\t<div class=\"elementor-element elementor-element-5a49e714 e-con-full e-flex e-con e-child\" data-id=\"5a49e714\" data-element_type=\"container\">\n\t\t\t\t<div class=\"elementor-element elementor-element-169a2900 elementor-widget elementor-widget-heading\" data-id=\"169a2900\" data-element_type=\"widget\" data-widget_type=\"heading.default\">\n\t\t\t\t<div class=\"elementor-widget-container\">\n\t\t\t<h2 class=\"elementor-heading-title elementor-size-default\">SMT-udstyrets rolle i produktionen af kontroltavler og kommunikationsmoduler<\/h2>\t\t<\/div>\n\t\t\t\t<\/div>\n\t\t\t\t<\/div>\n\t\t\t\t\t<\/div>\n\t\t\t\t<\/div>\n\t\t<div class=\"elementor-element elementor-element-4352c9c7 e-flex e-con-boxed e-con e-parent\" data-id=\"4352c9c7\" data-element_type=\"container\">\n\t\t\t\t\t<div class=\"e-con-inner\">\n\t\t\t\t<div class=\"elementor-element elementor-element-7843e1 elementor-widget elementor-widget-text-editor\" data-id=\"7843e1\" data-element_type=\"widget\" data-widget_type=\"text-editor.default\">\n\t\t\t\t<div class=\"elementor-widget-container\">\n\t\t\t\t\t\t\t<p>Kontrolkort og kommunikationsmoduler er de centrale \"hjerner\" i intelligente husholdningsapparater. Disse printkort kr\u00e6ver ofte t\u00e6t placerede komponenter og stabile kommunikationsmuligheder.<\/p><p><span style=\"color: #ff0000;\"><strong>Haier<\/strong><\/span>\u00a0bruger S&amp;M's reflow-loddeudstyr i produktionen af kontrolkort til sine IoT-k\u00f8leskabe og intelligente vaskemaskiner, hvilket sikrer p\u00e5lidelig lodning af komplekse printkort.<\/p><p><strong><span style=\"color: #ff0000;\">Midea og Gree<\/span><\/strong>\u00a0bruger S&amp;M's fuldautomatiske p\u00e5- og afl\u00e6sningsmaskiner og dockingstationer i produktionen af hovedkontroltavler til klimaanl\u00e6g og Wi-Fi-moduler, hvilket sikrer j\u00e6vn overf\u00f8rsel af tavler og inspektion i realtid p\u00e5 h\u00f8jhastighedsproduktionslinjer.<\/p><p><strong><span style=\"color: #ff0000;\">S&amp;M'er<\/span><\/strong> SMT-udstyr hj\u00e6lper kunderne med at sikre stabiliteten i masseproduktionen og p\u00e5lideligheden af hvert enkelt kontrolkort.<\/p>\t\t\t\t\t\t<\/div>\n\t\t\t\t<\/div>\n\t\t\t\t\t<\/div>\n\t\t\t\t<\/div>\n\t\t<div class=\"elementor-element elementor-element-55e9a910 e-flex e-con-boxed e-con e-parent\" data-id=\"55e9a910\" data-element_type=\"container\">\n\t\t\t\t\t<div class=\"e-con-inner\">\n\t\t\t\t<div class=\"elementor-element elementor-element-611b3087 elementor-widget elementor-widget-heading\" data-id=\"611b3087\" data-element_type=\"widget\" data-widget_type=\"heading.default\">\n\t\t\t\t<div class=\"elementor-widget-container\">\n\t\t\t<h2 class=\"elementor-heading-title elementor-size-default\">Produktkrav: stabilitet, mulighed for masseproduktion<\/h2>\t\t<\/div>\n\t\t\t\t<\/div>\n\t\t\t\t<div class=\"elementor-element elementor-element-80c0adb elementor-widget elementor-widget-text-editor\" data-id=\"80c0adb\" data-element_type=\"widget\" data-widget_type=\"text-editor.default\">\n\t\t\t\t<div class=\"elementor-widget-container\">\n\t\t\t\t\t\t\t<p>Kontrolpaneler til husholdningsapparater stiller ekstremt h\u00f8je krav til produktionslinjens kontinuitet og masseproduktionskapacitet. Ethvert linjestop eller enhver loddefejl har direkte indflydelse p\u00e5 forsendelser og brugeroplevelse.<\/p><p><strong><span style=\"color: #ff0000;\">Gree og TCL's<\/span><\/strong> Produktionslinjer for klimaanl\u00e6g og smart-tv k\u00f8rer med h\u00f8j belastning \u00e5ret rundt, hvilket kr\u00e6ver udstyr med h\u00f8j stabilitet, h\u00f8jt udbytte og evnen til hurtigt at skifte linje.<\/p><p>S&amp;M's komplette SMT-linjel\u00f8sninger, herunder reflow, b\u00f8lgelodning, selektiv b\u00f8lgelodning og intelligent perifert udstyr, underst\u00f8tter stabil 24\/7-drift for at im\u00f8dekomme kundernes store og langvarige produktionsbehov.<\/p>\t\t\t\t\t\t<\/div>\n\t\t\t\t<\/div>\n\t\t\t\t\t<\/div>\n\t\t\t\t<\/div>\n\t\t<div class=\"elementor-element elementor-element-762a4234 e-flex e-con-boxed e-con e-parent\" data-id=\"762a4234\" data-element_type=\"container\">\n\t\t\t\t\t<div class=\"e-con-inner\">\n\t\t\t\t<div class=\"elementor-element elementor-element-107be8d5 elementor-widget elementor-widget-heading\" data-id=\"107be8d5\" data-element_type=\"widget\" data-widget_type=\"heading.default\">\n\t\t\t\t<div class=\"elementor-widget-container\">\n\t\t\t<h2 class=\"elementor-heading-title elementor-size-default\">Anvendeligheden og fordelene ved vores reflow-lodning, b\u00f8lgelodning, selektive b\u00f8lgelodning og intelligente transmissionsudstyr<\/h2>\t\t<\/div>\n\t\t\t\t<\/div>\n\t\t<div class=\"elementor-element elementor-element-5a090948 e-con-full e-flex e-con e-child\" data-id=\"5a090948\" data-element_type=\"container\">\n\t\t\t\t<div class=\"elementor-element elementor-element-410cd17 elementor-widget elementor-widget-text-editor\" data-id=\"410cd17\" data-element_type=\"widget\" data-widget_type=\"text-editor.default\">\n\t\t\t\t<div class=\"elementor-widget-container\">\n\t\t\t\t\t\t\t<p>S&amp;M leverer en komplet serie af lodde- og intelligent overf\u00f8rselsudstyr til produktion af husholdningsapparater og smart home-produkter:<\/p><p><strong><span style=\"color: #ff6600;\"><a style=\"color: #ff6600;\" href=\"https:\/\/www.chuxin-smt.com\/da\/reflow-oven\/\">Reflow-lodning<\/a><\/span><\/strong>: Sikrer p\u00e5lidelig lodning og reducerer hulrum p\u00e5 kontrolkort, selv ved montering med h\u00f8j t\u00e6thed.<\/p><p><a href=\"https:\/\/www.chuxin-smt.com\/da\/wave-solder\/\"><strong><span style=\"color: #ff6600;\">B\u00f8lgelodning og selektiv b\u00f8lgelodning<\/span><\/strong><\/a><strong><span style=\"color: #ff6600;\">g<\/span><\/strong>: Velegnet til batch-lodning af komponenter med gennemg\u00e5ende huller, f.eks. str\u00f8mkort til klimaanl\u00e6g og k\u00f8leskabe og rel\u00e6kort.<\/p><p>Intelligent overf\u00f8rselsudstyr: Omfatter maskiner til p\u00e5- og afl\u00e6sning af plader, maskiner til midlertidig opbevaring og dockingstationer, der sikrer en j\u00e6vn drift af produktionslinjen og minimerer manuel indgriben.<\/p>\t\t\t\t\t\t<\/div>\n\t\t\t\t<\/div>\n\t\t\t\t<div class=\"elementor-element elementor-element-9e1a9a0 elementor-widget elementor-widget-heading\" data-id=\"9e1a9a0\" data-element_type=\"widget\" data-widget_type=\"heading.default\">\n\t\t\t\t<div class=\"elementor-widget-container\">\n\t\t\t<h2 class=\"elementor-heading-title elementor-size-default\">Aktuelle cases: intelligente k\u00f8leskabe, kontrolpaneler til klimaanl\u00e6g, IoT-moduler<\/h2>\t\t<\/div>\n\t\t\t\t<\/div>\n\t\t\t\t<div class=\"elementor-element elementor-element-7b34908 elementor-widget elementor-widget-text-editor\" data-id=\"7b34908\" data-element_type=\"widget\" data-widget_type=\"text-editor.default\">\n\t\t\t\t<div class=\"elementor-widget-container\">\n\t\t\t\t\t\t\t<p>S&amp;M's udstyr har vist sit v\u00e6rd i produktionen af intelligente husholdningsapparater til flere kunder:<\/p><p><strong><span style=\"color: #ff0000;\">Haier's<\/span> <\/strong>Produktionslinjen for kontrolkort til IoT-k\u00f8leskabe bruger S&amp;M's reflow-lodning og perifere udstyr og opn\u00e5r en effektiv og stabil produktion af en million kontrolkort om \u00e5ret;<\/p><p><strong><span style=\"color: #ff0000;\">Midea og Gree's<\/span> <\/strong>projekter med kontrolkort til klimaanl\u00e6g og Wi-Fi-moduler bruger vores b\u00f8lgelodning og selektive b\u00f8lgelodningsteknologi til at opn\u00e5 en meget p\u00e5lidelig lodning af h\u00f8jeffektkort;<\/p><p><strong><span style=\"color: #ff0000;\">TCL's<\/span><\/strong> Produktionen af hovedkontrolkort til smart-tv bruger S&amp;M's automatiserede produktionslinjer, hvilket muligg\u00f8r fleksibel skift mellem flere modeller og levering af store m\u00e6ngder.<\/p><p>Gennem disse praktiske anvendelsestilf\u00e6lde demonstrerer S&amp;M ikke kun sin teknologiske styrke i sektoren for husholdningsapparater og intelligente hjem, men hj\u00e6lper ogs\u00e5 kunderne med at n\u00e5 intelligente og skalerbare produktionsm\u00e5l med sit effektive og p\u00e5lidelige udstyr.<\/p>\t\t\t\t\t\t<\/div>\n\t\t\t\t<\/div>\n\t\t\t\t<\/div>\n\t\t\t\t\t<\/div>\n\t\t\t\t<\/div>\n\t\t<div class=\"elementor-element elementor-element-548398cd e-flex e-con-boxed e-con e-parent\" data-id=\"548398cd\" data-element_type=\"container\" data-settings=\"{&quot;background_background&quot;:&quot;classic&quot;}\">\n\t\t\t\t\t<div class=\"e-con-inner\">\n\t\t\t\t<div class=\"elementor-element elementor-element-14da8751 elementor-widget elementor-widget-heading\" data-id=\"14da8751\" data-element_type=\"widget\" data-widget_type=\"heading.default\">\n\t\t\t\t<div class=\"elementor-widget-container\">\n\t\t\t<h2 class=\"elementor-heading-title elementor-size-default\">Anvendelsesv\u00e6rdi<\/h2>\t\t<\/div>\n\t\t\t\t<\/div>\n\t\t\t\t<div class=\"elementor-element elementor-element-251e4fd8 elementor-widget elementor-widget-text-editor\" data-id=\"251e4fd8\" data-element_type=\"widget\" data-widget_type=\"text-editor.default\">\n\t\t\t\t<div class=\"elementor-widget-container\">\n\t\t\t\t\t\t\t<p>Anvendelsesv\u00e6rdi: Ved at forbedre automatiseringen af produktionslinjer, reducere antallet af fejl og underst\u00f8tte fleksibel produktionsudvidelse hj\u00e6lper S&amp;M kunderne med at opretholde en konkurrencem\u00e6ssig fordel p\u00e5 det globale marked for smart hardware.<\/p>\t\t\t\t\t\t<\/div>\n\t\t\t\t<\/div>\n\t\t\t\t<div class=\"elementor-element elementor-element-756b69e0 elementor-skin-carousel elementor-widget elementor-widget-media-carousel\" data-id=\"756b69e0\" data-element_type=\"widget\" data-settings=\"{&quot;slides_per_view&quot;:&quot;5&quot;,&quot;slides_to_scroll&quot;:&quot;1&quot;,&quot;slides_per_view_tablet&quot;:&quot;4&quot;,&quot;slides_per_view_mobile&quot;:&quot;2&quot;,&quot;skin&quot;:&quot;carousel&quot;,&quot;effect&quot;:&quot;slide&quot;,&quot;speed&quot;:500,&quot;autoplay&quot;:&quot;yes&quot;,&quot;autoplay_speed&quot;:5000,&quot;loop&quot;:&quot;yes&quot;,&quot;pause_on_hover&quot;:&quot;yes&quot;,&quot;pause_on_interaction&quot;:&quot;yes&quot;,&quot;space_between&quot;:{&quot;unit&quot;:&quot;px&quot;,&quot;size&quot;:10,&quot;sizes&quot;:[]},&quot;space_between_tablet&quot;:{&quot;unit&quot;:&quot;px&quot;,&quot;size&quot;:10,&quot;sizes&quot;:[]},&quot;space_between_mobile&quot;:{&quot;unit&quot;:&quot;px&quot;,&quot;size&quot;:10,&quot;sizes&quot;:[]}}\" data-widget_type=\"media-carousel.default\">\n\t\t\t\t<div class=\"elementor-widget-container\">\n\t\t\t\t\t<div class=\"elementor-swiper\">\n\t\t\t<div class=\"elementor-main-swiper swiper\">\n\t\t\t\t<div class=\"swiper-wrapper\">\n\t\t\t\t\t\t\t\t\t\t\t<div class=\"swiper-slide\">\n\t\t\t\t\t\t\t\t\t<div class=\"elementor-carousel-image\" role=\"img\" aria-label=\"1756803359-Malaysian customers-5\" style=\"background-image: url(&#039;https:\/\/www.chuxin-smt.com\/wp-content\/uploads\/2025\/09\/1756803359-Malaysian-customers-5.jpg&#039;)\">\n\n\t\t\t\n\t\t\t\t\t<\/div>\n\t\t\t\t\t\t\t\t<\/div>\n\t\t\t\t\t\t\t\t\t\t\t<div class=\"swiper-slide\">\n\t\t\t\t\t\t\t\t\t<div class=\"elementor-carousel-image\" role=\"img\" aria-label=\"1756876477-\u91cd\u5e86\u6d77\u5c14\u6ce2\u5cf0\u710a\" style=\"background-image: url(&#039;https:\/\/www.chuxin-smt.com\/wp-content\/uploads\/2025\/09\/1756876477-\u91cd\u5e86\u6d77\u5c14\u6ce2\u5cf0\u710a-scaled.jpg&#039;)\">\n\n\t\t\t\n\t\t\t\t\t<\/div>\n\t\t\t\t\t\t\t\t<\/div>\n\t\t\t\t\t\t\t\t\t\t\t<div class=\"swiper-slide\">\n\t\t\t\t\t\t\t\t\t<div class=\"elementor-carousel-image\" role=\"img\" aria-label=\"1756803354-Malaysian customers-3\" style=\"background-image: url(&#039;https:\/\/www.chuxin-smt.com\/wp-content\/uploads\/2025\/09\/1756803354-Malaysian-customers-3.jpg&#039;)\">\n\n\t\t\t\n\t\t\t\t\t<\/div>\n\t\t\t\t\t\t\t\t<\/div>\n\t\t\t\t\t\t\t\t\t\t\t<div class=\"swiper-slide\">\n\t\t\t\t\t\t\t\t\t<div class=\"elementor-carousel-image\" role=\"img\" aria-label=\"1756803348-Malaysiske kunder\" style=\"background-image: url(&#039;https:\/\/www.chuxin-smt.com\/wp-content\/uploads\/2025\/09\/1756803348-Malaysian-customers.jpg&#039;)\">\n\n\t\t\t\n\t\t\t\t\t<\/div>\n\t\t\t\t\t\t\t\t<\/div>\n\t\t\t\t\t\t\t\t\t\t\t<div class=\"swiper-slide\">\n\t\t\t\t\t\t\t\t\t<div class=\"elementor-carousel-image\" role=\"img\" aria-label=\"1756803352-Malaysian customers-2\" style=\"background-image: url(&#039;https:\/\/www.chuxin-smt.com\/wp-content\/uploads\/2025\/09\/1756803352-Malaysian-customers-2.jpg&#039;)\">\n\n\t\t\t\n\t\t\t\t\t<\/div>\n\t\t\t\t\t\t\t\t<\/div>\n\t\t\t\t\t\t\t\t\t\t\t<div class=\"swiper-slide\">\n\t\t\t\t\t\t\t\t\t<div class=\"elementor-carousel-image\" role=\"img\" aria-label=\"1756803345-Foxconn kunder-3\" style=\"background-image: url(&#039;https:\/\/www.chuxin-smt.com\/wp-content\/uploads\/2025\/09\/1756803345-Foxconn-customers-3.jpg&#039;)\">\n\n\t\t\t\n\t\t\t\t\t<\/div>\n\t\t\t\t\t\t\t\t<\/div>\n\t\t\t\t\t\t\t\t\t\t\t<div class=\"swiper-slide\">\n\t\t\t\t\t\t\t\t\t<div class=\"elementor-carousel-image\" role=\"img\" aria-label=\"1756876488-\u91cd\u5e86\u6d77\u5c14\u5468\u8fb9\u8bbe\u5907\" style=\"background-image: url(&#039;https:\/\/www.chuxin-smt.com\/wp-content\/uploads\/2025\/09\/1756876488-\u91cd\u5e86\u6d77\u5c14\u5468\u8fb9\u8bbe\u5907-scaled.jpg&#039;)\">\n\n\t\t\t\n\t\t\t\t\t<\/div>\n\t\t\t\t\t\t\t\t<\/div>\n\t\t\t\t\t\t\t\t\t<\/div>\n\t\t\t\t\t\t\t\t\t\t\t\t\t\t\t\t\t\t\t\t\t<\/div>\n\t\t<\/div>\n\t\t\t\t<\/div>\n\t\t\t\t<\/div>\n\t\t\t\t\t<\/div>\n\t\t\t\t<\/div>\n\t\t<div class=\"elementor-element elementor-element-1119417e e-con-full e-flex e-con e-parent\" data-id=\"1119417e\" data-element_type=\"container\">\n\t\t\t\t<div class=\"elementor-element elementor-element-1c9fa082 elementor-cta--layout-image-right elementor-cta--mobile-layout-image-above elementor-cta--skin-classic elementor-animated-content elementor-bg-transform elementor-bg-transform-zoom-in elementor-widget elementor-widget-call-to-action\" data-id=\"1c9fa082\" data-element_type=\"widget\" data-widget_type=\"call-to-action.default\">\n\t\t\t\t<div class=\"elementor-widget-container\">\n\t\t\t\t\t<div class=\"elementor-cta\">\n\t\t\t\t\t<div class=\"elementor-cta__bg-wrapper\">\n\t\t\t\t<div class=\"elementor-cta__bg elementor-bg\" style=\"background-image: url(https:\/\/www.chuxin-smt.com\/wp-content\/uploads\/2025\/04\/1744707680-\u6c5f\u95e8\u5de5\u5382.jpg);\" role=\"img\" aria-label=\"S&amp;M FACTORY\"><\/div>\n\t\t\t\t<div class=\"elementor-cta__bg-overlay\"><\/div>\n\t\t\t<\/div>\n\t\t\t\t\t\t\t<div class=\"elementor-cta__content\">\n\t\t\t\t\n\t\t\t\t\t\t\t\t\t<span class=\"elementor-cta__title elementor-cta__content-item elementor-content-item\">\n\t\t\t\t\t\tHar du brug for noget SMT-udstyr?\t\t\t\t\t<\/span>\n\t\t\t\t\n\t\t\t\t\t\t\t\t\t<div class=\"elementor-cta__description elementor-cta__content-item elementor-content-item\">\n\t\t\t\t\t\tF\u00e5 en gratis konsultation og et prisoverslag\t\t\t\t\t<\/div>\n\t\t\t\t\n\t\t\t\t\t\t\t\t\t<div class=\"elementor-cta__button-wrapper elementor-cta__content-item elementor-content-item\">\n\t\t\t\t\t<a class=\"elementor-cta__button elementor-button elementor-size-md\" href=\"https:\/\/www.chuxin-smt.com\/da\/contacts\/\">\n\t\t\t\t\t\tKontakt os\t\t\t\t\t<\/a>\n\t\t\t\t\t<\/div>\n\t\t\t\t\t\t\t<\/div>\n\t\t\t\t\t\t<\/div>\n\t\t\t\t<\/div>\n\t\t\t\t<\/div>\n\t\t\t\t<\/div>\n\t\t\t\t<\/div>","protected":false},"excerpt":{"rendered":"<p>OUTLINE 1) Home Appliances and Smart Home Market Trends 2) The role of SMT equipment in the production of control [&hellip;]<\/p>","protected":false},"author":1,"featured_media":0,"parent":0,"menu_order":0,"comment_status":"closed","ping_status":"closed","template":"","meta":{"_acf_changed":false,"site-sidebar-layout":"no-sidebar","site-content-layout":"","ast-site-content-layout":"full-width-container","site-content-style":"default","site-sidebar-style":"default","ast-global-header-display":"","ast-banner-title-visibility":"","ast-main-header-display":"","ast-hfb-above-header-display":"","ast-hfb-below-header-display":"","ast-hfb-mobile-header-display":"","site-post-title":"disabled","ast-breadcrumbs-content":"","ast-featured-img":"disabled","footer-sml-layout":"","theme-transparent-header-meta":"default","adv-header-id-meta":"","stick-header-meta":"","header-above-stick-meta":"","header-main-stick-meta":"","header-below-stick-meta":"","astra-migrate-meta-layouts":"set","ast-page-background-enabled":"default","ast-page-background-meta":{"desktop":{"background-color":"var(--ast-global-color-4)","background-image":"","background-repeat":"repeat","background-position":"center center","background-size":"auto","background-attachment":"scroll","background-type":"","background-media":"","overlay-type":"","overlay-color":"","overlay-opacity":"","overlay-gradient":""},"tablet":{"background-color":"","background-image":"","background-repeat":"repeat","background-position":"center center","background-size":"auto","background-attachment":"scroll","background-type":"","background-media":"","overlay-type":"","overlay-color":"","overlay-opacity":"","overlay-gradient":""},"mobile":{"background-color":"","background-image":"","background-repeat":"repeat","background-position":"center center","background-size":"auto","background-attachment":"scroll","background-type":"","background-media":"","overlay-type":"","overlay-color":"","overlay-opacity":"","overlay-gradient":""}},"ast-content-background-meta":{"desktop":{"background-color":"var(--ast-global-color-5)","background-image":"","background-repeat":"repeat","background-position":"center center","background-size":"auto","background-attachment":"scroll","background-type":"","background-media":"","overlay-type":"","overlay-color":"","overlay-opacity":"","overlay-gradient":""},"tablet":{"background-color":"var(--ast-global-color-5)","background-image":"","background-repeat":"repeat","background-position":"center center","background-size":"auto","background-attachment":"scroll","background-type":"","background-media":"","overlay-type":"","overlay-color":"","overlay-opacity":"","overlay-gradient":""},"mobile":{"background-color":"var(--ast-global-color-5)","background-image":"","background-repeat":"repeat","background-position":"center center","background-size":"auto","background-attachment":"scroll","background-type":"","background-media":"","overlay-type":"","overlay-color":"","overlay-opacity":"","overlay-gradient":""}}},"class_list":["post-2897","page","type-page","status-publish","hentry"],"acf":[],"_links":{"self":[{"href":"https:\/\/www.chuxin-smt.com\/da\/wp-json\/wp\/v2\/pages\/2897","targetHints":{"allow":["GET"]}}],"collection":[{"href":"https:\/\/www.chuxin-smt.com\/da\/wp-json\/wp\/v2\/pages"}],"about":[{"href":"https:\/\/www.chuxin-smt.com\/da\/wp-json\/wp\/v2\/types\/page"}],"author":[{"embeddable":true,"href":"https:\/\/www.chuxin-smt.com\/da\/wp-json\/wp\/v2\/users\/1"}],"replies":[{"embeddable":true,"href":"https:\/\/www.chuxin-smt.com\/da\/wp-json\/wp\/v2\/comments?post=2897"}],"version-history":[{"count":0,"href":"https:\/\/www.chuxin-smt.com\/da\/wp-json\/wp\/v2\/pages\/2897\/revisions"}],"wp:attachment":[{"href":"https:\/\/www.chuxin-smt.com\/da\/wp-json\/wp\/v2\/media?parent=2897"}],"curies":[{"name":"wp","href":"https:\/\/api.w.org\/{rel}","templated":true}]}}