{"id":2912,"date":"2025-09-03T14:13:25","date_gmt":"2025-09-03T06:13:25","guid":{"rendered":"https:\/\/www.chuxin-smt.com\/?page_id=2912"},"modified":"2025-09-05T16:11:11","modified_gmt":"2025-09-05T08:11:11","slug":"new-energy-industry","status":"publish","type":"page","link":"https:\/\/www.chuxin-smt.com\/da\/new-energy-industry\/","title":{"rendered":"Ny energiindustri"},"content":{"rendered":"<div data-elementor-type=\"wp-page\" data-elementor-id=\"2912\" class=\"elementor elementor-2912\" data-elementor-post-type=\"page\">\n\t\t\t\t<div class=\"elementor-element elementor-element-29f777a2 e-con-full e-flex e-con e-parent\" data-id=\"29f777a2\" data-element_type=\"container\" data-settings=\"{&quot;background_background&quot;:&quot;classic&quot;}\">\n\t\t<div class=\"elementor-element elementor-element-2b3f0871 e-con-full e-flex e-con e-child\" data-id=\"2b3f0871\" data-element_type=\"container\">\n\t\t\t\t<div class=\"elementor-element elementor-element-2d8ad3bf elementor-widget elementor-widget-heading\" data-id=\"2d8ad3bf\" data-element_type=\"widget\" data-widget_type=\"heading.default\">\n\t\t\t\t<div class=\"elementor-widget-container\">\n\t\t\t<h2 class=\"elementor-heading-title elementor-size-default\">OVERBLIK<\/h2>\t\t<\/div>\n\t\t\t\t<\/div>\n\t\t\t\t<div class=\"elementor-element elementor-element-c8d710b elementor-widget elementor-widget-heading\" data-id=\"c8d710b\" data-element_type=\"widget\" data-widget_type=\"heading.default\">\n\t\t\t\t<div class=\"elementor-widget-container\">\n\t\t\t<h2 class=\"elementor-heading-title elementor-size-default\">Anvendelse af S&amp;M SMT-udstyr inden for ny energi<\/h2>\t\t<\/div>\n\t\t\t\t<\/div>\n\t\t\t\t<div class=\"elementor-element elementor-element-6785a2b4 elementor-widget__width-initial elementor-absolute elementor-widget-tablet__width-initial elementor-widget-mobile__width-initial elementor-widget elementor-widget-spacer\" data-id=\"6785a2b4\" data-element_type=\"widget\" data-settings=\"{&quot;_position&quot;:&quot;absolute&quot;}\" data-widget_type=\"spacer.default\">\n\t\t\t\t<div class=\"elementor-widget-container\">\n\t\t\t\t\t<div class=\"elementor-spacer\">\n\t\t\t<div class=\"elementor-spacer-inner\"><\/div>\n\t\t<\/div>\n\t\t\t\t<\/div>\n\t\t\t\t<\/div>\n\t\t<div class=\"elementor-element elementor-element-699123ca e-con-full e-flex e-con e-child\" data-id=\"699123ca\" data-element_type=\"container\">\n\t\t\t\t<div class=\"elementor-element elementor-element-4c0d7ee4 elementor-widget elementor-widget-text-editor\" data-id=\"4c0d7ee4\" data-element_type=\"widget\" data-widget_type=\"text-editor.default\">\n\t\t\t\t<div class=\"elementor-widget-container\">\n\t\t\t\t\t\t\t<p>1) Udvikling af ny energiindustri: solceller, energilagring, str\u00f8mbatteri BMS<\/p><p>2) SMT-udstyrets rolle i effektmoduler og kontroltavler<\/p><p>3) Typiske anvendelsesomr\u00e5der: smarte ure, hovedtelefoner, bundkort til mobiltelefoner<\/p><p>4) Vores l\u00f8sninger: dobbeltsporet reflow-ovn, intelligent transmissionsudstyr<\/p><p>5) Kundecase: Inverter til energilagring og BMS til nye energik\u00f8ret\u00f8jer<\/p>\t\t\t\t\t\t<\/div>\n\t\t\t\t<\/div>\n\t\t\t\t<div class=\"elementor-element elementor-element-4c52c4ab elementor-button-align-stretch elementor-widget elementor-widget-form\" data-id=\"4c52c4ab\" data-element_type=\"widget\" data-settings=\"{&quot;step_next_label&quot;:&quot;Next&quot;,&quot;step_previous_label&quot;:&quot;Previous&quot;,&quot;button_width&quot;:&quot;40&quot;,&quot;step_type&quot;:&quot;number_text&quot;,&quot;step_icon_shape&quot;:&quot;circle&quot;}\" data-widget_type=\"form.default\">\n\t\t\t\t<div class=\"elementor-widget-container\">\n\t\t\t\t\t<form class=\"elementor-form\" method=\"post\" name=\"Newsletter\" action=\"\">\n\t\t\t<input type=\"hidden\" name=\"post_id\" value=\"2912\"\/>\n\t\t\t<input type=\"hidden\" name=\"form_id\" value=\"4c52c4ab\"\/>\n\t\t\t<input type=\"hidden\" name=\"referer_title\" value=\"New Energy Industry\" \/>\n\n\t\t\t\t\t\t\t<input type=\"hidden\" name=\"queried_id\" value=\"2912\"\/>\n\t\t\t\n\t\t\t<div class=\"elementor-form-fields-wrapper elementor-labels-\">\n\t\t\t\t\t\t\t\t<div class=\"elementor-field-type-email elementor-field-group elementor-column elementor-field-group-email elementor-col-60 elementor-field-required\">\n\t\t\t\t\t\t\t\t\t\t\t\t<label for=\"form-field-email\" class=\"elementor-field-label elementor-screen-only\">\n\t\t\t\t\t\t\t\tE-mail\t\t\t\t\t\t\t<\/label>\n\t\t\t\t\t\t\t\t\t\t\t\t\t\t<input size=\"1\" type=\"email\" name=\"form_fields[email]\" id=\"form-field-email\" class=\"elementor-field elementor-size-sm  elementor-field-textual\" placeholder=\"E-mail\" required=\"required\" aria-required=\"true\">\n\t\t\t\t\t\t\t\t\t\t\t<\/div>\n\t\t\t\t\t\t\t\t<div class=\"elementor-field-group elementor-column elementor-field-type-submit elementor-col-40 e-form__buttons\">\n\t\t\t\t\t<button class=\"elementor-button elementor-size-sm\" type=\"submit\">\n\t\t\t\t\t\t<span class=\"elementor-button-content-wrapper\">\n\t\t\t\t\t\t\t\t\t\t\t\t\t\t\t\t\t\t\t\t\t\t<span class=\"elementor-button-text\">Abonner <\/span>\n\t\t\t\t\t\t\t\t\t\t\t\t\t<\/span>\n\t\t\t\t\t<\/button>\n\t\t\t\t<\/div>\n\t\t\t<\/div>\n\t\t<input type=\"hidden\" name=\"trp-form-language\" value=\"da\"\/><\/form>\n\t\t\t\t<\/div>\n\t\t\t\t<\/div>\n\t\t\t\t<\/div>\n\t\t\t\t<\/div>\n\t\t<div class=\"elementor-element elementor-element-39b82f08 e-con-full e-flex e-con e-child\" data-id=\"39b82f08\" data-element_type=\"container\" data-settings=\"{&quot;background_background&quot;:&quot;classic&quot;}\">\n\t\t\t\t<\/div>\n\t\t\t\t<\/div>\n\t\t<div class=\"elementor-element elementor-element-7ff75538 e-flex e-con-boxed e-con e-parent\" data-id=\"7ff75538\" data-element_type=\"container\">\n\t\t\t\t\t<div class=\"e-con-inner\">\n\t\t\t\t<div class=\"elementor-element elementor-element-649a20f1 elementor-widget elementor-widget-heading\" data-id=\"649a20f1\" data-element_type=\"widget\" data-widget_type=\"heading.default\">\n\t\t\t\t<div class=\"elementor-widget-container\">\n\t\t\t<h2 class=\"elementor-heading-title elementor-size-default\">Udvikling af ny energiindustri: solceller, energilagring, str\u00f8mbatteri BMS<\/h2>\t\t<\/div>\n\t\t\t\t<\/div>\n\t\t\t\t\t<\/div>\n\t\t\t\t<\/div>\n\t\t<div class=\"elementor-element elementor-element-2acd4319 e-flex e-con-boxed e-con e-parent\" data-id=\"2acd4319\" data-element_type=\"container\">\n\t\t\t\t\t<div class=\"e-con-inner\">\n\t\t\t\t<div class=\"elementor-element elementor-element-5801ddf2 elementor-widget elementor-widget-text-editor\" data-id=\"5801ddf2\" data-element_type=\"widget\" data-widget_type=\"text-editor.default\">\n\t\t\t\t<div class=\"elementor-widget-container\">\n\t\t\t\t\t\t\t<p>Med den globale energiomstilling og fremskyndelsen af m\u00e5lene for CO2-neutralitet oplever den nye energiindustri en hurtig v\u00e6kst. Fotovoltaisk elproduktion, energilagringssystemer og batteristyringssystemer (BMS) til nye energik\u00f8ret\u00f8jer er blevet kernekomponenter i industrien.<\/p><p><strong><span style=\"color: #ff0000;\"><a style=\"color: #ff0000;\" href=\"https:\/\/www.catl.com\/\">CATL<\/a>, <a style=\"color: #ff0000;\" href=\"https:\/\/www.byd.com\/es-es\">BYD<\/a>og <a href=\"https:\/\/www.sunwoda.com\/\">Sunwoda<\/a>,<\/span><\/strong> som er verdens f\u00f8rende inden for batterier og energilagring, har ekstremt h\u00f8je krav til p\u00e5lidelighed og produktionskapacitet inden for elektronikproduktion. Amphenol arbejder ogs\u00e5 aktivt p\u00e5 at fremme produktion af h\u00f8j standard inden for fremstilling af nye energistik og -moduler.<\/p><p>S&amp;M leverer med sine avancerede SMT-komplettl\u00f8sninger stabil og effektiv produktionslinjesupport til den nye energiindustri, hvilket fremskynder implementeringen af smart produktion og gr\u00f8nne energiprodukter.<\/p>\t\t\t\t\t\t<\/div>\n\t\t\t\t<\/div>\n\t\t\t\t\t<\/div>\n\t\t\t\t<\/div>\n\t\t<div class=\"elementor-element elementor-element-427e3b8 e-flex e-con-boxed e-con e-parent\" data-id=\"427e3b8\" data-element_type=\"container\">\n\t\t\t\t\t<div class=\"e-con-inner\">\n\t\t<div class=\"elementor-element elementor-element-5fa0fab8 e-con-full e-flex e-con e-child\" data-id=\"5fa0fab8\" data-element_type=\"container\">\n\t\t\t\t<div class=\"elementor-element elementor-element-51da86f9 elementor-widget elementor-widget-heading\" data-id=\"51da86f9\" data-element_type=\"widget\" data-widget_type=\"heading.default\">\n\t\t\t\t<div class=\"elementor-widget-container\">\n\t\t\t<h2 class=\"elementor-heading-title elementor-size-default\">SMT-udstyrets rolle i effektmoduler og kontroltavler<\/h2>\t\t<\/div>\n\t\t\t\t<\/div>\n\t\t\t\t<\/div>\n\t\t\t\t\t<\/div>\n\t\t\t\t<\/div>\n\t\t<div class=\"elementor-element elementor-element-5b631fb8 e-flex e-con-boxed e-con e-parent\" data-id=\"5b631fb8\" data-element_type=\"container\">\n\t\t\t\t\t<div class=\"e-con-inner\">\n\t\t\t\t<div class=\"elementor-element elementor-element-1b4eb24f elementor-widget elementor-widget-text-editor\" data-id=\"1b4eb24f\" data-element_type=\"widget\" data-widget_type=\"text-editor.default\">\n\t\t\t\t<div class=\"elementor-widget-container\">\n\t\t\t\t\t\t\t<p>I den nye energiindustri er effektmoduler og kontrolkort kernekomponenter i solcelleinvertere, energilagringssystemer og batteristyringssystemer (BMS'er). De arbejder i h\u00f8jstr\u00f8ms- og h\u00f8jsp\u00e6ndingsmilj\u00f8er, hvilket stiller ekstremt h\u00f8je krav til loddekvalitet og kortets p\u00e5lidelighed.<\/p><p><strong><span style=\"color: #ff0000;\">BYD\u00a0<\/span><\/strong>bruger S&amp;M's fuldautomatiske maskiner til p\u00e5- og afl\u00e6sning af plader og intelligente dockingstationer til inverterstyringsmoduler til energilagring, hvilket muligg\u00f8r en h\u00f8jeffektiv masseproduktion med lav manuel indgriben.<\/p><p>S&amp;M's SMT-udstyr muligg\u00f8r en effektiv og p\u00e5lidelig produktion af elektroniske moduler til kunder inden for ny energi og underst\u00f8tter deres store markedsudvidelse.<\/p>\t\t\t\t\t\t<\/div>\n\t\t\t\t<\/div>\n\t\t\t\t\t<\/div>\n\t\t\t\t<\/div>\n\t\t<div class=\"elementor-element elementor-element-17d53afe e-flex e-con-boxed e-con e-parent\" data-id=\"17d53afe\" data-element_type=\"container\">\n\t\t\t\t\t<div class=\"e-con-inner\">\n\t\t\t\t<div class=\"elementor-element elementor-element-181e23d1 elementor-widget elementor-widget-heading\" data-id=\"181e23d1\" data-element_type=\"widget\" data-widget_type=\"heading.default\">\n\t\t\t\t<div class=\"elementor-widget-container\">\n\t\t\t<h2 class=\"elementor-heading-title elementor-size-default\">Tekniske krav: h\u00f8j str\u00f8mstyrke, h\u00f8j stabilitet, mulighed for varmestyring<\/h2>\t\t<\/div>\n\t\t\t\t<\/div>\n\t\t\t\t<div class=\"elementor-element elementor-element-6da5dde8 elementor-widget elementor-widget-text-editor\" data-id=\"6da5dde8\" data-element_type=\"widget\" data-widget_type=\"text-editor.default\">\n\t\t\t\t<div class=\"elementor-widget-container\">\n\t\t\t\t\t\t\t<p>Nye energitavler og BMS-kontroltavler modst\u00e5r h\u00f8je str\u00f8m- og effektbelastninger under drift, hvilket stiller ekstremt h\u00f8je krav til loddeprocesser og termisk styring.<\/p><p>For <span style=\"color: #ff0000;\"><strong><span style=\"color: #ff0000;\"><a style=\"color: #ff0000;\" href=\"https:\/\/www.sunwoda.com\/\">Sunwoda<\/a>\u00a0<\/span><\/strong><span style=\"color: #000000;\">og<\/span><strong> <span style=\"color: #ff0000;\"><a style=\"color: #ff0000;\" href=\"https:\/\/www.byd.com\/es-es\">BYD<\/a><\/span><\/strong><\/span> projekter opfyldte S&amp;M SMT-udstyr disse tekniske krav ved hj\u00e6lp af f\u00f8lgende metoder:<\/p><p>Dual-track reflow-lodning sikrer ensartet temperaturkontrol og effektiv lodning af store paneler, hvilket opfylder kravene til masseproduktion.<\/p><p>Gennem pr\u00e6cis temperaturkontrol og meget stabilt udstyr kan kunderne sikre p\u00e5lidelig produktdrift selv under komplekse driftsforhold.<\/p>\t\t\t\t\t\t<\/div>\n\t\t\t\t<\/div>\n\t\t\t\t\t<\/div>\n\t\t\t\t<\/div>\n\t\t<div class=\"elementor-element elementor-element-79ad3dca e-flex e-con-boxed e-con e-parent\" data-id=\"79ad3dca\" data-element_type=\"container\">\n\t\t\t\t\t<div class=\"e-con-inner\">\n\t\t\t\t<div class=\"elementor-element elementor-element-29ed92d3 elementor-widget elementor-widget-heading\" data-id=\"29ed92d3\" data-element_type=\"widget\" data-widget_type=\"heading.default\">\n\t\t\t\t<div class=\"elementor-widget-container\">\n\t\t\t<h2 class=\"elementor-heading-title elementor-size-default\">Vores l\u00f8sninger: dobbeltsporet reflow-ovn, intelligent transmissionsudstyr<\/h2>\t\t<\/div>\n\t\t\t\t<\/div>\n\t\t<div class=\"elementor-element elementor-element-5207bef4 e-con-full e-flex e-con e-child\" data-id=\"5207bef4\" data-element_type=\"container\">\n\t\t\t\t<div class=\"elementor-element elementor-element-6e2d3f83 elementor-widget elementor-widget-text-editor\" data-id=\"6e2d3f83\" data-element_type=\"widget\" data-widget_type=\"text-editor.default\">\n\t\t\t\t<div class=\"elementor-widget-container\">\n\t\t\t\t\t\t\t<p>S&amp;M leverer optimerede komplette linjel\u00f8sninger til de store plader og h\u00f8je krav til produktionskapacitet i den nye energiindustri:<\/p><p>Dobbeltsporet reflow: Underst\u00f8tter store printkort og parallel produktion med to linjer, hvilket forbedrer produktionseffektiviteten og reducerer energiforbruget;<\/p><p>Intelligent transportudstyr: Omfatter maskiner til p\u00e5- og afl\u00e6sning af plader, bufferstationer og dockingstationer, der muligg\u00f8r langvarig kontinuerlig drift og fleksibelt layout af produktionslinjen;<\/p><p>I et samarbejdsprojekt mellem <strong><span style=\"color: #ff0000;\">CATL og Amphenol<\/span><\/strong>S&amp;M's dobbeltsporede reflow og intelligente periferiudstyr hjalp kunden med at etablere en meget automatiseret og fleksibel produktionslinje for ny energi, som effektivt underst\u00f8tter kapacitetsudvidelse.<\/p>\t\t\t\t\t\t<\/div>\n\t\t\t\t<\/div>\n\t\t\t\t<div class=\"elementor-element elementor-element-91793cc elementor-widget elementor-widget-heading\" data-id=\"91793cc\" data-element_type=\"widget\" data-widget_type=\"heading.default\">\n\t\t\t\t<div class=\"elementor-widget-container\">\n\t\t\t<h2 class=\"elementor-heading-title elementor-size-default\">Kundecase: Inverter til energilagring og BMS til nye energik\u00f8ret\u00f8jer<\/h2>\t\t<\/div>\n\t\t\t\t<\/div>\n\t\t\t\t<div class=\"elementor-element elementor-element-625951cc elementor-widget elementor-widget-text-editor\" data-id=\"625951cc\" data-element_type=\"widget\" data-widget_type=\"text-editor.default\">\n\t\t\t\t<div class=\"elementor-widget-container\">\n\t\t\t\t\t\t\t<p>S&amp;M SMT-udstyr er blevet implementeret med succes i flere nye energianvendelser:<\/p><p><strong><span style=\"color: #ff0000;\">CATL's<\/span><\/strong> produktionslinje for BMS-kontrolkort til str\u00f8mbatterier, der bruger S&amp;M dobbeltsporet reflow og intelligent overf\u00f8rselsudstyr, opn\u00e5r masseproduktion med h\u00f8jt udbytte og sikrer langsigtet produktstabilitet.<\/p><p><strong><span style=\"color: #ff0000;\">Sunwoda og Amphenols<\/span><\/strong> Tilslutningsmoduler og styreenheder til nye energik\u00f8ret\u00f8jer anvender S&amp;M-produktionslinjer, der muligg\u00f8r fleksibel fremstilling og fuld sporbarhed af procesdata og opfylder de h\u00f8je standarder p\u00e5 det internationale marked.<\/p>\t\t\t\t\t\t<\/div>\n\t\t\t\t<\/div>\n\t\t\t\t<\/div>\n\t\t\t\t\t<\/div>\n\t\t\t\t<\/div>\n\t\t<div class=\"elementor-element elementor-element-26f46d54 e-flex e-con-boxed e-con e-parent\" data-id=\"26f46d54\" data-element_type=\"container\" data-settings=\"{&quot;background_background&quot;:&quot;classic&quot;}\">\n\t\t\t\t\t<div class=\"e-con-inner\">\n\t\t\t\t<div class=\"elementor-element elementor-element-4fac9313 elementor-widget elementor-widget-heading\" data-id=\"4fac9313\" data-element_type=\"widget\" data-widget_type=\"heading.default\">\n\t\t\t\t<div class=\"elementor-widget-container\">\n\t\t\t<h2 class=\"elementor-heading-title elementor-size-default\">Anvendelsesv\u00e6rdi<\/h2>\t\t<\/div>\n\t\t\t\t<\/div>\n\t\t\t\t<div class=\"elementor-element elementor-element-12ad2d1e elementor-widget elementor-widget-text-editor\" data-id=\"12ad2d1e\" data-element_type=\"widget\" data-widget_type=\"text-editor.default\">\n\t\t\t\t<div class=\"elementor-widget-container\">\n\t\t\t\t\t\t\t<p>Med disse vellykkede sager er S&amp;M blevet en betroet partner for avancerede SMT-produktionslinjer inden for det nye energiomr\u00e5de og hj\u00e6lper kunderne med at opn\u00e5 masseproduktion af gr\u00f8nne energiprodukter i h\u00f8j kvalitet.<\/p>\t\t\t\t\t\t<\/div>\n\t\t\t\t<\/div>\n\t\t\t\t<div class=\"elementor-element elementor-element-28b67b58 elementor-skin-carousel elementor-widget elementor-widget-media-carousel\" data-id=\"28b67b58\" data-element_type=\"widget\" data-settings=\"{&quot;slides_per_view&quot;:&quot;5&quot;,&quot;slides_to_scroll&quot;:&quot;1&quot;,&quot;slides_per_view_tablet&quot;:&quot;4&quot;,&quot;slides_per_view_mobile&quot;:&quot;2&quot;,&quot;skin&quot;:&quot;carousel&quot;,&quot;effect&quot;:&quot;slide&quot;,&quot;speed&quot;:500,&quot;autoplay&quot;:&quot;yes&quot;,&quot;autoplay_speed&quot;:5000,&quot;loop&quot;:&quot;yes&quot;,&quot;pause_on_hover&quot;:&quot;yes&quot;,&quot;pause_on_interaction&quot;:&quot;yes&quot;,&quot;space_between&quot;:{&quot;unit&quot;:&quot;px&quot;,&quot;size&quot;:10,&quot;sizes&quot;:[]},&quot;space_between_tablet&quot;:{&quot;unit&quot;:&quot;px&quot;,&quot;size&quot;:10,&quot;sizes&quot;:[]},&quot;space_between_mobile&quot;:{&quot;unit&quot;:&quot;px&quot;,&quot;size&quot;:10,&quot;sizes&quot;:[]}}\" data-widget_type=\"media-carousel.default\">\n\t\t\t\t<div class=\"elementor-widget-container\">\n\t\t\t\t\t<div class=\"elementor-swiper\">\n\t\t\t<div class=\"elementor-main-swiper swiper\">\n\t\t\t\t<div class=\"swiper-wrapper\">\n\t\t\t\t\t\t\t\t\t\t\t<div class=\"swiper-slide\">\n\t\t\t\t\t\t\t\t\t<div class=\"elementor-carousel-image\" role=\"img\" aria-label=\"1756803359-Malaysian customers-5\" style=\"background-image: url(&#039;https:\/\/www.chuxin-smt.com\/wp-content\/uploads\/2025\/09\/1756803359-Malaysian-customers-5.jpg&#039;)\">\n\n\t\t\t\n\t\t\t\t\t<\/div>\n\t\t\t\t\t\t\t\t<\/div>\n\t\t\t\t\t\t\t\t\t\t\t<div class=\"swiper-slide\">\n\t\t\t\t\t\t\t\t\t<div class=\"elementor-carousel-image\" role=\"img\" aria-label=\"1756778979-customers-2\" style=\"background-image: url(&#039;https:\/\/www.chuxin-smt.com\/wp-content\/uploads\/2025\/09\/1756778979-customers-2.jpg&#039;)\">\n\n\t\t\t\n\t\t\t\t\t<\/div>\n\t\t\t\t\t\t\t\t<\/div>\n\t\t\t\t\t\t\t\t\t\t\t<div class=\"swiper-slide\">\n\t\t\t\t\t\t\t\t\t<div class=\"elementor-carousel-image\" role=\"img\" aria-label=\"1756803354-Malaysian customers-3\" style=\"background-image: url(&#039;https:\/\/www.chuxin-smt.com\/wp-content\/uploads\/2025\/09\/1756803354-Malaysian-customers-3.jpg&#039;)\">\n\n\t\t\t\n\t\t\t\t\t<\/div>\n\t\t\t\t\t\t\t\t<\/div>\n\t\t\t\t\t\t\t\t\t\t\t<div class=\"swiper-slide\">\n\t\t\t\t\t\t\t\t\t<div class=\"elementor-carousel-image\" role=\"img\" aria-label=\"1756803348-Malaysiske kunder\" style=\"background-image: url(&#039;https:\/\/www.chuxin-smt.com\/wp-content\/uploads\/2025\/09\/1756803348-Malaysian-customers.jpg&#039;)\">\n\n\t\t\t\n\t\t\t\t\t<\/div>\n\t\t\t\t\t\t\t\t<\/div>\n\t\t\t\t\t\t\t\t\t\t\t<div class=\"swiper-slide\">\n\t\t\t\t\t\t\t\t\t<div class=\"elementor-carousel-image\" role=\"img\" aria-label=\"1756803352-Malaysian customers-2\" style=\"background-image: url(&#039;https:\/\/www.chuxin-smt.com\/wp-content\/uploads\/2025\/09\/1756803352-Malaysian-customers-2.jpg&#039;)\">\n\n\t\t\t\n\t\t\t\t\t<\/div>\n\t\t\t\t\t\t\t\t<\/div>\n\t\t\t\t\t\t\t\t\t\t\t<div class=\"swiper-slide\">\n\t\t\t\t\t\t\t\t\t<div class=\"elementor-carousel-image\" role=\"img\" aria-label=\"1756803345-Foxconn kunder-3\" style=\"background-image: url(&#039;https:\/\/www.chuxin-smt.com\/wp-content\/uploads\/2025\/09\/1756803345-Foxconn-customers-3.jpg&#039;)\">\n\n\t\t\t\n\t\t\t\t\t<\/div>\n\t\t\t\t\t\t\t\t<\/div>\n\t\t\t\t\t\t\t\t\t\t\t<div class=\"swiper-slide\">\n\t\t\t\t\t\t\t\t\t<div class=\"elementor-carousel-image\" role=\"img\" aria-label=\"1756803335-Foxconn-kunder\" style=\"background-image: url(&#039;https:\/\/www.chuxin-smt.com\/wp-content\/uploads\/2025\/09\/1756803335-Foxconn-customers.jpg&#039;)\">\n\n\t\t\t\n\t\t\t\t\t<\/div>\n\t\t\t\t\t\t\t\t<\/div>\n\t\t\t\t\t\t\t\t\t<\/div>\n\t\t\t\t\t\t\t\t\t\t\t\t\t\t\t\t\t\t\t\t\t<\/div>\n\t\t<\/div>\n\t\t\t\t<\/div>\n\t\t\t\t<\/div>\n\t\t\t\t\t<\/div>\n\t\t\t\t<\/div>\n\t\t<div class=\"elementor-element elementor-element-e09826a e-con-full e-flex e-con e-parent\" data-id=\"e09826a\" data-element_type=\"container\">\n\t\t\t\t<div class=\"elementor-element elementor-element-1e16bdca elementor-cta--layout-image-right elementor-cta--mobile-layout-image-above elementor-cta--skin-classic elementor-animated-content elementor-bg-transform elementor-bg-transform-zoom-in elementor-widget elementor-widget-call-to-action\" data-id=\"1e16bdca\" data-element_type=\"widget\" data-widget_type=\"call-to-action.default\">\n\t\t\t\t<div class=\"elementor-widget-container\">\n\t\t\t\t\t<div class=\"elementor-cta\">\n\t\t\t\t\t<div class=\"elementor-cta__bg-wrapper\">\n\t\t\t\t<div class=\"elementor-cta__bg elementor-bg\" style=\"background-image: url(https:\/\/www.chuxin-smt.com\/wp-content\/uploads\/2025\/04\/1744707680-\u6c5f\u95e8\u5de5\u5382.jpg);\" role=\"img\" aria-label=\"S&amp;M FACTORY\"><\/div>\n\t\t\t\t<div class=\"elementor-cta__bg-overlay\"><\/div>\n\t\t\t<\/div>\n\t\t\t\t\t\t\t<div class=\"elementor-cta__content\">\n\t\t\t\t\n\t\t\t\t\t\t\t\t\t<span class=\"elementor-cta__title elementor-cta__content-item elementor-content-item\">\n\t\t\t\t\t\tHar du brug for noget SMT-udstyr?\t\t\t\t\t<\/span>\n\t\t\t\t\n\t\t\t\t\t\t\t\t\t<div class=\"elementor-cta__description elementor-cta__content-item elementor-content-item\">\n\t\t\t\t\t\tF\u00e5 en gratis konsultation og et prisoverslag\t\t\t\t\t<\/div>\n\t\t\t\t\n\t\t\t\t\t\t\t\t\t<div class=\"elementor-cta__button-wrapper elementor-cta__content-item elementor-content-item\">\n\t\t\t\t\t<a class=\"elementor-cta__button elementor-button elementor-size-md\" href=\"https:\/\/www.chuxin-smt.com\/da\/contacts\/\">\n\t\t\t\t\t\tKontakt os\t\t\t\t\t<\/a>\n\t\t\t\t\t<\/div>\n\t\t\t\t\t\t\t<\/div>\n\t\t\t\t\t\t<\/div>\n\t\t\t\t<\/div>\n\t\t\t\t<\/div>\n\t\t\t\t<\/div>\n\t\t\t\t<\/div>","protected":false},"excerpt":{"rendered":"<p>OUTLINE Application of S&#038;M SMT equipment in the field of new energy 1) New energy industry development: photovoltaics, energy storage, [&hellip;]<\/p>","protected":false},"author":1,"featured_media":0,"parent":0,"menu_order":0,"comment_status":"closed","ping_status":"closed","template":"","meta":{"_acf_changed":false,"site-sidebar-layout":"no-sidebar","site-content-layout":"","ast-site-content-layout":"full-width-container","site-content-style":"default","site-sidebar-style":"default","ast-global-header-display":"","ast-banner-title-visibility":"","ast-main-header-display":"","ast-hfb-above-header-display":"","ast-hfb-below-header-display":"","ast-hfb-mobile-header-display":"","site-post-title":"disabled","ast-breadcrumbs-content":"","ast-featured-img":"disabled","footer-sml-layout":"","theme-transparent-header-meta":"default","adv-header-id-meta":"","stick-header-meta":"","header-above-stick-meta":"","header-main-stick-meta":"","header-below-stick-meta":"","astra-migrate-meta-layouts":"set","ast-page-background-enabled":"default","ast-page-background-meta":{"desktop":{"background-color":"var(--ast-global-color-4)","background-image":"","background-repeat":"repeat","background-position":"center center","background-size":"auto","background-attachment":"scroll","background-type":"","background-media":"","overlay-type":"","overlay-color":"","overlay-opacity":"","overlay-gradient":""},"tablet":{"background-color":"","background-image":"","background-repeat":"repeat","background-position":"center center","background-size":"auto","background-attachment":"scroll","background-type":"","background-media":"","overlay-type":"","overlay-color":"","overlay-opacity":"","overlay-gradient":""},"mobile":{"background-color":"","background-image":"","background-repeat":"repeat","background-position":"center center","background-size":"auto","background-attachment":"scroll","background-type":"","background-media":"","overlay-type":"","overlay-color":"","overlay-opacity":"","overlay-gradient":""}},"ast-content-background-meta":{"desktop":{"background-color":"var(--ast-global-color-5)","background-image":"","background-repeat":"repeat","background-position":"center center","background-size":"auto","background-attachment":"scroll","background-type":"","background-media":"","overlay-type":"","overlay-color":"","overlay-opacity":"","overlay-gradient":""},"tablet":{"background-color":"var(--ast-global-color-5)","background-image":"","background-repeat":"repeat","background-position":"center center","background-size":"auto","background-attachment":"scroll","background-type":"","background-media":"","overlay-type":"","overlay-color":"","overlay-opacity":"","overlay-gradient":""},"mobile":{"background-color":"var(--ast-global-color-5)","background-image":"","background-repeat":"repeat","background-position":"center center","background-size":"auto","background-attachment":"scroll","background-type":"","background-media":"","overlay-type":"","overlay-color":"","overlay-opacity":"","overlay-gradient":""}}},"class_list":["post-2912","page","type-page","status-publish","hentry"],"acf":[],"_links":{"self":[{"href":"https:\/\/www.chuxin-smt.com\/da\/wp-json\/wp\/v2\/pages\/2912","targetHints":{"allow":["GET"]}}],"collection":[{"href":"https:\/\/www.chuxin-smt.com\/da\/wp-json\/wp\/v2\/pages"}],"about":[{"href":"https:\/\/www.chuxin-smt.com\/da\/wp-json\/wp\/v2\/types\/page"}],"author":[{"embeddable":true,"href":"https:\/\/www.chuxin-smt.com\/da\/wp-json\/wp\/v2\/users\/1"}],"replies":[{"embeddable":true,"href":"https:\/\/www.chuxin-smt.com\/da\/wp-json\/wp\/v2\/comments?post=2912"}],"version-history":[{"count":0,"href":"https:\/\/www.chuxin-smt.com\/da\/wp-json\/wp\/v2\/pages\/2912\/revisions"}],"wp:attachment":[{"href":"https:\/\/www.chuxin-smt.com\/da\/wp-json\/wp\/v2\/media?parent=2912"}],"curies":[{"name":"wp","href":"https:\/\/api.w.org\/{rel}","templated":true}]}}