{"id":2915,"date":"2025-09-03T14:56:47","date_gmt":"2025-09-03T06:56:47","guid":{"rendered":"https:\/\/www.chuxin-smt.com\/?page_id=2915"},"modified":"2025-09-05T16:08:55","modified_gmt":"2025-09-05T08:08:55","slug":"automotive-electronics-industry","status":"publish","type":"page","link":"https:\/\/www.chuxin-smt.com\/da\/automotive-electronics-industry\/","title":{"rendered":"Elektronikindustrien til biler"},"content":{"rendered":"<div data-elementor-type=\"wp-page\" data-elementor-id=\"2915\" class=\"elementor elementor-2915\" data-elementor-post-type=\"page\">\n\t\t\t\t<div class=\"elementor-element elementor-element-2a71609b e-con-full e-flex e-con e-parent\" data-id=\"2a71609b\" data-element_type=\"container\" data-settings=\"{&quot;background_background&quot;:&quot;classic&quot;}\">\n\t\t<div class=\"elementor-element elementor-element-38f3ca48 e-con-full e-flex e-con e-child\" data-id=\"38f3ca48\" data-element_type=\"container\">\n\t\t\t\t<div class=\"elementor-element elementor-element-4a98c7bc elementor-widget elementor-widget-heading\" data-id=\"4a98c7bc\" data-element_type=\"widget\" data-widget_type=\"heading.default\">\n\t\t\t\t<div class=\"elementor-widget-container\">\n\t\t\t<h2 class=\"elementor-heading-title elementor-size-default\">OVERBLIK<\/h2>\t\t<\/div>\n\t\t\t\t<\/div>\n\t\t\t\t<div class=\"elementor-element elementor-element-a25e392 elementor-widget elementor-widget-heading\" data-id=\"a25e392\" data-element_type=\"widget\" data-widget_type=\"heading.default\">\n\t\t\t\t<div class=\"elementor-widget-container\">\n\t\t\t<h2 class=\"elementor-heading-title elementor-size-default\">Anvendelse af S&amp;M SMT-udstyr i bilelektronik<\/h2>\t\t<\/div>\n\t\t\t\t<\/div>\n\t\t\t\t<div class=\"elementor-element elementor-element-62e76be1 elementor-widget__width-initial elementor-absolute elementor-widget-tablet__width-initial elementor-widget-mobile__width-initial elementor-widget elementor-widget-spacer\" data-id=\"62e76be1\" data-element_type=\"widget\" data-settings=\"{&quot;_position&quot;:&quot;absolute&quot;}\" data-widget_type=\"spacer.default\">\n\t\t\t\t<div class=\"elementor-widget-container\">\n\t\t\t\t\t<div class=\"elementor-spacer\">\n\t\t\t<div class=\"elementor-spacer-inner\"><\/div>\n\t\t<\/div>\n\t\t\t\t<\/div>\n\t\t\t\t<\/div>\n\t\t<div class=\"elementor-element elementor-element-3c8bd0a3 e-con-full e-flex e-con e-child\" data-id=\"3c8bd0a3\" data-element_type=\"container\">\n\t\t\t\t<div class=\"elementor-element elementor-element-7b266143 elementor-widget elementor-widget-text-editor\" data-id=\"7b266143\" data-element_type=\"widget\" data-widget_type=\"text-editor.default\">\n\t\t\t\t<div class=\"elementor-widget-container\">\n\t\t\t\t\t\t\t<p>1) Krav og tendenser i bilelektronikindustrien: intelligens og p\u00e5lidelighed i bilklassen<\/p><p>2) Anvendelse af SMT-udstyr i ECU, ADAS og kontrolkort til billygter<\/p><p>3) N\u00f8glekrav: nul fejlrate, modstandsdygtighed over for jordsk\u00e6lv og temperaturforskelle<\/p><p>4) Vores udstyrs h\u00f8jdepunkter: reflow-ovn, intelligent transmissionsudstyr<\/p><p>5) Succesfulde cases og st\u00f8tte til certificering af biler<\/p>\t\t\t\t\t\t<\/div>\n\t\t\t\t<\/div>\n\t\t\t\t<div class=\"elementor-element elementor-element-11e3b6de elementor-button-align-stretch elementor-widget elementor-widget-form\" data-id=\"11e3b6de\" data-element_type=\"widget\" data-settings=\"{&quot;step_next_label&quot;:&quot;Next&quot;,&quot;step_previous_label&quot;:&quot;Previous&quot;,&quot;button_width&quot;:&quot;40&quot;,&quot;step_type&quot;:&quot;number_text&quot;,&quot;step_icon_shape&quot;:&quot;circle&quot;}\" data-widget_type=\"form.default\">\n\t\t\t\t<div class=\"elementor-widget-container\">\n\t\t\t\t\t<form class=\"elementor-form\" method=\"post\" name=\"Newsletter\" novalidate=\"\" action=\"\">\n\t\t\t<input type=\"hidden\" name=\"post_id\" value=\"2915\"\/>\n\t\t\t<input type=\"hidden\" name=\"form_id\" value=\"11e3b6de\"\/>\n\t\t\t<input type=\"hidden\" name=\"referer_title\" value=\"Automotive Electronics Industry\" \/>\n\n\t\t\t\t\t\t\t<input type=\"hidden\" name=\"queried_id\" value=\"2915\"\/>\n\t\t\t\n\t\t\t<div class=\"elementor-form-fields-wrapper elementor-labels-\">\n\t\t\t\t\t\t\t\t<div class=\"elementor-field-type-email elementor-field-group elementor-column elementor-field-group-email elementor-col-60 elementor-field-required\">\n\t\t\t\t\t\t\t\t\t\t\t\t<label for=\"form-field-email\" class=\"elementor-field-label elementor-screen-only\">\n\t\t\t\t\t\t\t\tE-mail\t\t\t\t\t\t\t<\/label>\n\t\t\t\t\t\t\t\t\t\t\t\t\t\t<input size=\"1\" type=\"email\" name=\"form_fields[email]\" id=\"form-field-email\" class=\"elementor-field elementor-size-sm  elementor-field-textual\" placeholder=\"E-mail\" required=\"required\" aria-required=\"true\">\n\t\t\t\t\t\t\t\t\t\t\t<\/div>\n\t\t\t\t\t\t\t\t<div class=\"elementor-field-group elementor-column elementor-field-type-submit elementor-col-40 e-form__buttons\">\n\t\t\t\t\t<button class=\"elementor-button elementor-size-sm\" type=\"submit\">\n\t\t\t\t\t\t<span class=\"elementor-button-content-wrapper\">\n\t\t\t\t\t\t\t\t\t\t\t\t\t\t\t\t\t\t\t\t\t\t<span class=\"elementor-button-text\">Abonner <\/span>\n\t\t\t\t\t\t\t\t\t\t\t\t\t<\/span>\n\t\t\t\t\t<\/button>\n\t\t\t\t<\/div>\n\t\t\t<\/div>\n\t\t<input type=\"hidden\" name=\"trp-form-language\" value=\"da\"\/><\/form>\n\t\t\t\t<\/div>\n\t\t\t\t<\/div>\n\t\t\t\t<\/div>\n\t\t\t\t<\/div>\n\t\t<div class=\"elementor-element elementor-element-66101b87 e-con-full e-flex e-con e-child\" data-id=\"66101b87\" data-element_type=\"container\" data-settings=\"{&quot;background_background&quot;:&quot;classic&quot;}\">\n\t\t\t\t<\/div>\n\t\t\t\t<\/div>\n\t\t<div class=\"elementor-element elementor-element-5e6e39f5 e-flex e-con-boxed e-con e-parent\" data-id=\"5e6e39f5\" data-element_type=\"container\">\n\t\t\t\t\t<div class=\"e-con-inner\">\n\t\t\t\t<div class=\"elementor-element elementor-element-51a31d93 elementor-widget elementor-widget-heading\" data-id=\"51a31d93\" data-element_type=\"widget\" data-widget_type=\"heading.default\">\n\t\t\t\t<div class=\"elementor-widget-container\">\n\t\t\t<h2 class=\"elementor-heading-title elementor-size-default\">Krav og tendenser i bilelektronikbranchen: intelligens og p\u00e5lidelighed i bilklassen<\/h2>\t\t<\/div>\n\t\t\t\t<\/div>\n\t\t\t\t\t<\/div>\n\t\t\t\t<\/div>\n\t\t<div class=\"elementor-element elementor-element-79f6c0a9 e-flex e-con-boxed e-con e-parent\" data-id=\"79f6c0a9\" data-element_type=\"container\">\n\t\t\t\t\t<div class=\"e-con-inner\">\n\t\t\t\t<div class=\"elementor-element elementor-element-3f656f20 elementor-widget elementor-widget-text-editor\" data-id=\"3f656f20\" data-element_type=\"widget\" data-widget_type=\"text-editor.default\">\n\t\t\t\t<div class=\"elementor-widget-container\">\n\t\t\t\t\t\t\t<p>I takt med at k\u00f8ret\u00f8jer udvikler sig i retning af intelligente og nye energiteknologier, stiger andelen af elektroniske styreenheder (ECU'er), avancerede f\u00f8rerassistentsystemer (ADAS), intelligent belysning og batteristyringssystemer i k\u00f8ret\u00f8jer hurtigt. Produkter til biler skal v\u00e6re stabile under h\u00f8je og lave temperaturer, vibrationer og langvarige driftsforhold, og nul fejl er et centralt m\u00e5l.<\/p><p><strong><span style=\"color: #ff0000;\">BYD og Bosch Auto<\/span><\/strong>Som f\u00f8rende globale bil- og reservedelsproducenter stiller de ekstremt h\u00f8je krav til stabilitet, automatisering og produktsporbarhed i deres SMT-produktionslinjer. Med sine meget p\u00e5lidelige komplette SMT-linjel\u00f8sninger hj\u00e6lper S&amp;M kunderne med at opbygge intelligente produktionslinjer, der lever op til bilindustriens standarder.<\/p>\t\t\t\t\t\t<\/div>\n\t\t\t\t<\/div>\n\t\t\t\t\t<\/div>\n\t\t\t\t<\/div>\n\t\t<div class=\"elementor-element elementor-element-3ff5d8fe e-flex e-con-boxed e-con e-parent\" data-id=\"3ff5d8fe\" data-element_type=\"container\">\n\t\t\t\t\t<div class=\"e-con-inner\">\n\t\t<div class=\"elementor-element elementor-element-58301b63 e-con-full e-flex e-con e-child\" data-id=\"58301b63\" data-element_type=\"container\">\n\t\t\t\t<div class=\"elementor-element elementor-element-51386c48 elementor-widget elementor-widget-heading\" data-id=\"51386c48\" data-element_type=\"widget\" data-widget_type=\"heading.default\">\n\t\t\t\t<div class=\"elementor-widget-container\">\n\t\t\t<h2 class=\"elementor-heading-title elementor-size-default\">Anvendelse af SMT-udstyr i ECU, ADAS og kontrolkort til billygter<\/h2>\t\t<\/div>\n\t\t\t\t<\/div>\n\t\t\t\t<\/div>\n\t\t\t\t\t<\/div>\n\t\t\t\t<\/div>\n\t\t<div class=\"elementor-element elementor-element-1087b2af e-flex e-con-boxed e-con e-parent\" data-id=\"1087b2af\" data-element_type=\"container\">\n\t\t\t\t\t<div class=\"e-con-inner\">\n\t\t\t\t<div class=\"elementor-element elementor-element-1685fb0c elementor-widget elementor-widget-text-editor\" data-id=\"1685fb0c\" data-element_type=\"widget\" data-widget_type=\"text-editor.default\">\n\t\t\t\t<div class=\"elementor-widget-container\">\n\t\t\t\t\t\t\t<p>Elektronik til biler kr\u00e6ver langt h\u00f8jere printkvalitet end forbrugerelektronik.<\/p><p><a href=\"https:\/\/www.boschautoparts.com\/es\/\"><strong><span style=\"color: #ff0000;\">Bosch Automotive<\/span><\/strong><\/a>\u00a0bruger S&amp;M's intelligente maskiner til p\u00e5- og afl\u00e6sning af printkort og dockingstationer i sin produktion af ADAS-radarkontrolmoduler for at opn\u00e5 kontinuerlig drift med flere stationer, hvilket sikrer effektiv drift af hele produktionslinjen.<\/p><p>S&amp;M's udstyr hj\u00e6lper kunderne med at opn\u00e5 h\u00f8j effektivitet og nul fejl i den komplekse produktion af bilelektronik af h\u00f8j standard.<\/p>\t\t\t\t\t\t<\/div>\n\t\t\t\t<\/div>\n\t\t\t\t\t<\/div>\n\t\t\t\t<\/div>\n\t\t<div class=\"elementor-element elementor-element-4add5d51 e-flex e-con-boxed e-con e-parent\" data-id=\"4add5d51\" data-element_type=\"container\">\n\t\t\t\t\t<div class=\"e-con-inner\">\n\t\t\t\t<div class=\"elementor-element elementor-element-5ecb525f elementor-widget elementor-widget-heading\" data-id=\"5ecb525f\" data-element_type=\"widget\" data-widget_type=\"heading.default\">\n\t\t\t\t<div class=\"elementor-widget-container\">\n\t\t\t<h2 class=\"elementor-heading-title elementor-size-default\">N\u00f8glekrav: nul fejlrate, modstandsdygtighed over for jordsk\u00e6lv og temperaturforskelle<\/h2>\t\t<\/div>\n\t\t\t\t<\/div>\n\t\t\t\t<div class=\"elementor-element elementor-element-3032568b elementor-widget elementor-widget-text-editor\" data-id=\"3032568b\" data-element_type=\"widget\" data-widget_type=\"text-editor.default\">\n\t\t\t\t<div class=\"elementor-widget-container\">\n\t\t\t\t\t\t\t<p>Produkter til biler skal opfylde krav om nul fejl og h\u00f8j p\u00e5lidelighed:<\/p><p>Loddesamlinger skal kunne modst\u00e5 h\u00f8je og lave temperaturer og langvarige vibrationer.<\/p><p>Ethvert lille hulrum, d\u00e5rlig loddeforbindelse eller forkert justering kan p\u00e5virke produktets levetid og sikkerhed.<\/p>\t\t\t\t\t\t<\/div>\n\t\t\t\t<\/div>\n\t\t\t\t\t<\/div>\n\t\t\t\t<\/div>\n\t\t<div class=\"elementor-element elementor-element-17017158 e-flex e-con-boxed e-con e-parent\" data-id=\"17017158\" data-element_type=\"container\">\n\t\t\t\t\t<div class=\"e-con-inner\">\n\t\t\t\t<div class=\"elementor-element elementor-element-13166d95 elementor-widget elementor-widget-heading\" data-id=\"13166d95\" data-element_type=\"widget\" data-widget_type=\"heading.default\">\n\t\t\t\t<div class=\"elementor-widget-container\">\n\t\t\t<h2 class=\"elementor-heading-title elementor-size-default\">Vores udstyr fremh\u00e6ver: reflow-ovn, intelligent transmissionsudstyr<\/h2>\t\t<\/div>\n\t\t\t\t<\/div>\n\t\t<div class=\"elementor-element elementor-element-19077595 e-con-full e-flex e-con e-child\" data-id=\"19077595\" data-element_type=\"container\">\n\t\t\t\t<div class=\"elementor-element elementor-element-49e3196e elementor-widget elementor-widget-text-editor\" data-id=\"49e3196e\" data-element_type=\"widget\" data-widget_type=\"text-editor.default\">\n\t\t\t\t<div class=\"elementor-widget-container\">\n\t\t\t\t\t\t\t<p>S&amp;M's SMT-udstyr giver omfattende st\u00f8tte til bilelektronik. Vigtige h\u00f8jdepunkter omfatter:<\/p><p><a href=\"https:\/\/www.chuxin-smt.com\/da\/reflow-oven\/\"><strong><span style=\"color: #ff6600;\">Vakuum reflow<\/span><\/strong><\/a>: reducerer voidraten betydeligt og forbedrer loddefugenes p\u00e5lidelighed under ekstreme temperatur- og vibrationsforhold;<\/p><p>Intelligent transportudstyr: board loader og unloader, buffer og inspektionsdockingstationer muligg\u00f8r kontinuerlig drift af produktionslinjen og et fleksibelt produktionslayout;<\/p><p>Systemer til fuld procesinspektion og sporbarhed: sikrer kontrollerbart produktudbytte og opfylder certificeringskrav i bilindustrien som IATF 16949.<\/p><p>I Desay Groups projekt med kontroltavler til forlygter forbedrede S&amp;M's komplette linjel\u00f8sning ikke kun produktionseffektiviteten, men muliggjorde ogs\u00e5 fleksibelt skift mellem flere modeller, hvilket reducerede omstillingstiden og den manuelle indgriben betydeligt.<\/p>\t\t\t\t\t\t<\/div>\n\t\t\t\t<\/div>\n\t\t\t\t<div class=\"elementor-element elementor-element-e0b9f43 elementor-widget elementor-widget-heading\" data-id=\"e0b9f43\" data-element_type=\"widget\" data-widget_type=\"heading.default\">\n\t\t\t\t<div class=\"elementor-widget-container\">\n\t\t\t<h2 class=\"elementor-heading-title elementor-size-default\">Succesfulde cases og st\u00f8tte til certificering af biler<\/h2>\t\t<\/div>\n\t\t\t\t<\/div>\n\t\t\t\t<div class=\"elementor-element elementor-element-53334fcb elementor-widget elementor-widget-text-editor\" data-id=\"53334fcb\" data-element_type=\"widget\" data-widget_type=\"text-editor.default\">\n\t\t\t\t<div class=\"elementor-widget-container\">\n\t\t\t\t\t\t\t<p>S&amp;M har leveret komplette SMT-l\u00f8sninger af bilstandard til adskillige kunder inden for bilelektronik, som med succes er blevet anvendt til fremstilling af kernekomponenter til nye energik\u00f8ret\u00f8jer og intelligente biler:<\/p><p><strong><span style=\"color: #ff0000;\">BYD's<\/span> <\/strong>ECU- og BMS-kontrolkortproduktionslinjer bruger S&amp;M-vakuum reflow-ovne og intelligent perifert udstyr til at opn\u00e5 masseproduktion med h\u00f8jt udbytte og lav fejlprocent;<\/p><p><strong><span style=\"color: #ff0000;\">Bosch Automotive<\/span><\/strong>\u00a0bruger S&amp;M-udstyr i produktionen af ADAS-radarmoduler, hvilket sikrer produktoverensstemmelse med internationale bilregler og \u00f8ger produktionskapaciteten;<\/p><p><span style=\"color: #ff0000;\"><a style=\"color: #ff0000;\" href=\"https:\/\/es.desaygroup.com\/\"><strong>Desay Group<\/strong> <\/a><\/span>og <span style=\"color: #ff0000;\"><a style=\"color: #ff0000;\" href=\"https:\/\/www.msi.com\/index.php\"><strong>MSI Technology's <\/strong><\/a><\/span>Produktionslinjer til belysning og multifunktionelle kontrolmoduler bruger S&amp;M's komplette linjel\u00f8sninger til at opn\u00e5 en fleksibel, meget ensartet og stabil masseproduktion.<\/p><p>Med omfattende produktionserfaring inden for bilindustrien og p\u00e5lidelig teknisk support er S&amp;M blevet en betroet partner inden for bilelektronik og hj\u00e6lper kunder med at skabe intelligente, sikre og h\u00f8jtydende bilprodukter.<\/p>\t\t\t\t\t\t<\/div>\n\t\t\t\t<\/div>\n\t\t\t\t<\/div>\n\t\t\t\t\t<\/div>\n\t\t\t\t<\/div>\n\t\t<div class=\"elementor-element elementor-element-3f7cc448 e-flex e-con-boxed e-con e-parent\" data-id=\"3f7cc448\" data-element_type=\"container\" data-settings=\"{&quot;background_background&quot;:&quot;classic&quot;}\">\n\t\t\t\t\t<div class=\"e-con-inner\">\n\t\t\t\t<div class=\"elementor-element elementor-element-6d25be8 elementor-widget elementor-widget-heading\" data-id=\"6d25be8\" data-element_type=\"widget\" data-widget_type=\"heading.default\">\n\t\t\t\t<div class=\"elementor-widget-container\">\n\t\t\t<h2 class=\"elementor-heading-title elementor-size-default\">Anvendelsesv\u00e6rdi<\/h2>\t\t<\/div>\n\t\t\t\t<\/div>\n\t\t\t\t<div class=\"elementor-element elementor-element-19110911 elementor-widget elementor-widget-text-editor\" data-id=\"19110911\" data-element_type=\"widget\" data-widget_type=\"text-editor.default\">\n\t\t\t\t<div class=\"elementor-widget-container\">\n\t\t\t\t\t\t\t<p>Anvendelsesv\u00e6rdi: Ved at forbedre automatiseringen af produktionslinjer, reducere antallet af fejl og underst\u00f8tte fleksibel produktionsudvidelse hj\u00e6lper S&amp;M kunderne med at opretholde en konkurrencem\u00e6ssig fordel p\u00e5 det globale marked for smart hardware.<\/p>\t\t\t\t\t\t<\/div>\n\t\t\t\t<\/div>\n\t\t\t\t<div class=\"elementor-element elementor-element-7d660a10 elementor-skin-carousel elementor-widget elementor-widget-media-carousel\" data-id=\"7d660a10\" data-element_type=\"widget\" data-settings=\"{&quot;slides_per_view&quot;:&quot;5&quot;,&quot;slides_to_scroll&quot;:&quot;1&quot;,&quot;slides_per_view_tablet&quot;:&quot;4&quot;,&quot;slides_per_view_mobile&quot;:&quot;2&quot;,&quot;skin&quot;:&quot;carousel&quot;,&quot;effect&quot;:&quot;slide&quot;,&quot;speed&quot;:500,&quot;autoplay&quot;:&quot;yes&quot;,&quot;autoplay_speed&quot;:5000,&quot;loop&quot;:&quot;yes&quot;,&quot;pause_on_hover&quot;:&quot;yes&quot;,&quot;pause_on_interaction&quot;:&quot;yes&quot;,&quot;space_between&quot;:{&quot;unit&quot;:&quot;px&quot;,&quot;size&quot;:10,&quot;sizes&quot;:[]},&quot;space_between_tablet&quot;:{&quot;unit&quot;:&quot;px&quot;,&quot;size&quot;:10,&quot;sizes&quot;:[]},&quot;space_between_mobile&quot;:{&quot;unit&quot;:&quot;px&quot;,&quot;size&quot;:10,&quot;sizes&quot;:[]}}\" data-widget_type=\"media-carousel.default\">\n\t\t\t\t<div class=\"elementor-widget-container\">\n\t\t\t\t\t<div class=\"elementor-swiper\">\n\t\t\t<div class=\"elementor-main-swiper swiper\">\n\t\t\t\t<div class=\"swiper-wrapper\">\n\t\t\t\t\t\t\t\t\t\t\t<div class=\"swiper-slide\">\n\t\t\t\t\t\t\t\t\t<div class=\"elementor-carousel-image\" role=\"img\" aria-label=\"1756803359-Malaysian customers-5\" style=\"background-image: url(&#039;https:\/\/www.chuxin-smt.com\/wp-content\/uploads\/2025\/09\/1756803359-Malaysian-customers-5.jpg&#039;)\">\n\n\t\t\t\n\t\t\t\t\t<\/div>\n\t\t\t\t\t\t\t\t<\/div>\n\t\t\t\t\t\t\t\t\t\t\t<div class=\"swiper-slide\">\n\t\t\t\t\t\t\t\t\t<div class=\"elementor-carousel-image\" role=\"img\" aria-label=\"1756778979-customers-2\" style=\"background-image: url(&#039;https:\/\/www.chuxin-smt.com\/wp-content\/uploads\/2025\/09\/1756778979-customers-2.jpg&#039;)\">\n\n\t\t\t\n\t\t\t\t\t<\/div>\n\t\t\t\t\t\t\t\t<\/div>\n\t\t\t\t\t\t\t\t\t\t\t<div class=\"swiper-slide\">\n\t\t\t\t\t\t\t\t\t<div class=\"elementor-carousel-image\" role=\"img\" aria-label=\"1756803354-Malaysian customers-3\" style=\"background-image: url(&#039;https:\/\/www.chuxin-smt.com\/wp-content\/uploads\/2025\/09\/1756803354-Malaysian-customers-3.jpg&#039;)\">\n\n\t\t\t\n\t\t\t\t\t<\/div>\n\t\t\t\t\t\t\t\t<\/div>\n\t\t\t\t\t\t\t\t\t\t\t<div class=\"swiper-slide\">\n\t\t\t\t\t\t\t\t\t<div class=\"elementor-carousel-image\" role=\"img\" aria-label=\"1756803348-Malaysiske kunder\" style=\"background-image: url(&#039;https:\/\/www.chuxin-smt.com\/wp-content\/uploads\/2025\/09\/1756803348-Malaysian-customers.jpg&#039;)\">\n\n\t\t\t\n\t\t\t\t\t<\/div>\n\t\t\t\t\t\t\t\t<\/div>\n\t\t\t\t\t\t\t\t\t\t\t<div class=\"swiper-slide\">\n\t\t\t\t\t\t\t\t\t<div class=\"elementor-carousel-image\" role=\"img\" aria-label=\"1756803352-Malaysian customers-2\" style=\"background-image: url(&#039;https:\/\/www.chuxin-smt.com\/wp-content\/uploads\/2025\/09\/1756803352-Malaysian-customers-2.jpg&#039;)\">\n\n\t\t\t\n\t\t\t\t\t<\/div>\n\t\t\t\t\t\t\t\t<\/div>\n\t\t\t\t\t\t\t\t\t\t\t<div class=\"swiper-slide\">\n\t\t\t\t\t\t\t\t\t<div class=\"elementor-carousel-image\" role=\"img\" aria-label=\"1756803345-Foxconn kunder-3\" style=\"background-image: url(&#039;https:\/\/www.chuxin-smt.com\/wp-content\/uploads\/2025\/09\/1756803345-Foxconn-customers-3.jpg&#039;)\">\n\n\t\t\t\n\t\t\t\t\t<\/div>\n\t\t\t\t\t\t\t\t<\/div>\n\t\t\t\t\t\t\t\t\t\t\t<div class=\"swiper-slide\">\n\t\t\t\t\t\t\t\t\t<div class=\"elementor-carousel-image\" role=\"img\" aria-label=\"1756803335-Foxconn-kunder\" style=\"background-image: url(&#039;https:\/\/www.chuxin-smt.com\/wp-content\/uploads\/2025\/09\/1756803335-Foxconn-customers.jpg&#039;)\">\n\n\t\t\t\n\t\t\t\t\t<\/div>\n\t\t\t\t\t\t\t\t<\/div>\n\t\t\t\t\t\t\t\t\t<\/div>\n\t\t\t\t\t\t\t\t\t\t\t\t\t\t\t\t\t\t\t\t\t<\/div>\n\t\t<\/div>\n\t\t\t\t<\/div>\n\t\t\t\t<\/div>\n\t\t\t\t\t<\/div>\n\t\t\t\t<\/div>\n\t\t<div class=\"elementor-element elementor-element-7ae20c9b e-con-full e-flex e-con e-parent\" data-id=\"7ae20c9b\" data-element_type=\"container\">\n\t\t\t\t<div class=\"elementor-element elementor-element-3f3e5bd7 elementor-cta--layout-image-right elementor-cta--mobile-layout-image-above elementor-cta--skin-classic elementor-animated-content elementor-bg-transform elementor-bg-transform-zoom-in elementor-widget elementor-widget-call-to-action\" data-id=\"3f3e5bd7\" data-element_type=\"widget\" data-widget_type=\"call-to-action.default\">\n\t\t\t\t<div class=\"elementor-widget-container\">\n\t\t\t\t\t<div class=\"elementor-cta\">\n\t\t\t\t\t<div class=\"elementor-cta__bg-wrapper\">\n\t\t\t\t<div class=\"elementor-cta__bg elementor-bg\" style=\"background-image: url(https:\/\/www.chuxin-smt.com\/wp-content\/uploads\/2025\/04\/1744707680-\u6c5f\u95e8\u5de5\u5382.jpg);\" role=\"img\" aria-label=\"S&amp;M FACTORY\"><\/div>\n\t\t\t\t<div class=\"elementor-cta__bg-overlay\"><\/div>\n\t\t\t<\/div>\n\t\t\t\t\t\t\t<div class=\"elementor-cta__content\">\n\t\t\t\t\n\t\t\t\t\t\t\t\t\t<span class=\"elementor-cta__title elementor-cta__content-item elementor-content-item\">\n\t\t\t\t\t\tHar du brug for noget SMT-udstyr?\t\t\t\t\t<\/span>\n\t\t\t\t\n\t\t\t\t\t\t\t\t\t<div class=\"elementor-cta__description elementor-cta__content-item elementor-content-item\">\n\t\t\t\t\t\tF\u00e5 en gratis konsultation og et prisoverslag\t\t\t\t\t<\/div>\n\t\t\t\t\n\t\t\t\t\t\t\t\t\t<div class=\"elementor-cta__button-wrapper elementor-cta__content-item elementor-content-item\">\n\t\t\t\t\t<a class=\"elementor-cta__button elementor-button elementor-size-md\" href=\"https:\/\/www.chuxin-smt.com\/da\/contacts\/\">\n\t\t\t\t\t\tKontakt os\t\t\t\t\t<\/a>\n\t\t\t\t\t<\/div>\n\t\t\t\t\t\t\t<\/div>\n\t\t\t\t\t\t<\/div>\n\t\t\t\t<\/div>\n\t\t\t\t<\/div>\n\t\t\t\t<\/div>\n\t\t\t\t<\/div>","protected":false},"excerpt":{"rendered":"<p>OUTLINE Application of S&#038;M SMT equipment in automotive electronics 1) Automotive electronics industry demands and trends: intelligence and automotive-grade reliability [&hellip;]<\/p>","protected":false},"author":1,"featured_media":0,"parent":0,"menu_order":0,"comment_status":"closed","ping_status":"closed","template":"","meta":{"_acf_changed":false,"site-sidebar-layout":"no-sidebar","site-content-layout":"","ast-site-content-layout":"full-width-container","site-content-style":"default","site-sidebar-style":"default","ast-global-header-display":"","ast-banner-title-visibility":"","ast-main-header-display":"","ast-hfb-above-header-display":"","ast-hfb-below-header-display":"","ast-hfb-mobile-header-display":"","site-post-title":"disabled","ast-breadcrumbs-content":"","ast-featured-img":"disabled","footer-sml-layout":"","theme-transparent-header-meta":"default","adv-header-id-meta":"","stick-header-meta":"","header-above-stick-meta":"","header-main-stick-meta":"","header-below-stick-meta":"","astra-migrate-meta-layouts":"set","ast-page-background-enabled":"default","ast-page-background-meta":{"desktop":{"background-color":"var(--ast-global-color-4)","background-image":"","background-repeat":"repeat","background-position":"center center","background-size":"auto","background-attachment":"scroll","background-type":"","background-media":"","overlay-type":"","overlay-color":"","overlay-opacity":"","overlay-gradient":""},"tablet":{"background-color":"","background-image":"","background-repeat":"repeat","background-position":"center center","background-size":"auto","background-attachment":"scroll","background-type":"","background-media":"","overlay-type":"","overlay-color":"","overlay-opacity":"","overlay-gradient":""},"mobile":{"background-color":"","background-image":"","background-repeat":"repeat","background-position":"center center","background-size":"auto","background-attachment":"scroll","background-type":"","background-media":"","overlay-type":"","overlay-color":"","overlay-opacity":"","overlay-gradient":""}},"ast-content-background-meta":{"desktop":{"background-color":"var(--ast-global-color-5)","background-image":"","background-repeat":"repeat","background-position":"center center","background-size":"auto","background-attachment":"scroll","background-type":"","background-media":"","overlay-type":"","overlay-color":"","overlay-opacity":"","overlay-gradient":""},"tablet":{"background-color":"var(--ast-global-color-5)","background-image":"","background-repeat":"repeat","background-position":"center center","background-size":"auto","background-attachment":"scroll","background-type":"","background-media":"","overlay-type":"","overlay-color":"","overlay-opacity":"","overlay-gradient":""},"mobile":{"background-color":"var(--ast-global-color-5)","background-image":"","background-repeat":"repeat","background-position":"center center","background-size":"auto","background-attachment":"scroll","background-type":"","background-media":"","overlay-type":"","overlay-color":"","overlay-opacity":"","overlay-gradient":""}}},"class_list":["post-2915","page","type-page","status-publish","hentry"],"acf":[],"_links":{"self":[{"href":"https:\/\/www.chuxin-smt.com\/da\/wp-json\/wp\/v2\/pages\/2915","targetHints":{"allow":["GET"]}}],"collection":[{"href":"https:\/\/www.chuxin-smt.com\/da\/wp-json\/wp\/v2\/pages"}],"about":[{"href":"https:\/\/www.chuxin-smt.com\/da\/wp-json\/wp\/v2\/types\/page"}],"author":[{"embeddable":true,"href":"https:\/\/www.chuxin-smt.com\/da\/wp-json\/wp\/v2\/users\/1"}],"replies":[{"embeddable":true,"href":"https:\/\/www.chuxin-smt.com\/da\/wp-json\/wp\/v2\/comments?post=2915"}],"version-history":[{"count":0,"href":"https:\/\/www.chuxin-smt.com\/da\/wp-json\/wp\/v2\/pages\/2915\/revisions"}],"wp:attachment":[{"href":"https:\/\/www.chuxin-smt.com\/da\/wp-json\/wp\/v2\/media?parent=2915"}],"curies":[{"name":"wp","href":"https:\/\/api.w.org\/{rel}","templated":true}]}}