{"id":2897,"date":"2025-09-03T13:03:53","date_gmt":"2025-09-03T05:03:53","guid":{"rendered":"https:\/\/www.chuxin-smt.com\/?page_id=2897"},"modified":"2025-09-05T16:08:40","modified_gmt":"2025-09-05T08:08:40","slug":"home-appliances-smart-home","status":"publish","type":"page","link":"https:\/\/www.chuxin-smt.com\/de\/home-appliances-smart-home\/","title":{"rendered":"Haushaltsger\u00e4te &amp;Smart Home"},"content":{"rendered":"<div data-elementor-type=\"wp-page\" data-elementor-id=\"2897\" class=\"elementor elementor-2897\" data-elementor-post-type=\"page\">\n\t\t\t\t<div class=\"elementor-element elementor-element-56864aa2 e-con-full e-flex e-con e-parent\" data-id=\"56864aa2\" data-element_type=\"container\" data-settings=\"{&quot;background_background&quot;:&quot;classic&quot;}\">\n\t\t<div class=\"elementor-element elementor-element-6c7da674 e-con-full e-flex e-con e-child\" data-id=\"6c7da674\" data-element_type=\"container\">\n\t\t\t\t<div class=\"elementor-element elementor-element-5e5a1a35 elementor-widget elementor-widget-heading\" data-id=\"5e5a1a35\" data-element_type=\"widget\" data-widget_type=\"heading.default\">\n\t\t\t\t<div class=\"elementor-widget-container\">\n\t\t\t<h2 class=\"elementor-heading-title elementor-size-default\">AUSBLICK<\/h2>\t\t<\/div>\n\t\t\t\t<\/div>\n\t\t\t\t<div class=\"elementor-element elementor-element-3c0b9f4e elementor-widget__width-initial elementor-absolute elementor-widget-tablet__width-initial elementor-widget-mobile__width-initial elementor-widget elementor-widget-spacer\" data-id=\"3c0b9f4e\" data-element_type=\"widget\" data-settings=\"{&quot;_position&quot;:&quot;absolute&quot;}\" data-widget_type=\"spacer.default\">\n\t\t\t\t<div class=\"elementor-widget-container\">\n\t\t\t\t\t<div class=\"elementor-spacer\">\n\t\t\t<div class=\"elementor-spacer-inner\"><\/div>\n\t\t<\/div>\n\t\t\t\t<\/div>\n\t\t\t\t<\/div>\n\t\t<div class=\"elementor-element elementor-element-26a498cf e-con-full e-flex e-con e-child\" data-id=\"26a498cf\" data-element_type=\"container\">\n\t\t\t\t<div class=\"elementor-element elementor-element-13d952d0 elementor-widget elementor-widget-text-editor\" data-id=\"13d952d0\" data-element_type=\"widget\" data-widget_type=\"text-editor.default\">\n\t\t\t\t<div class=\"elementor-widget-container\">\n\t\t\t\t\t\t\t<p>1) Haushaltsger\u00e4te und Smart Home Markttrends<\/p><p>2) Die Rolle der SMT-Ausr\u00fcstung bei der Herstellung von Steuerplatinen und Kommunikationsmodulen<\/p><p>3) Produktanforderungen: Stabilit\u00e4t, F\u00e4higkeit zur Massenproduktion<\/p><p>4) Die Anwendbarkeit und Vorteile unserer Reflow-L\u00f6t-, Wellenl\u00f6t-, Selektivwellenl\u00f6t- und Peripherieger\u00e4te<\/p><p>5\uff09Konkrete F\u00e4lle: Intelligente K\u00fchlschr\u00e4nke, Klimabedienfelder, IoT-Module<\/p>\t\t\t\t\t\t<\/div>\n\t\t\t\t<\/div>\n\t\t\t\t<div class=\"elementor-element elementor-element-7a847515 elementor-button-align-stretch elementor-widget elementor-widget-form\" data-id=\"7a847515\" data-element_type=\"widget\" data-settings=\"{&quot;step_next_label&quot;:&quot;Next&quot;,&quot;step_previous_label&quot;:&quot;Previous&quot;,&quot;button_width&quot;:&quot;40&quot;,&quot;step_type&quot;:&quot;number_text&quot;,&quot;step_icon_shape&quot;:&quot;circle&quot;}\" data-widget_type=\"form.default\">\n\t\t\t\t<div class=\"elementor-widget-container\">\n\t\t\t\t\t<form class=\"elementor-form\" method=\"post\" name=\"Newsletter\" action=\"\">\n\t\t\t<input type=\"hidden\" name=\"post_id\" value=\"2897\"\/>\n\t\t\t<input type=\"hidden\" name=\"form_id\" value=\"7a847515\"\/>\n\t\t\t<input type=\"hidden\" name=\"referer_title\" value=\"Home Appliances &#038;Smart Home\" \/>\n\n\t\t\t\t\t\t\t<input type=\"hidden\" name=\"queried_id\" value=\"2897\"\/>\n\t\t\t\n\t\t\t<div class=\"elementor-form-fields-wrapper elementor-labels-\">\n\t\t\t\t\t\t\t\t<div class=\"elementor-field-type-email elementor-field-group elementor-column elementor-field-group-email elementor-col-60 elementor-field-required\">\n\t\t\t\t\t\t\t\t\t\t\t\t<label for=\"form-field-email\" class=\"elementor-field-label elementor-screen-only\">\n\t\t\t\t\t\t\t\tE-Mail\t\t\t\t\t\t\t<\/label>\n\t\t\t\t\t\t\t\t\t\t\t\t\t\t<input size=\"1\" type=\"email\" name=\"form_fields[email]\" id=\"form-field-email\" class=\"elementor-field elementor-size-sm  elementor-field-textual\" placeholder=\"E-Mail\" required=\"required\" aria-required=\"true\">\n\t\t\t\t\t\t\t\t\t\t\t<\/div>\n\t\t\t\t\t\t\t\t<div class=\"elementor-field-group elementor-column elementor-field-type-submit elementor-col-40 e-form__buttons\">\n\t\t\t\t\t<button class=\"elementor-button elementor-size-sm\" type=\"submit\">\n\t\t\t\t\t\t<span class=\"elementor-button-content-wrapper\">\n\t\t\t\t\t\t\t\t\t\t\t\t\t\t\t\t\t\t\t\t\t\t<span class=\"elementor-button-text\">Abonnieren <\/span>\n\t\t\t\t\t\t\t\t\t\t\t\t\t<\/span>\n\t\t\t\t\t<\/button>\n\t\t\t\t<\/div>\n\t\t\t<\/div>\n\t\t<input type=\"hidden\" name=\"trp-form-language\" value=\"de\"\/><\/form>\n\t\t\t\t<\/div>\n\t\t\t\t<\/div>\n\t\t\t\t<\/div>\n\t\t\t\t<\/div>\n\t\t<div class=\"elementor-element elementor-element-69d5169a e-con-full e-flex e-con e-child\" data-id=\"69d5169a\" data-element_type=\"container\" data-settings=\"{&quot;background_background&quot;:&quot;classic&quot;}\">\n\t\t\t\t<\/div>\n\t\t\t\t<\/div>\n\t\t<div class=\"elementor-element elementor-element-71870e0e e-flex e-con-boxed e-con e-parent\" data-id=\"71870e0e\" data-element_type=\"container\">\n\t\t\t\t\t<div class=\"e-con-inner\">\n\t\t\t\t<div class=\"elementor-element elementor-element-417a7840 elementor-widget elementor-widget-heading\" data-id=\"417a7840\" data-element_type=\"widget\" data-widget_type=\"heading.default\">\n\t\t\t\t<div class=\"elementor-widget-container\">\n\t\t\t<h2 class=\"elementor-heading-title elementor-size-default\">Anwendung von S&amp;M SMT-Ausr\u00fcstung in Haushaltsger\u00e4ten und Smart Home<\/h2>\t\t<\/div>\n\t\t\t\t<\/div>\n\t\t\t\t\t<\/div>\n\t\t\t\t<\/div>\n\t\t<div class=\"elementor-element elementor-element-13454bc1 e-flex e-con-boxed e-con e-parent\" data-id=\"13454bc1\" data-element_type=\"container\">\n\t\t\t\t\t<div class=\"e-con-inner\">\n\t\t\t\t<div class=\"elementor-element elementor-element-64dc8214 elementor-widget elementor-widget-text-editor\" data-id=\"64dc8214\" data-element_type=\"widget\" data-widget_type=\"text-editor.default\">\n\t\t\t\t<div class=\"elementor-widget-container\">\n\t\t\t\t\t\t\t<p>Da sich die Haushaltsger\u00e4teindustrie in Richtung Intelligenz und IoT entwickelt, steigt die Marktnachfrage nach intelligenten K\u00fchlschr\u00e4nken, Klimaanlagen, Waschmaschinen und Smart-TVs weiter an. Die neuen Produkte sind nicht nur leistungsstark und multifunktional, sondern erfordern auch kleinere, d\u00fcnnere und zuverl\u00e4ssigere Steuerungs- und Kommunikationsmodule.<\/p><p><span style=\"color: #ff0000;\"><strong>Haier, Midea, Gree und TCL,<\/strong><\/span> weltweit renommierte Haushaltsger\u00e4temarken ihre Smart-Home-Produkte umfassend modernisieren, was gro\u00dfe, stabile und hochpr\u00e4zise Elektronikfertigungskapazit\u00e4ten erfordert. S&amp;M bietet seinen Kunden Komplettl\u00f6sungen von der SMT- und L\u00f6ttechnik bis hin zum intelligenten Peripheriemanagement und unterst\u00fctzt damit die effiziente und zuverl\u00e4ssige Produktion von Smart-Home-Ger\u00e4ten. Vor diesem Hintergrund bieten die SMT-Anlagen von S&amp;M eine hohe Zuverl\u00e4ssigkeit.<\/p>\t\t\t\t\t\t<\/div>\n\t\t\t\t<\/div>\n\t\t\t\t\t<\/div>\n\t\t\t\t<\/div>\n\t\t<div class=\"elementor-element elementor-element-7a79fe4a e-flex e-con-boxed e-con e-parent\" data-id=\"7a79fe4a\" data-element_type=\"container\">\n\t\t\t\t\t<div class=\"e-con-inner\">\n\t\t<div class=\"elementor-element elementor-element-5a49e714 e-con-full e-flex e-con e-child\" data-id=\"5a49e714\" data-element_type=\"container\">\n\t\t\t\t<div class=\"elementor-element elementor-element-169a2900 elementor-widget elementor-widget-heading\" data-id=\"169a2900\" data-element_type=\"widget\" data-widget_type=\"heading.default\">\n\t\t\t\t<div class=\"elementor-widget-container\">\n\t\t\t<h2 class=\"elementor-heading-title elementor-size-default\">Die Rolle der SMT-Ausr\u00fcstung bei der Herstellung von Steuerplatinen und Kommunikationsmodulen<\/h2>\t\t<\/div>\n\t\t\t\t<\/div>\n\t\t\t\t<\/div>\n\t\t\t\t\t<\/div>\n\t\t\t\t<\/div>\n\t\t<div class=\"elementor-element elementor-element-4352c9c7 e-flex e-con-boxed e-con e-parent\" data-id=\"4352c9c7\" data-element_type=\"container\">\n\t\t\t\t\t<div class=\"e-con-inner\">\n\t\t\t\t<div class=\"elementor-element elementor-element-7843e1 elementor-widget elementor-widget-text-editor\" data-id=\"7843e1\" data-element_type=\"widget\" data-widget_type=\"text-editor.default\">\n\t\t\t\t<div class=\"elementor-widget-container\">\n\t\t\t\t\t\t\t<p>Steuerplatinen und Kommunikationsmodule sind die zentralen \"Gehirne\" intelligenter Haushaltsger\u00e4te. Diese Leiterplatten erfordern oft dicht best\u00fcckte Komponenten und stabile Kommunikationsfunktionen.<\/p><p><span style=\"color: #ff0000;\"><strong>Haier<\/strong><\/span>\u00a0setzt die Reflow-L\u00f6tanlage von S&amp;M bei der Produktion von Steuerplatinen f\u00fcr seine IoT-K\u00fchlschr\u00e4nke und intelligenten Waschmaschinen ein, um das zuverl\u00e4ssige L\u00f6ten komplexer Leiterplatten zu gew\u00e4hrleisten.<\/p><p><strong><span style=\"color: #ff0000;\">Midea und Gree<\/span><\/strong>\u00a0nutzen die vollautomatischen Be- und Entlademaschinen und Docking-Stationen von S&amp;M in der Produktion von Hauptsteuerplatinen f\u00fcr Klimaanlagen und Wi-Fi-Modulen, die einen reibungslosen Transfer der Platinen und eine Echtzeitkontrolle in Hochgeschwindigkeits-Produktionslinien gew\u00e4hrleisten.<\/p><p><strong><span style=\"color: #ff0000;\">S&amp;M's<\/span><\/strong> SMT-Anlagen helfen den Kunden, die Stabilit\u00e4t der Massenproduktion und die Zuverl\u00e4ssigkeit jeder einzelnen Steuerplatine zu gew\u00e4hrleisten.<\/p>\t\t\t\t\t\t<\/div>\n\t\t\t\t<\/div>\n\t\t\t\t\t<\/div>\n\t\t\t\t<\/div>\n\t\t<div class=\"elementor-element elementor-element-55e9a910 e-flex e-con-boxed e-con e-parent\" data-id=\"55e9a910\" data-element_type=\"container\">\n\t\t\t\t\t<div class=\"e-con-inner\">\n\t\t\t\t<div class=\"elementor-element elementor-element-611b3087 elementor-widget elementor-widget-heading\" data-id=\"611b3087\" data-element_type=\"widget\" data-widget_type=\"heading.default\">\n\t\t\t\t<div class=\"elementor-widget-container\">\n\t\t\t<h2 class=\"elementor-heading-title elementor-size-default\">Produktanforderungen: Stabilit\u00e4t, F\u00e4higkeit zur Massenproduktion<\/h2>\t\t<\/div>\n\t\t\t\t<\/div>\n\t\t\t\t<div class=\"elementor-element elementor-element-80c0adb elementor-widget elementor-widget-text-editor\" data-id=\"80c0adb\" data-element_type=\"widget\" data-widget_type=\"text-editor.default\">\n\t\t\t\t<div class=\"elementor-widget-container\">\n\t\t\t\t\t\t\t<p>Schalttafeln f\u00fcr Haushaltsger\u00e4te stellen extrem hohe Anforderungen an die Kontinuit\u00e4t der Produktionslinie und die Kapazit\u00e4t der Massenproduktion. Jede Unterbrechung der Linie oder jeder L\u00f6tfehler wirkt sich direkt auf die Lieferungen und die Benutzererfahrung aus.<\/p><p><strong><span style=\"color: #ff0000;\">Gree und TCL's<\/span><\/strong> Die Produktionslinien f\u00fcr Klimaanlagen und Smart-TVs arbeiten das ganze Jahr \u00fcber unter hoher Belastung und erfordern daher Anlagen mit hoher Stabilit\u00e4t, hoher Ausbeute und der M\u00f6glichkeit, die Linien schnell umzustellen.<\/p><p>Die kompletten SMT-Linienl\u00f6sungen von S&amp;M, einschlie\u00dflich Reflow-, Wellenl\u00f6t- und Selektivl\u00f6tanlagen sowie intelligenter Peripherieger\u00e4te, unterst\u00fctzen einen stabilen 24\/7-Betrieb, um die Anforderungen der Kunden an eine gro\u00df angelegte, lang laufende Produktion zu erf\u00fcllen.<\/p>\t\t\t\t\t\t<\/div>\n\t\t\t\t<\/div>\n\t\t\t\t\t<\/div>\n\t\t\t\t<\/div>\n\t\t<div class=\"elementor-element elementor-element-762a4234 e-flex e-con-boxed e-con e-parent\" data-id=\"762a4234\" data-element_type=\"container\">\n\t\t\t\t\t<div class=\"e-con-inner\">\n\t\t\t\t<div class=\"elementor-element elementor-element-107be8d5 elementor-widget elementor-widget-heading\" data-id=\"107be8d5\" data-element_type=\"widget\" data-widget_type=\"heading.default\">\n\t\t\t\t<div class=\"elementor-widget-container\">\n\t\t\t<h2 class=\"elementor-heading-title elementor-size-default\">Die Anwendbarkeit und die Vorteile unserer Reflow-L\u00f6tanlagen, Wellenl\u00f6tanlagen, Selektivl\u00f6tanlagen und intelligenten \u00dcbertragungsanlagen<\/h2>\t\t<\/div>\n\t\t\t\t<\/div>\n\t\t<div class=\"elementor-element elementor-element-5a090948 e-con-full e-flex e-con e-child\" data-id=\"5a090948\" data-element_type=\"container\">\n\t\t\t\t<div class=\"elementor-element elementor-element-410cd17 elementor-widget elementor-widget-text-editor\" data-id=\"410cd17\" data-element_type=\"widget\" data-widget_type=\"text-editor.default\">\n\t\t\t\t<div class=\"elementor-widget-container\">\n\t\t\t\t\t\t\t<p>S&amp;M bietet ein komplettes Sortiment an L\u00f6t- und intelligenten Transferger\u00e4ten f\u00fcr die Produktion von Haushaltsger\u00e4ten und Smart Home-Produkten:<\/p><p><strong><span style=\"color: #ff6600;\"><a style=\"color: #ff6600;\" href=\"https:\/\/www.chuxin-smt.com\/de\/reflow-oven\/\">Reflow-L\u00f6ten<\/a><\/span><\/strong>: Gew\u00e4hrleistet die Zuverl\u00e4ssigkeit der L\u00f6tung und reduziert L\u00fccken auf den Steuerplatinen auch bei hoher Best\u00fcckungsdichte.<\/p><p><a href=\"https:\/\/www.chuxin-smt.com\/de\/wave-solder\/\"><strong><span style=\"color: #ff6600;\">Wellenl\u00f6ten und selektives Wellenl\u00f6ten<\/span><\/strong><\/a><strong><span style=\"color: #ff6600;\">g<\/span><\/strong>: Geeignet f\u00fcr das Stapell\u00f6ten von Bauteilen mit Durchgangsl\u00f6chern, wie z. B. Netzplatinen von Klimaanlagen und K\u00fchlschr\u00e4nken und Relaisplatinen.<\/p><p>Intelligente Transferausr\u00fcstung: Dazu geh\u00f6ren Maschinen zum Be- und Entladen von Platten, Maschinen zur Zwischenlagerung und Andockstationen, die einen reibungslosen Betrieb der Produktionslinie gew\u00e4hrleisten und manuelle Eingriffe auf ein Minimum reduzieren.<\/p>\t\t\t\t\t\t<\/div>\n\t\t\t\t<\/div>\n\t\t\t\t<div class=\"elementor-element elementor-element-9e1a9a0 elementor-widget elementor-widget-heading\" data-id=\"9e1a9a0\" data-element_type=\"widget\" data-widget_type=\"heading.default\">\n\t\t\t\t<div class=\"elementor-widget-container\">\n\t\t\t<h2 class=\"elementor-heading-title elementor-size-default\">Konkrete F\u00e4lle: intelligente K\u00fchlschr\u00e4nke, Klimaanlagen-Schalttafeln, IoT-Module<\/h2>\t\t<\/div>\n\t\t\t\t<\/div>\n\t\t\t\t<div class=\"elementor-element elementor-element-7b34908 elementor-widget elementor-widget-text-editor\" data-id=\"7b34908\" data-element_type=\"widget\" data-widget_type=\"text-editor.default\">\n\t\t\t\t<div class=\"elementor-widget-container\">\n\t\t\t\t\t\t\t<p>Die Anlagen von S&amp;M haben sich bei der Produktion von Smart Home-Ger\u00e4ten f\u00fcr mehrere Kunden bew\u00e4hrt:<\/p><p><strong><span style=\"color: #ff0000;\">Haier's<\/span> <\/strong>Die Produktionslinie f\u00fcr IoT-K\u00fchlschrank-Steuerplatinen nutzt die Reflow-L\u00f6t- und Peripherieger\u00e4te von S&amp;M und erreicht eine effiziente und stabile Produktion von einer Million Steuerplatinen pro Jahr;<\/p><p><strong><span style=\"color: #ff0000;\">Midea und Gree's<\/span> <\/strong>Bei den Projekten f\u00fcr Klimaanlagen-Steuerungsplatinen und Wi-Fi-Module kommt unsere Wellenl\u00f6t- und Selektivl\u00f6ttechnologie zum Einsatz, um ein \u00e4u\u00dferst zuverl\u00e4ssiges L\u00f6ten von Hochleistungsplatinen zu erreichen;<\/p><p><strong><span style=\"color: #ff0000;\">TCL's<\/span><\/strong> Die Produktion von Smart-TV-Hauptplatinen erfolgt auf den automatisierten Produktionslinien von S&amp;M, die einen flexiblen Wechsel zwischen verschiedenen Modellen und die Lieferung hoher St\u00fcckzahlen erm\u00f6glichen.<\/p><p>Mit diesen praktischen Anwendungsf\u00e4llen stellt S&amp;M nicht nur seine technologische St\u00e4rke in den Bereichen Haushaltsger\u00e4te und Smart Home unter Beweis, sondern hilft seinen Kunden auch, mit seinen effizienten und zuverl\u00e4ssigen Anlagen intelligente und skalierbare Produktionsziele zu erreichen.<\/p>\t\t\t\t\t\t<\/div>\n\t\t\t\t<\/div>\n\t\t\t\t<\/div>\n\t\t\t\t\t<\/div>\n\t\t\t\t<\/div>\n\t\t<div class=\"elementor-element elementor-element-548398cd e-flex e-con-boxed e-con e-parent\" data-id=\"548398cd\" data-element_type=\"container\" data-settings=\"{&quot;background_background&quot;:&quot;classic&quot;}\">\n\t\t\t\t\t<div class=\"e-con-inner\">\n\t\t\t\t<div class=\"elementor-element elementor-element-14da8751 elementor-widget elementor-widget-heading\" data-id=\"14da8751\" data-element_type=\"widget\" data-widget_type=\"heading.default\">\n\t\t\t\t<div class=\"elementor-widget-container\">\n\t\t\t<h2 class=\"elementor-heading-title elementor-size-default\">Anwendung Wert<\/h2>\t\t<\/div>\n\t\t\t\t<\/div>\n\t\t\t\t<div class=\"elementor-element elementor-element-251e4fd8 elementor-widget elementor-widget-text-editor\" data-id=\"251e4fd8\" data-element_type=\"widget\" data-widget_type=\"text-editor.default\">\n\t\t\t\t<div class=\"elementor-widget-container\">\n\t\t\t\t\t\t\t<p>Anwendungswert: Durch die Verbesserung der Automatisierung von Produktionslinien, die Verringerung der Fehlerquote und die Unterst\u00fctzung einer flexiblen Produktionserweiterung hilft S&amp;M seinen Kunden, einen Wettbewerbsvorteil auf dem globalen Markt f\u00fcr intelligente Hardware zu erzielen.<\/p>\t\t\t\t\t\t<\/div>\n\t\t\t\t<\/div>\n\t\t\t\t<div class=\"elementor-element elementor-element-756b69e0 elementor-skin-carousel elementor-widget elementor-widget-media-carousel\" data-id=\"756b69e0\" data-element_type=\"widget\" data-settings=\"{&quot;slides_per_view&quot;:&quot;5&quot;,&quot;slides_to_scroll&quot;:&quot;1&quot;,&quot;slides_per_view_tablet&quot;:&quot;4&quot;,&quot;slides_per_view_mobile&quot;:&quot;2&quot;,&quot;skin&quot;:&quot;carousel&quot;,&quot;effect&quot;:&quot;slide&quot;,&quot;speed&quot;:500,&quot;autoplay&quot;:&quot;yes&quot;,&quot;autoplay_speed&quot;:5000,&quot;loop&quot;:&quot;yes&quot;,&quot;pause_on_hover&quot;:&quot;yes&quot;,&quot;pause_on_interaction&quot;:&quot;yes&quot;,&quot;space_between&quot;:{&quot;unit&quot;:&quot;px&quot;,&quot;size&quot;:10,&quot;sizes&quot;:[]},&quot;space_between_tablet&quot;:{&quot;unit&quot;:&quot;px&quot;,&quot;size&quot;:10,&quot;sizes&quot;:[]},&quot;space_between_mobile&quot;:{&quot;unit&quot;:&quot;px&quot;,&quot;size&quot;:10,&quot;sizes&quot;:[]}}\" data-widget_type=\"media-carousel.default\">\n\t\t\t\t<div class=\"elementor-widget-container\">\n\t\t\t\t\t<div class=\"elementor-swiper\">\n\t\t\t<div class=\"elementor-main-swiper swiper\">\n\t\t\t\t<div class=\"swiper-wrapper\">\n\t\t\t\t\t\t\t\t\t\t\t<div class=\"swiper-slide\">\n\t\t\t\t\t\t\t\t\t<div class=\"elementor-carousel-image\" role=\"img\" aria-label=\"1756803359-Malaysian customers-5\" style=\"background-image: url(&#039;https:\/\/www.chuxin-smt.com\/wp-content\/uploads\/2025\/09\/1756803359-Malaysian-customers-5.jpg&#039;)\">\n\n\t\t\t\n\t\t\t\t\t<\/div>\n\t\t\t\t\t\t\t\t<\/div>\n\t\t\t\t\t\t\t\t\t\t\t<div class=\"swiper-slide\">\n\t\t\t\t\t\t\t\t\t<div class=\"elementor-carousel-image\" role=\"img\" aria-label=\"1756876477-\u91cd\u5e86\u6d77\u5c14\u6ce2\u5cf0\u710a\" style=\"background-image: url(&#039;https:\/\/www.chuxin-smt.com\/wp-content\/uploads\/2025\/09\/1756876477-\u91cd\u5e86\u6d77\u5c14\u6ce2\u5cf0\u710a-scaled.jpg&#039;)\">\n\n\t\t\t\n\t\t\t\t\t<\/div>\n\t\t\t\t\t\t\t\t<\/div>\n\t\t\t\t\t\t\t\t\t\t\t<div class=\"swiper-slide\">\n\t\t\t\t\t\t\t\t\t<div class=\"elementor-carousel-image\" role=\"img\" aria-label=\"1756803354-Malaysian customers-3\" style=\"background-image: url(&#039;https:\/\/www.chuxin-smt.com\/wp-content\/uploads\/2025\/09\/1756803354-Malaysian-customers-3.jpg&#039;)\">\n\n\t\t\t\n\t\t\t\t\t<\/div>\n\t\t\t\t\t\t\t\t<\/div>\n\t\t\t\t\t\t\t\t\t\t\t<div class=\"swiper-slide\">\n\t\t\t\t\t\t\t\t\t<div class=\"elementor-carousel-image\" role=\"img\" aria-label=\"1756803348-Malaysische Kunden\" style=\"background-image: url(&#039;https:\/\/www.chuxin-smt.com\/wp-content\/uploads\/2025\/09\/1756803348-Malaysian-customers.jpg&#039;)\">\n\n\t\t\t\n\t\t\t\t\t<\/div>\n\t\t\t\t\t\t\t\t<\/div>\n\t\t\t\t\t\t\t\t\t\t\t<div class=\"swiper-slide\">\n\t\t\t\t\t\t\t\t\t<div class=\"elementor-carousel-image\" role=\"img\" aria-label=\"1756803352-Malaysian customers-2\" style=\"background-image: url(&#039;https:\/\/www.chuxin-smt.com\/wp-content\/uploads\/2025\/09\/1756803352-Malaysian-customers-2.jpg&#039;)\">\n\n\t\t\t\n\t\t\t\t\t<\/div>\n\t\t\t\t\t\t\t\t<\/div>\n\t\t\t\t\t\t\t\t\t\t\t<div class=\"swiper-slide\">\n\t\t\t\t\t\t\t\t\t<div class=\"elementor-carousel-image\" role=\"img\" aria-label=\"1756803345-Foxconn Kunden-3\" style=\"background-image: url(&#039;https:\/\/www.chuxin-smt.com\/wp-content\/uploads\/2025\/09\/1756803345-Foxconn-customers-3.jpg&#039;)\">\n\n\t\t\t\n\t\t\t\t\t<\/div>\n\t\t\t\t\t\t\t\t<\/div>\n\t\t\t\t\t\t\t\t\t\t\t<div class=\"swiper-slide\">\n\t\t\t\t\t\t\t\t\t<div class=\"elementor-carousel-image\" role=\"img\" aria-label=\"1756876488-\u91cd\u5e86\u6d77\u5c14\u5468\u8fb9\u8bbe\u5907\" style=\"background-image: url(&#039;https:\/\/www.chuxin-smt.com\/wp-content\/uploads\/2025\/09\/1756876488-\u91cd\u5e86\u6d77\u5c14\u5468\u8fb9\u8bbe\u5907-scaled.jpg&#039;)\">\n\n\t\t\t\n\t\t\t\t\t<\/div>\n\t\t\t\t\t\t\t\t<\/div>\n\t\t\t\t\t\t\t\t\t<\/div>\n\t\t\t\t\t\t\t\t\t\t\t\t\t\t\t\t\t\t\t\t\t<\/div>\n\t\t<\/div>\n\t\t\t\t<\/div>\n\t\t\t\t<\/div>\n\t\t\t\t\t<\/div>\n\t\t\t\t<\/div>\n\t\t<div class=\"elementor-element elementor-element-1119417e e-con-full e-flex e-con e-parent\" data-id=\"1119417e\" data-element_type=\"container\">\n\t\t\t\t<div class=\"elementor-element elementor-element-1c9fa082 elementor-cta--layout-image-right elementor-cta--mobile-layout-image-above elementor-cta--skin-classic elementor-animated-content elementor-bg-transform elementor-bg-transform-zoom-in elementor-widget elementor-widget-call-to-action\" data-id=\"1c9fa082\" data-element_type=\"widget\" data-widget_type=\"call-to-action.default\">\n\t\t\t\t<div class=\"elementor-widget-container\">\n\t\t\t\t\t<div class=\"elementor-cta\">\n\t\t\t\t\t<div class=\"elementor-cta__bg-wrapper\">\n\t\t\t\t<div class=\"elementor-cta__bg elementor-bg\" style=\"background-image: url(https:\/\/www.chuxin-smt.com\/wp-content\/uploads\/2025\/04\/1744707680-\u6c5f\u95e8\u5de5\u5382.jpg);\" role=\"img\" aria-label=\"S&amp;M FACTORY\"><\/div>\n\t\t\t\t<div class=\"elementor-cta__bg-overlay\"><\/div>\n\t\t\t<\/div>\n\t\t\t\t\t\t\t<div class=\"elementor-cta__content\">\n\t\t\t\t\n\t\t\t\t\t\t\t\t\t<span class=\"elementor-cta__title elementor-cta__content-item elementor-content-item\">\n\t\t\t\t\t\tSie brauchen SMT-Ausr\u00fcstung?\t\t\t\t\t<\/span>\n\t\t\t\t\n\t\t\t\t\t\t\t\t\t<div class=\"elementor-cta__description elementor-cta__content-item elementor-content-item\">\n\t\t\t\t\t\tFordern Sie eine kostenlose Beratung und einen Kostenvoranschlag an\t\t\t\t\t<\/div>\n\t\t\t\t\n\t\t\t\t\t\t\t\t\t<div class=\"elementor-cta__button-wrapper elementor-cta__content-item elementor-content-item\">\n\t\t\t\t\t<a class=\"elementor-cta__button elementor-button elementor-size-md\" href=\"https:\/\/www.chuxin-smt.com\/de\/contacts\/\">\n\t\t\t\t\t\tKontakt\t\t\t\t\t<\/a>\n\t\t\t\t\t<\/div>\n\t\t\t\t\t\t\t<\/div>\n\t\t\t\t\t\t<\/div>\n\t\t\t\t<\/div>\n\t\t\t\t<\/div>\n\t\t\t\t<\/div>\n\t\t\t\t<\/div>","protected":false},"excerpt":{"rendered":"<p>OUTLINE 1) Home Appliances and Smart Home Market Trends 2) The role of SMT equipment in the production of control [&hellip;]<\/p>","protected":false},"author":1,"featured_media":0,"parent":0,"menu_order":0,"comment_status":"closed","ping_status":"closed","template":"","meta":{"_acf_changed":false,"site-sidebar-layout":"no-sidebar","site-content-layout":"","ast-site-content-layout":"full-width-container","site-content-style":"default","site-sidebar-style":"default","ast-global-header-display":"","ast-banner-title-visibility":"","ast-main-header-display":"","ast-hfb-above-header-display":"","ast-hfb-below-header-display":"","ast-hfb-mobile-header-display":"","site-post-title":"disabled","ast-breadcrumbs-content":"","ast-featured-img":"disabled","footer-sml-layout":"","theme-transparent-header-meta":"default","adv-header-id-meta":"","stick-header-meta":"","header-above-stick-meta":"","header-main-stick-meta":"","header-below-stick-meta":"","astra-migrate-meta-layouts":"set","ast-page-background-enabled":"default","ast-page-background-meta":{"desktop":{"background-color":"var(--ast-global-color-4)","background-image":"","background-repeat":"repeat","background-position":"center center","background-size":"auto","background-attachment":"scroll","background-type":"","background-media":"","overlay-type":"","overlay-color":"","overlay-opacity":"","overlay-gradient":""},"tablet":{"background-color":"","background-image":"","background-repeat":"repeat","background-position":"center center","background-size":"auto","background-attachment":"scroll","background-type":"","background-media":"","overlay-type":"","overlay-color":"","overlay-opacity":"","overlay-gradient":""},"mobile":{"background-color":"","background-image":"","background-repeat":"repeat","background-position":"center center","background-size":"auto","background-attachment":"scroll","background-type":"","background-media":"","overlay-type":"","overlay-color":"","overlay-opacity":"","overlay-gradient":""}},"ast-content-background-meta":{"desktop":{"background-color":"var(--ast-global-color-5)","background-image":"","background-repeat":"repeat","background-position":"center center","background-size":"auto","background-attachment":"scroll","background-type":"","background-media":"","overlay-type":"","overlay-color":"","overlay-opacity":"","overlay-gradient":""},"tablet":{"background-color":"var(--ast-global-color-5)","background-image":"","background-repeat":"repeat","background-position":"center center","background-size":"auto","background-attachment":"scroll","background-type":"","background-media":"","overlay-type":"","overlay-color":"","overlay-opacity":"","overlay-gradient":""},"mobile":{"background-color":"var(--ast-global-color-5)","background-image":"","background-repeat":"repeat","background-position":"center center","background-size":"auto","background-attachment":"scroll","background-type":"","background-media":"","overlay-type":"","overlay-color":"","overlay-opacity":"","overlay-gradient":""}}},"class_list":["post-2897","page","type-page","status-publish","hentry"],"acf":[],"_links":{"self":[{"href":"https:\/\/www.chuxin-smt.com\/de\/wp-json\/wp\/v2\/pages\/2897","targetHints":{"allow":["GET"]}}],"collection":[{"href":"https:\/\/www.chuxin-smt.com\/de\/wp-json\/wp\/v2\/pages"}],"about":[{"href":"https:\/\/www.chuxin-smt.com\/de\/wp-json\/wp\/v2\/types\/page"}],"author":[{"embeddable":true,"href":"https:\/\/www.chuxin-smt.com\/de\/wp-json\/wp\/v2\/users\/1"}],"replies":[{"embeddable":true,"href":"https:\/\/www.chuxin-smt.com\/de\/wp-json\/wp\/v2\/comments?post=2897"}],"version-history":[{"count":0,"href":"https:\/\/www.chuxin-smt.com\/de\/wp-json\/wp\/v2\/pages\/2897\/revisions"}],"wp:attachment":[{"href":"https:\/\/www.chuxin-smt.com\/de\/wp-json\/wp\/v2\/media?parent=2897"}],"curies":[{"name":"wp","href":"https:\/\/api.w.org\/{rel}","templated":true}]}}