{"id":2912,"date":"2025-09-03T14:13:25","date_gmt":"2025-09-03T06:13:25","guid":{"rendered":"https:\/\/www.chuxin-smt.com\/?page_id=2912"},"modified":"2025-09-05T16:11:11","modified_gmt":"2025-09-05T08:11:11","slug":"new-energy-industry","status":"publish","type":"page","link":"https:\/\/www.chuxin-smt.com\/de\/new-energy-industry\/","title":{"rendered":"Neue Energiewirtschaft"},"content":{"rendered":"<div data-elementor-type=\"wp-page\" data-elementor-id=\"2912\" class=\"elementor elementor-2912\" data-elementor-post-type=\"page\">\n\t\t\t\t<div class=\"elementor-element elementor-element-29f777a2 e-con-full e-flex e-con e-parent\" data-id=\"29f777a2\" data-element_type=\"container\" data-settings=\"{&quot;background_background&quot;:&quot;classic&quot;}\">\n\t\t<div class=\"elementor-element elementor-element-2b3f0871 e-con-full e-flex e-con e-child\" data-id=\"2b3f0871\" data-element_type=\"container\">\n\t\t\t\t<div class=\"elementor-element elementor-element-2d8ad3bf elementor-widget elementor-widget-heading\" data-id=\"2d8ad3bf\" data-element_type=\"widget\" data-widget_type=\"heading.default\">\n\t\t\t\t<div class=\"elementor-widget-container\">\n\t\t\t<h2 class=\"elementor-heading-title elementor-size-default\">AUSBLICK<\/h2>\t\t<\/div>\n\t\t\t\t<\/div>\n\t\t\t\t<div class=\"elementor-element elementor-element-c8d710b elementor-widget elementor-widget-heading\" data-id=\"c8d710b\" data-element_type=\"widget\" data-widget_type=\"heading.default\">\n\t\t\t\t<div class=\"elementor-widget-container\">\n\t\t\t<h2 class=\"elementor-heading-title elementor-size-default\">Anwendung von S&amp;M SMT-Ausr\u00fcstung im Bereich der neuen Energie<\/h2>\t\t<\/div>\n\t\t\t\t<\/div>\n\t\t\t\t<div class=\"elementor-element elementor-element-6785a2b4 elementor-widget__width-initial elementor-absolute elementor-widget-tablet__width-initial elementor-widget-mobile__width-initial elementor-widget elementor-widget-spacer\" data-id=\"6785a2b4\" data-element_type=\"widget\" data-settings=\"{&quot;_position&quot;:&quot;absolute&quot;}\" data-widget_type=\"spacer.default\">\n\t\t\t\t<div class=\"elementor-widget-container\">\n\t\t\t\t\t<div class=\"elementor-spacer\">\n\t\t\t<div class=\"elementor-spacer-inner\"><\/div>\n\t\t<\/div>\n\t\t\t\t<\/div>\n\t\t\t\t<\/div>\n\t\t<div class=\"elementor-element elementor-element-699123ca e-con-full e-flex e-con e-child\" data-id=\"699123ca\" data-element_type=\"container\">\n\t\t\t\t<div class=\"elementor-element elementor-element-4c0d7ee4 elementor-widget elementor-widget-text-editor\" data-id=\"4c0d7ee4\" data-element_type=\"widget\" data-widget_type=\"text-editor.default\">\n\t\t\t\t<div class=\"elementor-widget-container\">\n\t\t\t\t\t\t\t<p>1) Entwicklung der neuen Energiewirtschaft: Fotovoltaik, Energiespeicherung, Batterie-BMS<\/p><p>2) Die Rolle der SMT-Ausr\u00fcstung bei Leistungsmodulen und Steuerplatinen<\/p><p>3) Typische Anwendungsf\u00e4lle: intelligente Uhren, Kopfh\u00f6rer, Hauptplatinen von Mobiltelefonen<\/p><p>4) Unsere L\u00f6sungen: zweispuriger Reflow-Ofen, intelligente \u00dcbertragungsger\u00e4te<\/p><p>5\uff09Kundenbeispiel: Wechselrichter zur Energiespeicherung und BMS f\u00fcr neue Energiefahrzeuge<\/p>\t\t\t\t\t\t<\/div>\n\t\t\t\t<\/div>\n\t\t\t\t<div class=\"elementor-element elementor-element-4c52c4ab elementor-button-align-stretch elementor-widget elementor-widget-form\" data-id=\"4c52c4ab\" data-element_type=\"widget\" data-settings=\"{&quot;step_next_label&quot;:&quot;Next&quot;,&quot;step_previous_label&quot;:&quot;Previous&quot;,&quot;button_width&quot;:&quot;40&quot;,&quot;step_type&quot;:&quot;number_text&quot;,&quot;step_icon_shape&quot;:&quot;circle&quot;}\" data-widget_type=\"form.default\">\n\t\t\t\t<div class=\"elementor-widget-container\">\n\t\t\t\t\t<form class=\"elementor-form\" method=\"post\" name=\"Newsletter\" action=\"\">\n\t\t\t<input type=\"hidden\" name=\"post_id\" value=\"2912\"\/>\n\t\t\t<input type=\"hidden\" name=\"form_id\" value=\"4c52c4ab\"\/>\n\t\t\t<input type=\"hidden\" name=\"referer_title\" value=\"New Energy Industry\" \/>\n\n\t\t\t\t\t\t\t<input type=\"hidden\" name=\"queried_id\" value=\"2912\"\/>\n\t\t\t\n\t\t\t<div class=\"elementor-form-fields-wrapper elementor-labels-\">\n\t\t\t\t\t\t\t\t<div class=\"elementor-field-type-email elementor-field-group elementor-column elementor-field-group-email elementor-col-60 elementor-field-required\">\n\t\t\t\t\t\t\t\t\t\t\t\t<label for=\"form-field-email\" class=\"elementor-field-label elementor-screen-only\">\n\t\t\t\t\t\t\t\tE-Mail\t\t\t\t\t\t\t<\/label>\n\t\t\t\t\t\t\t\t\t\t\t\t\t\t<input size=\"1\" type=\"email\" name=\"form_fields[email]\" id=\"form-field-email\" class=\"elementor-field elementor-size-sm  elementor-field-textual\" placeholder=\"E-Mail\" required=\"required\" aria-required=\"true\">\n\t\t\t\t\t\t\t\t\t\t\t<\/div>\n\t\t\t\t\t\t\t\t<div class=\"elementor-field-group elementor-column elementor-field-type-submit elementor-col-40 e-form__buttons\">\n\t\t\t\t\t<button class=\"elementor-button elementor-size-sm\" type=\"submit\">\n\t\t\t\t\t\t<span class=\"elementor-button-content-wrapper\">\n\t\t\t\t\t\t\t\t\t\t\t\t\t\t\t\t\t\t\t\t\t\t<span class=\"elementor-button-text\">Abonnieren <\/span>\n\t\t\t\t\t\t\t\t\t\t\t\t\t<\/span>\n\t\t\t\t\t<\/button>\n\t\t\t\t<\/div>\n\t\t\t<\/div>\n\t\t<input type=\"hidden\" name=\"trp-form-language\" value=\"de\"\/><\/form>\n\t\t\t\t<\/div>\n\t\t\t\t<\/div>\n\t\t\t\t<\/div>\n\t\t\t\t<\/div>\n\t\t<div class=\"elementor-element elementor-element-39b82f08 e-con-full e-flex e-con e-child\" data-id=\"39b82f08\" data-element_type=\"container\" data-settings=\"{&quot;background_background&quot;:&quot;classic&quot;}\">\n\t\t\t\t<\/div>\n\t\t\t\t<\/div>\n\t\t<div class=\"elementor-element elementor-element-7ff75538 e-flex e-con-boxed e-con e-parent\" data-id=\"7ff75538\" data-element_type=\"container\">\n\t\t\t\t\t<div class=\"e-con-inner\">\n\t\t\t\t<div class=\"elementor-element elementor-element-649a20f1 elementor-widget elementor-widget-heading\" data-id=\"649a20f1\" data-element_type=\"widget\" data-widget_type=\"heading.default\">\n\t\t\t\t<div class=\"elementor-widget-container\">\n\t\t\t<h2 class=\"elementor-heading-title elementor-size-default\">Entwicklung der neuen Energiewirtschaft: Photovoltaik, Energiespeicherung, Strombatterien BMS<\/h2>\t\t<\/div>\n\t\t\t\t<\/div>\n\t\t\t\t\t<\/div>\n\t\t\t\t<\/div>\n\t\t<div class=\"elementor-element elementor-element-2acd4319 e-flex e-con-boxed e-con e-parent\" data-id=\"2acd4319\" data-element_type=\"container\">\n\t\t\t\t\t<div class=\"e-con-inner\">\n\t\t\t\t<div class=\"elementor-element elementor-element-5801ddf2 elementor-widget elementor-widget-text-editor\" data-id=\"5801ddf2\" data-element_type=\"widget\" data-widget_type=\"text-editor.default\">\n\t\t\t\t<div class=\"elementor-widget-container\">\n\t\t\t\t\t\t\t<p>Mit der globalen Energiewende und dem Vorantreiben der Ziele der Kohlenstoffneutralit\u00e4t erf\u00e4hrt die Branche der neuen Energien ein schnelles Wachstum. Die photovoltaische Stromerzeugung, Energiespeichersysteme und Batteriemanagementsysteme (BMS) f\u00fcr neue Energiefahrzeuge sind zu Kernkomponenten der Branche geworden.<\/p><p><strong><span style=\"color: #ff0000;\"><a style=\"color: #ff0000;\" href=\"https:\/\/www.catl.com\/\">CATL<\/a>, <a style=\"color: #ff0000;\" href=\"https:\/\/www.byd.com\/es-es\">BYD<\/a>und <a href=\"https:\/\/www.sunwoda.com\/\">Sunwoda<\/a>,<\/span><\/strong> als weltweit f\u00fchrende Hersteller von Leistungsbatterien und Energiespeichern haben extrem hohe Anforderungen an die Zuverl\u00e4ssigkeit und Produktionskapazit\u00e4t in der Elektronikfertigung. Amphenol f\u00f6rdert auch aktiv die Herstellung von Steckverbindern und Modulen f\u00fcr neue Energien auf hohem Niveau.<\/p><p>S&amp;M bietet mit seinen fortschrittlichen SMT-Komplettl\u00f6sungen eine stabile und effiziente Unterst\u00fctzung der Produktionslinien f\u00fcr die neue Energieindustrie und beschleunigt so die Einf\u00fchrung von Smart Manufacturing und gr\u00fcnen Energieprodukten.<\/p>\t\t\t\t\t\t<\/div>\n\t\t\t\t<\/div>\n\t\t\t\t\t<\/div>\n\t\t\t\t<\/div>\n\t\t<div class=\"elementor-element elementor-element-427e3b8 e-flex e-con-boxed e-con e-parent\" data-id=\"427e3b8\" data-element_type=\"container\">\n\t\t\t\t\t<div class=\"e-con-inner\">\n\t\t<div class=\"elementor-element elementor-element-5fa0fab8 e-con-full e-flex e-con e-child\" data-id=\"5fa0fab8\" data-element_type=\"container\">\n\t\t\t\t<div class=\"elementor-element elementor-element-51da86f9 elementor-widget elementor-widget-heading\" data-id=\"51da86f9\" data-element_type=\"widget\" data-widget_type=\"heading.default\">\n\t\t\t\t<div class=\"elementor-widget-container\">\n\t\t\t<h2 class=\"elementor-heading-title elementor-size-default\">Die Rolle der SMT-Ausr\u00fcstung bei Leistungsmodulen und Steuerplatinen<\/h2>\t\t<\/div>\n\t\t\t\t<\/div>\n\t\t\t\t<\/div>\n\t\t\t\t\t<\/div>\n\t\t\t\t<\/div>\n\t\t<div class=\"elementor-element elementor-element-5b631fb8 e-flex e-con-boxed e-con e-parent\" data-id=\"5b631fb8\" data-element_type=\"container\">\n\t\t\t\t\t<div class=\"e-con-inner\">\n\t\t\t\t<div class=\"elementor-element elementor-element-1b4eb24f elementor-widget elementor-widget-text-editor\" data-id=\"1b4eb24f\" data-element_type=\"widget\" data-widget_type=\"text-editor.default\">\n\t\t\t\t<div class=\"elementor-widget-container\">\n\t\t\t\t\t\t\t<p>In der neuen Energiebranche sind Leistungsmodule und Steuerplatinen Kernkomponenten von Photovoltaik-Wechselrichtern, Energiespeichersystemen und Batteriemanagementsystemen (BMS). Sie arbeiten in Hochstrom- und Hochspannungsumgebungen, die extrem hohe Anforderungen an die L\u00f6tqualit\u00e4t und die Zuverl\u00e4ssigkeit der Platinen stellen.<\/p><p><strong><span style=\"color: #ff0000;\">BYD\u00a0<\/span><\/strong>verwendet vollautomatische Maschinen zum Be- und Entladen von Platinen und intelligente Docking-Stationen f\u00fcr Steuermodule von Energiespeicher-Wechselrichtern von S&amp;M, die eine hocheffiziente Massenproduktion mit geringem manuellen Aufwand erm\u00f6glichen.<\/p><p>Die SMT-Anlagen von S&amp;M erm\u00f6glichen eine effiziente und zuverl\u00e4ssige Produktion von Elektronikmodulen f\u00fcr Kunden aus dem Bereich der neuen Energien und unterst\u00fctzen deren gro\u00df angelegte Marktexpansion.<\/p>\t\t\t\t\t\t<\/div>\n\t\t\t\t<\/div>\n\t\t\t\t\t<\/div>\n\t\t\t\t<\/div>\n\t\t<div class=\"elementor-element elementor-element-17d53afe e-flex e-con-boxed e-con e-parent\" data-id=\"17d53afe\" data-element_type=\"container\">\n\t\t\t\t\t<div class=\"e-con-inner\">\n\t\t\t\t<div class=\"elementor-element elementor-element-181e23d1 elementor-widget elementor-widget-heading\" data-id=\"181e23d1\" data-element_type=\"widget\" data-widget_type=\"heading.default\">\n\t\t\t\t<div class=\"elementor-widget-container\">\n\t\t\t<h2 class=\"elementor-heading-title elementor-size-default\">Technische Anforderungen: hoher Strom, hohe Stabilit\u00e4t, W\u00e4rmemanagementf\u00e4higkeiten<\/h2>\t\t<\/div>\n\t\t\t\t<\/div>\n\t\t\t\t<div class=\"elementor-element elementor-element-6da5dde8 elementor-widget elementor-widget-text-editor\" data-id=\"6da5dde8\" data-element_type=\"widget\" data-widget_type=\"text-editor.default\">\n\t\t\t\t<div class=\"elementor-widget-container\">\n\t\t\t\t\t\t\t<p>Neue Energieversorgungsplatinen und BMS-Steuerplatinen sind im Betrieb hohen Strom- und Leistungsbelastungen ausgesetzt, was extrem hohe Anforderungen an die L\u00f6tprozesse und das W\u00e4rmemanagement stellt.<\/p><p>F\u00fcr die <span style=\"color: #ff0000;\"><strong><span style=\"color: #ff0000;\"><a style=\"color: #ff0000;\" href=\"https:\/\/www.sunwoda.com\/\">Sunwoda<\/a>\u00a0<\/span><\/strong><span style=\"color: #000000;\">und<\/span><strong> <span style=\"color: #ff0000;\"><a style=\"color: #ff0000;\" href=\"https:\/\/www.byd.com\/es-es\">BYD<\/a><\/span><\/strong><\/span> Projekten erf\u00fcllte S&amp;M SMT Equipment diese technischen Anforderungen durch die folgenden Methoden:<\/p><p>Das zweispurige Reflow-L\u00f6ten gew\u00e4hrleistet eine gleichm\u00e4\u00dfige Temperaturkontrolle und ein effizientes L\u00f6ten von gro\u00dfen Platten und erf\u00fcllt die Anforderungen der Massenproduktion.<\/p><p>Dank der pr\u00e4zisen Temperaturregelung und der hochstabilen Ausr\u00fcstung k\u00f6nnen die Kunden einen zuverl\u00e4ssigen Produktbetrieb auch unter komplexen Betriebsbedingungen gew\u00e4hrleisten.<\/p>\t\t\t\t\t\t<\/div>\n\t\t\t\t<\/div>\n\t\t\t\t\t<\/div>\n\t\t\t\t<\/div>\n\t\t<div class=\"elementor-element elementor-element-79ad3dca e-flex e-con-boxed e-con e-parent\" data-id=\"79ad3dca\" data-element_type=\"container\">\n\t\t\t\t\t<div class=\"e-con-inner\">\n\t\t\t\t<div class=\"elementor-element elementor-element-29ed92d3 elementor-widget elementor-widget-heading\" data-id=\"29ed92d3\" data-element_type=\"widget\" data-widget_type=\"heading.default\">\n\t\t\t\t<div class=\"elementor-widget-container\">\n\t\t\t<h2 class=\"elementor-heading-title elementor-size-default\">Unsere L\u00f6sungen: zweispuriger Reflow-Ofen, intelligente \u00dcbertragungsger\u00e4te<\/h2>\t\t<\/div>\n\t\t\t\t<\/div>\n\t\t<div class=\"elementor-element elementor-element-5207bef4 e-con-full e-flex e-con e-child\" data-id=\"5207bef4\" data-element_type=\"container\">\n\t\t\t\t<div class=\"elementor-element elementor-element-6e2d3f83 elementor-widget elementor-widget-text-editor\" data-id=\"6e2d3f83\" data-element_type=\"widget\" data-widget_type=\"text-editor.default\">\n\t\t\t\t<div class=\"elementor-widget-container\">\n\t\t\t\t\t\t\t<p>S&amp;M bietet optimierte Komplettl\u00f6sungen f\u00fcr die Anforderungen der neuen Energieindustrie an gro\u00dfformatige Platten und hohe Produktionskapazit\u00e4ten:<\/p><p>Zweispuriger Reflow: Unterst\u00fctzt gro\u00dfformatige Leiterplatten und die parallele Produktion in zwei Linien, wodurch die Produktionseffizienz verbessert und der Energieverbrauch gesenkt wird;<\/p><p>Intelligente F\u00f6rdertechnik: Dazu geh\u00f6ren Maschinen zum Be- und Entladen von Platten, Pufferstationen und Andockstationen, die einen langfristigen Dauerbetrieb und eine flexible Gestaltung der Produktionslinie erm\u00f6glichen;<\/p><p>In einem Gemeinschaftsprojekt zwischen <strong><span style=\"color: #ff0000;\">CATL und Amphenol<\/span><\/strong>Mit Hilfe der zweispurigen Reflow- und intelligenten Peripherieger\u00e4te von S&amp;M konnte der Kunde eine hochautomatisierte und flexible Produktionslinie f\u00fcr neue Energien einrichten, die eine Kapazit\u00e4tserweiterung effektiv unterst\u00fctzt.<\/p>\t\t\t\t\t\t<\/div>\n\t\t\t\t<\/div>\n\t\t\t\t<div class=\"elementor-element elementor-element-91793cc elementor-widget elementor-widget-heading\" data-id=\"91793cc\" data-element_type=\"widget\" data-widget_type=\"heading.default\">\n\t\t\t\t<div class=\"elementor-widget-container\">\n\t\t\t<h2 class=\"elementor-heading-title elementor-size-default\">Kundenbeispiel: Wechselrichter zur Energiespeicherung und BMS f\u00fcr neue Energiefahrzeuge<\/h2>\t\t<\/div>\n\t\t\t\t<\/div>\n\t\t\t\t<div class=\"elementor-element elementor-element-625951cc elementor-widget elementor-widget-text-editor\" data-id=\"625951cc\" data-element_type=\"widget\" data-widget_type=\"text-editor.default\">\n\t\t\t\t<div class=\"elementor-widget-container\">\n\t\t\t\t\t\t\t<p>Die SMT-Ausr\u00fcstung von S&amp;M wurde bereits erfolgreich in zahlreichen neuen Energieanwendungen eingesetzt:<\/p><p><strong><span style=\"color: #ff0000;\">CATL's<\/span><\/strong> Die Produktionslinie f\u00fcr BMS-Steuerungsplatinen f\u00fcr Stromversorgungsbatterien, bei der S&amp;M-Doppelspur-Reflow- und intelligente Transferanlagen zum Einsatz kommen, erm\u00f6glicht eine Massenproduktion mit hoher Ausbeute und gew\u00e4hrleistet langfristige Produktstabilit\u00e4t.<\/p><p><strong><span style=\"color: #ff0000;\">Sunwoda und Amphenol's<\/span><\/strong> Die Anschlussmodule und Steuerger\u00e4te f\u00fcr New-Energy-Fahrzeuge werden auf S&amp;M-Produktionslinien hergestellt, die eine flexible Fertigung und eine vollst\u00e4ndige R\u00fcckverfolgbarkeit der Prozessdaten erm\u00f6glichen und den hohen Anforderungen des internationalen Marktes entsprechen.<\/p>\t\t\t\t\t\t<\/div>\n\t\t\t\t<\/div>\n\t\t\t\t<\/div>\n\t\t\t\t\t<\/div>\n\t\t\t\t<\/div>\n\t\t<div class=\"elementor-element elementor-element-26f46d54 e-flex e-con-boxed e-con e-parent\" data-id=\"26f46d54\" data-element_type=\"container\" data-settings=\"{&quot;background_background&quot;:&quot;classic&quot;}\">\n\t\t\t\t\t<div class=\"e-con-inner\">\n\t\t\t\t<div class=\"elementor-element elementor-element-4fac9313 elementor-widget elementor-widget-heading\" data-id=\"4fac9313\" data-element_type=\"widget\" data-widget_type=\"heading.default\">\n\t\t\t\t<div class=\"elementor-widget-container\">\n\t\t\t<h2 class=\"elementor-heading-title elementor-size-default\">Anwendung Wert<\/h2>\t\t<\/div>\n\t\t\t\t<\/div>\n\t\t\t\t<div class=\"elementor-element elementor-element-12ad2d1e elementor-widget elementor-widget-text-editor\" data-id=\"12ad2d1e\" data-element_type=\"widget\" data-widget_type=\"text-editor.default\">\n\t\t\t\t<div class=\"elementor-widget-container\">\n\t\t\t\t\t\t\t<p>Mit diesen erfolgreichen F\u00e4llen ist S&amp;M zu einem vertrauensw\u00fcrdigen Partner f\u00fcr High-End-SMT-Produktionslinien im Bereich der neuen Energien geworden, der den Kunden hilft, eine qualitativ hochwertige Massenproduktion von gr\u00fcnen Energieprodukten zu erreichen.<\/p>\t\t\t\t\t\t<\/div>\n\t\t\t\t<\/div>\n\t\t\t\t<div class=\"elementor-element elementor-element-28b67b58 elementor-skin-carousel elementor-widget elementor-widget-media-carousel\" data-id=\"28b67b58\" data-element_type=\"widget\" data-settings=\"{&quot;slides_per_view&quot;:&quot;5&quot;,&quot;slides_to_scroll&quot;:&quot;1&quot;,&quot;slides_per_view_tablet&quot;:&quot;4&quot;,&quot;slides_per_view_mobile&quot;:&quot;2&quot;,&quot;skin&quot;:&quot;carousel&quot;,&quot;effect&quot;:&quot;slide&quot;,&quot;speed&quot;:500,&quot;autoplay&quot;:&quot;yes&quot;,&quot;autoplay_speed&quot;:5000,&quot;loop&quot;:&quot;yes&quot;,&quot;pause_on_hover&quot;:&quot;yes&quot;,&quot;pause_on_interaction&quot;:&quot;yes&quot;,&quot;space_between&quot;:{&quot;unit&quot;:&quot;px&quot;,&quot;size&quot;:10,&quot;sizes&quot;:[]},&quot;space_between_tablet&quot;:{&quot;unit&quot;:&quot;px&quot;,&quot;size&quot;:10,&quot;sizes&quot;:[]},&quot;space_between_mobile&quot;:{&quot;unit&quot;:&quot;px&quot;,&quot;size&quot;:10,&quot;sizes&quot;:[]}}\" data-widget_type=\"media-carousel.default\">\n\t\t\t\t<div class=\"elementor-widget-container\">\n\t\t\t\t\t<div class=\"elementor-swiper\">\n\t\t\t<div class=\"elementor-main-swiper swiper\">\n\t\t\t\t<div class=\"swiper-wrapper\">\n\t\t\t\t\t\t\t\t\t\t\t<div class=\"swiper-slide\">\n\t\t\t\t\t\t\t\t\t<div class=\"elementor-carousel-image\" role=\"img\" aria-label=\"1756803359-Malaysian customers-5\" style=\"background-image: url(&#039;https:\/\/www.chuxin-smt.com\/wp-content\/uploads\/2025\/09\/1756803359-Malaysian-customers-5.jpg&#039;)\">\n\n\t\t\t\n\t\t\t\t\t<\/div>\n\t\t\t\t\t\t\t\t<\/div>\n\t\t\t\t\t\t\t\t\t\t\t<div class=\"swiper-slide\">\n\t\t\t\t\t\t\t\t\t<div class=\"elementor-carousel-image\" role=\"img\" aria-label=\"1756778979-customers-2\" style=\"background-image: url(&#039;https:\/\/www.chuxin-smt.com\/wp-content\/uploads\/2025\/09\/1756778979-customers-2.jpg&#039;)\">\n\n\t\t\t\n\t\t\t\t\t<\/div>\n\t\t\t\t\t\t\t\t<\/div>\n\t\t\t\t\t\t\t\t\t\t\t<div class=\"swiper-slide\">\n\t\t\t\t\t\t\t\t\t<div class=\"elementor-carousel-image\" role=\"img\" aria-label=\"1756803354-Malaysian customers-3\" style=\"background-image: url(&#039;https:\/\/www.chuxin-smt.com\/wp-content\/uploads\/2025\/09\/1756803354-Malaysian-customers-3.jpg&#039;)\">\n\n\t\t\t\n\t\t\t\t\t<\/div>\n\t\t\t\t\t\t\t\t<\/div>\n\t\t\t\t\t\t\t\t\t\t\t<div class=\"swiper-slide\">\n\t\t\t\t\t\t\t\t\t<div class=\"elementor-carousel-image\" role=\"img\" aria-label=\"1756803348-Malaysische Kunden\" style=\"background-image: url(&#039;https:\/\/www.chuxin-smt.com\/wp-content\/uploads\/2025\/09\/1756803348-Malaysian-customers.jpg&#039;)\">\n\n\t\t\t\n\t\t\t\t\t<\/div>\n\t\t\t\t\t\t\t\t<\/div>\n\t\t\t\t\t\t\t\t\t\t\t<div class=\"swiper-slide\">\n\t\t\t\t\t\t\t\t\t<div class=\"elementor-carousel-image\" role=\"img\" aria-label=\"1756803352-Malaysian customers-2\" style=\"background-image: url(&#039;https:\/\/www.chuxin-smt.com\/wp-content\/uploads\/2025\/09\/1756803352-Malaysian-customers-2.jpg&#039;)\">\n\n\t\t\t\n\t\t\t\t\t<\/div>\n\t\t\t\t\t\t\t\t<\/div>\n\t\t\t\t\t\t\t\t\t\t\t<div class=\"swiper-slide\">\n\t\t\t\t\t\t\t\t\t<div class=\"elementor-carousel-image\" role=\"img\" aria-label=\"1756803345-Foxconn Kunden-3\" style=\"background-image: url(&#039;https:\/\/www.chuxin-smt.com\/wp-content\/uploads\/2025\/09\/1756803345-Foxconn-customers-3.jpg&#039;)\">\n\n\t\t\t\n\t\t\t\t\t<\/div>\n\t\t\t\t\t\t\t\t<\/div>\n\t\t\t\t\t\t\t\t\t\t\t<div class=\"swiper-slide\">\n\t\t\t\t\t\t\t\t\t<div class=\"elementor-carousel-image\" role=\"img\" aria-label=\"1756803335-Foxconn-Kunden\" style=\"background-image: url(&#039;https:\/\/www.chuxin-smt.com\/wp-content\/uploads\/2025\/09\/1756803335-Foxconn-customers.jpg&#039;)\">\n\n\t\t\t\n\t\t\t\t\t<\/div>\n\t\t\t\t\t\t\t\t<\/div>\n\t\t\t\t\t\t\t\t\t<\/div>\n\t\t\t\t\t\t\t\t\t\t\t\t\t\t\t\t\t\t\t\t\t<\/div>\n\t\t<\/div>\n\t\t\t\t<\/div>\n\t\t\t\t<\/div>\n\t\t\t\t\t<\/div>\n\t\t\t\t<\/div>\n\t\t<div class=\"elementor-element elementor-element-e09826a e-con-full e-flex e-con e-parent\" data-id=\"e09826a\" data-element_type=\"container\">\n\t\t\t\t<div class=\"elementor-element elementor-element-1e16bdca elementor-cta--layout-image-right elementor-cta--mobile-layout-image-above elementor-cta--skin-classic elementor-animated-content elementor-bg-transform elementor-bg-transform-zoom-in elementor-widget elementor-widget-call-to-action\" data-id=\"1e16bdca\" data-element_type=\"widget\" data-widget_type=\"call-to-action.default\">\n\t\t\t\t<div class=\"elementor-widget-container\">\n\t\t\t\t\t<div class=\"elementor-cta\">\n\t\t\t\t\t<div class=\"elementor-cta__bg-wrapper\">\n\t\t\t\t<div class=\"elementor-cta__bg elementor-bg\" style=\"background-image: url(https:\/\/www.chuxin-smt.com\/wp-content\/uploads\/2025\/04\/1744707680-\u6c5f\u95e8\u5de5\u5382.jpg);\" role=\"img\" aria-label=\"S&amp;M FACTORY\"><\/div>\n\t\t\t\t<div class=\"elementor-cta__bg-overlay\"><\/div>\n\t\t\t<\/div>\n\t\t\t\t\t\t\t<div class=\"elementor-cta__content\">\n\t\t\t\t\n\t\t\t\t\t\t\t\t\t<span class=\"elementor-cta__title elementor-cta__content-item elementor-content-item\">\n\t\t\t\t\t\tSie brauchen SMT-Ausr\u00fcstung?\t\t\t\t\t<\/span>\n\t\t\t\t\n\t\t\t\t\t\t\t\t\t<div class=\"elementor-cta__description elementor-cta__content-item elementor-content-item\">\n\t\t\t\t\t\tFordern Sie eine kostenlose Beratung und einen Kostenvoranschlag an\t\t\t\t\t<\/div>\n\t\t\t\t\n\t\t\t\t\t\t\t\t\t<div class=\"elementor-cta__button-wrapper elementor-cta__content-item elementor-content-item\">\n\t\t\t\t\t<a class=\"elementor-cta__button elementor-button elementor-size-md\" href=\"https:\/\/www.chuxin-smt.com\/de\/contacts\/\">\n\t\t\t\t\t\tKontakt\t\t\t\t\t<\/a>\n\t\t\t\t\t<\/div>\n\t\t\t\t\t\t\t<\/div>\n\t\t\t\t\t\t<\/div>\n\t\t\t\t<\/div>\n\t\t\t\t<\/div>\n\t\t\t\t<\/div>\n\t\t\t\t<\/div>","protected":false},"excerpt":{"rendered":"<p>OUTLINE Application of S&#038;M SMT equipment in the field of new energy 1) New energy industry development: photovoltaics, energy storage, [&hellip;]<\/p>","protected":false},"author":1,"featured_media":0,"parent":0,"menu_order":0,"comment_status":"closed","ping_status":"closed","template":"","meta":{"_acf_changed":false,"site-sidebar-layout":"no-sidebar","site-content-layout":"","ast-site-content-layout":"full-width-container","site-content-style":"default","site-sidebar-style":"default","ast-global-header-display":"","ast-banner-title-visibility":"","ast-main-header-display":"","ast-hfb-above-header-display":"","ast-hfb-below-header-display":"","ast-hfb-mobile-header-display":"","site-post-title":"disabled","ast-breadcrumbs-content":"","ast-featured-img":"disabled","footer-sml-layout":"","theme-transparent-header-meta":"default","adv-header-id-meta":"","stick-header-meta":"","header-above-stick-meta":"","header-main-stick-meta":"","header-below-stick-meta":"","astra-migrate-meta-layouts":"set","ast-page-background-enabled":"default","ast-page-background-meta":{"desktop":{"background-color":"var(--ast-global-color-4)","background-image":"","background-repeat":"repeat","background-position":"center center","background-size":"auto","background-attachment":"scroll","background-type":"","background-media":"","overlay-type":"","overlay-color":"","overlay-opacity":"","overlay-gradient":""},"tablet":{"background-color":"","background-image":"","background-repeat":"repeat","background-position":"center center","background-size":"auto","background-attachment":"scroll","background-type":"","background-media":"","overlay-type":"","overlay-color":"","overlay-opacity":"","overlay-gradient":""},"mobile":{"background-color":"","background-image":"","background-repeat":"repeat","background-position":"center center","background-size":"auto","background-attachment":"scroll","background-type":"","background-media":"","overlay-type":"","overlay-color":"","overlay-opacity":"","overlay-gradient":""}},"ast-content-background-meta":{"desktop":{"background-color":"var(--ast-global-color-5)","background-image":"","background-repeat":"repeat","background-position":"center center","background-size":"auto","background-attachment":"scroll","background-type":"","background-media":"","overlay-type":"","overlay-color":"","overlay-opacity":"","overlay-gradient":""},"tablet":{"background-color":"var(--ast-global-color-5)","background-image":"","background-repeat":"repeat","background-position":"center center","background-size":"auto","background-attachment":"scroll","background-type":"","background-media":"","overlay-type":"","overlay-color":"","overlay-opacity":"","overlay-gradient":""},"mobile":{"background-color":"var(--ast-global-color-5)","background-image":"","background-repeat":"repeat","background-position":"center center","background-size":"auto","background-attachment":"scroll","background-type":"","background-media":"","overlay-type":"","overlay-color":"","overlay-opacity":"","overlay-gradient":""}}},"class_list":["post-2912","page","type-page","status-publish","hentry"],"acf":[],"_links":{"self":[{"href":"https:\/\/www.chuxin-smt.com\/de\/wp-json\/wp\/v2\/pages\/2912","targetHints":{"allow":["GET"]}}],"collection":[{"href":"https:\/\/www.chuxin-smt.com\/de\/wp-json\/wp\/v2\/pages"}],"about":[{"href":"https:\/\/www.chuxin-smt.com\/de\/wp-json\/wp\/v2\/types\/page"}],"author":[{"embeddable":true,"href":"https:\/\/www.chuxin-smt.com\/de\/wp-json\/wp\/v2\/users\/1"}],"replies":[{"embeddable":true,"href":"https:\/\/www.chuxin-smt.com\/de\/wp-json\/wp\/v2\/comments?post=2912"}],"version-history":[{"count":0,"href":"https:\/\/www.chuxin-smt.com\/de\/wp-json\/wp\/v2\/pages\/2912\/revisions"}],"wp:attachment":[{"href":"https:\/\/www.chuxin-smt.com\/de\/wp-json\/wp\/v2\/media?parent=2912"}],"curies":[{"name":"wp","href":"https:\/\/api.w.org\/{rel}","templated":true}]}}