{"id":2873,"date":"2025-09-02T16:40:33","date_gmt":"2025-09-02T08:40:33","guid":{"rendered":"https:\/\/www.chuxin-smt.com\/?page_id=2873"},"modified":"2025-09-05T16:12:10","modified_gmt":"2025-09-05T08:12:10","slug":"smart-hardwaremobile-terminals","status":"publish","type":"page","link":"https:\/\/www.chuxin-smt.com\/es\/smart-hardwaremobile-terminals\/","title":{"rendered":"Hardware inteligente y terminales m\u00f3viles"},"content":{"rendered":"<div data-elementor-type=\"wp-page\" data-elementor-id=\"2873\" class=\"elementor elementor-2873\" data-elementor-post-type=\"page\">\n\t\t\t\t<div class=\"elementor-element elementor-element-2cbfb26b e-con-full e-flex e-con e-parent\" data-id=\"2cbfb26b\" data-element_type=\"container\" data-settings=\"{&quot;background_background&quot;:&quot;classic&quot;}\">\n\t\t<div class=\"elementor-element elementor-element-2b2ce2b e-con-full e-flex e-con e-child\" data-id=\"2b2ce2b\" data-element_type=\"container\">\n\t\t\t\t<div class=\"elementor-element elementor-element-5d62822b elementor-widget elementor-widget-heading\" data-id=\"5d62822b\" data-element_type=\"widget\" data-widget_type=\"heading.default\">\n\t\t\t\t<div class=\"elementor-widget-container\">\n\t\t\t<h2 class=\"elementor-heading-title elementor-size-default\">PRESENTACI\u00d3N<\/h2>\t\t<\/div>\n\t\t\t\t<\/div>\n\t\t\t\t<div class=\"elementor-element elementor-element-67eb5d44 elementor-widget__width-initial elementor-absolute elementor-widget-tablet__width-initial elementor-widget-mobile__width-initial elementor-widget elementor-widget-spacer\" data-id=\"67eb5d44\" data-element_type=\"widget\" data-settings=\"{&quot;_position&quot;:&quot;absolute&quot;}\" data-widget_type=\"spacer.default\">\n\t\t\t\t<div class=\"elementor-widget-container\">\n\t\t\t\t\t<div class=\"elementor-spacer\">\n\t\t\t<div class=\"elementor-spacer-inner\"><\/div>\n\t\t<\/div>\n\t\t\t\t<\/div>\n\t\t\t\t<\/div>\n\t\t<div class=\"elementor-element elementor-element-6c51774e e-con-full e-flex e-con e-child\" data-id=\"6c51774e\" data-element_type=\"container\">\n\t\t\t\t<div class=\"elementor-element elementor-element-3165e5c0 elementor-widget elementor-widget-text-editor\" data-id=\"3165e5c0\" data-element_type=\"widget\" data-widget_type=\"text-editor.default\">\n\t\t\t\t<div class=\"elementor-widget-container\">\n\t\t\t\t\t\t\t<p>1) Antecedentes de la industria: El hardware inteligente y los terminales m\u00f3viles se desarrollan r\u00e1pidamente<\/p><p>2) El papel de los equipos SMT en la miniaturizaci\u00f3n de alta densidad<\/p><p>3) Casos de aplicaci\u00f3n t\u00edpicos: relojes inteligentes, auriculares, placas base de tel\u00e9fonos m\u00f3viles<\/p><p>4) Aspectos t\u00e9cnicos destacados: soldadura por reflujo, soldadura por ola y equipo de transmisi\u00f3n inteligente<\/p>\t\t\t\t\t\t<\/div>\n\t\t\t\t<\/div>\n\t\t\t\t<div class=\"elementor-element elementor-element-61d6c937 elementor-button-align-stretch elementor-widget elementor-widget-form\" data-id=\"61d6c937\" data-element_type=\"widget\" data-settings=\"{&quot;step_next_label&quot;:&quot;Next&quot;,&quot;step_previous_label&quot;:&quot;Previous&quot;,&quot;button_width&quot;:&quot;40&quot;,&quot;step_type&quot;:&quot;number_text&quot;,&quot;step_icon_shape&quot;:&quot;circle&quot;}\" data-widget_type=\"form.default\">\n\t\t\t\t<div class=\"elementor-widget-container\">\n\t\t\t\t\t<form class=\"elementor-form\" method=\"post\" name=\"Newsletter\" action=\"\">\n\t\t\t<input type=\"hidden\" name=\"post_id\" value=\"2873\"\/>\n\t\t\t<input type=\"hidden\" name=\"form_id\" value=\"61d6c937\"\/>\n\t\t\t<input type=\"hidden\" name=\"referer_title\" value=\"Smart Hardware&#038;Mobile Terminals\" \/>\n\n\t\t\t\t\t\t\t<input type=\"hidden\" name=\"queried_id\" value=\"2873\"\/>\n\t\t\t\n\t\t\t<div class=\"elementor-form-fields-wrapper elementor-labels-\">\n\t\t\t\t\t\t\t\t<div class=\"elementor-field-type-email elementor-field-group elementor-column elementor-field-group-email elementor-col-60 elementor-field-required\">\n\t\t\t\t\t\t\t\t\t\t\t\t<label for=\"form-field-email\" class=\"elementor-field-label elementor-screen-only\">\n\t\t\t\t\t\t\t\tCorreo electr\u00f3nico\t\t\t\t\t\t\t<\/label>\n\t\t\t\t\t\t\t\t\t\t\t\t\t\t<input size=\"1\" type=\"email\" name=\"form_fields[email]\" id=\"form-field-email\" class=\"elementor-field elementor-size-sm  elementor-field-textual\" placeholder=\"Correo electr\u00f3nico\" required=\"required\" aria-required=\"true\">\n\t\t\t\t\t\t\t\t\t\t\t<\/div>\n\t\t\t\t\t\t\t\t<div class=\"elementor-field-group elementor-column elementor-field-type-submit elementor-col-40 e-form__buttons\">\n\t\t\t\t\t<button class=\"elementor-button elementor-size-sm\" type=\"submit\">\n\t\t\t\t\t\t<span class=\"elementor-button-content-wrapper\">\n\t\t\t\t\t\t\t\t\t\t\t\t\t\t\t\t\t\t\t\t\t\t<span class=\"elementor-button-text\">Suscr\u00edbase a <\/span>\n\t\t\t\t\t\t\t\t\t\t\t\t\t<\/span>\n\t\t\t\t\t<\/button>\n\t\t\t\t<\/div>\n\t\t\t<\/div>\n\t\t<input type=\"hidden\" name=\"trp-form-language\" value=\"es\"\/><\/form>\n\t\t\t\t<\/div>\n\t\t\t\t<\/div>\n\t\t\t\t<\/div>\n\t\t\t\t<\/div>\n\t\t<div class=\"elementor-element elementor-element-3a6074c4 e-con-full e-flex e-con e-child\" data-id=\"3a6074c4\" data-element_type=\"container\" data-settings=\"{&quot;background_background&quot;:&quot;classic&quot;}\">\n\t\t\t\t<\/div>\n\t\t\t\t<\/div>\n\t\t<div class=\"elementor-element elementor-element-13309da e-flex e-con-boxed e-con e-parent\" data-id=\"13309da\" data-element_type=\"container\">\n\t\t\t\t\t<div class=\"e-con-inner\">\n\t\t\t\t<div class=\"elementor-element elementor-element-594700a elementor-widget elementor-widget-heading\" data-id=\"594700a\" data-element_type=\"widget\" data-widget_type=\"heading.default\">\n\t\t\t\t<div class=\"elementor-widget-container\">\n\t\t\t<h2 class=\"elementor-heading-title elementor-size-default\">Antecedentes del sector: El hardware inteligente y los terminales m\u00f3viles se desarrollan r\u00e1pidamente<\/h2>\t\t<\/div>\n\t\t\t\t<\/div>\n\t\t\t\t\t<\/div>\n\t\t\t\t<\/div>\n\t\t<div class=\"elementor-element elementor-element-5add48f e-flex e-con-boxed e-con e-parent\" data-id=\"5add48f\" data-element_type=\"container\">\n\t\t\t\t\t<div class=\"e-con-inner\">\n\t\t\t\t<div class=\"elementor-element elementor-element-accf25e elementor-widget elementor-widget-text-editor\" data-id=\"accf25e\" data-element_type=\"widget\" data-widget_type=\"text-editor.default\">\n\t\t\t\t<div class=\"elementor-widget-container\">\n\t\t\t\t\t\t\t<p>En los \u00faltimos a\u00f1os, las industrias de hardware inteligente y terminales m\u00f3viles han experimentado un r\u00e1pido crecimiento, abarcando m\u00faltiples categor\u00edas de productos, como smartphones, tabletas y wearables. La demanda de los consumidores de productos m\u00e1s finos, ligeros, vers\u00e1tiles y de mayor rendimiento va en aumento, lo que impone requisitos cada vez m\u00e1s estrictos en cuanto a la precisi\u00f3n de los procesos y la eficiencia de la producci\u00f3n en el \u00e1mbito de la fabricaci\u00f3n.<\/p><p>Como empresas l\u00edderes mundiales en servicios de fabricaci\u00f3n electr\u00f3nica,\u00a0<strong><span style=\"color: #ff0000;\">Foxconn y Compal Electronics<\/span><\/strong> tienen enormes necesidades de capacidad de producci\u00f3n de placas base para tel\u00e9fonos inteligentes y ordenadores port\u00e1tiles, lo que impone unas exigencias extremadamente altas a la estabilidad y automatizaci\u00f3n de sus l\u00edneas de producci\u00f3n SMT. En este contexto, S&amp;M, aprovechando las soluciones de l\u00edneas completas SMT de alta precisi\u00f3n, proporciona a los clientes capacidades de producci\u00f3n r\u00e1pidas, eficientes y estables, ayud\u00e1ndoles a mantener su liderazgo en un mercado ferozmente competitivo.<\/p>\t\t\t\t\t\t<\/div>\n\t\t\t\t<\/div>\n\t\t\t\t\t<\/div>\n\t\t\t\t<\/div>\n\t\t<div class=\"elementor-element elementor-element-88a8c29 e-flex e-con-boxed e-con e-parent\" data-id=\"88a8c29\" data-element_type=\"container\">\n\t\t\t\t\t<div class=\"e-con-inner\">\n\t\t<div class=\"elementor-element elementor-element-b56ca9d e-con-full e-flex e-con e-child\" data-id=\"b56ca9d\" data-element_type=\"container\">\n\t\t\t\t<div class=\"elementor-element elementor-element-f8e8693 elementor-widget elementor-widget-heading\" data-id=\"f8e8693\" data-element_type=\"widget\" data-widget_type=\"heading.default\">\n\t\t\t\t<div class=\"elementor-widget-container\">\n\t\t\t<h2 class=\"elementor-heading-title elementor-size-default\">El papel de los equipos SMT en la miniaturizaci\u00f3n de alta densidad<\/h2>\t\t<\/div>\n\t\t\t\t<\/div>\n\t\t\t\t<\/div>\n\t\t\t\t\t<\/div>\n\t\t\t\t<\/div>\n\t\t<div class=\"elementor-element elementor-element-d437a99 e-flex e-con-boxed e-con e-parent\" data-id=\"d437a99\" data-element_type=\"container\">\n\t\t\t\t\t<div class=\"e-con-inner\">\n\t\t\t\t<div class=\"elementor-element elementor-element-df80c5d elementor-widget elementor-widget-text-editor\" data-id=\"df80c5d\" data-element_type=\"widget\" data-widget_type=\"text-editor.default\">\n\t\t\t\t<div class=\"elementor-widget-container\">\n\t\t\t\t\t\t\t<p>La evoluci\u00f3n del hardware inteligente est\u00e1 impulsando el dise\u00f1o de placas de circuito impreso hacia una mayor densidad y factores de forma m\u00e1s peque\u00f1os. La precisi\u00f3n de montaje de paquetes diminutos como BGA, QFN y resistencias y condensadores 0201 se ha convertido en un reto fundamental para las l\u00edneas de producci\u00f3n.<\/p><p><strong><span style=\"color: #ff0000;\">Goertek<\/span><\/strong>Ltd., uno de los principales fabricantes mundiales de productos ac\u00fasticos y wearables, maneja un gran n\u00famero de componentes diminutos y placas de alta densidad cuando produce auriculares Bluetooth y smartwatches. Nuestros equipos de reflujo permiten realizar soldaduras fiables con un bajo \u00edndice de huecos y un alto rendimiento.<\/p><p>En escenarios de producci\u00f3n de alta densidad y miniaturizados, los equipos SMT de S&amp;M mejoran significativamente la eficiencia de la l\u00ednea de producci\u00f3n y la consistencia del producto para nuestros clientes, cumpliendo los requisitos de fabricaci\u00f3n de precisi\u00f3n de los productos de terminales inteligentes.<\/p>\t\t\t\t\t\t<\/div>\n\t\t\t\t<\/div>\n\t\t\t\t\t<\/div>\n\t\t\t\t<\/div>\n\t\t<div class=\"elementor-element elementor-element-84e11b1 e-flex e-con-boxed e-con e-parent\" data-id=\"84e11b1\" data-element_type=\"container\">\n\t\t\t\t\t<div class=\"e-con-inner\">\n\t\t\t\t<div class=\"elementor-element elementor-element-4851a2b elementor-widget elementor-widget-heading\" data-id=\"4851a2b\" data-element_type=\"widget\" data-widget_type=\"heading.default\">\n\t\t\t\t<div class=\"elementor-widget-container\">\n\t\t\t<h2 class=\"elementor-heading-title elementor-size-default\">Casos t\u00edpicos de aplicaci\u00f3n: relojes inteligentes, auriculares, placas base de tel\u00e9fonos m\u00f3viles<\/h2>\t\t<\/div>\n\t\t\t\t<\/div>\n\t\t\t\t<div class=\"elementor-element elementor-element-6d36b47 elementor-widget elementor-widget-text-editor\" data-id=\"6d36b47\" data-element_type=\"widget\" data-widget_type=\"text-editor.default\">\n\t\t\t\t<div class=\"elementor-widget-container\">\n\t\t\t\t\t\t\t<p>En proyectos reales, los equipos de S&amp;M se han utilizado ampliamente en diversos escenarios de producci\u00f3n de productos para clientes:<\/p><p><strong><span style=\"color: #ff0000;\">Foxconn\u00a0<\/span><\/strong>utiliza nuestras m\u00e1quinas de reflujo y carga\/descarga en su producci\u00f3n de placas base para smartphones, consiguiendo una soldadura por lotes de alta velocidad y gran uniformidad.<\/p><p><strong><span style=\"color: #ff0000;\">Ordenador Compal<\/span><\/strong> utiliza nuestros equipos perif\u00e9ricos en su l\u00ednea de producci\u00f3n SMT para placas base de port\u00e1tiles y tabletas, lo que garantiza una transferencia fluida y una inspecci\u00f3n eficaz de placas de circuito impreso de gran tama\u00f1o.<\/p><p>Estos casos de \u00e9xito demuestran plenamente que los equipos de S&amp;M no s\u00f3lo son adecuados para escenarios de producci\u00f3n de gran volumen, sino que tambi\u00e9n satisfacen las necesidades de la fabricaci\u00f3n de electr\u00f3nica de precisi\u00f3n con requisitos de precisi\u00f3n y rendimiento extremadamente altos.<\/p>\t\t\t\t\t\t<\/div>\n\t\t\t\t<\/div>\n\t\t\t\t\t<\/div>\n\t\t\t\t<\/div>\n\t\t<div class=\"elementor-element elementor-element-c098fac e-flex e-con-boxed e-con e-parent\" data-id=\"c098fac\" data-element_type=\"container\">\n\t\t\t\t\t<div class=\"e-con-inner\">\n\t\t\t\t<div class=\"elementor-element elementor-element-0e011ac elementor-widget elementor-widget-heading\" data-id=\"0e011ac\" data-element_type=\"widget\" data-widget_type=\"heading.default\">\n\t\t\t\t<div class=\"elementor-widget-container\">\n\t\t\t<h2 class=\"elementor-heading-title elementor-size-default\">Aspectos t\u00e9cnicos destacados: soldadura por reflujo, equipo de transmisi\u00f3n inteligente<\/h2>\t\t<\/div>\n\t\t\t\t<\/div>\n\t\t<div class=\"elementor-element elementor-element-9a0281f e-con-full e-flex e-con e-child\" data-id=\"9a0281f\" data-element_type=\"container\">\n\t\t\t\t<div class=\"elementor-element elementor-element-6864a34 elementor-widget elementor-widget-text-editor\" data-id=\"6864a34\" data-element_type=\"widget\" data-widget_type=\"text-editor.default\">\n\t\t\t\t<div class=\"elementor-widget-container\">\n\t\t\t\t\t\t\t<p>Los aspectos tecnol\u00f3gicos m\u00e1s destacados de S&amp;M son su capacidad de integraci\u00f3n de l\u00edneas completas y su gran apoyo a la fabricaci\u00f3n de precisi\u00f3n:<\/p><p>Tecnolog\u00eda de reflujo: Reduce significativamente el vac\u00edo en las juntas de soldadura y mejora la fiabilidad de los componentes BGA y QFN, adecuados para las exigencias de producci\u00f3n de alto nivel de smartphones y wearables.<\/p>\t\t\t\t\t\t<\/div>\n\t\t\t\t<\/div>\n\t\t\t\t<div class=\"elementor-element elementor-element-cbe80c3 elementor-widget elementor-widget-text-editor\" data-id=\"cbe80c3\" data-element_type=\"widget\" data-widget_type=\"text-editor.default\">\n\t\t\t\t<div class=\"elementor-widget-container\">\n\t\t\t\t\t\t\t<p>Equipos perif\u00e9ricos inteligentes: Incluyendo el cargador y descargador, el buffer, las estaciones de acoplamiento y el transportador de limpieza de PCBA, permiten una integraci\u00f3n eficiente de la l\u00ednea de producci\u00f3n y un flujo automatizado.<span style=\"font-style: inherit; font-weight: inherit;\">En la l\u00ednea de producci\u00f3n de placas base de Huatong Computer, la tecnolog\u00eda de reflujo y los equipos perif\u00e9ricos de S&amp;M trabajan conjuntamente para garantizar con \u00e9xito rendimientos estables de placas multicapa complejas en l\u00edneas de producci\u00f3n de alta velocidad, mejorando los tiempos de ciclo de producci\u00f3n globales.<\/span><\/p>\t\t\t\t\t\t<\/div>\n\t\t\t\t<\/div>\n\t\t\t\t<\/div>\n\t\t\t\t\t<\/div>\n\t\t\t\t<\/div>\n\t\t<div class=\"elementor-element elementor-element-2e7cea0d e-flex e-con-boxed e-con e-parent\" data-id=\"2e7cea0d\" data-element_type=\"container\" data-settings=\"{&quot;background_background&quot;:&quot;classic&quot;}\">\n\t\t\t\t\t<div class=\"e-con-inner\">\n\t\t\t\t<div class=\"elementor-element elementor-element-6f021a5d elementor-widget elementor-widget-heading\" data-id=\"6f021a5d\" data-element_type=\"widget\" data-widget_type=\"heading.default\">\n\t\t\t\t<div class=\"elementor-widget-container\">\n\t\t\t<h2 class=\"elementor-heading-title elementor-size-default\">Valor de la aplicaci\u00f3n<\/h2>\t\t<\/div>\n\t\t\t\t<\/div>\n\t\t\t\t<div class=\"elementor-element elementor-element-28656232 elementor-widget elementor-widget-text-editor\" data-id=\"28656232\" data-element_type=\"widget\" data-widget_type=\"text-editor.default\">\n\t\t\t\t<div class=\"elementor-widget-container\">\n\t\t\t\t\t\t\t<p>Valor de aplicaci\u00f3n: Al mejorar la automatizaci\u00f3n de la l\u00ednea de producci\u00f3n, reducir las tasas de defectos y apoyar la expansi\u00f3n flexible de la producci\u00f3n, S&amp;M ayuda a los clientes a mantener una ventaja competitiva en el mercado mundial de hardware inteligente.<\/p>\t\t\t\t\t\t<\/div>\n\t\t\t\t<\/div>\n\t\t\t\t<div class=\"elementor-element elementor-element-5b2ea3db elementor-skin-carousel elementor-widget elementor-widget-media-carousel\" data-id=\"5b2ea3db\" data-element_type=\"widget\" data-settings=\"{&quot;slides_per_view&quot;:&quot;5&quot;,&quot;slides_to_scroll&quot;:&quot;1&quot;,&quot;slides_per_view_tablet&quot;:&quot;4&quot;,&quot;slides_per_view_mobile&quot;:&quot;2&quot;,&quot;skin&quot;:&quot;carousel&quot;,&quot;effect&quot;:&quot;slide&quot;,&quot;speed&quot;:500,&quot;autoplay&quot;:&quot;yes&quot;,&quot;autoplay_speed&quot;:5000,&quot;loop&quot;:&quot;yes&quot;,&quot;pause_on_hover&quot;:&quot;yes&quot;,&quot;pause_on_interaction&quot;:&quot;yes&quot;,&quot;space_between&quot;:{&quot;unit&quot;:&quot;px&quot;,&quot;size&quot;:10,&quot;sizes&quot;:[]},&quot;space_between_tablet&quot;:{&quot;unit&quot;:&quot;px&quot;,&quot;size&quot;:10,&quot;sizes&quot;:[]},&quot;space_between_mobile&quot;:{&quot;unit&quot;:&quot;px&quot;,&quot;size&quot;:10,&quot;sizes&quot;:[]}}\" data-widget_type=\"media-carousel.default\">\n\t\t\t\t<div class=\"elementor-widget-container\">\n\t\t\t\t\t<div class=\"elementor-swiper\">\n\t\t\t<div class=\"elementor-main-swiper swiper\">\n\t\t\t\t<div class=\"swiper-wrapper\">\n\t\t\t\t\t\t\t\t\t\t\t<div class=\"swiper-slide\">\n\t\t\t\t\t\t\t\t\t<div class=\"elementor-carousel-image\" role=\"img\" aria-label=\"1756803359-Malaysian customers-5\" style=\"background-image: url(&#039;https:\/\/www.chuxin-smt.com\/wp-content\/uploads\/2025\/09\/1756803359-Malaysian-customers-5.jpg&#039;)\">\n\n\t\t\t\n\t\t\t\t\t<\/div>\n\t\t\t\t\t\t\t\t<\/div>\n\t\t\t\t\t\t\t\t\t\t\t<div class=\"swiper-slide\">\n\t\t\t\t\t\t\t\t\t<div class=\"elementor-carousel-image\" role=\"img\" aria-label=\"1756778979-customers-2\" style=\"background-image: url(&#039;https:\/\/www.chuxin-smt.com\/wp-content\/uploads\/2025\/09\/1756778979-customers-2.jpg&#039;)\">\n\n\t\t\t\n\t\t\t\t\t<\/div>\n\t\t\t\t\t\t\t\t<\/div>\n\t\t\t\t\t\t\t\t\t\t\t<div class=\"swiper-slide\">\n\t\t\t\t\t\t\t\t\t<div class=\"elementor-carousel-image\" role=\"img\" aria-label=\"1756803354-Malaysian customers-3\" style=\"background-image: url(&#039;https:\/\/www.chuxin-smt.com\/wp-content\/uploads\/2025\/09\/1756803354-Malaysian-customers-3.jpg&#039;)\">\n\n\t\t\t\n\t\t\t\t\t<\/div>\n\t\t\t\t\t\t\t\t<\/div>\n\t\t\t\t\t\t\t\t\t\t\t<div class=\"swiper-slide\">\n\t\t\t\t\t\t\t\t\t<div class=\"elementor-carousel-image\" role=\"img\" aria-label=\"1756803348-Clientes malayos\" style=\"background-image: url(&#039;https:\/\/www.chuxin-smt.com\/wp-content\/uploads\/2025\/09\/1756803348-Malaysian-customers.jpg&#039;)\">\n\n\t\t\t\n\t\t\t\t\t<\/div>\n\t\t\t\t\t\t\t\t<\/div>\n\t\t\t\t\t\t\t\t\t\t\t<div class=\"swiper-slide\">\n\t\t\t\t\t\t\t\t\t<div class=\"elementor-carousel-image\" role=\"img\" aria-label=\"1756803352-Malaysian customers-2\" style=\"background-image: url(&#039;https:\/\/www.chuxin-smt.com\/wp-content\/uploads\/2025\/09\/1756803352-Malaysian-customers-2.jpg&#039;)\">\n\n\t\t\t\n\t\t\t\t\t<\/div>\n\t\t\t\t\t\t\t\t<\/div>\n\t\t\t\t\t\t\t\t\t\t\t<div class=\"swiper-slide\">\n\t\t\t\t\t\t\t\t\t<div class=\"elementor-carousel-image\" role=\"img\" aria-label=\"1756803345-Clientes de Foxconn-3\" style=\"background-image: url(&#039;https:\/\/www.chuxin-smt.com\/wp-content\/uploads\/2025\/09\/1756803345-Foxconn-customers-3.jpg&#039;)\">\n\n\t\t\t\n\t\t\t\t\t<\/div>\n\t\t\t\t\t\t\t\t<\/div>\n\t\t\t\t\t\t\t\t\t\t\t<div class=\"swiper-slide\">\n\t\t\t\t\t\t\t\t\t<div class=\"elementor-carousel-image\" role=\"img\" aria-label=\"1756803335-Clientes de Foxconn\" style=\"background-image: url(&#039;https:\/\/www.chuxin-smt.com\/wp-content\/uploads\/2025\/09\/1756803335-Foxconn-customers.jpg&#039;)\">\n\n\t\t\t\n\t\t\t\t\t<\/div>\n\t\t\t\t\t\t\t\t<\/div>\n\t\t\t\t\t\t\t\t\t<\/div>\n\t\t\t\t\t\t\t\t\t\t\t\t\t\t\t\t\t\t\t\t\t<\/div>\n\t\t<\/div>\n\t\t\t\t<\/div>\n\t\t\t\t<\/div>\n\t\t\t\t\t<\/div>\n\t\t\t\t<\/div>\n\t\t<div class=\"elementor-element elementor-element-780589e e-con-full e-flex e-con e-parent\" data-id=\"780589e\" data-element_type=\"container\">\n\t\t\t\t<div class=\"elementor-element elementor-element-88ed574 elementor-cta--layout-image-right elementor-cta--mobile-layout-image-above elementor-cta--skin-classic elementor-animated-content elementor-bg-transform elementor-bg-transform-zoom-in elementor-widget elementor-widget-call-to-action\" data-id=\"88ed574\" data-element_type=\"widget\" data-widget_type=\"call-to-action.default\">\n\t\t\t\t<div class=\"elementor-widget-container\">\n\t\t\t\t\t<div class=\"elementor-cta\">\n\t\t\t\t\t<div class=\"elementor-cta__bg-wrapper\">\n\t\t\t\t<div class=\"elementor-cta__bg elementor-bg\" style=\"background-image: url(https:\/\/www.chuxin-smt.com\/wp-content\/uploads\/2025\/04\/1744707680-\u6c5f\u95e8\u5de5\u5382.jpg);\" role=\"img\" aria-label=\"F\u00c1BRICA SADOMASOQUISTA\"><\/div>\n\t\t\t\t<div class=\"elementor-cta__bg-overlay\"><\/div>\n\t\t\t<\/div>\n\t\t\t\t\t\t\t<div class=\"elementor-cta__content\">\n\t\t\t\t\n\t\t\t\t\t\t\t\t\t<span class=\"elementor-cta__title elementor-cta__content-item elementor-content-item\">\n\t\t\t\t\t\t\u00bfNecesita equipos SMT?\t\t\t\t\t<\/span>\n\t\t\t\t\n\t\t\t\t\t\t\t\t\t<div class=\"elementor-cta__description elementor-cta__content-item elementor-content-item\">\n\t\t\t\t\t\tSolicite una consulta y un presupuesto gratuitos\t\t\t\t\t<\/div>\n\t\t\t\t\n\t\t\t\t\t\t\t\t\t<div class=\"elementor-cta__button-wrapper elementor-cta__content-item elementor-content-item\">\n\t\t\t\t\t<a class=\"elementor-cta__button elementor-button elementor-size-md\" href=\"https:\/\/www.chuxin-smt.com\/es\/contacts\/\">\n\t\t\t\t\t\tContacte con nosotros\t\t\t\t\t<\/a>\n\t\t\t\t\t<\/div>\n\t\t\t\t\t\t\t<\/div>\n\t\t\t\t\t\t<\/div>\n\t\t\t\t<\/div>\n\t\t\t\t<\/div>\n\t\t\t\t<\/div>\n\t\t\t\t<\/div>","protected":false},"excerpt":{"rendered":"<p>OUTLINE 1) Industry background: Intelligent hardware and mobile terminals are developing rapidly 2) The role of SMT equipment in high-density [&hellip;]<\/p>","protected":false},"author":1,"featured_media":0,"parent":0,"menu_order":0,"comment_status":"closed","ping_status":"closed","template":"","meta":{"_acf_changed":false,"site-sidebar-layout":"no-sidebar","site-content-layout":"","ast-site-content-layout":"full-width-container","site-content-style":"default","site-sidebar-style":"default","ast-global-header-display":"","ast-banner-title-visibility":"","ast-main-header-display":"","ast-hfb-above-header-display":"","ast-hfb-below-header-display":"","ast-hfb-mobile-header-display":"","site-post-title":"disabled","ast-breadcrumbs-content":"","ast-featured-img":"disabled","footer-sml-layout":"","theme-transparent-header-meta":"default","adv-header-id-meta":"","stick-header-meta":"","header-above-stick-meta":"","header-main-stick-meta":"","header-below-stick-meta":"","astra-migrate-meta-layouts":"set","ast-page-background-enabled":"default","ast-page-background-meta":{"desktop":{"background-color":"var(--ast-global-color-4)","background-image":"","background-repeat":"repeat","background-position":"center center","background-size":"auto","background-attachment":"scroll","background-type":"","background-media":"","overlay-type":"","overlay-color":"","overlay-opacity":"","overlay-gradient":""},"tablet":{"background-color":"","background-image":"","background-repeat":"repeat","background-position":"center center","background-size":"auto","background-attachment":"scroll","background-type":"","background-media":"","overlay-type":"","overlay-color":"","overlay-opacity":"","overlay-gradient":""},"mobile":{"background-color":"","background-image":"","background-repeat":"repeat","background-position":"center center","background-size":"auto","background-attachment":"scroll","background-type":"","background-media":"","overlay-type":"","overlay-color":"","overlay-opacity":"","overlay-gradient":""}},"ast-content-background-meta":{"desktop":{"background-color":"var(--ast-global-color-5)","background-image":"","background-repeat":"repeat","background-position":"center center","background-size":"auto","background-attachment":"scroll","background-type":"","background-media":"","overlay-type":"","overlay-color":"","overlay-opacity":"","overlay-gradient":""},"tablet":{"background-color":"var(--ast-global-color-5)","background-image":"","background-repeat":"repeat","background-position":"center center","background-size":"auto","background-attachment":"scroll","background-type":"","background-media":"","overlay-type":"","overlay-color":"","overlay-opacity":"","overlay-gradient":""},"mobile":{"background-color":"var(--ast-global-color-5)","background-image":"","background-repeat":"repeat","background-position":"center center","background-size":"auto","background-attachment":"scroll","background-type":"","background-media":"","overlay-type":"","overlay-color":"","overlay-opacity":"","overlay-gradient":""}}},"class_list":["post-2873","page","type-page","status-publish","hentry"],"acf":[],"_links":{"self":[{"href":"https:\/\/www.chuxin-smt.com\/es\/wp-json\/wp\/v2\/pages\/2873","targetHints":{"allow":["GET"]}}],"collection":[{"href":"https:\/\/www.chuxin-smt.com\/es\/wp-json\/wp\/v2\/pages"}],"about":[{"href":"https:\/\/www.chuxin-smt.com\/es\/wp-json\/wp\/v2\/types\/page"}],"author":[{"embeddable":true,"href":"https:\/\/www.chuxin-smt.com\/es\/wp-json\/wp\/v2\/users\/1"}],"replies":[{"embeddable":true,"href":"https:\/\/www.chuxin-smt.com\/es\/wp-json\/wp\/v2\/comments?post=2873"}],"version-history":[{"count":0,"href":"https:\/\/www.chuxin-smt.com\/es\/wp-json\/wp\/v2\/pages\/2873\/revisions"}],"wp:attachment":[{"href":"https:\/\/www.chuxin-smt.com\/es\/wp-json\/wp\/v2\/media?parent=2873"}],"curies":[{"name":"wp","href":"https:\/\/api.w.org\/{rel}","templated":true}]}}