{"id":2915,"date":"2025-09-03T14:56:47","date_gmt":"2025-09-03T06:56:47","guid":{"rendered":"https:\/\/www.chuxin-smt.com\/?page_id=2915"},"modified":"2025-09-05T16:08:55","modified_gmt":"2025-09-05T08:08:55","slug":"automotive-electronics-industry","status":"publish","type":"page","link":"https:\/\/www.chuxin-smt.com\/es\/automotive-electronics-industry\/","title":{"rendered":"Industria electr\u00f3nica del autom\u00f3vil"},"content":{"rendered":"<div data-elementor-type=\"wp-page\" data-elementor-id=\"2915\" class=\"elementor elementor-2915\" data-elementor-post-type=\"page\">\n\t\t\t\t<div class=\"elementor-element elementor-element-2a71609b e-con-full e-flex e-con e-parent\" data-id=\"2a71609b\" data-element_type=\"container\" data-settings=\"{&quot;background_background&quot;:&quot;classic&quot;}\">\n\t\t<div class=\"elementor-element elementor-element-38f3ca48 e-con-full e-flex e-con e-child\" data-id=\"38f3ca48\" data-element_type=\"container\">\n\t\t\t\t<div class=\"elementor-element elementor-element-4a98c7bc elementor-widget elementor-widget-heading\" data-id=\"4a98c7bc\" data-element_type=\"widget\" data-widget_type=\"heading.default\">\n\t\t\t\t<div class=\"elementor-widget-container\">\n\t\t\t<h2 class=\"elementor-heading-title elementor-size-default\">PRESENTACI\u00d3N<\/h2>\t\t<\/div>\n\t\t\t\t<\/div>\n\t\t\t\t<div class=\"elementor-element elementor-element-a25e392 elementor-widget elementor-widget-heading\" data-id=\"a25e392\" data-element_type=\"widget\" data-widget_type=\"heading.default\">\n\t\t\t\t<div class=\"elementor-widget-container\">\n\t\t\t<h2 class=\"elementor-heading-title elementor-size-default\">Aplicaci\u00f3n de los equipos SMT de S&amp;M en la electr\u00f3nica del autom\u00f3vil<\/h2>\t\t<\/div>\n\t\t\t\t<\/div>\n\t\t\t\t<div class=\"elementor-element elementor-element-62e76be1 elementor-widget__width-initial elementor-absolute elementor-widget-tablet__width-initial elementor-widget-mobile__width-initial elementor-widget elementor-widget-spacer\" data-id=\"62e76be1\" data-element_type=\"widget\" data-settings=\"{&quot;_position&quot;:&quot;absolute&quot;}\" data-widget_type=\"spacer.default\">\n\t\t\t\t<div class=\"elementor-widget-container\">\n\t\t\t\t\t<div class=\"elementor-spacer\">\n\t\t\t<div class=\"elementor-spacer-inner\"><\/div>\n\t\t<\/div>\n\t\t\t\t<\/div>\n\t\t\t\t<\/div>\n\t\t<div class=\"elementor-element elementor-element-3c8bd0a3 e-con-full e-flex e-con e-child\" data-id=\"3c8bd0a3\" data-element_type=\"container\">\n\t\t\t\t<div class=\"elementor-element elementor-element-7b266143 elementor-widget elementor-widget-text-editor\" data-id=\"7b266143\" data-element_type=\"widget\" data-widget_type=\"text-editor.default\">\n\t\t\t\t<div class=\"elementor-widget-container\">\n\t\t\t\t\t\t\t<p>1) Exigencias y tendencias de la industria electr\u00f3nica del autom\u00f3vil: inteligencia y fiabilidad para el autom\u00f3vil<\/p><p>2) Aplicaci\u00f3n de equipos SMT en ECU, ADAS y tarjetas de control de luces de autom\u00f3viles<\/p><p>3) Requisitos clave: \u00edndice cero de defectos, resistencia a terremotos y resistencia a diferencias de temperatura.<\/p><p>4) Nuestros equipos m\u00e1s destacados: horno de reflujo, equipo de transmisi\u00f3n inteligente<\/p><p>5) Casos de \u00e9xito y apoyo a la certificaci\u00f3n de autom\u00f3viles<\/p>\t\t\t\t\t\t<\/div>\n\t\t\t\t<\/div>\n\t\t\t\t<div class=\"elementor-element elementor-element-11e3b6de elementor-button-align-stretch elementor-widget elementor-widget-form\" data-id=\"11e3b6de\" data-element_type=\"widget\" data-settings=\"{&quot;step_next_label&quot;:&quot;Next&quot;,&quot;step_previous_label&quot;:&quot;Previous&quot;,&quot;button_width&quot;:&quot;40&quot;,&quot;step_type&quot;:&quot;number_text&quot;,&quot;step_icon_shape&quot;:&quot;circle&quot;}\" data-widget_type=\"form.default\">\n\t\t\t\t<div class=\"elementor-widget-container\">\n\t\t\t\t\t<form class=\"elementor-form\" method=\"post\" name=\"Newsletter\" novalidate=\"\" action=\"\">\n\t\t\t<input type=\"hidden\" name=\"post_id\" value=\"2915\"\/>\n\t\t\t<input type=\"hidden\" name=\"form_id\" value=\"11e3b6de\"\/>\n\t\t\t<input type=\"hidden\" name=\"referer_title\" value=\"Automotive Electronics Industry\" \/>\n\n\t\t\t\t\t\t\t<input type=\"hidden\" name=\"queried_id\" value=\"2915\"\/>\n\t\t\t\n\t\t\t<div class=\"elementor-form-fields-wrapper elementor-labels-\">\n\t\t\t\t\t\t\t\t<div class=\"elementor-field-type-email elementor-field-group elementor-column elementor-field-group-email elementor-col-60 elementor-field-required\">\n\t\t\t\t\t\t\t\t\t\t\t\t<label for=\"form-field-email\" class=\"elementor-field-label elementor-screen-only\">\n\t\t\t\t\t\t\t\tCorreo electr\u00f3nico\t\t\t\t\t\t\t<\/label>\n\t\t\t\t\t\t\t\t\t\t\t\t\t\t<input size=\"1\" type=\"email\" name=\"form_fields[email]\" id=\"form-field-email\" class=\"elementor-field elementor-size-sm  elementor-field-textual\" placeholder=\"Correo electr\u00f3nico\" required=\"required\" aria-required=\"true\">\n\t\t\t\t\t\t\t\t\t\t\t<\/div>\n\t\t\t\t\t\t\t\t<div class=\"elementor-field-group elementor-column elementor-field-type-submit elementor-col-40 e-form__buttons\">\n\t\t\t\t\t<button class=\"elementor-button elementor-size-sm\" type=\"submit\">\n\t\t\t\t\t\t<span class=\"elementor-button-content-wrapper\">\n\t\t\t\t\t\t\t\t\t\t\t\t\t\t\t\t\t\t\t\t\t\t<span class=\"elementor-button-text\">Suscr\u00edbase a <\/span>\n\t\t\t\t\t\t\t\t\t\t\t\t\t<\/span>\n\t\t\t\t\t<\/button>\n\t\t\t\t<\/div>\n\t\t\t<\/div>\n\t\t<input type=\"hidden\" name=\"trp-form-language\" value=\"es\"\/><\/form>\n\t\t\t\t<\/div>\n\t\t\t\t<\/div>\n\t\t\t\t<\/div>\n\t\t\t\t<\/div>\n\t\t<div class=\"elementor-element elementor-element-66101b87 e-con-full e-flex e-con e-child\" data-id=\"66101b87\" data-element_type=\"container\" data-settings=\"{&quot;background_background&quot;:&quot;classic&quot;}\">\n\t\t\t\t<\/div>\n\t\t\t\t<\/div>\n\t\t<div class=\"elementor-element elementor-element-5e6e39f5 e-flex e-con-boxed e-con e-parent\" data-id=\"5e6e39f5\" data-element_type=\"container\">\n\t\t\t\t\t<div class=\"e-con-inner\">\n\t\t\t\t<div class=\"elementor-element elementor-element-51a31d93 elementor-widget elementor-widget-heading\" data-id=\"51a31d93\" data-element_type=\"widget\" data-widget_type=\"heading.default\">\n\t\t\t\t<div class=\"elementor-widget-container\">\n\t\t\t<h2 class=\"elementor-heading-title elementor-size-default\">Exigencias y tendencias de la industria electr\u00f3nica del autom\u00f3vil: inteligencia y fiabilidad para el autom\u00f3vil<\/h2>\t\t<\/div>\n\t\t\t\t<\/div>\n\t\t\t\t\t<\/div>\n\t\t\t\t<\/div>\n\t\t<div class=\"elementor-element elementor-element-79f6c0a9 e-flex e-con-boxed e-con e-parent\" data-id=\"79f6c0a9\" data-element_type=\"container\">\n\t\t\t\t\t<div class=\"e-con-inner\">\n\t\t\t\t<div class=\"elementor-element elementor-element-3f656f20 elementor-widget elementor-widget-text-editor\" data-id=\"3f656f20\" data-element_type=\"widget\" data-widget_type=\"text-editor.default\">\n\t\t\t\t<div class=\"elementor-widget-container\">\n\t\t\t\t\t\t\t<p>A medida que los veh\u00edculos evolucionan hacia tecnolog\u00edas inteligentes y de nueva energ\u00eda, aumenta r\u00e1pidamente la proporci\u00f3n de unidades de control electr\u00f3nico (ECU), sistemas avanzados de asistencia al conductor (ADAS), iluminaci\u00f3n inteligente y sistemas de gesti\u00f3n de bater\u00edas en los veh\u00edculos. Los productos de automoci\u00f3n deben mantener la estabilidad a altas y bajas temperaturas, vibraciones y condiciones de funcionamiento a largo plazo, siendo cero defectos un objetivo fundamental.<\/p><p><strong><span style=\"color: #ff0000;\">BYD y Bosch Auto<\/span><\/strong>como fabricantes l\u00edderes mundiales de autom\u00f3viles y piezas, plantean exigencias extremadamente altas en cuanto a la estabilidad, automatizaci\u00f3n y trazabilidad del producto de sus l\u00edneas de producci\u00f3n SMT. S&amp;M, con sus soluciones de l\u00edneas completas SMT de alta fiabilidad, ayuda a los clientes a construir l\u00edneas de fabricaci\u00f3n inteligentes que cumplen las normas de automoci\u00f3n.<\/p>\t\t\t\t\t\t<\/div>\n\t\t\t\t<\/div>\n\t\t\t\t\t<\/div>\n\t\t\t\t<\/div>\n\t\t<div class=\"elementor-element elementor-element-3ff5d8fe e-flex e-con-boxed e-con e-parent\" data-id=\"3ff5d8fe\" data-element_type=\"container\">\n\t\t\t\t\t<div class=\"e-con-inner\">\n\t\t<div class=\"elementor-element elementor-element-58301b63 e-con-full e-flex e-con e-child\" data-id=\"58301b63\" data-element_type=\"container\">\n\t\t\t\t<div class=\"elementor-element elementor-element-51386c48 elementor-widget elementor-widget-heading\" data-id=\"51386c48\" data-element_type=\"widget\" data-widget_type=\"heading.default\">\n\t\t\t\t<div class=\"elementor-widget-container\">\n\t\t\t<h2 class=\"elementor-heading-title elementor-size-default\">Aplicaci\u00f3n de equipos SMT en ECU, ADAS y tarjetas de control de luces de autom\u00f3viles<\/h2>\t\t<\/div>\n\t\t\t\t<\/div>\n\t\t\t\t<\/div>\n\t\t\t\t\t<\/div>\n\t\t\t\t<\/div>\n\t\t<div class=\"elementor-element elementor-element-1087b2af e-flex e-con-boxed e-con e-parent\" data-id=\"1087b2af\" data-element_type=\"container\">\n\t\t\t\t\t<div class=\"e-con-inner\">\n\t\t\t\t<div class=\"elementor-element elementor-element-1685fb0c elementor-widget elementor-widget-text-editor\" data-id=\"1685fb0c\" data-element_type=\"widget\" data-widget_type=\"text-editor.default\">\n\t\t\t\t<div class=\"elementor-widget-container\">\n\t\t\t\t\t\t\t<p>La electr\u00f3nica del autom\u00f3vil requiere una calidad de montaje de placas de circuito impreso muy superior a la de la electr\u00f3nica de consumo.<\/p><p><a href=\"https:\/\/www.boschautoparts.com\/es\/\"><strong><span style=\"color: #ff0000;\">Bosch Automobil<\/span><\/strong><\/a>\u00a0utiliza m\u00e1quinas inteligentes de carga y descarga de PCB y estaciones de acoplamiento de S&amp;M en su producci\u00f3n de m\u00f3dulos de control de radar ADAS para lograr un funcionamiento continuo de varias estaciones, lo que garantiza el funcionamiento eficaz de toda la l\u00ednea de producci\u00f3n.<\/p><p>Los equipos de S&amp;M ayudan a los clientes a conseguir una alta eficacia y cero defectos en la fabricaci\u00f3n de componentes electr\u00f3nicos complejos y de alto nivel para autom\u00f3viles.<\/p>\t\t\t\t\t\t<\/div>\n\t\t\t\t<\/div>\n\t\t\t\t\t<\/div>\n\t\t\t\t<\/div>\n\t\t<div class=\"elementor-element elementor-element-4add5d51 e-flex e-con-boxed e-con e-parent\" data-id=\"4add5d51\" data-element_type=\"container\">\n\t\t\t\t\t<div class=\"e-con-inner\">\n\t\t\t\t<div class=\"elementor-element elementor-element-5ecb525f elementor-widget elementor-widget-heading\" data-id=\"5ecb525f\" data-element_type=\"widget\" data-widget_type=\"heading.default\">\n\t\t\t\t<div class=\"elementor-widget-container\">\n\t\t\t<h2 class=\"elementor-heading-title elementor-size-default\">Requisitos clave: \u00edndice cero de defectos, resistencia a terremotos y resistencia a diferencias de temperatura.<\/h2>\t\t<\/div>\n\t\t\t\t<\/div>\n\t\t\t\t<div class=\"elementor-element elementor-element-3032568b elementor-widget elementor-widget-text-editor\" data-id=\"3032568b\" data-element_type=\"widget\" data-widget_type=\"text-editor.default\">\n\t\t\t\t<div class=\"elementor-widget-container\">\n\t\t\t\t\t\t\t<p>Los productos de automoci\u00f3n deben cumplir los requisitos de cero defectos y alta fiabilidad:<\/p><p>Las juntas de soldadura deben soportar ciclos de alta y baja temperatura y vibraciones prolongadas.<\/p><p>Cualquier peque\u00f1o hueco, junta de soldadura deficiente o desalineaci\u00f3n podr\u00eda afectar a la vida \u00fatil y la seguridad del producto.<\/p>\t\t\t\t\t\t<\/div>\n\t\t\t\t<\/div>\n\t\t\t\t\t<\/div>\n\t\t\t\t<\/div>\n\t\t<div class=\"elementor-element elementor-element-17017158 e-flex e-con-boxed e-con e-parent\" data-id=\"17017158\" data-element_type=\"container\">\n\t\t\t\t\t<div class=\"e-con-inner\">\n\t\t\t\t<div class=\"elementor-element elementor-element-13166d95 elementor-widget elementor-widget-heading\" data-id=\"13166d95\" data-element_type=\"widget\" data-widget_type=\"heading.default\">\n\t\t\t\t<div class=\"elementor-widget-container\">\n\t\t\t<h2 class=\"elementor-heading-title elementor-size-default\">Nuestros equipos m\u00e1s destacados: horno de reflujo, equipo de transmisi\u00f3n inteligente<\/h2>\t\t<\/div>\n\t\t\t\t<\/div>\n\t\t<div class=\"elementor-element elementor-element-19077595 e-con-full e-flex e-con e-child\" data-id=\"19077595\" data-element_type=\"container\">\n\t\t\t\t<div class=\"elementor-element elementor-element-49e3196e elementor-widget elementor-widget-text-editor\" data-id=\"49e3196e\" data-element_type=\"widget\" data-widget_type=\"text-editor.default\">\n\t\t\t\t<div class=\"elementor-widget-container\">\n\t\t\t\t\t\t\t<p>Los equipos SMT de S&amp;M ofrecen un soporte integral para la electr\u00f3nica del autom\u00f3vil. Los aspectos m\u00e1s destacados son:<\/p><p><a href=\"https:\/\/www.chuxin-smt.com\/es\/reflow-oven\/\"><strong><span style=\"color: #ff6600;\">Reflujo al vac\u00edo<\/span><\/strong><\/a>: reduce significativamente los \u00edndices de vac\u00edos y mejora la fiabilidad de las uniones soldadas en condiciones extremas de temperatura y vibraci\u00f3n;<\/p><p>Equipo de transporte inteligente: el cargador y descargador de tableros, el pulm\u00f3n y las estaciones de acoplamiento de inspecci\u00f3n permiten un funcionamiento continuo de la l\u00ednea de producci\u00f3n y una disposici\u00f3n flexible de la producci\u00f3n;<\/p><p>Sistemas de trazabilidad e inspecci\u00f3n de todo el proceso: garantizan rendimientos controlables de los productos y cumplen los requisitos de certificaci\u00f3n del sector de la automoci\u00f3n, como IATF 16949.<\/p><p>En el proyecto del tablero de control de faros del Grupo Desay, la soluci\u00f3n de l\u00ednea completa de S&amp;M no s\u00f3lo mejor\u00f3 la eficiencia de la producci\u00f3n, sino que tambi\u00e9n permiti\u00f3 cambiar de forma flexible entre varios modelos, reduciendo significativamente el tiempo de cambio y la intervenci\u00f3n manual.<\/p>\t\t\t\t\t\t<\/div>\n\t\t\t\t<\/div>\n\t\t\t\t<div class=\"elementor-element elementor-element-e0b9f43 elementor-widget elementor-widget-heading\" data-id=\"e0b9f43\" data-element_type=\"widget\" data-widget_type=\"heading.default\">\n\t\t\t\t<div class=\"elementor-widget-container\">\n\t\t\t<h2 class=\"elementor-heading-title elementor-size-default\">Casos de \u00e9xito y apoyo a la certificaci\u00f3n de autom\u00f3viles<\/h2>\t\t<\/div>\n\t\t\t\t<\/div>\n\t\t\t\t<div class=\"elementor-element elementor-element-53334fcb elementor-widget elementor-widget-text-editor\" data-id=\"53334fcb\" data-element_type=\"widget\" data-widget_type=\"text-editor.default\">\n\t\t\t\t<div class=\"elementor-widget-container\">\n\t\t\t\t\t\t\t<p>S&amp;M ha proporcionado soluciones de l\u00ednea completa SMT est\u00e1ndar para automoci\u00f3n a numerosos clientes de electr\u00f3nica de automoci\u00f3n, aplicadas con \u00e9xito a la fabricaci\u00f3n de componentes b\u00e1sicos para veh\u00edculos de nueva energ\u00eda y coches inteligentes:<\/p><p><strong><span style=\"color: #ff0000;\">BYD<\/span> <\/strong>Las l\u00edneas de producci\u00f3n de placas de control ECU y BMS utilizan hornos de reflujo al vac\u00edo S&amp;M y equipos perif\u00e9ricos inteligentes para lograr una producci\u00f3n en masa de alto rendimiento y bajo nivel de omisi\u00f3n;<\/p><p><strong><span style=\"color: #ff0000;\">Bosch Automobil<\/span><\/strong>\u00a0utiliza equipos de S&amp;M en la producci\u00f3n de m\u00f3dulos de radar ADAS, lo que garantiza la conformidad de los productos con la normativa internacional de automoci\u00f3n y aumenta la capacidad de producci\u00f3n;<\/p><p><span style=\"color: #ff0000;\"><a style=\"color: #ff0000;\" href=\"https:\/\/es.desaygroup.com\/\"><strong>Grupo Desay<\/strong> <\/a><\/span>y <span style=\"color: #ff0000;\"><a style=\"color: #ff0000;\" href=\"https:\/\/www.msi.com\/index.php\"><strong>Tecnolog\u00eda MSI <\/strong><\/a><\/span>Las l\u00edneas de producci\u00f3n de m\u00f3dulos de iluminaci\u00f3n y control multifunci\u00f3n utilizan las soluciones de l\u00edneas completas de S&amp;M para lograr una producci\u00f3n en masa flexible, altamente consistente y estable.<\/p><p>Gracias a su amplia experiencia en la fabricaci\u00f3n de productos de automoci\u00f3n y a su fiable asistencia t\u00e9cnica, S&amp;M se ha convertido en un socio de confianza en el campo de la electr\u00f3nica del autom\u00f3vil, ayudando a sus clientes a crear productos inteligentes, seguros y de alto rendimiento para el autom\u00f3vil.<\/p>\t\t\t\t\t\t<\/div>\n\t\t\t\t<\/div>\n\t\t\t\t<\/div>\n\t\t\t\t\t<\/div>\n\t\t\t\t<\/div>\n\t\t<div class=\"elementor-element elementor-element-3f7cc448 e-flex e-con-boxed e-con e-parent\" data-id=\"3f7cc448\" data-element_type=\"container\" data-settings=\"{&quot;background_background&quot;:&quot;classic&quot;}\">\n\t\t\t\t\t<div class=\"e-con-inner\">\n\t\t\t\t<div class=\"elementor-element elementor-element-6d25be8 elementor-widget elementor-widget-heading\" data-id=\"6d25be8\" data-element_type=\"widget\" data-widget_type=\"heading.default\">\n\t\t\t\t<div class=\"elementor-widget-container\">\n\t\t\t<h2 class=\"elementor-heading-title elementor-size-default\">Valor de la aplicaci\u00f3n<\/h2>\t\t<\/div>\n\t\t\t\t<\/div>\n\t\t\t\t<div class=\"elementor-element elementor-element-19110911 elementor-widget elementor-widget-text-editor\" data-id=\"19110911\" data-element_type=\"widget\" data-widget_type=\"text-editor.default\">\n\t\t\t\t<div class=\"elementor-widget-container\">\n\t\t\t\t\t\t\t<p>Valor de aplicaci\u00f3n: Al mejorar la automatizaci\u00f3n de la l\u00ednea de producci\u00f3n, reducir las tasas de defectos y apoyar la expansi\u00f3n flexible de la producci\u00f3n, S&amp;M ayuda a los clientes a mantener una ventaja competitiva en el mercado mundial de hardware inteligente.<\/p>\t\t\t\t\t\t<\/div>\n\t\t\t\t<\/div>\n\t\t\t\t<div class=\"elementor-element elementor-element-7d660a10 elementor-skin-carousel elementor-widget elementor-widget-media-carousel\" data-id=\"7d660a10\" data-element_type=\"widget\" data-settings=\"{&quot;slides_per_view&quot;:&quot;5&quot;,&quot;slides_to_scroll&quot;:&quot;1&quot;,&quot;slides_per_view_tablet&quot;:&quot;4&quot;,&quot;slides_per_view_mobile&quot;:&quot;2&quot;,&quot;skin&quot;:&quot;carousel&quot;,&quot;effect&quot;:&quot;slide&quot;,&quot;speed&quot;:500,&quot;autoplay&quot;:&quot;yes&quot;,&quot;autoplay_speed&quot;:5000,&quot;loop&quot;:&quot;yes&quot;,&quot;pause_on_hover&quot;:&quot;yes&quot;,&quot;pause_on_interaction&quot;:&quot;yes&quot;,&quot;space_between&quot;:{&quot;unit&quot;:&quot;px&quot;,&quot;size&quot;:10,&quot;sizes&quot;:[]},&quot;space_between_tablet&quot;:{&quot;unit&quot;:&quot;px&quot;,&quot;size&quot;:10,&quot;sizes&quot;:[]},&quot;space_between_mobile&quot;:{&quot;unit&quot;:&quot;px&quot;,&quot;size&quot;:10,&quot;sizes&quot;:[]}}\" data-widget_type=\"media-carousel.default\">\n\t\t\t\t<div class=\"elementor-widget-container\">\n\t\t\t\t\t<div class=\"elementor-swiper\">\n\t\t\t<div class=\"elementor-main-swiper swiper\">\n\t\t\t\t<div class=\"swiper-wrapper\">\n\t\t\t\t\t\t\t\t\t\t\t<div class=\"swiper-slide\">\n\t\t\t\t\t\t\t\t\t<div class=\"elementor-carousel-image\" role=\"img\" aria-label=\"1756803359-Malaysian customers-5\" style=\"background-image: url(&#039;https:\/\/www.chuxin-smt.com\/wp-content\/uploads\/2025\/09\/1756803359-Malaysian-customers-5.jpg&#039;)\">\n\n\t\t\t\n\t\t\t\t\t<\/div>\n\t\t\t\t\t\t\t\t<\/div>\n\t\t\t\t\t\t\t\t\t\t\t<div class=\"swiper-slide\">\n\t\t\t\t\t\t\t\t\t<div class=\"elementor-carousel-image\" role=\"img\" aria-label=\"1756778979-customers-2\" style=\"background-image: url(&#039;https:\/\/www.chuxin-smt.com\/wp-content\/uploads\/2025\/09\/1756778979-customers-2.jpg&#039;)\">\n\n\t\t\t\n\t\t\t\t\t<\/div>\n\t\t\t\t\t\t\t\t<\/div>\n\t\t\t\t\t\t\t\t\t\t\t<div class=\"swiper-slide\">\n\t\t\t\t\t\t\t\t\t<div class=\"elementor-carousel-image\" role=\"img\" aria-label=\"1756803354-Malaysian customers-3\" style=\"background-image: url(&#039;https:\/\/www.chuxin-smt.com\/wp-content\/uploads\/2025\/09\/1756803354-Malaysian-customers-3.jpg&#039;)\">\n\n\t\t\t\n\t\t\t\t\t<\/div>\n\t\t\t\t\t\t\t\t<\/div>\n\t\t\t\t\t\t\t\t\t\t\t<div class=\"swiper-slide\">\n\t\t\t\t\t\t\t\t\t<div class=\"elementor-carousel-image\" role=\"img\" aria-label=\"1756803348-Clientes malayos\" style=\"background-image: url(&#039;https:\/\/www.chuxin-smt.com\/wp-content\/uploads\/2025\/09\/1756803348-Malaysian-customers.jpg&#039;)\">\n\n\t\t\t\n\t\t\t\t\t<\/div>\n\t\t\t\t\t\t\t\t<\/div>\n\t\t\t\t\t\t\t\t\t\t\t<div class=\"swiper-slide\">\n\t\t\t\t\t\t\t\t\t<div class=\"elementor-carousel-image\" role=\"img\" aria-label=\"1756803352-Malaysian customers-2\" style=\"background-image: url(&#039;https:\/\/www.chuxin-smt.com\/wp-content\/uploads\/2025\/09\/1756803352-Malaysian-customers-2.jpg&#039;)\">\n\n\t\t\t\n\t\t\t\t\t<\/div>\n\t\t\t\t\t\t\t\t<\/div>\n\t\t\t\t\t\t\t\t\t\t\t<div class=\"swiper-slide\">\n\t\t\t\t\t\t\t\t\t<div class=\"elementor-carousel-image\" role=\"img\" aria-label=\"1756803345-Clientes de Foxconn-3\" style=\"background-image: url(&#039;https:\/\/www.chuxin-smt.com\/wp-content\/uploads\/2025\/09\/1756803345-Foxconn-customers-3.jpg&#039;)\">\n\n\t\t\t\n\t\t\t\t\t<\/div>\n\t\t\t\t\t\t\t\t<\/div>\n\t\t\t\t\t\t\t\t\t\t\t<div class=\"swiper-slide\">\n\t\t\t\t\t\t\t\t\t<div class=\"elementor-carousel-image\" role=\"img\" aria-label=\"1756803335-Clientes de Foxconn\" style=\"background-image: url(&#039;https:\/\/www.chuxin-smt.com\/wp-content\/uploads\/2025\/09\/1756803335-Foxconn-customers.jpg&#039;)\">\n\n\t\t\t\n\t\t\t\t\t<\/div>\n\t\t\t\t\t\t\t\t<\/div>\n\t\t\t\t\t\t\t\t\t<\/div>\n\t\t\t\t\t\t\t\t\t\t\t\t\t\t\t\t\t\t\t\t\t<\/div>\n\t\t<\/div>\n\t\t\t\t<\/div>\n\t\t\t\t<\/div>\n\t\t\t\t\t<\/div>\n\t\t\t\t<\/div>\n\t\t<div class=\"elementor-element elementor-element-7ae20c9b e-con-full e-flex e-con e-parent\" data-id=\"7ae20c9b\" data-element_type=\"container\">\n\t\t\t\t<div class=\"elementor-element elementor-element-3f3e5bd7 elementor-cta--layout-image-right elementor-cta--mobile-layout-image-above elementor-cta--skin-classic elementor-animated-content elementor-bg-transform elementor-bg-transform-zoom-in elementor-widget elementor-widget-call-to-action\" data-id=\"3f3e5bd7\" data-element_type=\"widget\" data-widget_type=\"call-to-action.default\">\n\t\t\t\t<div class=\"elementor-widget-container\">\n\t\t\t\t\t<div class=\"elementor-cta\">\n\t\t\t\t\t<div class=\"elementor-cta__bg-wrapper\">\n\t\t\t\t<div class=\"elementor-cta__bg elementor-bg\" style=\"background-image: url(https:\/\/www.chuxin-smt.com\/wp-content\/uploads\/2025\/04\/1744707680-\u6c5f\u95e8\u5de5\u5382.jpg);\" role=\"img\" aria-label=\"F\u00c1BRICA SADOMASOQUISTA\"><\/div>\n\t\t\t\t<div class=\"elementor-cta__bg-overlay\"><\/div>\n\t\t\t<\/div>\n\t\t\t\t\t\t\t<div class=\"elementor-cta__content\">\n\t\t\t\t\n\t\t\t\t\t\t\t\t\t<span class=\"elementor-cta__title elementor-cta__content-item elementor-content-item\">\n\t\t\t\t\t\t\u00bfNecesita equipos SMT?\t\t\t\t\t<\/span>\n\t\t\t\t\n\t\t\t\t\t\t\t\t\t<div class=\"elementor-cta__description elementor-cta__content-item elementor-content-item\">\n\t\t\t\t\t\tSolicite una consulta y un presupuesto gratuitos\t\t\t\t\t<\/div>\n\t\t\t\t\n\t\t\t\t\t\t\t\t\t<div class=\"elementor-cta__button-wrapper elementor-cta__content-item elementor-content-item\">\n\t\t\t\t\t<a class=\"elementor-cta__button elementor-button elementor-size-md\" href=\"https:\/\/www.chuxin-smt.com\/es\/contacts\/\">\n\t\t\t\t\t\tContacte con nosotros\t\t\t\t\t<\/a>\n\t\t\t\t\t<\/div>\n\t\t\t\t\t\t\t<\/div>\n\t\t\t\t\t\t<\/div>\n\t\t\t\t<\/div>\n\t\t\t\t<\/div>\n\t\t\t\t<\/div>\n\t\t\t\t<\/div>","protected":false},"excerpt":{"rendered":"<p>OUTLINE Application of S&#038;M SMT equipment in automotive electronics 1) Automotive electronics industry demands and trends: intelligence and automotive-grade reliability [&hellip;]<\/p>","protected":false},"author":1,"featured_media":0,"parent":0,"menu_order":0,"comment_status":"closed","ping_status":"closed","template":"","meta":{"_acf_changed":false,"site-sidebar-layout":"no-sidebar","site-content-layout":"","ast-site-content-layout":"full-width-container","site-content-style":"default","site-sidebar-style":"default","ast-global-header-display":"","ast-banner-title-visibility":"","ast-main-header-display":"","ast-hfb-above-header-display":"","ast-hfb-below-header-display":"","ast-hfb-mobile-header-display":"","site-post-title":"disabled","ast-breadcrumbs-content":"","ast-featured-img":"disabled","footer-sml-layout":"","theme-transparent-header-meta":"default","adv-header-id-meta":"","stick-header-meta":"","header-above-stick-meta":"","header-main-stick-meta":"","header-below-stick-meta":"","astra-migrate-meta-layouts":"set","ast-page-background-enabled":"default","ast-page-background-meta":{"desktop":{"background-color":"var(--ast-global-color-4)","background-image":"","background-repeat":"repeat","background-position":"center center","background-size":"auto","background-attachment":"scroll","background-type":"","background-media":"","overlay-type":"","overlay-color":"","overlay-opacity":"","overlay-gradient":""},"tablet":{"background-color":"","background-image":"","background-repeat":"repeat","background-position":"center center","background-size":"auto","background-attachment":"scroll","background-type":"","background-media":"","overlay-type":"","overlay-color":"","overlay-opacity":"","overlay-gradient":""},"mobile":{"background-color":"","background-image":"","background-repeat":"repeat","background-position":"center center","background-size":"auto","background-attachment":"scroll","background-type":"","background-media":"","overlay-type":"","overlay-color":"","overlay-opacity":"","overlay-gradient":""}},"ast-content-background-meta":{"desktop":{"background-color":"var(--ast-global-color-5)","background-image":"","background-repeat":"repeat","background-position":"center center","background-size":"auto","background-attachment":"scroll","background-type":"","background-media":"","overlay-type":"","overlay-color":"","overlay-opacity":"","overlay-gradient":""},"tablet":{"background-color":"var(--ast-global-color-5)","background-image":"","background-repeat":"repeat","background-position":"center center","background-size":"auto","background-attachment":"scroll","background-type":"","background-media":"","overlay-type":"","overlay-color":"","overlay-opacity":"","overlay-gradient":""},"mobile":{"background-color":"var(--ast-global-color-5)","background-image":"","background-repeat":"repeat","background-position":"center center","background-size":"auto","background-attachment":"scroll","background-type":"","background-media":"","overlay-type":"","overlay-color":"","overlay-opacity":"","overlay-gradient":""}}},"class_list":["post-2915","page","type-page","status-publish","hentry"],"acf":[],"_links":{"self":[{"href":"https:\/\/www.chuxin-smt.com\/es\/wp-json\/wp\/v2\/pages\/2915","targetHints":{"allow":["GET"]}}],"collection":[{"href":"https:\/\/www.chuxin-smt.com\/es\/wp-json\/wp\/v2\/pages"}],"about":[{"href":"https:\/\/www.chuxin-smt.com\/es\/wp-json\/wp\/v2\/types\/page"}],"author":[{"embeddable":true,"href":"https:\/\/www.chuxin-smt.com\/es\/wp-json\/wp\/v2\/users\/1"}],"replies":[{"embeddable":true,"href":"https:\/\/www.chuxin-smt.com\/es\/wp-json\/wp\/v2\/comments?post=2915"}],"version-history":[{"count":0,"href":"https:\/\/www.chuxin-smt.com\/es\/wp-json\/wp\/v2\/pages\/2915\/revisions"}],"wp:attachment":[{"href":"https:\/\/www.chuxin-smt.com\/es\/wp-json\/wp\/v2\/media?parent=2915"}],"curies":[{"name":"wp","href":"https:\/\/api.w.org\/{rel}","templated":true}]}}