{"id":2897,"date":"2025-09-03T13:03:53","date_gmt":"2025-09-03T05:03:53","guid":{"rendered":"https:\/\/www.chuxin-smt.com\/?page_id=2897"},"modified":"2025-09-05T16:08:40","modified_gmt":"2025-09-05T08:08:40","slug":"home-appliances-smart-home","status":"publish","type":"page","link":"https:\/\/www.chuxin-smt.com\/fi\/home-appliances-smart-home\/","title":{"rendered":"Kodinkoneet &amp; \u00c4lyk\u00e4s koti"},"content":{"rendered":"<div data-elementor-type=\"wp-page\" data-elementor-id=\"2897\" class=\"elementor elementor-2897\" data-elementor-post-type=\"page\">\n\t\t\t\t<div class=\"elementor-element elementor-element-56864aa2 e-con-full e-flex e-con e-parent\" data-id=\"56864aa2\" data-element_type=\"container\" data-settings=\"{&quot;background_background&quot;:&quot;classic&quot;}\">\n\t\t<div class=\"elementor-element elementor-element-6c7da674 e-con-full e-flex e-con e-child\" data-id=\"6c7da674\" data-element_type=\"container\">\n\t\t\t\t<div class=\"elementor-element elementor-element-5e5a1a35 elementor-widget elementor-widget-heading\" data-id=\"5e5a1a35\" data-element_type=\"widget\" data-widget_type=\"heading.default\">\n\t\t\t\t<div class=\"elementor-widget-container\">\n\t\t\t<h2 class=\"elementor-heading-title elementor-size-default\">OUTLINE<\/h2>\t\t<\/div>\n\t\t\t\t<\/div>\n\t\t\t\t<div class=\"elementor-element elementor-element-3c0b9f4e elementor-widget__width-initial elementor-absolute elementor-widget-tablet__width-initial elementor-widget-mobile__width-initial elementor-widget elementor-widget-spacer\" data-id=\"3c0b9f4e\" data-element_type=\"widget\" data-settings=\"{&quot;_position&quot;:&quot;absolute&quot;}\" data-widget_type=\"spacer.default\">\n\t\t\t\t<div class=\"elementor-widget-container\">\n\t\t\t\t\t<div class=\"elementor-spacer\">\n\t\t\t<div class=\"elementor-spacer-inner\"><\/div>\n\t\t<\/div>\n\t\t\t\t<\/div>\n\t\t\t\t<\/div>\n\t\t<div class=\"elementor-element elementor-element-26a498cf e-con-full e-flex e-con e-child\" data-id=\"26a498cf\" data-element_type=\"container\">\n\t\t\t\t<div class=\"elementor-element elementor-element-13d952d0 elementor-widget elementor-widget-text-editor\" data-id=\"13d952d0\" data-element_type=\"widget\" data-widget_type=\"text-editor.default\">\n\t\t\t\t<div class=\"elementor-widget-container\">\n\t\t\t\t\t\t\t<p>1) Kodinkoneet ja \u00e4lykotimarkkinoiden trendit<\/p><p>2) SMT-laitteiden rooli ohjaustaulujen ja viestint\u00e4moduulien tuotannossa.<\/p><p>3) Tuotevaatimukset: vakaus, massatuotantokyky<\/p><p>4) Reflow-juottamisen, aaltojuottamisen, valikoivan aaltojuottamisen ja oheislaitteiden soveltuvuus ja edut<\/p><p>5\uff09Todelliset tapaukset: \u00e4lykk\u00e4\u00e4t j\u00e4\u00e4kaapit, ilmastoinnin ohjauspaneelit, IoT-moduulit.<\/p>\t\t\t\t\t\t<\/div>\n\t\t\t\t<\/div>\n\t\t\t\t<div class=\"elementor-element elementor-element-7a847515 elementor-button-align-stretch elementor-widget elementor-widget-form\" data-id=\"7a847515\" data-element_type=\"widget\" data-settings=\"{&quot;step_next_label&quot;:&quot;Next&quot;,&quot;step_previous_label&quot;:&quot;Previous&quot;,&quot;button_width&quot;:&quot;40&quot;,&quot;step_type&quot;:&quot;number_text&quot;,&quot;step_icon_shape&quot;:&quot;circle&quot;}\" data-widget_type=\"form.default\">\n\t\t\t\t<div class=\"elementor-widget-container\">\n\t\t\t\t\t<form class=\"elementor-form\" method=\"post\" name=\"Newsletter\" action=\"\">\n\t\t\t<input type=\"hidden\" name=\"post_id\" value=\"2897\"\/>\n\t\t\t<input type=\"hidden\" name=\"form_id\" value=\"7a847515\"\/>\n\t\t\t<input type=\"hidden\" name=\"referer_title\" value=\"Home Appliances &#038;Smart Home\" \/>\n\n\t\t\t\t\t\t\t<input type=\"hidden\" name=\"queried_id\" value=\"2897\"\/>\n\t\t\t\n\t\t\t<div class=\"elementor-form-fields-wrapper elementor-labels-\">\n\t\t\t\t\t\t\t\t<div class=\"elementor-field-type-email elementor-field-group elementor-column elementor-field-group-email elementor-col-60 elementor-field-required\">\n\t\t\t\t\t\t\t\t\t\t\t\t<label for=\"form-field-email\" class=\"elementor-field-label elementor-screen-only\">\n\t\t\t\t\t\t\t\tS\u00e4hk\u00f6posti\t\t\t\t\t\t\t<\/label>\n\t\t\t\t\t\t\t\t\t\t\t\t\t\t<input size=\"1\" type=\"email\" name=\"form_fields[email]\" id=\"form-field-email\" class=\"elementor-field elementor-size-sm  elementor-field-textual\" placeholder=\"S\u00e4hk\u00f6posti\" required=\"required\" aria-required=\"true\">\n\t\t\t\t\t\t\t\t\t\t\t<\/div>\n\t\t\t\t\t\t\t\t<div class=\"elementor-field-group elementor-column elementor-field-type-submit elementor-col-40 e-form__buttons\">\n\t\t\t\t\t<button class=\"elementor-button elementor-size-sm\" type=\"submit\">\n\t\t\t\t\t\t<span class=\"elementor-button-content-wrapper\">\n\t\t\t\t\t\t\t\t\t\t\t\t\t\t\t\t\t\t\t\t\t\t<span class=\"elementor-button-text\">Tilaa <\/span>\n\t\t\t\t\t\t\t\t\t\t\t\t\t<\/span>\n\t\t\t\t\t<\/button>\n\t\t\t\t<\/div>\n\t\t\t<\/div>\n\t\t<input type=\"hidden\" name=\"trp-form-language\" value=\"fi\"\/><\/form>\n\t\t\t\t<\/div>\n\t\t\t\t<\/div>\n\t\t\t\t<\/div>\n\t\t\t\t<\/div>\n\t\t<div class=\"elementor-element elementor-element-69d5169a e-con-full e-flex e-con e-child\" data-id=\"69d5169a\" data-element_type=\"container\" data-settings=\"{&quot;background_background&quot;:&quot;classic&quot;}\">\n\t\t\t\t<\/div>\n\t\t\t\t<\/div>\n\t\t<div class=\"elementor-element elementor-element-71870e0e e-flex e-con-boxed e-con e-parent\" data-id=\"71870e0e\" data-element_type=\"container\">\n\t\t\t\t\t<div class=\"e-con-inner\">\n\t\t\t\t<div class=\"elementor-element elementor-element-417a7840 elementor-widget elementor-widget-heading\" data-id=\"417a7840\" data-element_type=\"widget\" data-widget_type=\"heading.default\">\n\t\t\t\t<div class=\"elementor-widget-container\">\n\t\t\t<h2 class=\"elementor-heading-title elementor-size-default\">S&amp;M SMT-laitteiden k\u00e4ytt\u00f6 kodinkoneissa ja \u00e4lykk\u00e4\u00e4ss\u00e4 kodissa<\/h2>\t\t<\/div>\n\t\t\t\t<\/div>\n\t\t\t\t\t<\/div>\n\t\t\t\t<\/div>\n\t\t<div class=\"elementor-element elementor-element-13454bc1 e-flex e-con-boxed e-con e-parent\" data-id=\"13454bc1\" data-element_type=\"container\">\n\t\t\t\t\t<div class=\"e-con-inner\">\n\t\t\t\t<div class=\"elementor-element elementor-element-64dc8214 elementor-widget elementor-widget-text-editor\" data-id=\"64dc8214\" data-element_type=\"widget\" data-widget_type=\"text-editor.default\">\n\t\t\t\t<div class=\"elementor-widget-container\">\n\t\t\t\t\t\t\t<p>Kodinkoneteollisuuden kehittyess\u00e4 kohti \u00e4lykkyytt\u00e4 ja esineiden internetin hy\u00f6dynt\u00e4mist\u00e4 \u00e4lykk\u00e4iden j\u00e4\u00e4kaappien, ilmastointilaitteiden, pesukoneiden ja \u00e4lytelevisioiden kysynt\u00e4 kasvaa jatkuvasti. Tuotekierroksilla ei tavoitella ainoastaan korkeaa suorituskyky\u00e4 ja monitoimisuutta, vaan my\u00f6s pienempi\u00e4, ohuempia ja luotettavampia ohjaus- ja viestint\u00e4moduuleja.<\/p><p><span style=\"color: #ff0000;\"><strong>Haier, Midea, Gree ja TCL,<\/strong><\/span> maailmanlaajuisesti tunnetut kodinkonemerkit p\u00e4ivitt\u00e4v\u00e4t kattavasti \u00e4lykk\u00e4it\u00e4 kodintuotteitaan, mik\u00e4 edellytt\u00e4\u00e4 laajamittaista, vakaata ja eritt\u00e4in tarkkaa elektroniikan valmistuskapasiteettia. S&amp;M tarjoaa asiakkaille t\u00e4ydellisi\u00e4 linjaratkaisuja SMT:st\u00e4 ja juottamisesta \u00e4lykk\u00e4\u00e4seen oheislaitteiden hallintaan, mik\u00e4 tukee \u00e4lykk\u00e4iden kodinkoneiden tehokasta ja luotettavaa tuotantoa. T\u00e4t\u00e4 taustaa vasten S&amp;M:n SMT-laitteet ovat eritt\u00e4in luotettavia.<\/p>\t\t\t\t\t\t<\/div>\n\t\t\t\t<\/div>\n\t\t\t\t\t<\/div>\n\t\t\t\t<\/div>\n\t\t<div class=\"elementor-element elementor-element-7a79fe4a e-flex e-con-boxed e-con e-parent\" data-id=\"7a79fe4a\" data-element_type=\"container\">\n\t\t\t\t\t<div class=\"e-con-inner\">\n\t\t<div class=\"elementor-element elementor-element-5a49e714 e-con-full e-flex e-con e-child\" data-id=\"5a49e714\" data-element_type=\"container\">\n\t\t\t\t<div class=\"elementor-element elementor-element-169a2900 elementor-widget elementor-widget-heading\" data-id=\"169a2900\" data-element_type=\"widget\" data-widget_type=\"heading.default\">\n\t\t\t\t<div class=\"elementor-widget-container\">\n\t\t\t<h2 class=\"elementor-heading-title elementor-size-default\">SMT-laitteiden rooli ohjaustaulujen ja viestint\u00e4moduulien tuotannossa.<\/h2>\t\t<\/div>\n\t\t\t\t<\/div>\n\t\t\t\t<\/div>\n\t\t\t\t\t<\/div>\n\t\t\t\t<\/div>\n\t\t<div class=\"elementor-element elementor-element-4352c9c7 e-flex e-con-boxed e-con e-parent\" data-id=\"4352c9c7\" data-element_type=\"container\">\n\t\t\t\t\t<div class=\"e-con-inner\">\n\t\t\t\t<div class=\"elementor-element elementor-element-7843e1 elementor-widget elementor-widget-text-editor\" data-id=\"7843e1\" data-element_type=\"widget\" data-widget_type=\"text-editor.default\">\n\t\t\t\t<div class=\"elementor-widget-container\">\n\t\t\t\t\t\t\t<p>Ohjauskortit ja viestint\u00e4moduulit ovat \u00e4lykk\u00e4iden kodinkoneiden \"aivot\". N\u00e4m\u00e4 piirilevyt vaativat usein tihe\u00e4sti t\u00e4ytettyj\u00e4 komponentteja ja vakaita viestint\u00e4ominaisuuksia.<\/p><p><span style=\"color: #ff0000;\"><strong>Haier<\/strong><\/span>\u00a0k\u00e4ytt\u00e4\u00e4 S&amp;M-reflow-juotoslaitteita IoT-j\u00e4\u00e4kaappiensa ja \u00e4lykk\u00e4iden pesukoneidensa ohjauspaneelien tuotannossa, mik\u00e4 takaa monimutkaisten piirilevyjen luotettavan juottamisen.<\/p><p><strong><span style=\"color: #ff0000;\">Midea ja Gree<\/span><\/strong>\u00a0k\u00e4ytt\u00e4v\u00e4t S&amp;M:n t\u00e4ysin automaattisia lastaus- ja purkauskoneita ja telakointiasemia ilmastointilaitteiden p\u00e4\u00e4ohjauskorttien ja Wi-Fi-moduulien tuotannossa, mik\u00e4 takaa sujuvan korttien siirron ja reaaliaikaisen tarkastuksen nopeilla tuotantolinjoilla.<\/p><p><strong><span style=\"color: #ff0000;\">S&amp;M<\/span><\/strong> SMT-laitteet auttavat asiakkaita varmistamaan massatuotannon vakauden ja jokaisen ohjaustaulun luotettavuuden.<\/p>\t\t\t\t\t\t<\/div>\n\t\t\t\t<\/div>\n\t\t\t\t\t<\/div>\n\t\t\t\t<\/div>\n\t\t<div class=\"elementor-element elementor-element-55e9a910 e-flex e-con-boxed e-con e-parent\" data-id=\"55e9a910\" data-element_type=\"container\">\n\t\t\t\t\t<div class=\"e-con-inner\">\n\t\t\t\t<div class=\"elementor-element elementor-element-611b3087 elementor-widget elementor-widget-heading\" data-id=\"611b3087\" data-element_type=\"widget\" data-widget_type=\"heading.default\">\n\t\t\t\t<div class=\"elementor-widget-container\">\n\t\t\t<h2 class=\"elementor-heading-title elementor-size-default\">Tuotevaatimukset: vakaus, massatuotantokyky<\/h2>\t\t<\/div>\n\t\t\t\t<\/div>\n\t\t\t\t<div class=\"elementor-element elementor-element-80c0adb elementor-widget elementor-widget-text-editor\" data-id=\"80c0adb\" data-element_type=\"widget\" data-widget_type=\"text-editor.default\">\n\t\t\t\t<div class=\"elementor-widget-container\">\n\t\t\t\t\t\t\t<p>Kodinkoneiden ohjauspaneelit asettavat eritt\u00e4in suuria vaatimuksia tuotantolinjan jatkuvuudelle ja massatuotantokapasiteetille. Jokainen linjan pys\u00e4htyminen tai juotosvika vaikuttaa suoraan toimituksiin ja k\u00e4ytt\u00e4j\u00e4kokemukseen.<\/p><p><strong><span style=\"color: #ff0000;\">Gree ja TCL<\/span><\/strong> ilmastointilaitteiden ja \u00e4lytelevisioiden tuotantolinjat toimivat suurella kuormituksella ymp\u00e4ri vuoden, joten ne vaativat laitteita, joilla on korkea vakaus, korkea tuotto ja kyky vaihtaa linjoja nopeasti.<\/p><p>S&amp;M:n t\u00e4ydelliset SMT-linjaratkaisut, mukaan lukien reflow-, aaltojuotto-, valikoiva aaltojuotto- ja \u00e4lykk\u00e4\u00e4t oheislaitteet, tukevat vakaata 24\/7-toimintaa asiakkaiden laajamittaisten ja pitk\u00e4aikaisten tuotantotarpeiden t\u00e4ytt\u00e4miseksi.<\/p>\t\t\t\t\t\t<\/div>\n\t\t\t\t<\/div>\n\t\t\t\t\t<\/div>\n\t\t\t\t<\/div>\n\t\t<div class=\"elementor-element elementor-element-762a4234 e-flex e-con-boxed e-con e-parent\" data-id=\"762a4234\" data-element_type=\"container\">\n\t\t\t\t\t<div class=\"e-con-inner\">\n\t\t\t\t<div class=\"elementor-element elementor-element-107be8d5 elementor-widget elementor-widget-heading\" data-id=\"107be8d5\" data-element_type=\"widget\" data-widget_type=\"heading.default\">\n\t\t\t\t<div class=\"elementor-widget-container\">\n\t\t\t<h2 class=\"elementor-heading-title elementor-size-default\">Reflow-juottamisen, aaltojuottamisen, valikoivan aaltojuottamisen ja \u00e4lykk\u00e4iden siirtolaitteiden soveltuvuus ja edut<\/h2>\t\t<\/div>\n\t\t\t\t<\/div>\n\t\t<div class=\"elementor-element elementor-element-5a090948 e-con-full e-flex e-con e-child\" data-id=\"5a090948\" data-element_type=\"container\">\n\t\t\t\t<div class=\"elementor-element elementor-element-410cd17 elementor-widget elementor-widget-text-editor\" data-id=\"410cd17\" data-element_type=\"widget\" data-widget_type=\"text-editor.default\">\n\t\t\t\t<div class=\"elementor-widget-container\">\n\t\t\t\t\t\t\t<p>S&amp;M tarjoaa t\u00e4yden valikoiman juotos- ja \u00e4lykk\u00e4it\u00e4 siirtolaitteita kodinkoneiden ja \u00e4lykotituotteiden tuotantoon:<\/p><p><strong><span style=\"color: #ff6600;\"><a style=\"color: #ff6600;\" href=\"https:\/\/www.chuxin-smt.com\/fi\/reflow-oven\/\">Reflow-juottaminen<\/a><\/span><\/strong>: Varmistaa juotosluotettavuuden ja v\u00e4hent\u00e4\u00e4 tyhji\u00e4 kohtia ohjauspaneeleissa jopa tihe\u00e4ss\u00e4 kokoonpanossa.<\/p><p><a href=\"https:\/\/www.chuxin-smt.com\/fi\/wave-solder\/\"><strong><span style=\"color: #ff6600;\">Aaltojuottaminen ja valikoiva aaltojuottaminen<\/span><\/strong><\/a><strong><span style=\"color: #ff6600;\">g<\/span><\/strong>: Soveltuu l\u00e4pireik\u00e4isten komponenttien, kuten ilmastointilaitteiden ja j\u00e4\u00e4kaappien virtalevyjen ja relelevyjen, juottamiseen eriss\u00e4.<\/p><p>\u00c4lykk\u00e4\u00e4t siirtolaitteet: T\u00e4m\u00e4 varmistaa tuotantolinjan sujuvan toiminnan ja minimoi manuaaliset toimenpiteet.<\/p>\t\t\t\t\t\t<\/div>\n\t\t\t\t<\/div>\n\t\t\t\t<div class=\"elementor-element elementor-element-9e1a9a0 elementor-widget elementor-widget-heading\" data-id=\"9e1a9a0\" data-element_type=\"widget\" data-widget_type=\"heading.default\">\n\t\t\t\t<div class=\"elementor-widget-container\">\n\t\t\t<h2 class=\"elementor-heading-title elementor-size-default\">Konkreettiset tapaukset: \u00e4lykk\u00e4\u00e4t j\u00e4\u00e4kaapit, ilmastoinnin ohjauspaneelit, IoT-moduulit.<\/h2>\t\t<\/div>\n\t\t\t\t<\/div>\n\t\t\t\t<div class=\"elementor-element elementor-element-7b34908 elementor-widget elementor-widget-text-editor\" data-id=\"7b34908\" data-element_type=\"widget\" data-widget_type=\"text-editor.default\">\n\t\t\t\t<div class=\"elementor-widget-container\">\n\t\t\t\t\t\t\t<p>S&amp;M:n laitteet ovat osoittautuneet hyv\u00e4ksi useiden asiakkaiden \u00e4lykk\u00e4iden kodinkoneiden tuotannossa:<\/p><p><strong><span style=\"color: #ff0000;\">Haierin<\/span> <\/strong>IoT-j\u00e4\u00e4kaappien ohjauspaneelien tuotantolinjalla k\u00e4ytet\u00e4\u00e4n S&amp;M:n reflow-juotos- ja oheislaitteita, jotka tuottavat tehokkaasti ja vakaasti miljoona ohjauspaneelia vuodessa;<\/p><p><strong><span style=\"color: #ff0000;\">Midea ja Gree<\/span> <\/strong>Ilmastointilaitteen ohjauspaneelin ja Wi-Fi-moduulin projekteissa hy\u00f6dynnet\u00e4\u00e4n aaltojuotto- ja valikoivaa aaltojuottotekniikkaamme, jolla saavutetaan eritt\u00e4in luotettava suuritehoisten levyjen juottaminen;<\/p><p><strong><span style=\"color: #ff0000;\">TCL:n<\/span><\/strong> Smart TV:n p\u00e4\u00e4ohjauskorttien tuotannossa k\u00e4ytet\u00e4\u00e4n S&amp;M:n automatisoituja tuotantolinjoja, jotka mahdollistavat joustavan vaihtamisen useisiin malleihin ja suuren volyymin toimitukset.<\/p><p>N\u00e4iden k\u00e4yt\u00e4nn\u00f6n sovellustapausten avulla S&amp;M osoittaa teknologista vahvuuttaan kodinkoneiden ja \u00e4lykotien alalla ja auttaa asiakkaita saavuttamaan \u00e4lykk\u00e4\u00e4t ja skaalautuvat valmistustavoitteet tehokkaiden ja luotettavien laitteidensa avulla.<\/p>\t\t\t\t\t\t<\/div>\n\t\t\t\t<\/div>\n\t\t\t\t<\/div>\n\t\t\t\t\t<\/div>\n\t\t\t\t<\/div>\n\t\t<div class=\"elementor-element elementor-element-548398cd e-flex e-con-boxed e-con e-parent\" data-id=\"548398cd\" data-element_type=\"container\" data-settings=\"{&quot;background_background&quot;:&quot;classic&quot;}\">\n\t\t\t\t\t<div class=\"e-con-inner\">\n\t\t\t\t<div class=\"elementor-element elementor-element-14da8751 elementor-widget elementor-widget-heading\" data-id=\"14da8751\" data-element_type=\"widget\" data-widget_type=\"heading.default\">\n\t\t\t\t<div class=\"elementor-widget-container\">\n\t\t\t<h2 class=\"elementor-heading-title elementor-size-default\">Sovelluksen arvo<\/h2>\t\t<\/div>\n\t\t\t\t<\/div>\n\t\t\t\t<div class=\"elementor-element elementor-element-251e4fd8 elementor-widget elementor-widget-text-editor\" data-id=\"251e4fd8\" data-element_type=\"widget\" data-widget_type=\"text-editor.default\">\n\t\t\t\t<div class=\"elementor-widget-container\">\n\t\t\t\t\t\t\t<p>Sovellusarvo: S&amp;M auttaa asiakkaita s\u00e4ilytt\u00e4m\u00e4\u00e4n kilpailuedun maailmanlaajuisilla \u00e4lylaitteistomarkkinoilla parantamalla tuotantolinjojen automaatiota, v\u00e4hent\u00e4m\u00e4ll\u00e4 vikam\u00e4\u00e4ri\u00e4 ja tukemalla tuotannon joustavaa laajentamista.<\/p>\t\t\t\t\t\t<\/div>\n\t\t\t\t<\/div>\n\t\t\t\t<div class=\"elementor-element elementor-element-756b69e0 elementor-skin-carousel elementor-widget elementor-widget-media-carousel\" data-id=\"756b69e0\" data-element_type=\"widget\" data-settings=\"{&quot;slides_per_view&quot;:&quot;5&quot;,&quot;slides_to_scroll&quot;:&quot;1&quot;,&quot;slides_per_view_tablet&quot;:&quot;4&quot;,&quot;slides_per_view_mobile&quot;:&quot;2&quot;,&quot;skin&quot;:&quot;carousel&quot;,&quot;effect&quot;:&quot;slide&quot;,&quot;speed&quot;:500,&quot;autoplay&quot;:&quot;yes&quot;,&quot;autoplay_speed&quot;:5000,&quot;loop&quot;:&quot;yes&quot;,&quot;pause_on_hover&quot;:&quot;yes&quot;,&quot;pause_on_interaction&quot;:&quot;yes&quot;,&quot;space_between&quot;:{&quot;unit&quot;:&quot;px&quot;,&quot;size&quot;:10,&quot;sizes&quot;:[]},&quot;space_between_tablet&quot;:{&quot;unit&quot;:&quot;px&quot;,&quot;size&quot;:10,&quot;sizes&quot;:[]},&quot;space_between_mobile&quot;:{&quot;unit&quot;:&quot;px&quot;,&quot;size&quot;:10,&quot;sizes&quot;:[]}}\" data-widget_type=\"media-carousel.default\">\n\t\t\t\t<div class=\"elementor-widget-container\">\n\t\t\t\t\t<div class=\"elementor-swiper\">\n\t\t\t<div class=\"elementor-main-swiper swiper\">\n\t\t\t\t<div class=\"swiper-wrapper\">\n\t\t\t\t\t\t\t\t\t\t\t<div class=\"swiper-slide\">\n\t\t\t\t\t\t\t\t\t<div class=\"elementor-carousel-image\" role=\"img\" aria-label=\"1756803359-Malaysian customers-5\" style=\"background-image: url(&#039;https:\/\/www.chuxin-smt.com\/wp-content\/uploads\/2025\/09\/1756803359-Malaysian-customers-5.jpg&#039;)\">\n\n\t\t\t\n\t\t\t\t\t<\/div>\n\t\t\t\t\t\t\t\t<\/div>\n\t\t\t\t\t\t\t\t\t\t\t<div class=\"swiper-slide\">\n\t\t\t\t\t\t\t\t\t<div class=\"elementor-carousel-image\" role=\"img\" aria-label=\"1756876477-\u91cd\u5e86\u6d77\u5c14\u6ce2\u5cf0\u710a\" style=\"background-image: url(&#039;https:\/\/www.chuxin-smt.com\/wp-content\/uploads\/2025\/09\/1756876477-\u91cd\u5e86\u6d77\u5c14\u6ce2\u5cf0\u710a-scaled.jpg&#039;)\">\n\n\t\t\t\n\t\t\t\t\t<\/div>\n\t\t\t\t\t\t\t\t<\/div>\n\t\t\t\t\t\t\t\t\t\t\t<div class=\"swiper-slide\">\n\t\t\t\t\t\t\t\t\t<div class=\"elementor-carousel-image\" role=\"img\" aria-label=\"1756803354-Malaysian customers-3\" style=\"background-image: url(&#039;https:\/\/www.chuxin-smt.com\/wp-content\/uploads\/2025\/09\/1756803354-Malaysian-customers-3.jpg&#039;)\">\n\n\t\t\t\n\t\t\t\t\t<\/div>\n\t\t\t\t\t\t\t\t<\/div>\n\t\t\t\t\t\t\t\t\t\t\t<div class=\"swiper-slide\">\n\t\t\t\t\t\t\t\t\t<div class=\"elementor-carousel-image\" role=\"img\" aria-label=\"1756803348 - Malesian asiakkaat\" style=\"background-image: url(&#039;https:\/\/www.chuxin-smt.com\/wp-content\/uploads\/2025\/09\/1756803348-Malaysian-customers.jpg&#039;)\">\n\n\t\t\t\n\t\t\t\t\t<\/div>\n\t\t\t\t\t\t\t\t<\/div>\n\t\t\t\t\t\t\t\t\t\t\t<div class=\"swiper-slide\">\n\t\t\t\t\t\t\t\t\t<div class=\"elementor-carousel-image\" role=\"img\" aria-label=\"1756803352-Malaysian customers-2\" style=\"background-image: url(&#039;https:\/\/www.chuxin-smt.com\/wp-content\/uploads\/2025\/09\/1756803352-Malaysian-customers-2.jpg&#039;)\">\n\n\t\t\t\n\t\t\t\t\t<\/div>\n\t\t\t\t\t\t\t\t<\/div>\n\t\t\t\t\t\t\t\t\t\t\t<div class=\"swiper-slide\">\n\t\t\t\t\t\t\t\t\t<div class=\"elementor-carousel-image\" role=\"img\" aria-label=\"1756803345-Foxconn asiakkaat-3\" style=\"background-image: url(&#039;https:\/\/www.chuxin-smt.com\/wp-content\/uploads\/2025\/09\/1756803345-Foxconn-customers-3.jpg&#039;)\">\n\n\t\t\t\n\t\t\t\t\t<\/div>\n\t\t\t\t\t\t\t\t<\/div>\n\t\t\t\t\t\t\t\t\t\t\t<div class=\"swiper-slide\">\n\t\t\t\t\t\t\t\t\t<div class=\"elementor-carousel-image\" role=\"img\" aria-label=\"1756876488-\u91cd\u5e86\u6d77\u5c14\u5468\u8fb9\u8bbe\u5907\" style=\"background-image: url(&#039;https:\/\/www.chuxin-smt.com\/wp-content\/uploads\/2025\/09\/1756876488-\u91cd\u5e86\u6d77\u5c14\u5468\u8fb9\u8bbe\u5907-scaled.jpg&#039;)\">\n\n\t\t\t\n\t\t\t\t\t<\/div>\n\t\t\t\t\t\t\t\t<\/div>\n\t\t\t\t\t\t\t\t\t<\/div>\n\t\t\t\t\t\t\t\t\t\t\t\t\t\t\t\t\t\t\t\t\t<\/div>\n\t\t<\/div>\n\t\t\t\t<\/div>\n\t\t\t\t<\/div>\n\t\t\t\t\t<\/div>\n\t\t\t\t<\/div>\n\t\t<div class=\"elementor-element elementor-element-1119417e e-con-full e-flex e-con e-parent\" data-id=\"1119417e\" data-element_type=\"container\">\n\t\t\t\t<div class=\"elementor-element elementor-element-1c9fa082 elementor-cta--layout-image-right elementor-cta--mobile-layout-image-above elementor-cta--skin-classic elementor-animated-content elementor-bg-transform elementor-bg-transform-zoom-in elementor-widget elementor-widget-call-to-action\" data-id=\"1c9fa082\" data-element_type=\"widget\" data-widget_type=\"call-to-action.default\">\n\t\t\t\t<div class=\"elementor-widget-container\">\n\t\t\t\t\t<div class=\"elementor-cta\">\n\t\t\t\t\t<div class=\"elementor-cta__bg-wrapper\">\n\t\t\t\t<div class=\"elementor-cta__bg elementor-bg\" style=\"background-image: url(https:\/\/www.chuxin-smt.com\/wp-content\/uploads\/2025\/04\/1744707680-\u6c5f\u95e8\u5de5\u5382.jpg);\" role=\"img\" aria-label=\"S&amp;M FACTORY\"><\/div>\n\t\t\t\t<div class=\"elementor-cta__bg-overlay\"><\/div>\n\t\t\t<\/div>\n\t\t\t\t\t\t\t<div class=\"elementor-cta__content\">\n\t\t\t\t\n\t\t\t\t\t\t\t\t\t<span class=\"elementor-cta__title elementor-cta__content-item elementor-content-item\">\n\t\t\t\t\t\tTarvitsetko SMT-laitteita?\t\t\t\t\t<\/span>\n\t\t\t\t\n\t\t\t\t\t\t\t\t\t<div class=\"elementor-cta__description elementor-cta__content-item elementor-content-item\">\n\t\t\t\t\t\tPyyd\u00e4 maksuton kuuleminen ja hinta-arvio\t\t\t\t\t<\/div>\n\t\t\t\t\n\t\t\t\t\t\t\t\t\t<div class=\"elementor-cta__button-wrapper elementor-cta__content-item elementor-content-item\">\n\t\t\t\t\t<a class=\"elementor-cta__button elementor-button elementor-size-md\" href=\"https:\/\/www.chuxin-smt.com\/fi\/contacts\/\">\n\t\t\t\t\t\tOta yhteytt\u00e4\t\t\t\t\t<\/a>\n\t\t\t\t\t<\/div>\n\t\t\t\t\t\t\t<\/div>\n\t\t\t\t\t\t<\/div>\n\t\t\t\t<\/div>\n\t\t\t\t<\/div>\n\t\t\t\t<\/div>\n\t\t\t\t<\/div>","protected":false},"excerpt":{"rendered":"<p>OUTLINE 1) Home Appliances and Smart Home Market Trends 2) The role of SMT equipment in the production of control [&hellip;]<\/p>","protected":false},"author":1,"featured_media":0,"parent":0,"menu_order":0,"comment_status":"closed","ping_status":"closed","template":"","meta":{"_acf_changed":false,"site-sidebar-layout":"no-sidebar","site-content-layout":"","ast-site-content-layout":"full-width-container","site-content-style":"default","site-sidebar-style":"default","ast-global-header-display":"","ast-banner-title-visibility":"","ast-main-header-display":"","ast-hfb-above-header-display":"","ast-hfb-below-header-display":"","ast-hfb-mobile-header-display":"","site-post-title":"disabled","ast-breadcrumbs-content":"","ast-featured-img":"disabled","footer-sml-layout":"","theme-transparent-header-meta":"default","adv-header-id-meta":"","stick-header-meta":"","header-above-stick-meta":"","header-main-stick-meta":"","header-below-stick-meta":"","astra-migrate-meta-layouts":"set","ast-page-background-enabled":"default","ast-page-background-meta":{"desktop":{"background-color":"var(--ast-global-color-4)","background-image":"","background-repeat":"repeat","background-position":"center center","background-size":"auto","background-attachment":"scroll","background-type":"","background-media":"","overlay-type":"","overlay-color":"","overlay-opacity":"","overlay-gradient":""},"tablet":{"background-color":"","background-image":"","background-repeat":"repeat","background-position":"center center","background-size":"auto","background-attachment":"scroll","background-type":"","background-media":"","overlay-type":"","overlay-color":"","overlay-opacity":"","overlay-gradient":""},"mobile":{"background-color":"","background-image":"","background-repeat":"repeat","background-position":"center center","background-size":"auto","background-attachment":"scroll","background-type":"","background-media":"","overlay-type":"","overlay-color":"","overlay-opacity":"","overlay-gradient":""}},"ast-content-background-meta":{"desktop":{"background-color":"var(--ast-global-color-5)","background-image":"","background-repeat":"repeat","background-position":"center center","background-size":"auto","background-attachment":"scroll","background-type":"","background-media":"","overlay-type":"","overlay-color":"","overlay-opacity":"","overlay-gradient":""},"tablet":{"background-color":"var(--ast-global-color-5)","background-image":"","background-repeat":"repeat","background-position":"center center","background-size":"auto","background-attachment":"scroll","background-type":"","background-media":"","overlay-type":"","overlay-color":"","overlay-opacity":"","overlay-gradient":""},"mobile":{"background-color":"var(--ast-global-color-5)","background-image":"","background-repeat":"repeat","background-position":"center center","background-size":"auto","background-attachment":"scroll","background-type":"","background-media":"","overlay-type":"","overlay-color":"","overlay-opacity":"","overlay-gradient":""}}},"class_list":["post-2897","page","type-page","status-publish","hentry"],"acf":[],"_links":{"self":[{"href":"https:\/\/www.chuxin-smt.com\/fi\/wp-json\/wp\/v2\/pages\/2897","targetHints":{"allow":["GET"]}}],"collection":[{"href":"https:\/\/www.chuxin-smt.com\/fi\/wp-json\/wp\/v2\/pages"}],"about":[{"href":"https:\/\/www.chuxin-smt.com\/fi\/wp-json\/wp\/v2\/types\/page"}],"author":[{"embeddable":true,"href":"https:\/\/www.chuxin-smt.com\/fi\/wp-json\/wp\/v2\/users\/1"}],"replies":[{"embeddable":true,"href":"https:\/\/www.chuxin-smt.com\/fi\/wp-json\/wp\/v2\/comments?post=2897"}],"version-history":[{"count":0,"href":"https:\/\/www.chuxin-smt.com\/fi\/wp-json\/wp\/v2\/pages\/2897\/revisions"}],"wp:attachment":[{"href":"https:\/\/www.chuxin-smt.com\/fi\/wp-json\/wp\/v2\/media?parent=2897"}],"curies":[{"name":"wp","href":"https:\/\/api.w.org\/{rel}","templated":true}]}}