{"id":2902,"date":"2025-09-03T13:44:23","date_gmt":"2025-09-03T05:44:23","guid":{"rendered":"https:\/\/www.chuxin-smt.com\/?page_id=2902"},"modified":"2025-09-05T16:10:49","modified_gmt":"2025-09-05T08:10:49","slug":"mini-led-smart-displayminiled","status":"publish","type":"page","link":"https:\/\/www.chuxin-smt.com\/fi\/mini-led-smart-displayminiled\/","title":{"rendered":"Mini LED Smart Display&amp;MiniLED"},"content":{"rendered":"<div data-elementor-type=\"wp-page\" data-elementor-id=\"2902\" class=\"elementor elementor-2902\" data-elementor-post-type=\"page\">\n\t\t\t\t<div class=\"elementor-element elementor-element-55ada3c8 e-con-full e-flex e-con e-parent\" data-id=\"55ada3c8\" data-element_type=\"container\" data-settings=\"{&quot;background_background&quot;:&quot;classic&quot;}\">\n\t\t<div class=\"elementor-element elementor-element-281af913 e-con-full e-flex e-con e-child\" data-id=\"281af913\" data-element_type=\"container\">\n\t\t\t\t<div class=\"elementor-element elementor-element-4908fc73 elementor-widget elementor-widget-heading\" data-id=\"4908fc73\" data-element_type=\"widget\" data-widget_type=\"heading.default\">\n\t\t\t\t<div class=\"elementor-widget-container\">\n\t\t\t<h2 class=\"elementor-heading-title elementor-size-default\">OUTLINE<\/h2>\t\t<\/div>\n\t\t\t\t<\/div>\n\t\t\t\t<div class=\"elementor-element elementor-element-14949236 elementor-widget__width-initial elementor-absolute elementor-widget-tablet__width-initial elementor-widget-mobile__width-initial elementor-widget elementor-widget-spacer\" data-id=\"14949236\" data-element_type=\"widget\" data-settings=\"{&quot;_position&quot;:&quot;absolute&quot;}\" data-widget_type=\"spacer.default\">\n\t\t\t\t<div class=\"elementor-widget-container\">\n\t\t\t\t\t<div class=\"elementor-spacer\">\n\t\t\t<div class=\"elementor-spacer-inner\"><\/div>\n\t\t<\/div>\n\t\t\t\t<\/div>\n\t\t\t\t<\/div>\n\t\t<div class=\"elementor-element elementor-element-299961f2 e-con-full e-flex e-con e-child\" data-id=\"299961f2\" data-element_type=\"container\">\n\t\t\t\t<div class=\"elementor-element elementor-element-7a9736aa elementor-widget elementor-widget-text-editor\" data-id=\"7a9736aa\" data-element_type=\"widget\" data-widget_type=\"text-editor.default\">\n\t\t\t\t<div class=\"elementor-widget-container\">\n\t\t\t\t\t\t\t<p>1) Technological Development of MiniLED and Smart Display<\/p><p>2) The role of SMT equipment in the production of high-precision and large-size panels<\/p><p>3) Technical requirements: low defect rate, yield control<\/p><p>4) Successful Cases and Future Development Directions<\/p>\t\t\t\t\t\t<\/div>\n\t\t\t\t<\/div>\n\t\t\t\t<div class=\"elementor-element elementor-element-67dbb19 elementor-button-align-stretch elementor-widget elementor-widget-form\" data-id=\"67dbb19\" data-element_type=\"widget\" data-settings=\"{&quot;step_next_label&quot;:&quot;Next&quot;,&quot;step_previous_label&quot;:&quot;Previous&quot;,&quot;button_width&quot;:&quot;40&quot;,&quot;step_type&quot;:&quot;number_text&quot;,&quot;step_icon_shape&quot;:&quot;circle&quot;}\" data-widget_type=\"form.default\">\n\t\t\t\t<div class=\"elementor-widget-container\">\n\t\t\t\t\t<form class=\"elementor-form\" method=\"post\" name=\"Newsletter\" action=\"\">\n\t\t\t<input type=\"hidden\" name=\"post_id\" value=\"2902\"\/>\n\t\t\t<input type=\"hidden\" name=\"form_id\" value=\"67dbb19\"\/>\n\t\t\t<input type=\"hidden\" name=\"referer_title\" value=\"Mini LED Smart Display&#038;MiniLED\" \/>\n\n\t\t\t\t\t\t\t<input type=\"hidden\" name=\"queried_id\" value=\"2902\"\/>\n\t\t\t\n\t\t\t<div class=\"elementor-form-fields-wrapper elementor-labels-\">\n\t\t\t\t\t\t\t\t<div class=\"elementor-field-type-email elementor-field-group elementor-column elementor-field-group-email elementor-col-60 elementor-field-required\">\n\t\t\t\t\t\t\t\t\t\t\t\t<label for=\"form-field-email\" class=\"elementor-field-label elementor-screen-only\">\n\t\t\t\t\t\t\t\tS\u00e4hk\u00f6posti\t\t\t\t\t\t\t<\/label>\n\t\t\t\t\t\t\t\t\t\t\t\t\t\t<input size=\"1\" type=\"email\" name=\"form_fields[email]\" id=\"form-field-email\" class=\"elementor-field elementor-size-sm  elementor-field-textual\" placeholder=\"S\u00e4hk\u00f6posti\" required=\"required\" aria-required=\"true\">\n\t\t\t\t\t\t\t\t\t\t\t<\/div>\n\t\t\t\t\t\t\t\t<div class=\"elementor-field-group elementor-column elementor-field-type-submit elementor-col-40 e-form__buttons\">\n\t\t\t\t\t<button class=\"elementor-button elementor-size-sm\" type=\"submit\">\n\t\t\t\t\t\t<span class=\"elementor-button-content-wrapper\">\n\t\t\t\t\t\t\t\t\t\t\t\t\t\t\t\t\t\t\t\t\t\t<span class=\"elementor-button-text\">Tilaa <\/span>\n\t\t\t\t\t\t\t\t\t\t\t\t\t<\/span>\n\t\t\t\t\t<\/button>\n\t\t\t\t<\/div>\n\t\t\t<\/div>\n\t\t<input type=\"hidden\" name=\"trp-form-language\" value=\"fi\"\/><\/form>\n\t\t\t\t<\/div>\n\t\t\t\t<\/div>\n\t\t\t\t<\/div>\n\t\t\t\t<\/div>\n\t\t<div class=\"elementor-element elementor-element-1ac06b56 e-con-full e-flex e-con e-child\" data-id=\"1ac06b56\" data-element_type=\"container\" data-settings=\"{&quot;background_background&quot;:&quot;classic&quot;}\">\n\t\t\t\t<\/div>\n\t\t\t\t<\/div>\n\t\t<div class=\"elementor-element elementor-element-15cf4ca7 e-flex e-con-boxed e-con e-parent\" data-id=\"15cf4ca7\" data-element_type=\"container\">\n\t\t\t\t\t<div class=\"e-con-inner\">\n\t\t\t\t<div class=\"elementor-element elementor-element-1906c7b3 elementor-widget elementor-widget-heading\" data-id=\"1906c7b3\" data-element_type=\"widget\" data-widget_type=\"heading.default\">\n\t\t\t\t<div class=\"elementor-widget-container\">\n\t\t\t<h2 class=\"elementor-heading-title elementor-size-default\">Application of S&amp;M SMT equipment in smart display and MiniLED fields<\/h2>\t\t<\/div>\n\t\t\t\t<\/div>\n\t\t\t\t\t<\/div>\n\t\t\t\t<\/div>\n\t\t<div class=\"elementor-element elementor-element-45ab32ce e-flex e-con-boxed e-con e-parent\" data-id=\"45ab32ce\" data-element_type=\"container\">\n\t\t\t\t\t<div class=\"e-con-inner\">\n\t\t\t\t<div class=\"elementor-element elementor-element-6306a712 elementor-widget elementor-widget-text-editor\" data-id=\"6306a712\" data-element_type=\"widget\" data-widget_type=\"text-editor.default\">\n\t\t\t\t<div class=\"elementor-widget-container\">\n\t\t\t\t\t\t\t<p>With the rapid evolution of display technology, MiniLED and smart displays have become key trends in the industry. MiniLED, characterized by higher brightness, higher contrast, and longer lifespan, is widely used in televisions, commercial displays, automotive displays, and professional surveillance.<\/p><p><strong><span style=\"color: #ff0000;\">BOE,<\/span><\/strong> a leading global display technology company, is actively developing MiniLED and high-end smart display products. This places extremely high demands on production processes: ensuring uniform brightness across display panels while ensuring the reliability of every solder joint.<\/p><p>Leveraging years of experience in SMT equipment development, S&amp;M provides customers with complete line solutions that meet their high-precision, mass-production needs, helping them maintain their leading position in next-generation display technology.<\/p>\t\t\t\t\t\t<\/div>\n\t\t\t\t<\/div>\n\t\t\t\t\t<\/div>\n\t\t\t\t<\/div>\n\t\t<div class=\"elementor-element elementor-element-5e2142ab e-flex e-con-boxed e-con e-parent\" data-id=\"5e2142ab\" data-element_type=\"container\">\n\t\t\t\t\t<div class=\"e-con-inner\">\n\t\t<div class=\"elementor-element elementor-element-53ddd9c e-con-full e-flex e-con e-child\" data-id=\"53ddd9c\" data-element_type=\"container\">\n\t\t\t\t<div class=\"elementor-element elementor-element-1970679a elementor-widget elementor-widget-heading\" data-id=\"1970679a\" data-element_type=\"widget\" data-widget_type=\"heading.default\">\n\t\t\t\t<div class=\"elementor-widget-container\">\n\t\t\t<h2 class=\"elementor-heading-title elementor-size-default\">The role of SMT equipment in the production of high-precision and large-size panels<\/h2>\t\t<\/div>\n\t\t\t\t<\/div>\n\t\t\t\t<\/div>\n\t\t\t\t\t<\/div>\n\t\t\t\t<\/div>\n\t\t<div class=\"elementor-element elementor-element-2f05c6c2 e-flex e-con-boxed e-con e-parent\" data-id=\"2f05c6c2\" data-element_type=\"container\">\n\t\t\t\t\t<div class=\"e-con-inner\">\n\t\t\t\t<div class=\"elementor-element elementor-element-f57f714 elementor-widget elementor-widget-text-editor\" data-id=\"f57f714\" data-element_type=\"widget\" data-widget_type=\"text-editor.default\">\n\t\t\t\t<div class=\"elementor-widget-container\">\n\t\t\t\t\t\t\t<p>Smart display and MiniLED products commonly utilize large-scale PCB panel designs, requiring high-precision placement and stable transmission systems.<\/p><p>S&amp;M, through its precision equipment, helps customers achieve efficient mass production and stable quality in the production of large-scale, high-density display panels.<\/p>\t\t\t\t\t\t<\/div>\n\t\t\t\t<\/div>\n\t\t\t\t\t<\/div>\n\t\t\t\t<\/div>\n\t\t<div class=\"elementor-element elementor-element-2f134027 e-flex e-con-boxed e-con e-parent\" data-id=\"2f134027\" data-element_type=\"container\">\n\t\t\t\t\t<div class=\"e-con-inner\">\n\t\t\t\t<div class=\"elementor-element elementor-element-5257af63 elementor-widget elementor-widget-heading\" data-id=\"5257af63\" data-element_type=\"widget\" data-widget_type=\"heading.default\">\n\t\t\t\t<div class=\"elementor-widget-container\">\n\t\t\t<h2 class=\"elementor-heading-title elementor-size-default\">Technical requirements: low defect rate, yield control<\/h2>\t\t<\/div>\n\t\t\t\t<\/div>\n\t\t\t\t<div class=\"elementor-element elementor-element-2966c20 elementor-widget elementor-widget-text-editor\" data-id=\"2966c20\" data-element_type=\"widget\" data-widget_type=\"text-editor.default\">\n\t\t\t\t<div class=\"elementor-widget-container\">\n\t\t\t\t\t\t\t<p>MiniLED products require extremely high yield rates. Any tiny solder joint defect can cause display abnormalities or shorten lifespan. Customers must strictly control defect rates in high-density assembly and large-scale PCB production.<\/p><p><strong><span style=\"color: #ff0000;\">BOE&#8217;s<\/span><\/strong> production lines utilize S&amp;M&#8217;s automated SMT solutions, achieving full-process yield control:<\/p><p>Reflow soldering reduces solder voids and improves overall reliability.<\/p><p>These measures significantly reduce defect rates in mass production, helping customers maintain high delivery capabilities in the demanding display industry.<\/p>\t\t\t\t\t\t<\/div>\n\t\t\t\t<\/div>\n\t\t\t\t\t<\/div>\n\t\t\t\t<\/div>\n\t\t<div class=\"elementor-element elementor-element-32224b71 e-flex e-con-boxed e-con e-parent\" data-id=\"32224b71\" data-element_type=\"container\">\n\t\t\t\t\t<div class=\"e-con-inner\">\n\t\t\t\t<div class=\"elementor-element elementor-element-1fb65a3e elementor-widget elementor-widget-heading\" data-id=\"1fb65a3e\" data-element_type=\"widget\" data-widget_type=\"heading.default\">\n\t\t\t\t<div class=\"elementor-widget-container\">\n\t\t\t<h2 class=\"elementor-heading-title elementor-size-default\">Successful Cases and Future Development Directions<\/h2>\t\t<\/div>\n\t\t\t\t<\/div>\n\t\t<div class=\"elementor-element elementor-element-5e8a30b3 e-con-full e-flex e-con e-child\" data-id=\"5e8a30b3\" data-element_type=\"container\">\n\t\t\t\t<div class=\"elementor-element elementor-element-616d7ab6 elementor-widget elementor-widget-text-editor\" data-id=\"616d7ab6\" data-element_type=\"widget\" data-widget_type=\"text-editor.default\">\n\t\t\t\t<div class=\"elementor-widget-container\">\n\t\t\t\t\t\t\t<p>S&amp;M&#8217;s solutions in the smart display and MiniLED fields have been successfully implemented by several well-known customers, including BOE, Unilumin, and Goertek.<\/p><p>As MicroLED and ultra-high-definition display technologies continue to advance, S&amp;M will continue to optimize its complete SMT line solutions, providing customers with higher precision, higher reliability, and more intelligent production capabilities.<\/p>\t\t\t\t\t\t<\/div>\n\t\t\t\t<\/div>\n\t\t\t\t<\/div>\n\t\t\t\t\t<\/div>\n\t\t\t\t<\/div>\n\t\t<div class=\"elementor-element elementor-element-38bc1f73 e-flex e-con-boxed e-con e-parent\" data-id=\"38bc1f73\" data-element_type=\"container\" data-settings=\"{&quot;background_background&quot;:&quot;classic&quot;}\">\n\t\t\t\t\t<div class=\"e-con-inner\">\n\t\t\t\t<div class=\"elementor-element elementor-element-635422a9 elementor-widget elementor-widget-heading\" data-id=\"635422a9\" data-element_type=\"widget\" data-widget_type=\"heading.default\">\n\t\t\t\t<div class=\"elementor-widget-container\">\n\t\t\t<h2 class=\"elementor-heading-title elementor-size-default\">Sovelluksen arvo<\/h2>\t\t<\/div>\n\t\t\t\t<\/div>\n\t\t\t\t<div class=\"elementor-element elementor-element-43889042 elementor-widget elementor-widget-text-editor\" data-id=\"43889042\" data-element_type=\"widget\" data-widget_type=\"text-editor.default\">\n\t\t\t\t<div class=\"elementor-widget-container\">\n\t\t\t\t\t\t\t<p>Sovellusarvo: S&amp;M auttaa asiakkaita s\u00e4ilytt\u00e4m\u00e4\u00e4n kilpailuedun maailmanlaajuisilla \u00e4lylaitteistomarkkinoilla parantamalla tuotantolinjojen automaatiota, v\u00e4hent\u00e4m\u00e4ll\u00e4 vikam\u00e4\u00e4ri\u00e4 ja tukemalla tuotannon joustavaa laajentamista.<\/p>\t\t\t\t\t\t<\/div>\n\t\t\t\t<\/div>\n\t\t\t\t<div class=\"elementor-element elementor-element-46bfc79 elementor-skin-carousel elementor-widget elementor-widget-media-carousel\" data-id=\"46bfc79\" data-element_type=\"widget\" data-settings=\"{&quot;slides_per_view&quot;:&quot;5&quot;,&quot;slides_to_scroll&quot;:&quot;1&quot;,&quot;slides_per_view_tablet&quot;:&quot;4&quot;,&quot;slides_per_view_mobile&quot;:&quot;2&quot;,&quot;skin&quot;:&quot;carousel&quot;,&quot;effect&quot;:&quot;slide&quot;,&quot;speed&quot;:500,&quot;autoplay&quot;:&quot;yes&quot;,&quot;autoplay_speed&quot;:5000,&quot;loop&quot;:&quot;yes&quot;,&quot;pause_on_hover&quot;:&quot;yes&quot;,&quot;pause_on_interaction&quot;:&quot;yes&quot;,&quot;space_between&quot;:{&quot;unit&quot;:&quot;px&quot;,&quot;size&quot;:10,&quot;sizes&quot;:[]},&quot;space_between_tablet&quot;:{&quot;unit&quot;:&quot;px&quot;,&quot;size&quot;:10,&quot;sizes&quot;:[]},&quot;space_between_mobile&quot;:{&quot;unit&quot;:&quot;px&quot;,&quot;size&quot;:10,&quot;sizes&quot;:[]}}\" data-widget_type=\"media-carousel.default\">\n\t\t\t\t<div class=\"elementor-widget-container\">\n\t\t\t\t\t<div class=\"elementor-swiper\">\n\t\t\t<div class=\"elementor-main-swiper swiper\">\n\t\t\t\t<div class=\"swiper-wrapper\">\n\t\t\t\t\t\t\t\t\t\t\t<div class=\"swiper-slide\">\n\t\t\t\t\t\t\t\t\t<div class=\"elementor-carousel-image\" role=\"img\" aria-label=\"1756803359-Malaysian customers-5\" style=\"background-image: url(&#039;https:\/\/www.chuxin-smt.com\/wp-content\/uploads\/2025\/09\/1756803359-Malaysian-customers-5.jpg&#039;)\">\n\n\t\t\t\n\t\t\t\t\t<\/div>\n\t\t\t\t\t\t\t\t<\/div>\n\t\t\t\t\t\t\t\t\t\t\t<div class=\"swiper-slide\">\n\t\t\t\t\t\t\t\t\t<div class=\"elementor-carousel-image\" role=\"img\" aria-label=\"1756778979-customers-2\" style=\"background-image: url(&#039;https:\/\/www.chuxin-smt.com\/wp-content\/uploads\/2025\/09\/1756778979-customers-2.jpg&#039;)\">\n\n\t\t\t\n\t\t\t\t\t<\/div>\n\t\t\t\t\t\t\t\t<\/div>\n\t\t\t\t\t\t\t\t\t\t\t<div class=\"swiper-slide\">\n\t\t\t\t\t\t\t\t\t<div class=\"elementor-carousel-image\" role=\"img\" aria-label=\"1756803354-Malaysian customers-3\" style=\"background-image: url(&#039;https:\/\/www.chuxin-smt.com\/wp-content\/uploads\/2025\/09\/1756803354-Malaysian-customers-3.jpg&#039;)\">\n\n\t\t\t\n\t\t\t\t\t<\/div>\n\t\t\t\t\t\t\t\t<\/div>\n\t\t\t\t\t\t\t\t\t\t\t<div class=\"swiper-slide\">\n\t\t\t\t\t\t\t\t\t<div class=\"elementor-carousel-image\" role=\"img\" aria-label=\"1756803348 - Malesian asiakkaat\" style=\"background-image: url(&#039;https:\/\/www.chuxin-smt.com\/wp-content\/uploads\/2025\/09\/1756803348-Malaysian-customers.jpg&#039;)\">\n\n\t\t\t\n\t\t\t\t\t<\/div>\n\t\t\t\t\t\t\t\t<\/div>\n\t\t\t\t\t\t\t\t\t\t\t<div class=\"swiper-slide\">\n\t\t\t\t\t\t\t\t\t<div class=\"elementor-carousel-image\" role=\"img\" aria-label=\"1756803352-Malaysian customers-2\" style=\"background-image: url(&#039;https:\/\/www.chuxin-smt.com\/wp-content\/uploads\/2025\/09\/1756803352-Malaysian-customers-2.jpg&#039;)\">\n\n\t\t\t\n\t\t\t\t\t<\/div>\n\t\t\t\t\t\t\t\t<\/div>\n\t\t\t\t\t\t\t\t\t\t\t<div class=\"swiper-slide\">\n\t\t\t\t\t\t\t\t\t<div class=\"elementor-carousel-image\" role=\"img\" aria-label=\"1756803345-Foxconn asiakkaat-3\" style=\"background-image: url(&#039;https:\/\/www.chuxin-smt.com\/wp-content\/uploads\/2025\/09\/1756803345-Foxconn-customers-3.jpg&#039;)\">\n\n\t\t\t\n\t\t\t\t\t<\/div>\n\t\t\t\t\t\t\t\t<\/div>\n\t\t\t\t\t\t\t\t\t\t\t<div class=\"swiper-slide\">\n\t\t\t\t\t\t\t\t\t<div class=\"elementor-carousel-image\" role=\"img\" aria-label=\"1756803335-Foxconn asiakkaat\" style=\"background-image: url(&#039;https:\/\/www.chuxin-smt.com\/wp-content\/uploads\/2025\/09\/1756803335-Foxconn-customers.jpg&#039;)\">\n\n\t\t\t\n\t\t\t\t\t<\/div>\n\t\t\t\t\t\t\t\t<\/div>\n\t\t\t\t\t\t\t\t\t<\/div>\n\t\t\t\t\t\t\t\t\t\t\t\t\t\t\t\t\t\t\t\t\t<\/div>\n\t\t<\/div>\n\t\t\t\t<\/div>\n\t\t\t\t<\/div>\n\t\t\t\t\t<\/div>\n\t\t\t\t<\/div>\n\t\t<div class=\"elementor-element elementor-element-761fe67c e-con-full e-flex e-con e-parent\" data-id=\"761fe67c\" data-element_type=\"container\">\n\t\t\t\t<div class=\"elementor-element elementor-element-22b9962f elementor-cta--layout-image-right elementor-cta--mobile-layout-image-above elementor-cta--skin-classic elementor-animated-content elementor-bg-transform elementor-bg-transform-zoom-in elementor-widget elementor-widget-call-to-action\" data-id=\"22b9962f\" data-element_type=\"widget\" data-widget_type=\"call-to-action.default\">\n\t\t\t\t<div class=\"elementor-widget-container\">\n\t\t\t\t\t<div class=\"elementor-cta\">\n\t\t\t\t\t<div class=\"elementor-cta__bg-wrapper\">\n\t\t\t\t<div class=\"elementor-cta__bg elementor-bg\" style=\"background-image: url(https:\/\/www.chuxin-smt.com\/wp-content\/uploads\/2025\/04\/1744707680-\u6c5f\u95e8\u5de5\u5382.jpg);\" role=\"img\" aria-label=\"S&amp;M FACTORY\"><\/div>\n\t\t\t\t<div class=\"elementor-cta__bg-overlay\"><\/div>\n\t\t\t<\/div>\n\t\t\t\t\t\t\t<div class=\"elementor-cta__content\">\n\t\t\t\t\n\t\t\t\t\t\t\t\t\t<span class=\"elementor-cta__title elementor-cta__content-item elementor-content-item\">\n\t\t\t\t\t\tTarvitsetko SMT-laitteita?\t\t\t\t\t<\/span>\n\t\t\t\t\n\t\t\t\t\t\t\t\t\t<div class=\"elementor-cta__description elementor-cta__content-item elementor-content-item\">\n\t\t\t\t\t\tPyyd\u00e4 maksuton kuuleminen ja hinta-arvio\t\t\t\t\t<\/div>\n\t\t\t\t\n\t\t\t\t\t\t\t\t\t<div class=\"elementor-cta__button-wrapper elementor-cta__content-item elementor-content-item\">\n\t\t\t\t\t<a class=\"elementor-cta__button elementor-button elementor-size-md\" href=\"https:\/\/www.chuxin-smt.com\/fi\/contacts\/\">\n\t\t\t\t\t\tOta yhteytt\u00e4\t\t\t\t\t<\/a>\n\t\t\t\t\t<\/div>\n\t\t\t\t\t\t\t<\/div>\n\t\t\t\t\t\t<\/div>\n\t\t\t\t<\/div>\n\t\t\t\t<\/div>\n\t\t\t\t<\/div>\n\t\t\t\t<\/div>","protected":false},"excerpt":{"rendered":"<p>OUTLINE 1) Technological Development of MiniLED and Smart Display 2) The role of SMT equipment in the production of high-precision [&hellip;]<\/p>","protected":false},"author":1,"featured_media":0,"parent":0,"menu_order":0,"comment_status":"closed","ping_status":"closed","template":"","meta":{"_acf_changed":false,"site-sidebar-layout":"no-sidebar","site-content-layout":"","ast-site-content-layout":"full-width-container","site-content-style":"default","site-sidebar-style":"default","ast-global-header-display":"","ast-banner-title-visibility":"","ast-main-header-display":"","ast-hfb-above-header-display":"","ast-hfb-below-header-display":"","ast-hfb-mobile-header-display":"","site-post-title":"disabled","ast-breadcrumbs-content":"","ast-featured-img":"disabled","footer-sml-layout":"","theme-transparent-header-meta":"default","adv-header-id-meta":"","stick-header-meta":"","header-above-stick-meta":"","header-main-stick-meta":"","header-below-stick-meta":"","astra-migrate-meta-layouts":"set","ast-page-background-enabled":"default","ast-page-background-meta":{"desktop":{"background-color":"var(--ast-global-color-4)","background-image":"","background-repeat":"repeat","background-position":"center center","background-size":"auto","background-attachment":"scroll","background-type":"","background-media":"","overlay-type":"","overlay-color":"","overlay-opacity":"","overlay-gradient":""},"tablet":{"background-color":"","background-image":"","background-repeat":"repeat","background-position":"center center","background-size":"auto","background-attachment":"scroll","background-type":"","background-media":"","overlay-type":"","overlay-color":"","overlay-opacity":"","overlay-gradient":""},"mobile":{"background-color":"","background-image":"","background-repeat":"repeat","background-position":"center center","background-size":"auto","background-attachment":"scroll","background-type":"","background-media":"","overlay-type":"","overlay-color":"","overlay-opacity":"","overlay-gradient":""}},"ast-content-background-meta":{"desktop":{"background-color":"var(--ast-global-color-5)","background-image":"","background-repeat":"repeat","background-position":"center center","background-size":"auto","background-attachment":"scroll","background-type":"","background-media":"","overlay-type":"","overlay-color":"","overlay-opacity":"","overlay-gradient":""},"tablet":{"background-color":"var(--ast-global-color-5)","background-image":"","background-repeat":"repeat","background-position":"center center","background-size":"auto","background-attachment":"scroll","background-type":"","background-media":"","overlay-type":"","overlay-color":"","overlay-opacity":"","overlay-gradient":""},"mobile":{"background-color":"var(--ast-global-color-5)","background-image":"","background-repeat":"repeat","background-position":"center center","background-size":"auto","background-attachment":"scroll","background-type":"","background-media":"","overlay-type":"","overlay-color":"","overlay-opacity":"","overlay-gradient":""}}},"class_list":["post-2902","page","type-page","status-publish","hentry"],"acf":[],"_links":{"self":[{"href":"https:\/\/www.chuxin-smt.com\/fi\/wp-json\/wp\/v2\/pages\/2902","targetHints":{"allow":["GET"]}}],"collection":[{"href":"https:\/\/www.chuxin-smt.com\/fi\/wp-json\/wp\/v2\/pages"}],"about":[{"href":"https:\/\/www.chuxin-smt.com\/fi\/wp-json\/wp\/v2\/types\/page"}],"author":[{"embeddable":true,"href":"https:\/\/www.chuxin-smt.com\/fi\/wp-json\/wp\/v2\/users\/1"}],"replies":[{"embeddable":true,"href":"https:\/\/www.chuxin-smt.com\/fi\/wp-json\/wp\/v2\/comments?post=2902"}],"version-history":[{"count":0,"href":"https:\/\/www.chuxin-smt.com\/fi\/wp-json\/wp\/v2\/pages\/2902\/revisions"}],"wp:attachment":[{"href":"https:\/\/www.chuxin-smt.com\/fi\/wp-json\/wp\/v2\/media?parent=2902"}],"curies":[{"name":"wp","href":"https:\/\/api.w.org\/{rel}","templated":true}]}}