{"id":2915,"date":"2025-09-03T14:56:47","date_gmt":"2025-09-03T06:56:47","guid":{"rendered":"https:\/\/www.chuxin-smt.com\/?page_id=2915"},"modified":"2025-09-05T16:08:55","modified_gmt":"2025-09-05T08:08:55","slug":"automotive-electronics-industry","status":"publish","type":"page","link":"https:\/\/www.chuxin-smt.com\/fi\/automotive-electronics-industry\/","title":{"rendered":"Autoteollisuuden elektroniikkateollisuus"},"content":{"rendered":"<div data-elementor-type=\"wp-page\" data-elementor-id=\"2915\" class=\"elementor elementor-2915\" data-elementor-post-type=\"page\">\n\t\t\t\t<div class=\"elementor-element elementor-element-2a71609b e-con-full e-flex e-con e-parent\" data-id=\"2a71609b\" data-element_type=\"container\" data-settings=\"{&quot;background_background&quot;:&quot;classic&quot;}\">\n\t\t<div class=\"elementor-element elementor-element-38f3ca48 e-con-full e-flex e-con e-child\" data-id=\"38f3ca48\" data-element_type=\"container\">\n\t\t\t\t<div class=\"elementor-element elementor-element-4a98c7bc elementor-widget elementor-widget-heading\" data-id=\"4a98c7bc\" data-element_type=\"widget\" data-widget_type=\"heading.default\">\n\t\t\t\t<div class=\"elementor-widget-container\">\n\t\t\t<h2 class=\"elementor-heading-title elementor-size-default\">OUTLINE<\/h2>\t\t<\/div>\n\t\t\t\t<\/div>\n\t\t\t\t<div class=\"elementor-element elementor-element-a25e392 elementor-widget elementor-widget-heading\" data-id=\"a25e392\" data-element_type=\"widget\" data-widget_type=\"heading.default\">\n\t\t\t\t<div class=\"elementor-widget-container\">\n\t\t\t<h2 class=\"elementor-heading-title elementor-size-default\">S&amp;M SMT-laitteiden k\u00e4ytt\u00f6 autoelektroniikassa<\/h2>\t\t<\/div>\n\t\t\t\t<\/div>\n\t\t\t\t<div class=\"elementor-element elementor-element-62e76be1 elementor-widget__width-initial elementor-absolute elementor-widget-tablet__width-initial elementor-widget-mobile__width-initial elementor-widget elementor-widget-spacer\" data-id=\"62e76be1\" data-element_type=\"widget\" data-settings=\"{&quot;_position&quot;:&quot;absolute&quot;}\" data-widget_type=\"spacer.default\">\n\t\t\t\t<div class=\"elementor-widget-container\">\n\t\t\t\t\t<div class=\"elementor-spacer\">\n\t\t\t<div class=\"elementor-spacer-inner\"><\/div>\n\t\t<\/div>\n\t\t\t\t<\/div>\n\t\t\t\t<\/div>\n\t\t<div class=\"elementor-element elementor-element-3c8bd0a3 e-con-full e-flex e-con e-child\" data-id=\"3c8bd0a3\" data-element_type=\"container\">\n\t\t\t\t<div class=\"elementor-element elementor-element-7b266143 elementor-widget elementor-widget-text-editor\" data-id=\"7b266143\" data-element_type=\"widget\" data-widget_type=\"text-editor.default\">\n\t\t\t\t<div class=\"elementor-widget-container\">\n\t\t\t\t\t\t\t<p>1) Autoelektroniikkateollisuuden vaatimukset ja trendit: \u00e4lykkyys ja autoteollisuuden luotettavuus<\/p><p>2) SMT-laitteiden k\u00e4ytt\u00f6 ECU-, ADAS- ja autovalojen ohjauspaneeleissa<\/p><p>3) Keskeiset vaatimukset: nollavirheiden m\u00e4\u00e4r\u00e4, maanj\u00e4ristyksenkest\u00e4vyys ja l\u00e4mp\u00f6tilaeron kest\u00e4vyys<\/p><p>4) Laitteistomme kohokohdat: reflow-uuni, \u00e4lyk\u00e4s siirtolaitteisto<\/p><p>5) Onnistuneet tapaukset ja autoteollisuuden sertifiointituki<\/p>\t\t\t\t\t\t<\/div>\n\t\t\t\t<\/div>\n\t\t\t\t<div class=\"elementor-element elementor-element-11e3b6de elementor-button-align-stretch elementor-widget elementor-widget-form\" data-id=\"11e3b6de\" data-element_type=\"widget\" data-settings=\"{&quot;step_next_label&quot;:&quot;Next&quot;,&quot;step_previous_label&quot;:&quot;Previous&quot;,&quot;button_width&quot;:&quot;40&quot;,&quot;step_type&quot;:&quot;number_text&quot;,&quot;step_icon_shape&quot;:&quot;circle&quot;}\" data-widget_type=\"form.default\">\n\t\t\t\t<div class=\"elementor-widget-container\">\n\t\t\t\t\t<form class=\"elementor-form\" method=\"post\" name=\"Newsletter\" novalidate=\"\" action=\"\">\n\t\t\t<input type=\"hidden\" name=\"post_id\" value=\"2915\"\/>\n\t\t\t<input type=\"hidden\" name=\"form_id\" value=\"11e3b6de\"\/>\n\t\t\t<input type=\"hidden\" name=\"referer_title\" value=\"Automotive Electronics Industry\" \/>\n\n\t\t\t\t\t\t\t<input type=\"hidden\" name=\"queried_id\" value=\"2915\"\/>\n\t\t\t\n\t\t\t<div class=\"elementor-form-fields-wrapper elementor-labels-\">\n\t\t\t\t\t\t\t\t<div class=\"elementor-field-type-email elementor-field-group elementor-column elementor-field-group-email elementor-col-60 elementor-field-required\">\n\t\t\t\t\t\t\t\t\t\t\t\t<label for=\"form-field-email\" class=\"elementor-field-label elementor-screen-only\">\n\t\t\t\t\t\t\t\tS\u00e4hk\u00f6posti\t\t\t\t\t\t\t<\/label>\n\t\t\t\t\t\t\t\t\t\t\t\t\t\t<input size=\"1\" type=\"email\" name=\"form_fields[email]\" id=\"form-field-email\" class=\"elementor-field elementor-size-sm  elementor-field-textual\" placeholder=\"S\u00e4hk\u00f6posti\" required=\"required\" aria-required=\"true\">\n\t\t\t\t\t\t\t\t\t\t\t<\/div>\n\t\t\t\t\t\t\t\t<div class=\"elementor-field-group elementor-column elementor-field-type-submit elementor-col-40 e-form__buttons\">\n\t\t\t\t\t<button class=\"elementor-button elementor-size-sm\" type=\"submit\">\n\t\t\t\t\t\t<span class=\"elementor-button-content-wrapper\">\n\t\t\t\t\t\t\t\t\t\t\t\t\t\t\t\t\t\t\t\t\t\t<span class=\"elementor-button-text\">Tilaa <\/span>\n\t\t\t\t\t\t\t\t\t\t\t\t\t<\/span>\n\t\t\t\t\t<\/button>\n\t\t\t\t<\/div>\n\t\t\t<\/div>\n\t\t<input type=\"hidden\" name=\"trp-form-language\" value=\"fi\"\/><\/form>\n\t\t\t\t<\/div>\n\t\t\t\t<\/div>\n\t\t\t\t<\/div>\n\t\t\t\t<\/div>\n\t\t<div class=\"elementor-element elementor-element-66101b87 e-con-full e-flex e-con e-child\" data-id=\"66101b87\" data-element_type=\"container\" data-settings=\"{&quot;background_background&quot;:&quot;classic&quot;}\">\n\t\t\t\t<\/div>\n\t\t\t\t<\/div>\n\t\t<div class=\"elementor-element elementor-element-5e6e39f5 e-flex e-con-boxed e-con e-parent\" data-id=\"5e6e39f5\" data-element_type=\"container\">\n\t\t\t\t\t<div class=\"e-con-inner\">\n\t\t\t\t<div class=\"elementor-element elementor-element-51a31d93 elementor-widget elementor-widget-heading\" data-id=\"51a31d93\" data-element_type=\"widget\" data-widget_type=\"heading.default\">\n\t\t\t\t<div class=\"elementor-widget-container\">\n\t\t\t<h2 class=\"elementor-heading-title elementor-size-default\">Autoelektroniikkateollisuuden vaatimukset ja suuntaukset: \u00e4lykkyys ja autoteollisuuden luotettavuus<\/h2>\t\t<\/div>\n\t\t\t\t<\/div>\n\t\t\t\t\t<\/div>\n\t\t\t\t<\/div>\n\t\t<div class=\"elementor-element elementor-element-79f6c0a9 e-flex e-con-boxed e-con e-parent\" data-id=\"79f6c0a9\" data-element_type=\"container\">\n\t\t\t\t\t<div class=\"e-con-inner\">\n\t\t\t\t<div class=\"elementor-element elementor-element-3f656f20 elementor-widget elementor-widget-text-editor\" data-id=\"3f656f20\" data-element_type=\"widget\" data-widget_type=\"text-editor.default\">\n\t\t\t\t<div class=\"elementor-widget-container\">\n\t\t\t\t\t\t\t<p>Ajoneuvojen kehittyess\u00e4 kohti \u00e4lykk\u00e4it\u00e4 ja uusia energiatekniikoita elektronisten ohjausyksik\u00f6iden (ECU), kehittyneiden kuljettajan apuj\u00e4rjestelmien (ADAS), \u00e4lykk\u00e4\u00e4n valaistuksen ja tehoakkujen hallintaj\u00e4rjestelmien osuus ajoneuvoissa kasvaa nopeasti. Autoteollisuuden tuotteiden on s\u00e4ilytt\u00e4v\u00e4 vakaina korkeissa ja matalissa l\u00e4mp\u00f6tiloissa, t\u00e4rin\u00e4ss\u00e4 ja pitk\u00e4aikaisissa k\u00e4ytt\u00f6olosuhteissa, ja keskeisen\u00e4 tavoitteena on virheett\u00f6myys.<\/p><p><strong><span style=\"color: #ff0000;\">BYD ja Bosch Auto<\/span><\/strong>, johtavina maailmanlaajuisina auto- ja varaosavalmistajina asettavat eritt\u00e4in korkeat vaatimukset SMT-tuotantolinjojensa vakaudelle, automaatiolle ja tuotteiden j\u00e4ljitett\u00e4vyydelle. S&amp;M auttaa asiakkaitaan eritt\u00e4in luotettavilla SMT-linjojen kokonaisratkaisuillaan rakentamaan \u00e4lykk\u00e4it\u00e4 valmistuslinjoja, jotka t\u00e4ytt\u00e4v\u00e4t autoteollisuuden standardit.<\/p>\t\t\t\t\t\t<\/div>\n\t\t\t\t<\/div>\n\t\t\t\t\t<\/div>\n\t\t\t\t<\/div>\n\t\t<div class=\"elementor-element elementor-element-3ff5d8fe e-flex e-con-boxed e-con e-parent\" data-id=\"3ff5d8fe\" data-element_type=\"container\">\n\t\t\t\t\t<div class=\"e-con-inner\">\n\t\t<div class=\"elementor-element elementor-element-58301b63 e-con-full e-flex e-con e-child\" data-id=\"58301b63\" data-element_type=\"container\">\n\t\t\t\t<div class=\"elementor-element elementor-element-51386c48 elementor-widget elementor-widget-heading\" data-id=\"51386c48\" data-element_type=\"widget\" data-widget_type=\"heading.default\">\n\t\t\t\t<div class=\"elementor-widget-container\">\n\t\t\t<h2 class=\"elementor-heading-title elementor-size-default\">SMT-laitteiden k\u00e4ytt\u00f6 ECU-, ADAS- ja autovalojen ohjauslevyiss\u00e4<\/h2>\t\t<\/div>\n\t\t\t\t<\/div>\n\t\t\t\t<\/div>\n\t\t\t\t\t<\/div>\n\t\t\t\t<\/div>\n\t\t<div class=\"elementor-element elementor-element-1087b2af e-flex e-con-boxed e-con e-parent\" data-id=\"1087b2af\" data-element_type=\"container\">\n\t\t\t\t\t<div class=\"e-con-inner\">\n\t\t\t\t<div class=\"elementor-element elementor-element-1685fb0c elementor-widget elementor-widget-text-editor\" data-id=\"1685fb0c\" data-element_type=\"widget\" data-widget_type=\"text-editor.default\">\n\t\t\t\t<div class=\"elementor-widget-container\">\n\t\t\t\t\t\t\t<p>Autoelektroniikka vaatii paljon korkeampaa PCB-kokoonpanon laatua kuin kulutuselektroniikka.<\/p><p><a href=\"https:\/\/www.boschautoparts.com\/es\/\"><strong><span style=\"color: #ff0000;\">Bosch Automotive<\/span><\/strong><\/a>\u00a0k\u00e4ytt\u00e4\u00e4 S&amp;M:n \u00e4lykk\u00e4it\u00e4 piirilevyjen lastaus- ja purkauskoneita ja telakointiasemia ADAS-tutkanohjausmoduulin tuotannossaan, jotta se voi toimia jatkuvasti usean aseman avulla ja varmistaa koko tuotantolinjan tehokkaan toiminnan.<\/p><p>S&amp;M-laitteet auttavat asiakkaita saavuttamaan korkean tehokkuuden ja virheett\u00f6myyden monimutkaisessa, korkeatasoisen autoelektroniikan valmistuksessa.<\/p>\t\t\t\t\t\t<\/div>\n\t\t\t\t<\/div>\n\t\t\t\t\t<\/div>\n\t\t\t\t<\/div>\n\t\t<div class=\"elementor-element elementor-element-4add5d51 e-flex e-con-boxed e-con e-parent\" data-id=\"4add5d51\" data-element_type=\"container\">\n\t\t\t\t\t<div class=\"e-con-inner\">\n\t\t\t\t<div class=\"elementor-element elementor-element-5ecb525f elementor-widget elementor-widget-heading\" data-id=\"5ecb525f\" data-element_type=\"widget\" data-widget_type=\"heading.default\">\n\t\t\t\t<div class=\"elementor-widget-container\">\n\t\t\t<h2 class=\"elementor-heading-title elementor-size-default\">Keskeiset vaatimukset: nollavika-aste, maanj\u00e4ristyksenkest\u00e4vyys ja l\u00e4mp\u00f6tilaerojen kest\u00e4vyys.<\/h2>\t\t<\/div>\n\t\t\t\t<\/div>\n\t\t\t\t<div class=\"elementor-element elementor-element-3032568b elementor-widget elementor-widget-text-editor\" data-id=\"3032568b\" data-element_type=\"widget\" data-widget_type=\"text-editor.default\">\n\t\t\t\t<div class=\"elementor-widget-container\">\n\t\t\t\t\t\t\t<p>Autoteollisuuden tuotteiden on t\u00e4ytett\u00e4v\u00e4 virheett\u00f6myys- ja luotettavuusvaatimukset:<\/p><p>Juotosliitosten on kestett\u00e4v\u00e4 korkeiden ja matalien l\u00e4mp\u00f6tilojen vaihteluita ja pitk\u00e4aikaista t\u00e4rin\u00e4\u00e4.<\/p><p>Pienikin tyhji\u00f6, huono juotosliitos tai v\u00e4\u00e4r\u00e4nlainen suuntaus voi vaikuttaa tuotteen k\u00e4ytt\u00f6ik\u00e4\u00e4n ja turvallisuuteen.<\/p>\t\t\t\t\t\t<\/div>\n\t\t\t\t<\/div>\n\t\t\t\t\t<\/div>\n\t\t\t\t<\/div>\n\t\t<div class=\"elementor-element elementor-element-17017158 e-flex e-con-boxed e-con e-parent\" data-id=\"17017158\" data-element_type=\"container\">\n\t\t\t\t\t<div class=\"e-con-inner\">\n\t\t\t\t<div class=\"elementor-element elementor-element-13166d95 elementor-widget elementor-widget-heading\" data-id=\"13166d95\" data-element_type=\"widget\" data-widget_type=\"heading.default\">\n\t\t\t\t<div class=\"elementor-widget-container\">\n\t\t\t<h2 class=\"elementor-heading-title elementor-size-default\">Laitteistomme kohokohdat: reflow-uuni, \u00e4lyk\u00e4s siirtolaitteisto<\/h2>\t\t<\/div>\n\t\t\t\t<\/div>\n\t\t<div class=\"elementor-element elementor-element-19077595 e-con-full e-flex e-con e-child\" data-id=\"19077595\" data-element_type=\"container\">\n\t\t\t\t<div class=\"elementor-element elementor-element-49e3196e elementor-widget elementor-widget-text-editor\" data-id=\"49e3196e\" data-element_type=\"widget\" data-widget_type=\"text-editor.default\">\n\t\t\t\t<div class=\"elementor-widget-container\">\n\t\t\t\t\t\t\t<p>S&amp;M:n SMT-laitteet tarjoavat kattavaa tukea autoteollisuuden elektroniikalle. T\u00e4rkeimpi\u00e4 kohokohtia ovat:<\/p><p><a href=\"https:\/\/www.chuxin-smt.com\/fi\/reflow-oven\/\"><strong><span style=\"color: #ff6600;\">Tyhji\u00f6 reflow<\/span><\/strong><\/a>: v\u00e4hent\u00e4\u00e4 merkitt\u00e4v\u00e4sti tyhj\u00e4tilojen m\u00e4\u00e4r\u00e4\u00e4 ja parantaa juotosliitoksen luotettavuutta \u00e4\u00e4rimm\u00e4isiss\u00e4 l\u00e4mp\u00f6tila- ja t\u00e4rin\u00e4olosuhteissa;<\/p><p>\u00c4lykk\u00e4\u00e4t kuljetuslaitteet: laudan kuormaaja ja purkaja, puskuri ja tarkastuslaiturit mahdollistavat jatkuvan tuotantolinjan toiminnan ja joustavan tuotannon asettelun;<\/p><p>T\u00e4ydelliset prosessitarkastus- ja j\u00e4ljitett\u00e4vyysj\u00e4rjestelm\u00e4t: varmistavat hallittavissa olevan tuotoksen ja t\u00e4ytt\u00e4v\u00e4t autoteollisuuden sertifiointivaatimukset, kuten IATF 16949.<\/p><p>Desay Groupin ajovalojen ohjauspaneelihankkeessa S&amp;M:n t\u00e4ydellinen linjaratkaisu ei ainoastaan parantanut tuotannon tehokkuutta, vaan mahdollisti my\u00f6s joustavan vaihtamisen useiden mallien v\u00e4lill\u00e4, mik\u00e4 v\u00e4hensi merkitt\u00e4v\u00e4sti vaihtoaikaa ja manuaalisia toimenpiteit\u00e4.<\/p>\t\t\t\t\t\t<\/div>\n\t\t\t\t<\/div>\n\t\t\t\t<div class=\"elementor-element elementor-element-e0b9f43 elementor-widget elementor-widget-heading\" data-id=\"e0b9f43\" data-element_type=\"widget\" data-widget_type=\"heading.default\">\n\t\t\t\t<div class=\"elementor-widget-container\">\n\t\t\t<h2 class=\"elementor-heading-title elementor-size-default\">Onnistuneet tapaukset ja autoteollisuuden sertifiointituki<\/h2>\t\t<\/div>\n\t\t\t\t<\/div>\n\t\t\t\t<div class=\"elementor-element elementor-element-53334fcb elementor-widget elementor-widget-text-editor\" data-id=\"53334fcb\" data-element_type=\"widget\" data-widget_type=\"text-editor.default\">\n\t\t\t\t<div class=\"elementor-widget-container\">\n\t\t\t\t\t\t\t<p>S&amp;M on toimittanut autoteollisuuden standardien mukaisia SMT-kokonaisratkaisuja lukuisille autoelektroniikka-asiakkaille, joita on sovellettu menestyksekk\u00e4\u00e4sti uusien energia-autojen ja \u00e4lyautojen ydinkomponenttien valmistukseen:<\/p><p><strong><span style=\"color: #ff0000;\">BYD:n<\/span> <\/strong>ECU- ja BMS-ohjauslevyjen tuotantolinjoissa k\u00e4ytet\u00e4\u00e4n S&amp;M-tyhji\u00f6reflow-uuneja ja \u00e4lykk\u00e4it\u00e4 oheislaitteita korkean tuoton ja alhaisen poistuman massatuotannon saavuttamiseksi;<\/p><p><strong><span style=\"color: #ff0000;\">Bosch Automotive<\/span><\/strong>\u00a0hy\u00f6dynt\u00e4\u00e4 S&amp;M-laitteita ADAS-tutkamoduulien tuotannossa, mik\u00e4 varmistaa tuotteiden yhteensopivuuden kansainv\u00e4listen autoteollisuuden m\u00e4\u00e4r\u00e4ysten kanssa ja lis\u00e4\u00e4 tuotantokapasiteettia;<\/p><p><span style=\"color: #ff0000;\"><a style=\"color: #ff0000;\" href=\"https:\/\/es.desaygroup.com\/\"><strong>Desay Group<\/strong> <\/a><\/span>ja <span style=\"color: #ff0000;\"><a style=\"color: #ff0000;\" href=\"https:\/\/www.msi.com\/index.php\"><strong>MSI Technologyn <\/strong><\/a><\/span>valaisimien ja monitoimiohjausmoduulien tuotantolinjoissa k\u00e4ytet\u00e4\u00e4n S&amp;M:n t\u00e4ydellisi\u00e4 linjaratkaisuja joustavan, eritt\u00e4in johdonmukaisen ja vakaan massatuotannon aikaansaamiseksi.<\/p><p>S&amp;M:st\u00e4 on tullut luotettava kumppani autoteollisuuden elektroniikka-alalla, ja se auttaa asiakkaitaan luomaan \u00e4lykk\u00e4it\u00e4, turvallisia ja suorituskykyisi\u00e4 autoteollisuuden tuotteita laajan autoteollisuuden valmistuskokemuksensa ja luotettavan teknisen tukensa ansiosta.<\/p>\t\t\t\t\t\t<\/div>\n\t\t\t\t<\/div>\n\t\t\t\t<\/div>\n\t\t\t\t\t<\/div>\n\t\t\t\t<\/div>\n\t\t<div class=\"elementor-element elementor-element-3f7cc448 e-flex e-con-boxed e-con e-parent\" data-id=\"3f7cc448\" data-element_type=\"container\" data-settings=\"{&quot;background_background&quot;:&quot;classic&quot;}\">\n\t\t\t\t\t<div class=\"e-con-inner\">\n\t\t\t\t<div class=\"elementor-element elementor-element-6d25be8 elementor-widget elementor-widget-heading\" data-id=\"6d25be8\" data-element_type=\"widget\" data-widget_type=\"heading.default\">\n\t\t\t\t<div class=\"elementor-widget-container\">\n\t\t\t<h2 class=\"elementor-heading-title elementor-size-default\">Sovelluksen arvo<\/h2>\t\t<\/div>\n\t\t\t\t<\/div>\n\t\t\t\t<div class=\"elementor-element elementor-element-19110911 elementor-widget elementor-widget-text-editor\" data-id=\"19110911\" data-element_type=\"widget\" data-widget_type=\"text-editor.default\">\n\t\t\t\t<div class=\"elementor-widget-container\">\n\t\t\t\t\t\t\t<p>Sovellusarvo: S&amp;M auttaa asiakkaita s\u00e4ilytt\u00e4m\u00e4\u00e4n kilpailuedun maailmanlaajuisilla \u00e4lylaitteistomarkkinoilla parantamalla tuotantolinjojen automaatiota, v\u00e4hent\u00e4m\u00e4ll\u00e4 vikam\u00e4\u00e4ri\u00e4 ja tukemalla tuotannon joustavaa laajentamista.<\/p>\t\t\t\t\t\t<\/div>\n\t\t\t\t<\/div>\n\t\t\t\t<div class=\"elementor-element elementor-element-7d660a10 elementor-skin-carousel elementor-widget elementor-widget-media-carousel\" data-id=\"7d660a10\" data-element_type=\"widget\" data-settings=\"{&quot;slides_per_view&quot;:&quot;5&quot;,&quot;slides_to_scroll&quot;:&quot;1&quot;,&quot;slides_per_view_tablet&quot;:&quot;4&quot;,&quot;slides_per_view_mobile&quot;:&quot;2&quot;,&quot;skin&quot;:&quot;carousel&quot;,&quot;effect&quot;:&quot;slide&quot;,&quot;speed&quot;:500,&quot;autoplay&quot;:&quot;yes&quot;,&quot;autoplay_speed&quot;:5000,&quot;loop&quot;:&quot;yes&quot;,&quot;pause_on_hover&quot;:&quot;yes&quot;,&quot;pause_on_interaction&quot;:&quot;yes&quot;,&quot;space_between&quot;:{&quot;unit&quot;:&quot;px&quot;,&quot;size&quot;:10,&quot;sizes&quot;:[]},&quot;space_between_tablet&quot;:{&quot;unit&quot;:&quot;px&quot;,&quot;size&quot;:10,&quot;sizes&quot;:[]},&quot;space_between_mobile&quot;:{&quot;unit&quot;:&quot;px&quot;,&quot;size&quot;:10,&quot;sizes&quot;:[]}}\" data-widget_type=\"media-carousel.default\">\n\t\t\t\t<div class=\"elementor-widget-container\">\n\t\t\t\t\t<div class=\"elementor-swiper\">\n\t\t\t<div class=\"elementor-main-swiper swiper\">\n\t\t\t\t<div class=\"swiper-wrapper\">\n\t\t\t\t\t\t\t\t\t\t\t<div class=\"swiper-slide\">\n\t\t\t\t\t\t\t\t\t<div class=\"elementor-carousel-image\" role=\"img\" aria-label=\"1756803359-Malaysian customers-5\" style=\"background-image: url(&#039;https:\/\/www.chuxin-smt.com\/wp-content\/uploads\/2025\/09\/1756803359-Malaysian-customers-5.jpg&#039;)\">\n\n\t\t\t\n\t\t\t\t\t<\/div>\n\t\t\t\t\t\t\t\t<\/div>\n\t\t\t\t\t\t\t\t\t\t\t<div class=\"swiper-slide\">\n\t\t\t\t\t\t\t\t\t<div class=\"elementor-carousel-image\" role=\"img\" aria-label=\"1756778979-customers-2\" style=\"background-image: url(&#039;https:\/\/www.chuxin-smt.com\/wp-content\/uploads\/2025\/09\/1756778979-customers-2.jpg&#039;)\">\n\n\t\t\t\n\t\t\t\t\t<\/div>\n\t\t\t\t\t\t\t\t<\/div>\n\t\t\t\t\t\t\t\t\t\t\t<div class=\"swiper-slide\">\n\t\t\t\t\t\t\t\t\t<div class=\"elementor-carousel-image\" role=\"img\" aria-label=\"1756803354-Malaysian customers-3\" style=\"background-image: url(&#039;https:\/\/www.chuxin-smt.com\/wp-content\/uploads\/2025\/09\/1756803354-Malaysian-customers-3.jpg&#039;)\">\n\n\t\t\t\n\t\t\t\t\t<\/div>\n\t\t\t\t\t\t\t\t<\/div>\n\t\t\t\t\t\t\t\t\t\t\t<div class=\"swiper-slide\">\n\t\t\t\t\t\t\t\t\t<div class=\"elementor-carousel-image\" role=\"img\" aria-label=\"1756803348 - Malesian asiakkaat\" style=\"background-image: url(&#039;https:\/\/www.chuxin-smt.com\/wp-content\/uploads\/2025\/09\/1756803348-Malaysian-customers.jpg&#039;)\">\n\n\t\t\t\n\t\t\t\t\t<\/div>\n\t\t\t\t\t\t\t\t<\/div>\n\t\t\t\t\t\t\t\t\t\t\t<div class=\"swiper-slide\">\n\t\t\t\t\t\t\t\t\t<div class=\"elementor-carousel-image\" role=\"img\" aria-label=\"1756803352-Malaysian customers-2\" style=\"background-image: url(&#039;https:\/\/www.chuxin-smt.com\/wp-content\/uploads\/2025\/09\/1756803352-Malaysian-customers-2.jpg&#039;)\">\n\n\t\t\t\n\t\t\t\t\t<\/div>\n\t\t\t\t\t\t\t\t<\/div>\n\t\t\t\t\t\t\t\t\t\t\t<div class=\"swiper-slide\">\n\t\t\t\t\t\t\t\t\t<div class=\"elementor-carousel-image\" role=\"img\" aria-label=\"1756803345-Foxconn asiakkaat-3\" style=\"background-image: url(&#039;https:\/\/www.chuxin-smt.com\/wp-content\/uploads\/2025\/09\/1756803345-Foxconn-customers-3.jpg&#039;)\">\n\n\t\t\t\n\t\t\t\t\t<\/div>\n\t\t\t\t\t\t\t\t<\/div>\n\t\t\t\t\t\t\t\t\t\t\t<div class=\"swiper-slide\">\n\t\t\t\t\t\t\t\t\t<div class=\"elementor-carousel-image\" role=\"img\" aria-label=\"1756803335-Foxconn asiakkaat\" style=\"background-image: url(&#039;https:\/\/www.chuxin-smt.com\/wp-content\/uploads\/2025\/09\/1756803335-Foxconn-customers.jpg&#039;)\">\n\n\t\t\t\n\t\t\t\t\t<\/div>\n\t\t\t\t\t\t\t\t<\/div>\n\t\t\t\t\t\t\t\t\t<\/div>\n\t\t\t\t\t\t\t\t\t\t\t\t\t\t\t\t\t\t\t\t\t<\/div>\n\t\t<\/div>\n\t\t\t\t<\/div>\n\t\t\t\t<\/div>\n\t\t\t\t\t<\/div>\n\t\t\t\t<\/div>\n\t\t<div class=\"elementor-element elementor-element-7ae20c9b e-con-full e-flex e-con e-parent\" data-id=\"7ae20c9b\" data-element_type=\"container\">\n\t\t\t\t<div class=\"elementor-element elementor-element-3f3e5bd7 elementor-cta--layout-image-right elementor-cta--mobile-layout-image-above elementor-cta--skin-classic elementor-animated-content elementor-bg-transform elementor-bg-transform-zoom-in elementor-widget elementor-widget-call-to-action\" data-id=\"3f3e5bd7\" data-element_type=\"widget\" data-widget_type=\"call-to-action.default\">\n\t\t\t\t<div class=\"elementor-widget-container\">\n\t\t\t\t\t<div class=\"elementor-cta\">\n\t\t\t\t\t<div class=\"elementor-cta__bg-wrapper\">\n\t\t\t\t<div class=\"elementor-cta__bg elementor-bg\" style=\"background-image: url(https:\/\/www.chuxin-smt.com\/wp-content\/uploads\/2025\/04\/1744707680-\u6c5f\u95e8\u5de5\u5382.jpg);\" role=\"img\" aria-label=\"S&amp;M FACTORY\"><\/div>\n\t\t\t\t<div class=\"elementor-cta__bg-overlay\"><\/div>\n\t\t\t<\/div>\n\t\t\t\t\t\t\t<div class=\"elementor-cta__content\">\n\t\t\t\t\n\t\t\t\t\t\t\t\t\t<span class=\"elementor-cta__title elementor-cta__content-item elementor-content-item\">\n\t\t\t\t\t\tTarvitsetko SMT-laitteita?\t\t\t\t\t<\/span>\n\t\t\t\t\n\t\t\t\t\t\t\t\t\t<div class=\"elementor-cta__description elementor-cta__content-item elementor-content-item\">\n\t\t\t\t\t\tPyyd\u00e4 maksuton kuuleminen ja hinta-arvio\t\t\t\t\t<\/div>\n\t\t\t\t\n\t\t\t\t\t\t\t\t\t<div class=\"elementor-cta__button-wrapper elementor-cta__content-item elementor-content-item\">\n\t\t\t\t\t<a class=\"elementor-cta__button elementor-button elementor-size-md\" href=\"https:\/\/www.chuxin-smt.com\/fi\/contacts\/\">\n\t\t\t\t\t\tOta yhteytt\u00e4\t\t\t\t\t<\/a>\n\t\t\t\t\t<\/div>\n\t\t\t\t\t\t\t<\/div>\n\t\t\t\t\t\t<\/div>\n\t\t\t\t<\/div>\n\t\t\t\t<\/div>\n\t\t\t\t<\/div>\n\t\t\t\t<\/div>","protected":false},"excerpt":{"rendered":"<p>OUTLINE Application of S&#038;M SMT equipment in automotive electronics 1) Automotive electronics industry demands and trends: intelligence and automotive-grade reliability [&hellip;]<\/p>","protected":false},"author":1,"featured_media":0,"parent":0,"menu_order":0,"comment_status":"closed","ping_status":"closed","template":"","meta":{"_acf_changed":false,"site-sidebar-layout":"no-sidebar","site-content-layout":"","ast-site-content-layout":"full-width-container","site-content-style":"default","site-sidebar-style":"default","ast-global-header-display":"","ast-banner-title-visibility":"","ast-main-header-display":"","ast-hfb-above-header-display":"","ast-hfb-below-header-display":"","ast-hfb-mobile-header-display":"","site-post-title":"disabled","ast-breadcrumbs-content":"","ast-featured-img":"disabled","footer-sml-layout":"","theme-transparent-header-meta":"default","adv-header-id-meta":"","stick-header-meta":"","header-above-stick-meta":"","header-main-stick-meta":"","header-below-stick-meta":"","astra-migrate-meta-layouts":"set","ast-page-background-enabled":"default","ast-page-background-meta":{"desktop":{"background-color":"var(--ast-global-color-4)","background-image":"","background-repeat":"repeat","background-position":"center center","background-size":"auto","background-attachment":"scroll","background-type":"","background-media":"","overlay-type":"","overlay-color":"","overlay-opacity":"","overlay-gradient":""},"tablet":{"background-color":"","background-image":"","background-repeat":"repeat","background-position":"center center","background-size":"auto","background-attachment":"scroll","background-type":"","background-media":"","overlay-type":"","overlay-color":"","overlay-opacity":"","overlay-gradient":""},"mobile":{"background-color":"","background-image":"","background-repeat":"repeat","background-position":"center center","background-size":"auto","background-attachment":"scroll","background-type":"","background-media":"","overlay-type":"","overlay-color":"","overlay-opacity":"","overlay-gradient":""}},"ast-content-background-meta":{"desktop":{"background-color":"var(--ast-global-color-5)","background-image":"","background-repeat":"repeat","background-position":"center center","background-size":"auto","background-attachment":"scroll","background-type":"","background-media":"","overlay-type":"","overlay-color":"","overlay-opacity":"","overlay-gradient":""},"tablet":{"background-color":"var(--ast-global-color-5)","background-image":"","background-repeat":"repeat","background-position":"center center","background-size":"auto","background-attachment":"scroll","background-type":"","background-media":"","overlay-type":"","overlay-color":"","overlay-opacity":"","overlay-gradient":""},"mobile":{"background-color":"var(--ast-global-color-5)","background-image":"","background-repeat":"repeat","background-position":"center center","background-size":"auto","background-attachment":"scroll","background-type":"","background-media":"","overlay-type":"","overlay-color":"","overlay-opacity":"","overlay-gradient":""}}},"class_list":["post-2915","page","type-page","status-publish","hentry"],"acf":[],"_links":{"self":[{"href":"https:\/\/www.chuxin-smt.com\/fi\/wp-json\/wp\/v2\/pages\/2915","targetHints":{"allow":["GET"]}}],"collection":[{"href":"https:\/\/www.chuxin-smt.com\/fi\/wp-json\/wp\/v2\/pages"}],"about":[{"href":"https:\/\/www.chuxin-smt.com\/fi\/wp-json\/wp\/v2\/types\/page"}],"author":[{"embeddable":true,"href":"https:\/\/www.chuxin-smt.com\/fi\/wp-json\/wp\/v2\/users\/1"}],"replies":[{"embeddable":true,"href":"https:\/\/www.chuxin-smt.com\/fi\/wp-json\/wp\/v2\/comments?post=2915"}],"version-history":[{"count":0,"href":"https:\/\/www.chuxin-smt.com\/fi\/wp-json\/wp\/v2\/pages\/2915\/revisions"}],"wp:attachment":[{"href":"https:\/\/www.chuxin-smt.com\/fi\/wp-json\/wp\/v2\/media?parent=2915"}],"curies":[{"name":"wp","href":"https:\/\/api.w.org\/{rel}","templated":true}]}}