{"id":2873,"date":"2025-09-02T16:40:33","date_gmt":"2025-09-02T08:40:33","guid":{"rendered":"https:\/\/www.chuxin-smt.com\/?page_id=2873"},"modified":"2025-09-05T16:12:10","modified_gmt":"2025-09-05T08:12:10","slug":"smart-hardwaremobile-terminals","status":"publish","type":"page","link":"https:\/\/www.chuxin-smt.com\/hu\/smart-hardwaremobile-terminals\/","title":{"rendered":"Intelligens hardver \u00e9s mobil termin\u00e1lok"},"content":{"rendered":"<div data-elementor-type=\"wp-page\" data-elementor-id=\"2873\" class=\"elementor elementor-2873\" data-elementor-post-type=\"page\">\n\t\t\t\t<div class=\"elementor-element elementor-element-2cbfb26b e-con-full e-flex e-con e-parent\" data-id=\"2cbfb26b\" data-element_type=\"container\" data-settings=\"{&quot;background_background&quot;:&quot;classic&quot;}\">\n\t\t<div class=\"elementor-element elementor-element-2b2ce2b e-con-full e-flex e-con e-child\" data-id=\"2b2ce2b\" data-element_type=\"container\">\n\t\t\t\t<div class=\"elementor-element elementor-element-5d62822b elementor-widget elementor-widget-heading\" data-id=\"5d62822b\" data-element_type=\"widget\" data-widget_type=\"heading.default\">\n\t\t\t\t<div class=\"elementor-widget-container\">\n\t\t\t<h2 class=\"elementor-heading-title elementor-size-default\">OUTLINE<\/h2>\t\t<\/div>\n\t\t\t\t<\/div>\n\t\t\t\t<div class=\"elementor-element elementor-element-67eb5d44 elementor-widget__width-initial elementor-absolute elementor-widget-tablet__width-initial elementor-widget-mobile__width-initial elementor-widget elementor-widget-spacer\" data-id=\"67eb5d44\" data-element_type=\"widget\" data-settings=\"{&quot;_position&quot;:&quot;absolute&quot;}\" data-widget_type=\"spacer.default\">\n\t\t\t\t<div class=\"elementor-widget-container\">\n\t\t\t\t\t<div class=\"elementor-spacer\">\n\t\t\t<div class=\"elementor-spacer-inner\"><\/div>\n\t\t<\/div>\n\t\t\t\t<\/div>\n\t\t\t\t<\/div>\n\t\t<div class=\"elementor-element elementor-element-6c51774e e-con-full e-flex e-con e-child\" data-id=\"6c51774e\" data-element_type=\"container\">\n\t\t\t\t<div class=\"elementor-element elementor-element-3165e5c0 elementor-widget elementor-widget-text-editor\" data-id=\"3165e5c0\" data-element_type=\"widget\" data-widget_type=\"text-editor.default\">\n\t\t\t\t<div class=\"elementor-widget-container\">\n\t\t\t\t\t\t\t<p>1) Ipari h\u00e1tt\u00e9r: Az intelligens hardverek \u00e9s a mobil termin\u00e1lok gyorsan fejl\u0151dnek.<\/p><p>2) Az SMT berendez\u00e9sek szerepe a nagy s\u0171r\u0171s\u00e9g\u0171 miniat\u00fcriz\u00e1l\u00e1sban<\/p><p>3) Tipikus alkalmaz\u00e1si esetek: okos\u00f3r\u00e1k, fejhallgat\u00f3k, mobiltelefon alaplapok<\/p><p>4) M\u0171szaki kiemel\u00e9sek: reflow forraszt\u00e1s, hull\u00e1mforraszt\u00e1s \u00e9s intelligens \u00e1tviteli berendez\u00e9sek<\/p>\t\t\t\t\t\t<\/div>\n\t\t\t\t<\/div>\n\t\t\t\t<div class=\"elementor-element elementor-element-61d6c937 elementor-button-align-stretch elementor-widget elementor-widget-form\" data-id=\"61d6c937\" data-element_type=\"widget\" data-settings=\"{&quot;step_next_label&quot;:&quot;Next&quot;,&quot;step_previous_label&quot;:&quot;Previous&quot;,&quot;button_width&quot;:&quot;40&quot;,&quot;step_type&quot;:&quot;number_text&quot;,&quot;step_icon_shape&quot;:&quot;circle&quot;}\" data-widget_type=\"form.default\">\n\t\t\t\t<div class=\"elementor-widget-container\">\n\t\t\t\t\t<form class=\"elementor-form\" method=\"post\" name=\"Newsletter\" action=\"\">\n\t\t\t<input type=\"hidden\" name=\"post_id\" value=\"2873\"\/>\n\t\t\t<input type=\"hidden\" name=\"form_id\" value=\"61d6c937\"\/>\n\t\t\t<input type=\"hidden\" name=\"referer_title\" value=\"Smart Hardware&#038;Mobile Terminals\" \/>\n\n\t\t\t\t\t\t\t<input type=\"hidden\" name=\"queried_id\" value=\"2873\"\/>\n\t\t\t\n\t\t\t<div class=\"elementor-form-fields-wrapper elementor-labels-\">\n\t\t\t\t\t\t\t\t<div class=\"elementor-field-type-email elementor-field-group elementor-column elementor-field-group-email elementor-col-60 elementor-field-required\">\n\t\t\t\t\t\t\t\t\t\t\t\t<label for=\"form-field-email\" class=\"elementor-field-label elementor-screen-only\">\n\t\t\t\t\t\t\t\tE-mail\t\t\t\t\t\t\t<\/label>\n\t\t\t\t\t\t\t\t\t\t\t\t\t\t<input size=\"1\" type=\"email\" name=\"form_fields[email]\" id=\"form-field-email\" class=\"elementor-field elementor-size-sm  elementor-field-textual\" placeholder=\"E-mail\" required=\"required\" aria-required=\"true\">\n\t\t\t\t\t\t\t\t\t\t\t<\/div>\n\t\t\t\t\t\t\t\t<div class=\"elementor-field-group elementor-column elementor-field-type-submit elementor-col-40 e-form__buttons\">\n\t\t\t\t\t<button class=\"elementor-button elementor-size-sm\" type=\"submit\">\n\t\t\t\t\t\t<span class=\"elementor-button-content-wrapper\">\n\t\t\t\t\t\t\t\t\t\t\t\t\t\t\t\t\t\t\t\t\t\t<span class=\"elementor-button-text\">Feliratkoz\u00e1s <\/span>\n\t\t\t\t\t\t\t\t\t\t\t\t\t<\/span>\n\t\t\t\t\t<\/button>\n\t\t\t\t<\/div>\n\t\t\t<\/div>\n\t\t<input type=\"hidden\" name=\"trp-form-language\" value=\"hu\"\/><\/form>\n\t\t\t\t<\/div>\n\t\t\t\t<\/div>\n\t\t\t\t<\/div>\n\t\t\t\t<\/div>\n\t\t<div class=\"elementor-element elementor-element-3a6074c4 e-con-full e-flex e-con e-child\" data-id=\"3a6074c4\" data-element_type=\"container\" data-settings=\"{&quot;background_background&quot;:&quot;classic&quot;}\">\n\t\t\t\t<\/div>\n\t\t\t\t<\/div>\n\t\t<div class=\"elementor-element elementor-element-13309da e-flex e-con-boxed e-con e-parent\" data-id=\"13309da\" data-element_type=\"container\">\n\t\t\t\t\t<div class=\"e-con-inner\">\n\t\t\t\t<div class=\"elementor-element elementor-element-594700a elementor-widget elementor-widget-heading\" data-id=\"594700a\" data-element_type=\"widget\" data-widget_type=\"heading.default\">\n\t\t\t\t<div class=\"elementor-widget-container\">\n\t\t\t<h2 class=\"elementor-heading-title elementor-size-default\">Ipari h\u00e1tt\u00e9r: Intelligens hardverek \u00e9s mobil termin\u00e1lok gyors \u00fctemben fejl\u0151dnek.<\/h2>\t\t<\/div>\n\t\t\t\t<\/div>\n\t\t\t\t\t<\/div>\n\t\t\t\t<\/div>\n\t\t<div class=\"elementor-element elementor-element-5add48f e-flex e-con-boxed e-con e-parent\" data-id=\"5add48f\" data-element_type=\"container\">\n\t\t\t\t\t<div class=\"e-con-inner\">\n\t\t\t\t<div class=\"elementor-element elementor-element-accf25e elementor-widget elementor-widget-text-editor\" data-id=\"accf25e\" data-element_type=\"widget\" data-widget_type=\"text-editor.default\">\n\t\t\t\t<div class=\"elementor-widget-container\">\n\t\t\t\t\t\t\t<p>Az elm\u00falt \u00e9vekben az intelligens hardverek \u00e9s a mobil termin\u00e1lok ipar\u00e1gai gyors n\u00f6veked\u00e9snek indultak, \u00e9s t\u00f6bb term\u00e9kkateg\u00f3ri\u00e1t, k\u00f6zt\u00fck okostelefonokat, t\u00e1blag\u00e9peket \u00e9s viselhet\u0151 eszk\u00f6z\u00f6ket foglalnak magukban. A v\u00e9konyabb, k\u00f6nnyebb, nagyobb teljes\u00edtm\u00e9ny\u0171 \u00e9s sokoldal\u00fabb term\u00e9kek ir\u00e1nti fogyaszt\u00f3i ig\u00e9ny egyre n\u0151, ami a gy\u00e1rt\u00e1si oldalon egyre szigor\u00fabb k\u00f6vetelm\u00e9nyeket t\u00e1maszt a folyamatok pontoss\u00e1g\u00e1val \u00e9s a gy\u00e1rt\u00e1si hat\u00e9konys\u00e1ggal szemben.<\/p><p>Vezet\u0151 glob\u00e1lis elektronikai gy\u00e1rt\u00f3 szolg\u00e1ltat\u00f3 v\u00e1llalatokk\u00e9nt,\u00a0<strong><span style=\"color: #ff0000;\">Foxconn \u00e9s Compal Electronics<\/span><\/strong> az okostelefonok \u00e9s laptopok alaplapjainak gy\u00e1rt\u00e1s\u00e1hoz hatalmas termel\u00e9si kapacit\u00e1sig\u00e9ny\u00fck van, ami rendk\u00edv\u00fcl magas k\u00f6vetelm\u00e9nyeket t\u00e1maszt SMT gy\u00e1rt\u00f3soraik stabilit\u00e1s\u00e1val \u00e9s automatiz\u00e1l\u00e1s\u00e1val szemben. Ennek f\u00e9ny\u00e9ben az S&amp;M a nagy pontoss\u00e1g\u00fa SMT komplett vonalas megold\u00e1sokat kihaszn\u00e1lva gyors, hat\u00e9kony \u00e9s stabil termel\u00e9si k\u00e9pess\u00e9geket biztos\u00edt \u00fcgyfeleinek, seg\u00edtve \u0151ket abban, hogy meg\u0151rizz\u00e9k vezet\u0151 poz\u00edci\u00f3jukat az \u00e9les versenyben l\u00e9v\u0151 piacon.<\/p>\t\t\t\t\t\t<\/div>\n\t\t\t\t<\/div>\n\t\t\t\t\t<\/div>\n\t\t\t\t<\/div>\n\t\t<div class=\"elementor-element elementor-element-88a8c29 e-flex e-con-boxed e-con e-parent\" data-id=\"88a8c29\" data-element_type=\"container\">\n\t\t\t\t\t<div class=\"e-con-inner\">\n\t\t<div class=\"elementor-element elementor-element-b56ca9d e-con-full e-flex e-con e-child\" data-id=\"b56ca9d\" data-element_type=\"container\">\n\t\t\t\t<div class=\"elementor-element elementor-element-f8e8693 elementor-widget elementor-widget-heading\" data-id=\"f8e8693\" data-element_type=\"widget\" data-widget_type=\"heading.default\">\n\t\t\t\t<div class=\"elementor-widget-container\">\n\t\t\t<h2 class=\"elementor-heading-title elementor-size-default\">Az SMT berendez\u00e9sek szerepe a nagy s\u0171r\u0171s\u00e9g\u0171 miniat\u00fcriz\u00e1l\u00e1sban<\/h2>\t\t<\/div>\n\t\t\t\t<\/div>\n\t\t\t\t<\/div>\n\t\t\t\t\t<\/div>\n\t\t\t\t<\/div>\n\t\t<div class=\"elementor-element elementor-element-d437a99 e-flex e-con-boxed e-con e-parent\" data-id=\"d437a99\" data-element_type=\"container\">\n\t\t\t\t\t<div class=\"e-con-inner\">\n\t\t\t\t<div class=\"elementor-element elementor-element-df80c5d elementor-widget elementor-widget-text-editor\" data-id=\"df80c5d\" data-element_type=\"widget\" data-widget_type=\"text-editor.default\">\n\t\t\t\t<div class=\"elementor-widget-container\">\n\t\t\t\t\t\t\t<p>Az intelligens hardverek fejl\u0151d\u00e9se a nyomtatott \u00e1ramk\u00f6ri lapok tervez\u00e9s\u00e9t a nagyobb s\u0171r\u0171s\u00e9g \u00e9s a kisebb formafaktorok fel\u00e9 tereli. Az olyan apr\u00f3cska csomagok, mint a BGA, QFN \u00e9s 0201 ellen\u00e1ll\u00e1sok \u00e9s kondenz\u00e1torok prec\u00edz felszerel\u00e9se a gy\u00e1rt\u00f3sorok egyik f\u0151 kih\u00edv\u00e1s\u00e1v\u00e1 v\u00e1lt.<\/p><p><strong><span style=\"color: #ff0000;\">Goertek<\/span><\/strong>, az akusztikus \u00e9s viselhet\u0151 term\u00e9kek vezet\u0151 glob\u00e1lis gy\u00e1rt\u00f3ja, a Bluetooth-fejhallgat\u00f3k \u00e9s okos\u00f3r\u00e1k gy\u00e1rt\u00e1sa sor\u00e1n nagysz\u00e1m\u00fa apr\u00f3 alkatr\u00e9szt \u00e9s nagy s\u0171r\u0171s\u00e9g\u0171 lapot kezel. Reflow-berendez\u00e9seink megb\u00edzhat\u00f3 forraszt\u00e1st tesznek lehet\u0151v\u00e9, mik\u00f6zben alacsony \u00fcresj\u00e1rati ar\u00e1nyt \u00e9s magas hozamot biztos\u00edtanak.<\/p><p>A nagy s\u0171r\u0171s\u00e9g\u0171 \u00e9s miniat\u00fcriz\u00e1lt gy\u00e1rt\u00e1si forgat\u00f3k\u00f6nyvekben az S&amp;M SMT berendez\u00e9sei jelent\u0151sen jav\u00edtj\u00e1k a gy\u00e1rt\u00f3sor hat\u00e9konys\u00e1g\u00e1t \u00e9s a term\u00e9k konzisztenci\u00e1j\u00e1t \u00fcgyfeleink sz\u00e1m\u00e1ra, megfelelve az intelligens termin\u00e1lterm\u00e9kek prec\u00edzi\u00f3s gy\u00e1rt\u00e1si k\u00f6vetelm\u00e9nyeinek.<\/p>\t\t\t\t\t\t<\/div>\n\t\t\t\t<\/div>\n\t\t\t\t\t<\/div>\n\t\t\t\t<\/div>\n\t\t<div class=\"elementor-element elementor-element-84e11b1 e-flex e-con-boxed e-con e-parent\" data-id=\"84e11b1\" data-element_type=\"container\">\n\t\t\t\t\t<div class=\"e-con-inner\">\n\t\t\t\t<div class=\"elementor-element elementor-element-4851a2b elementor-widget elementor-widget-heading\" data-id=\"4851a2b\" data-element_type=\"widget\" data-widget_type=\"heading.default\">\n\t\t\t\t<div class=\"elementor-widget-container\">\n\t\t\t<h2 class=\"elementor-heading-title elementor-size-default\">Tipikus alkalmaz\u00e1si esetek: okos\u00f3r\u00e1k, fejhallgat\u00f3k, mobiltelefon alaplapok<\/h2>\t\t<\/div>\n\t\t\t\t<\/div>\n\t\t\t\t<div class=\"elementor-element elementor-element-6d36b47 elementor-widget elementor-widget-text-editor\" data-id=\"6d36b47\" data-element_type=\"widget\" data-widget_type=\"text-editor.default\">\n\t\t\t\t<div class=\"elementor-widget-container\">\n\t\t\t\t\t\t\t<p>A t\u00e9nyleges projektekben az S&amp;M berendez\u00e9seket sz\u00e9les k\u00f6rben haszn\u00e1lt\u00e1k k\u00fcl\u00f6nb\u00f6z\u0151 \u00fcgyf\u00e9lterm\u00e9k-gy\u00e1rt\u00e1si forgat\u00f3k\u00f6nyvekben:<\/p><p><strong><span style=\"color: #ff0000;\">Foxconn\u00a0<\/span><\/strong>az okostelefon alaplapok gy\u00e1rt\u00e1sa sor\u00e1n a mi reflow- \u00e9s be- \u00e9s kirakod\u00f3 g\u00e9peinket haszn\u00e1lja, amelyekkel nagy sebess\u00e9g\u0171, rendk\u00edv\u00fcl konzisztens t\u00e9teles forraszt\u00e1st \u00e9r el.<\/p><p><strong><span style=\"color: #ff0000;\">Compal Computer<\/span><\/strong> a mi perif\u00e9ri\u00e1s berendez\u00e9seinket haszn\u00e1lja a notebook \u00e9s t\u00e1blag\u00e9p alaplapok SMT gy\u00e1rt\u00f3sor\u00e1n, biztos\u00edtva a nagym\u00e9ret\u0171 nyomtatott \u00e1ramk\u00f6ri lapok z\u00f6kken\u0151mentes \u00e1tvitel\u00e9t \u00e9s hat\u00e9kony ellen\u0151rz\u00e9s\u00e9t.<\/p><p>Ezek a sikeres alkalmaz\u00e1si esetek teljes m\u00e9rt\u00e9kben bizony\u00edtj\u00e1k, hogy az S&amp;M berendez\u00e9sek nem csak a nagy volumen\u0171 gy\u00e1rt\u00e1si forgat\u00f3k\u00f6nyvekre alkalmasak, hanem a prec\u00edzi\u00f3s elektronikai gy\u00e1rt\u00e1s ig\u00e9nyeinek is megfelelnek, rendk\u00edv\u00fcl magas pontoss\u00e1gi \u00e9s hozamk\u00f6vetelm\u00e9nyekkel.<\/p>\t\t\t\t\t\t<\/div>\n\t\t\t\t<\/div>\n\t\t\t\t\t<\/div>\n\t\t\t\t<\/div>\n\t\t<div class=\"elementor-element elementor-element-c098fac e-flex e-con-boxed e-con e-parent\" data-id=\"c098fac\" data-element_type=\"container\">\n\t\t\t\t\t<div class=\"e-con-inner\">\n\t\t\t\t<div class=\"elementor-element elementor-element-0e011ac elementor-widget elementor-widget-heading\" data-id=\"0e011ac\" data-element_type=\"widget\" data-widget_type=\"heading.default\">\n\t\t\t\t<div class=\"elementor-widget-container\">\n\t\t\t<h2 class=\"elementor-heading-title elementor-size-default\">M\u0171szaki jellemz\u0151k: reflow forraszt\u00e1s, intelligens \u00e1tviteli berendez\u00e9sek<\/h2>\t\t<\/div>\n\t\t\t\t<\/div>\n\t\t<div class=\"elementor-element elementor-element-9a0281f e-con-full e-flex e-con e-child\" data-id=\"9a0281f\" data-element_type=\"container\">\n\t\t\t\t<div class=\"elementor-element elementor-element-6864a34 elementor-widget elementor-widget-text-editor\" data-id=\"6864a34\" data-element_type=\"widget\" data-widget_type=\"text-editor.default\">\n\t\t\t\t<div class=\"elementor-widget-container\">\n\t\t\t\t\t\t\t<p>Az S&amp;M technol\u00f3giai cs\u00facsteljes\u00edtm\u00e9nye a teljes k\u00f6r\u0171 integr\u00e1ci\u00f3s k\u00e9pess\u00e9gekben \u00e9s a prec\u00edzi\u00f3s gy\u00e1rt\u00e1s m\u00e9lyrehat\u00f3 t\u00e1mogat\u00e1s\u00e1ban rejlik:<\/p><p>Reflow technol\u00f3gia: Jelent\u0151sen cs\u00f6kkenti a forraszt\u00e1si k\u00f6t\u00e9s h\u00e9zagol\u00e1s\u00e1t \u00e9s jav\u00edtja a BGA \u00e9s QFN alkatr\u00e9szek megb\u00edzhat\u00f3s\u00e1g\u00e1t, alkalmas az okostelefonok \u00e9s a viselhet\u0151 eszk\u00f6z\u00f6k magas sz\u00ednvonal\u00fa gy\u00e1rt\u00e1si k\u00f6vetelm\u00e9nyeinek kiel\u00e9g\u00edt\u00e9s\u00e9re.<\/p>\t\t\t\t\t\t<\/div>\n\t\t\t\t<\/div>\n\t\t\t\t<div class=\"elementor-element elementor-element-cbe80c3 elementor-widget elementor-widget-text-editor\" data-id=\"cbe80c3\" data-element_type=\"widget\" data-widget_type=\"text-editor.default\">\n\t\t\t\t<div class=\"elementor-widget-container\">\n\t\t\t\t\t\t\t<p>Intelligens perif\u00e9ri\u00e1s berendez\u00e9sek: Ezek lehet\u0151v\u00e9 teszik a hat\u00e9kony gy\u00e1rt\u00f3sori integr\u00e1ci\u00f3t \u00e9s az automatiz\u00e1lt \u00e1raml\u00e1st.<span style=\"font-style: inherit; font-weight: inherit;\">A Huatong Computer alaplap gy\u00e1rt\u00f3sor\u00e1n az S&amp;M reflow technol\u00f3gi\u00e1ja \u00e9s perif\u00e9ri\u00e1s berendez\u00e9sei egy\u00fcttesen biztos\u00edtj\u00e1k a nagy sebess\u00e9g\u0171 gy\u00e1rt\u00f3sorokon a komplex, t\u00f6bbr\u00e9teg\u0171 lapok stabil hozam\u00e1t, jav\u00edtva a teljes gy\u00e1rt\u00e1si ciklusid\u0151t.<\/span><\/p>\t\t\t\t\t\t<\/div>\n\t\t\t\t<\/div>\n\t\t\t\t<\/div>\n\t\t\t\t\t<\/div>\n\t\t\t\t<\/div>\n\t\t<div class=\"elementor-element elementor-element-2e7cea0d e-flex e-con-boxed e-con e-parent\" data-id=\"2e7cea0d\" data-element_type=\"container\" data-settings=\"{&quot;background_background&quot;:&quot;classic&quot;}\">\n\t\t\t\t\t<div class=\"e-con-inner\">\n\t\t\t\t<div class=\"elementor-element elementor-element-6f021a5d elementor-widget elementor-widget-heading\" data-id=\"6f021a5d\" data-element_type=\"widget\" data-widget_type=\"heading.default\">\n\t\t\t\t<div class=\"elementor-widget-container\">\n\t\t\t<h2 class=\"elementor-heading-title elementor-size-default\">Alkalmaz\u00e1si \u00e9rt\u00e9k<\/h2>\t\t<\/div>\n\t\t\t\t<\/div>\n\t\t\t\t<div class=\"elementor-element elementor-element-28656232 elementor-widget elementor-widget-text-editor\" data-id=\"28656232\" data-element_type=\"widget\" data-widget_type=\"text-editor.default\">\n\t\t\t\t<div class=\"elementor-widget-container\">\n\t\t\t\t\t\t\t<p>Alkalmaz\u00e1si \u00e9rt\u00e9k: Az S&amp;M a gy\u00e1rt\u00f3sorok automatiz\u00e1l\u00e1s\u00e1nak jav\u00edt\u00e1s\u00e1val, a hibaar\u00e1nyok cs\u00f6kkent\u00e9s\u00e9vel \u00e9s a rugalmas termel\u00e9sb\u0151v\u00edt\u00e9s t\u00e1mogat\u00e1s\u00e1val seg\u00edt az \u00fcgyfeleknek abban, hogy meg\u0151rizz\u00e9k versenyel\u0151ny\u00fcket a glob\u00e1lis intelligens hardverpiacon.<\/p>\t\t\t\t\t\t<\/div>\n\t\t\t\t<\/div>\n\t\t\t\t<div class=\"elementor-element elementor-element-5b2ea3db elementor-skin-carousel elementor-widget elementor-widget-media-carousel\" data-id=\"5b2ea3db\" data-element_type=\"widget\" data-settings=\"{&quot;slides_per_view&quot;:&quot;5&quot;,&quot;slides_to_scroll&quot;:&quot;1&quot;,&quot;slides_per_view_tablet&quot;:&quot;4&quot;,&quot;slides_per_view_mobile&quot;:&quot;2&quot;,&quot;skin&quot;:&quot;carousel&quot;,&quot;effect&quot;:&quot;slide&quot;,&quot;speed&quot;:500,&quot;autoplay&quot;:&quot;yes&quot;,&quot;autoplay_speed&quot;:5000,&quot;loop&quot;:&quot;yes&quot;,&quot;pause_on_hover&quot;:&quot;yes&quot;,&quot;pause_on_interaction&quot;:&quot;yes&quot;,&quot;space_between&quot;:{&quot;unit&quot;:&quot;px&quot;,&quot;size&quot;:10,&quot;sizes&quot;:[]},&quot;space_between_tablet&quot;:{&quot;unit&quot;:&quot;px&quot;,&quot;size&quot;:10,&quot;sizes&quot;:[]},&quot;space_between_mobile&quot;:{&quot;unit&quot;:&quot;px&quot;,&quot;size&quot;:10,&quot;sizes&quot;:[]}}\" data-widget_type=\"media-carousel.default\">\n\t\t\t\t<div class=\"elementor-widget-container\">\n\t\t\t\t\t<div class=\"elementor-swiper\">\n\t\t\t<div class=\"elementor-main-swiper swiper\">\n\t\t\t\t<div class=\"swiper-wrapper\">\n\t\t\t\t\t\t\t\t\t\t\t<div class=\"swiper-slide\">\n\t\t\t\t\t\t\t\t\t<div class=\"elementor-carousel-image\" role=\"img\" aria-label=\"1756803359-Malaysian customers-5\" style=\"background-image: url(&#039;https:\/\/www.chuxin-smt.com\/wp-content\/uploads\/2025\/09\/1756803359-Malaysian-customers-5.jpg&#039;)\">\n\n\t\t\t\n\t\t\t\t\t<\/div>\n\t\t\t\t\t\t\t\t<\/div>\n\t\t\t\t\t\t\t\t\t\t\t<div class=\"swiper-slide\">\n\t\t\t\t\t\t\t\t\t<div class=\"elementor-carousel-image\" role=\"img\" aria-label=\"1756778979-customers-2\" style=\"background-image: url(&#039;https:\/\/www.chuxin-smt.com\/wp-content\/uploads\/2025\/09\/1756778979-customers-2.jpg&#039;)\">\n\n\t\t\t\n\t\t\t\t\t<\/div>\n\t\t\t\t\t\t\t\t<\/div>\n\t\t\t\t\t\t\t\t\t\t\t<div class=\"swiper-slide\">\n\t\t\t\t\t\t\t\t\t<div class=\"elementor-carousel-image\" role=\"img\" aria-label=\"1756803354-Malaysian customers-3\" style=\"background-image: url(&#039;https:\/\/www.chuxin-smt.com\/wp-content\/uploads\/2025\/09\/1756803354-Malaysian-customers-3.jpg&#039;)\">\n\n\t\t\t\n\t\t\t\t\t<\/div>\n\t\t\t\t\t\t\t\t<\/div>\n\t\t\t\t\t\t\t\t\t\t\t<div class=\"swiper-slide\">\n\t\t\t\t\t\t\t\t\t<div class=\"elementor-carousel-image\" role=\"img\" aria-label=\"1756803348-Malajziai \u00fcgyfelek\" style=\"background-image: url(&#039;https:\/\/www.chuxin-smt.com\/wp-content\/uploads\/2025\/09\/1756803348-Malaysian-customers.jpg&#039;)\">\n\n\t\t\t\n\t\t\t\t\t<\/div>\n\t\t\t\t\t\t\t\t<\/div>\n\t\t\t\t\t\t\t\t\t\t\t<div class=\"swiper-slide\">\n\t\t\t\t\t\t\t\t\t<div class=\"elementor-carousel-image\" role=\"img\" aria-label=\"1756803352-Malaysian customers-2\" style=\"background-image: url(&#039;https:\/\/www.chuxin-smt.com\/wp-content\/uploads\/2025\/09\/1756803352-Malaysian-customers-2.jpg&#039;)\">\n\n\t\t\t\n\t\t\t\t\t<\/div>\n\t\t\t\t\t\t\t\t<\/div>\n\t\t\t\t\t\t\t\t\t\t\t<div class=\"swiper-slide\">\n\t\t\t\t\t\t\t\t\t<div class=\"elementor-carousel-image\" role=\"img\" aria-label=\"1756803345-Foxconn \u00fcgyfelek-3\" style=\"background-image: url(&#039;https:\/\/www.chuxin-smt.com\/wp-content\/uploads\/2025\/09\/1756803345-Foxconn-customers-3.jpg&#039;)\">\n\n\t\t\t\n\t\t\t\t\t<\/div>\n\t\t\t\t\t\t\t\t<\/div>\n\t\t\t\t\t\t\t\t\t\t\t<div class=\"swiper-slide\">\n\t\t\t\t\t\t\t\t\t<div class=\"elementor-carousel-image\" role=\"img\" aria-label=\"1756803335-Foxconn \u00fcgyfelek\" style=\"background-image: url(&#039;https:\/\/www.chuxin-smt.com\/wp-content\/uploads\/2025\/09\/1756803335-Foxconn-customers.jpg&#039;)\">\n\n\t\t\t\n\t\t\t\t\t<\/div>\n\t\t\t\t\t\t\t\t<\/div>\n\t\t\t\t\t\t\t\t\t<\/div>\n\t\t\t\t\t\t\t\t\t\t\t\t\t\t\t\t\t\t\t\t\t<\/div>\n\t\t<\/div>\n\t\t\t\t<\/div>\n\t\t\t\t<\/div>\n\t\t\t\t\t<\/div>\n\t\t\t\t<\/div>\n\t\t<div class=\"elementor-element elementor-element-780589e e-con-full e-flex e-con e-parent\" data-id=\"780589e\" data-element_type=\"container\">\n\t\t\t\t<div class=\"elementor-element elementor-element-88ed574 elementor-cta--layout-image-right elementor-cta--mobile-layout-image-above elementor-cta--skin-classic elementor-animated-content elementor-bg-transform elementor-bg-transform-zoom-in elementor-widget elementor-widget-call-to-action\" data-id=\"88ed574\" data-element_type=\"widget\" data-widget_type=\"call-to-action.default\">\n\t\t\t\t<div class=\"elementor-widget-container\">\n\t\t\t\t\t<div class=\"elementor-cta\">\n\t\t\t\t\t<div class=\"elementor-cta__bg-wrapper\">\n\t\t\t\t<div class=\"elementor-cta__bg elementor-bg\" style=\"background-image: url(https:\/\/www.chuxin-smt.com\/wp-content\/uploads\/2025\/04\/1744707680-\u6c5f\u95e8\u5de5\u5382.jpg);\" role=\"img\" aria-label=\"S&amp;M FACTORY\"><\/div>\n\t\t\t\t<div class=\"elementor-cta__bg-overlay\"><\/div>\n\t\t\t<\/div>\n\t\t\t\t\t\t\t<div class=\"elementor-cta__content\">\n\t\t\t\t\n\t\t\t\t\t\t\t\t\t<span class=\"elementor-cta__title elementor-cta__content-item elementor-content-item\">\n\t\t\t\t\t\tSMT berendez\u00e9sre van sz\u00fcks\u00e9ge?\t\t\t\t\t<\/span>\n\t\t\t\t\n\t\t\t\t\t\t\t\t\t<div class=\"elementor-cta__description elementor-cta__content-item elementor-content-item\">\n\t\t\t\t\t\tK\u00e9rjen ingyenes konzult\u00e1ci\u00f3t \u00e9s \u00e1raj\u00e1nlatot\t\t\t\t\t<\/div>\n\t\t\t\t\n\t\t\t\t\t\t\t\t\t<div class=\"elementor-cta__button-wrapper elementor-cta__content-item elementor-content-item\">\n\t\t\t\t\t<a class=\"elementor-cta__button elementor-button elementor-size-md\" href=\"https:\/\/www.chuxin-smt.com\/hu\/contacts\/\">\n\t\t\t\t\t\tKapcsolatfelv\u00e9tel\t\t\t\t\t<\/a>\n\t\t\t\t\t<\/div>\n\t\t\t\t\t\t\t<\/div>\n\t\t\t\t\t\t<\/div>\n\t\t\t\t<\/div>\n\t\t\t\t<\/div>\n\t\t\t\t<\/div>\n\t\t\t\t<\/div>","protected":false},"excerpt":{"rendered":"<p>OUTLINE 1) Industry background: Intelligent hardware and mobile terminals are developing rapidly 2) The role of SMT equipment in high-density [&hellip;]<\/p>","protected":false},"author":1,"featured_media":0,"parent":0,"menu_order":0,"comment_status":"closed","ping_status":"closed","template":"","meta":{"_acf_changed":false,"site-sidebar-layout":"no-sidebar","site-content-layout":"","ast-site-content-layout":"full-width-container","site-content-style":"default","site-sidebar-style":"default","ast-global-header-display":"","ast-banner-title-visibility":"","ast-main-header-display":"","ast-hfb-above-header-display":"","ast-hfb-below-header-display":"","ast-hfb-mobile-header-display":"","site-post-title":"disabled","ast-breadcrumbs-content":"","ast-featured-img":"disabled","footer-sml-layout":"","theme-transparent-header-meta":"default","adv-header-id-meta":"","stick-header-meta":"","header-above-stick-meta":"","header-main-stick-meta":"","header-below-stick-meta":"","astra-migrate-meta-layouts":"set","ast-page-background-enabled":"default","ast-page-background-meta":{"desktop":{"background-color":"var(--ast-global-color-4)","background-image":"","background-repeat":"repeat","background-position":"center center","background-size":"auto","background-attachment":"scroll","background-type":"","background-media":"","overlay-type":"","overlay-color":"","overlay-opacity":"","overlay-gradient":""},"tablet":{"background-color":"","background-image":"","background-repeat":"repeat","background-position":"center center","background-size":"auto","background-attachment":"scroll","background-type":"","background-media":"","overlay-type":"","overlay-color":"","overlay-opacity":"","overlay-gradient":""},"mobile":{"background-color":"","background-image":"","background-repeat":"repeat","background-position":"center center","background-size":"auto","background-attachment":"scroll","background-type":"","background-media":"","overlay-type":"","overlay-color":"","overlay-opacity":"","overlay-gradient":""}},"ast-content-background-meta":{"desktop":{"background-color":"var(--ast-global-color-5)","background-image":"","background-repeat":"repeat","background-position":"center center","background-size":"auto","background-attachment":"scroll","background-type":"","background-media":"","overlay-type":"","overlay-color":"","overlay-opacity":"","overlay-gradient":""},"tablet":{"background-color":"var(--ast-global-color-5)","background-image":"","background-repeat":"repeat","background-position":"center center","background-size":"auto","background-attachment":"scroll","background-type":"","background-media":"","overlay-type":"","overlay-color":"","overlay-opacity":"","overlay-gradient":""},"mobile":{"background-color":"var(--ast-global-color-5)","background-image":"","background-repeat":"repeat","background-position":"center center","background-size":"auto","background-attachment":"scroll","background-type":"","background-media":"","overlay-type":"","overlay-color":"","overlay-opacity":"","overlay-gradient":""}}},"class_list":["post-2873","page","type-page","status-publish","hentry"],"acf":[],"_links":{"self":[{"href":"https:\/\/www.chuxin-smt.com\/hu\/wp-json\/wp\/v2\/pages\/2873","targetHints":{"allow":["GET"]}}],"collection":[{"href":"https:\/\/www.chuxin-smt.com\/hu\/wp-json\/wp\/v2\/pages"}],"about":[{"href":"https:\/\/www.chuxin-smt.com\/hu\/wp-json\/wp\/v2\/types\/page"}],"author":[{"embeddable":true,"href":"https:\/\/www.chuxin-smt.com\/hu\/wp-json\/wp\/v2\/users\/1"}],"replies":[{"embeddable":true,"href":"https:\/\/www.chuxin-smt.com\/hu\/wp-json\/wp\/v2\/comments?post=2873"}],"version-history":[{"count":0,"href":"https:\/\/www.chuxin-smt.com\/hu\/wp-json\/wp\/v2\/pages\/2873\/revisions"}],"wp:attachment":[{"href":"https:\/\/www.chuxin-smt.com\/hu\/wp-json\/wp\/v2\/media?parent=2873"}],"curies":[{"name":"wp","href":"https:\/\/api.w.org\/{rel}","templated":true}]}}