{"id":2873,"date":"2025-09-02T16:40:33","date_gmt":"2025-09-02T08:40:33","guid":{"rendered":"https:\/\/www.chuxin-smt.com\/?page_id=2873"},"modified":"2025-09-05T16:12:10","modified_gmt":"2025-09-05T08:12:10","slug":"smart-hardwaremobile-terminals","status":"publish","type":"page","link":"https:\/\/www.chuxin-smt.com\/it\/smart-hardwaremobile-terminals\/","title":{"rendered":"Hardware intelligente e terminali mobili"},"content":{"rendered":"<div data-elementor-type=\"wp-page\" data-elementor-id=\"2873\" class=\"elementor elementor-2873\" data-elementor-post-type=\"page\">\n\t\t\t\t<div class=\"elementor-element elementor-element-2cbfb26b e-con-full e-flex e-con e-parent\" data-id=\"2cbfb26b\" data-element_type=\"container\" data-settings=\"{&quot;background_background&quot;:&quot;classic&quot;}\">\n\t\t<div class=\"elementor-element elementor-element-2b2ce2b e-con-full e-flex e-con e-child\" data-id=\"2b2ce2b\" data-element_type=\"container\">\n\t\t\t\t<div class=\"elementor-element elementor-element-5d62822b elementor-widget elementor-widget-heading\" data-id=\"5d62822b\" data-element_type=\"widget\" data-widget_type=\"heading.default\">\n\t\t\t\t<div class=\"elementor-widget-container\">\n\t\t\t<h2 class=\"elementor-heading-title elementor-size-default\">ESTERNO<\/h2>\t\t<\/div>\n\t\t\t\t<\/div>\n\t\t\t\t<div class=\"elementor-element elementor-element-67eb5d44 elementor-widget__width-initial elementor-absolute elementor-widget-tablet__width-initial elementor-widget-mobile__width-initial elementor-widget elementor-widget-spacer\" data-id=\"67eb5d44\" data-element_type=\"widget\" data-settings=\"{&quot;_position&quot;:&quot;absolute&quot;}\" data-widget_type=\"spacer.default\">\n\t\t\t\t<div class=\"elementor-widget-container\">\n\t\t\t\t\t<div class=\"elementor-spacer\">\n\t\t\t<div class=\"elementor-spacer-inner\"><\/div>\n\t\t<\/div>\n\t\t\t\t<\/div>\n\t\t\t\t<\/div>\n\t\t<div class=\"elementor-element elementor-element-6c51774e e-con-full e-flex e-con e-child\" data-id=\"6c51774e\" data-element_type=\"container\">\n\t\t\t\t<div class=\"elementor-element elementor-element-3165e5c0 elementor-widget elementor-widget-text-editor\" data-id=\"3165e5c0\" data-element_type=\"widget\" data-widget_type=\"text-editor.default\">\n\t\t\t\t<div class=\"elementor-widget-container\">\n\t\t\t\t\t\t\t<p>1) Il contesto industriale: L'hardware intelligente e i terminali mobili si stanno sviluppando rapidamente.<\/p><p>2) Il ruolo delle apparecchiature SMT nella miniaturizzazione ad alta densit\u00e0<\/p><p>3) Casi di applicazione tipici: orologi intelligenti, cuffie, schede madri di telefoni cellulari<\/p><p>4) Caratteristiche tecniche: saldatura a riflusso, saldatura a onda e apparecchiature di trasmissione intelligenti<\/p>\t\t\t\t\t\t<\/div>\n\t\t\t\t<\/div>\n\t\t\t\t<div class=\"elementor-element elementor-element-61d6c937 elementor-button-align-stretch elementor-widget elementor-widget-form\" data-id=\"61d6c937\" data-element_type=\"widget\" data-settings=\"{&quot;step_next_label&quot;:&quot;Next&quot;,&quot;step_previous_label&quot;:&quot;Previous&quot;,&quot;button_width&quot;:&quot;40&quot;,&quot;step_type&quot;:&quot;number_text&quot;,&quot;step_icon_shape&quot;:&quot;circle&quot;}\" data-widget_type=\"form.default\">\n\t\t\t\t<div class=\"elementor-widget-container\">\n\t\t\t\t\t<form class=\"elementor-form\" method=\"post\" name=\"Newsletter\" action=\"\">\n\t\t\t<input type=\"hidden\" name=\"post_id\" value=\"2873\"\/>\n\t\t\t<input type=\"hidden\" name=\"form_id\" value=\"61d6c937\"\/>\n\t\t\t<input type=\"hidden\" name=\"referer_title\" value=\"Smart Hardware&#038;Mobile Terminals\" \/>\n\n\t\t\t\t\t\t\t<input type=\"hidden\" name=\"queried_id\" value=\"2873\"\/>\n\t\t\t\n\t\t\t<div class=\"elementor-form-fields-wrapper elementor-labels-\">\n\t\t\t\t\t\t\t\t<div class=\"elementor-field-type-email elementor-field-group elementor-column elementor-field-group-email elementor-col-60 elementor-field-required\">\n\t\t\t\t\t\t\t\t\t\t\t\t<label for=\"form-field-email\" class=\"elementor-field-label elementor-screen-only\">\n\t\t\t\t\t\t\t\tEmail\t\t\t\t\t\t\t<\/label>\n\t\t\t\t\t\t\t\t\t\t\t\t\t\t<input size=\"1\" type=\"email\" name=\"form_fields[email]\" id=\"form-field-email\" class=\"elementor-field elementor-size-sm  elementor-field-textual\" placeholder=\"Email\" required=\"required\" aria-required=\"true\">\n\t\t\t\t\t\t\t\t\t\t\t<\/div>\n\t\t\t\t\t\t\t\t<div class=\"elementor-field-group elementor-column elementor-field-type-submit elementor-col-40 e-form__buttons\">\n\t\t\t\t\t<button class=\"elementor-button elementor-size-sm\" type=\"submit\">\n\t\t\t\t\t\t<span class=\"elementor-button-content-wrapper\">\n\t\t\t\t\t\t\t\t\t\t\t\t\t\t\t\t\t\t\t\t\t\t<span class=\"elementor-button-text\">Abbonarsi <\/span>\n\t\t\t\t\t\t\t\t\t\t\t\t\t<\/span>\n\t\t\t\t\t<\/button>\n\t\t\t\t<\/div>\n\t\t\t<\/div>\n\t\t<input type=\"hidden\" name=\"trp-form-language\" value=\"it\"\/><\/form>\n\t\t\t\t<\/div>\n\t\t\t\t<\/div>\n\t\t\t\t<\/div>\n\t\t\t\t<\/div>\n\t\t<div class=\"elementor-element elementor-element-3a6074c4 e-con-full e-flex e-con e-child\" data-id=\"3a6074c4\" data-element_type=\"container\" data-settings=\"{&quot;background_background&quot;:&quot;classic&quot;}\">\n\t\t\t\t<\/div>\n\t\t\t\t<\/div>\n\t\t<div class=\"elementor-element elementor-element-13309da e-flex e-con-boxed e-con e-parent\" data-id=\"13309da\" data-element_type=\"container\">\n\t\t\t\t\t<div class=\"e-con-inner\">\n\t\t\t\t<div class=\"elementor-element elementor-element-594700a elementor-widget elementor-widget-heading\" data-id=\"594700a\" data-element_type=\"widget\" data-widget_type=\"heading.default\">\n\t\t\t\t<div class=\"elementor-widget-container\">\n\t\t\t<h2 class=\"elementor-heading-title elementor-size-default\">Il contesto industriale: L'hardware intelligente e i terminali mobili si stanno sviluppando rapidamente.<\/h2>\t\t<\/div>\n\t\t\t\t<\/div>\n\t\t\t\t\t<\/div>\n\t\t\t\t<\/div>\n\t\t<div class=\"elementor-element elementor-element-5add48f e-flex e-con-boxed e-con e-parent\" data-id=\"5add48f\" data-element_type=\"container\">\n\t\t\t\t\t<div class=\"e-con-inner\">\n\t\t\t\t<div class=\"elementor-element elementor-element-accf25e elementor-widget elementor-widget-text-editor\" data-id=\"accf25e\" data-element_type=\"widget\" data-widget_type=\"text-editor.default\">\n\t\t\t\t<div class=\"elementor-widget-container\">\n\t\t\t\t\t\t\t<p>Negli ultimi anni, i settori dell'hardware intelligente e dei terminali mobili hanno registrato una rapida crescita, comprendendo diverse categorie di prodotti, tra cui smartphone, tablet e indossabili. La richiesta da parte dei consumatori di prodotti pi\u00f9 sottili, leggeri, performanti e versatili \u00e8 in aumento, e ci\u00f2 comporta requisiti sempre pi\u00f9 stringenti in termini di precisione dei processi ed efficienza produttiva.<\/p><p>In qualit\u00e0 di societ\u00e0 leader di servizi di produzione elettronica a livello mondiale,\u00a0<strong><span style=\"color: #ff0000;\">Foxconn e Compal Electronics<\/span><\/strong> hanno enormi esigenze di capacit\u00e0 produttiva per la produzione di schede madri di smartphone e laptop, ponendo requisiti estremamente elevati alla stabilit\u00e0 e all'automazione delle loro linee di produzione SMT. In questo contesto, S&amp;M, grazie a soluzioni di alta precisione per linee complete SMT, fornisce ai clienti capacit\u00e0 produttive rapide, efficienti e stabili, aiutandoli a mantenere il loro vantaggio in un mercato ferocemente competitivo.<\/p>\t\t\t\t\t\t<\/div>\n\t\t\t\t<\/div>\n\t\t\t\t\t<\/div>\n\t\t\t\t<\/div>\n\t\t<div class=\"elementor-element elementor-element-88a8c29 e-flex e-con-boxed e-con e-parent\" data-id=\"88a8c29\" data-element_type=\"container\">\n\t\t\t\t\t<div class=\"e-con-inner\">\n\t\t<div class=\"elementor-element elementor-element-b56ca9d e-con-full e-flex e-con e-child\" data-id=\"b56ca9d\" data-element_type=\"container\">\n\t\t\t\t<div class=\"elementor-element elementor-element-f8e8693 elementor-widget elementor-widget-heading\" data-id=\"f8e8693\" data-element_type=\"widget\" data-widget_type=\"heading.default\">\n\t\t\t\t<div class=\"elementor-widget-container\">\n\t\t\t<h2 class=\"elementor-heading-title elementor-size-default\">Il ruolo delle apparecchiature SMT nella miniaturizzazione ad alta densit\u00e0<\/h2>\t\t<\/div>\n\t\t\t\t<\/div>\n\t\t\t\t<\/div>\n\t\t\t\t\t<\/div>\n\t\t\t\t<\/div>\n\t\t<div class=\"elementor-element elementor-element-d437a99 e-flex e-con-boxed e-con e-parent\" data-id=\"d437a99\" data-element_type=\"container\">\n\t\t\t\t\t<div class=\"e-con-inner\">\n\t\t\t\t<div class=\"elementor-element elementor-element-df80c5d elementor-widget elementor-widget-text-editor\" data-id=\"df80c5d\" data-element_type=\"widget\" data-widget_type=\"text-editor.default\">\n\t\t\t\t<div class=\"elementor-widget-container\">\n\t\t\t\t\t\t\t<p>L'evoluzione dell'hardware intelligente spinge la progettazione di PCB verso una maggiore densit\u00e0 e fattori di forma pi\u00f9 piccoli. La precisione del montaggio di piccoli pacchetti come resistenze e condensatori BGA, QFN e 0201 \u00e8 diventata una sfida fondamentale per le linee di produzione.<\/p><p><strong><span style=\"color: #ff0000;\">Goertek<\/span><\/strong>, produttore leader a livello mondiale di prodotti acustici e indossabili, gestisce un gran numero di piccoli componenti e schede ad alta densit\u00e0 durante la produzione di cuffie Bluetooth e smartwatch. Le nostre apparecchiature reflow consentono una saldatura affidabile, mantenendo bassi tassi di vuoto e alti rendimenti.<\/p><p>Negli scenari di produzione ad alta densit\u00e0 e miniaturizzati, le apparecchiature SMT di S&amp;M migliorano significativamente l'efficienza della linea di produzione e la coerenza del prodotto per i nostri clienti, soddisfacendo i requisiti di precisione della produzione di prodotti terminali intelligenti.<\/p>\t\t\t\t\t\t<\/div>\n\t\t\t\t<\/div>\n\t\t\t\t\t<\/div>\n\t\t\t\t<\/div>\n\t\t<div class=\"elementor-element elementor-element-84e11b1 e-flex e-con-boxed e-con e-parent\" data-id=\"84e11b1\" data-element_type=\"container\">\n\t\t\t\t\t<div class=\"e-con-inner\">\n\t\t\t\t<div class=\"elementor-element elementor-element-4851a2b elementor-widget elementor-widget-heading\" data-id=\"4851a2b\" data-element_type=\"widget\" data-widget_type=\"heading.default\">\n\t\t\t\t<div class=\"elementor-widget-container\">\n\t\t\t<h2 class=\"elementor-heading-title elementor-size-default\">Casi di applicazione tipici: orologi intelligenti, cuffie, schede madri di telefoni cellulari<\/h2>\t\t<\/div>\n\t\t\t\t<\/div>\n\t\t\t\t<div class=\"elementor-element elementor-element-6d36b47 elementor-widget elementor-widget-text-editor\" data-id=\"6d36b47\" data-element_type=\"widget\" data-widget_type=\"text-editor.default\">\n\t\t\t\t<div class=\"elementor-widget-container\">\n\t\t\t\t\t\t\t<p>Nei progetti reali, le apparecchiature S&amp;M sono state ampiamente utilizzate in vari scenari di produzione dei prodotti dei clienti:<\/p><p><strong><span style=\"color: #ff0000;\">Foxconn\u00a0<\/span><\/strong>utilizza le nostre macchine reflow e di carico\/scarico per la produzione di schede madri per smartphone, ottenendo saldature in lotti ad alta velocit\u00e0 ed elevata costanza.<\/p><p><strong><span style=\"color: #ff0000;\">Computer Compal<\/span><\/strong> utilizza le nostre apparecchiature periferiche nella sua linea di produzione SMT per schede madri di notebook e tablet, garantendo un trasferimento fluido e un'ispezione efficiente di PCB di grandi dimensioni.<\/p><p>Questi casi applicativi di successo dimostrano pienamente che le apparecchiature S&amp;M non solo sono adatte a scenari di produzione di grandi volumi, ma soddisfano anche le esigenze della produzione elettronica di precisione con requisiti di accuratezza e rendimento estremamente elevati.<\/p>\t\t\t\t\t\t<\/div>\n\t\t\t\t<\/div>\n\t\t\t\t\t<\/div>\n\t\t\t\t<\/div>\n\t\t<div class=\"elementor-element elementor-element-c098fac e-flex e-con-boxed e-con e-parent\" data-id=\"c098fac\" data-element_type=\"container\">\n\t\t\t\t\t<div class=\"e-con-inner\">\n\t\t\t\t<div class=\"elementor-element elementor-element-0e011ac elementor-widget elementor-widget-heading\" data-id=\"0e011ac\" data-element_type=\"widget\" data-widget_type=\"heading.default\">\n\t\t\t\t<div class=\"elementor-widget-container\">\n\t\t\t<h2 class=\"elementor-heading-title elementor-size-default\">Caratteristiche tecniche: saldatura a riflusso, apparecchiature di trasmissione intelligenti<\/h2>\t\t<\/div>\n\t\t\t\t<\/div>\n\t\t<div class=\"elementor-element elementor-element-9a0281f e-con-full e-flex e-con e-child\" data-id=\"9a0281f\" data-element_type=\"container\">\n\t\t\t\t<div class=\"elementor-element elementor-element-6864a34 elementor-widget elementor-widget-text-editor\" data-id=\"6864a34\" data-element_type=\"widget\" data-widget_type=\"text-editor.default\">\n\t\t\t\t<div class=\"elementor-widget-container\">\n\t\t\t\t\t\t\t<p>I punti di forza tecnologici di S&amp;M risiedono nelle sue capacit\u00e0 di integrazione della linea completa e nel profondo supporto alla produzione di precisione:<\/p><p>Tecnologia di riflusso: Riduce in modo significativo il voiding dei giunti di saldatura e migliora l'affidabilit\u00e0 dei componenti BGA e QFN, adatti alle esigenze di produzione ad alto standard di smartphone e wearable.<\/p>\t\t\t\t\t\t<\/div>\n\t\t\t\t<\/div>\n\t\t\t\t<div class=\"elementor-element elementor-element-cbe80c3 elementor-widget elementor-widget-text-editor\" data-id=\"cbe80c3\" data-element_type=\"widget\" data-widget_type=\"text-editor.default\">\n\t\t\t\t<div class=\"elementor-widget-container\">\n\t\t\t\t\t\t\t<p>Apparecchiature periferiche intelligenti: Comprendono caricatore e scaricatore, buffer, stazioni di aggancio e trasportatore di pulizia PCBA, che consentono un'efficiente integrazione della linea di produzione e un flusso automatizzato.<span style=\"font-style: inherit; font-weight: inherit;\">Nella linea di produzione di schede madri di Huatong Computer, la tecnologia di rifusione e le apparecchiature periferiche di S&amp;M lavorano insieme per garantire rendimenti stabili per schede multistrato complesse su linee di produzione ad alta velocit\u00e0, migliorando i tempi complessivi del ciclo di produzione.<\/span><\/p>\t\t\t\t\t\t<\/div>\n\t\t\t\t<\/div>\n\t\t\t\t<\/div>\n\t\t\t\t\t<\/div>\n\t\t\t\t<\/div>\n\t\t<div class=\"elementor-element elementor-element-2e7cea0d e-flex e-con-boxed e-con e-parent\" data-id=\"2e7cea0d\" data-element_type=\"container\" data-settings=\"{&quot;background_background&quot;:&quot;classic&quot;}\">\n\t\t\t\t\t<div class=\"e-con-inner\">\n\t\t\t\t<div class=\"elementor-element elementor-element-6f021a5d elementor-widget elementor-widget-heading\" data-id=\"6f021a5d\" data-element_type=\"widget\" data-widget_type=\"heading.default\">\n\t\t\t\t<div class=\"elementor-widget-container\">\n\t\t\t<h2 class=\"elementor-heading-title elementor-size-default\">Valore di applicazione<\/h2>\t\t<\/div>\n\t\t\t\t<\/div>\n\t\t\t\t<div class=\"elementor-element elementor-element-28656232 elementor-widget elementor-widget-text-editor\" data-id=\"28656232\" data-element_type=\"widget\" data-widget_type=\"text-editor.default\">\n\t\t\t\t<div class=\"elementor-widget-container\">\n\t\t\t\t\t\t\t<p>Valore applicativo: Migliorando l'automazione delle linee di produzione, riducendo i tassi di difettosit\u00e0 e supportando l'espansione flessibile della produzione, S&amp;M aiuta i clienti a mantenere un vantaggio competitivo nel mercato globale dell'hardware intelligente.<\/p>\t\t\t\t\t\t<\/div>\n\t\t\t\t<\/div>\n\t\t\t\t<div class=\"elementor-element elementor-element-5b2ea3db elementor-skin-carousel elementor-widget elementor-widget-media-carousel\" data-id=\"5b2ea3db\" data-element_type=\"widget\" data-settings=\"{&quot;slides_per_view&quot;:&quot;5&quot;,&quot;slides_to_scroll&quot;:&quot;1&quot;,&quot;slides_per_view_tablet&quot;:&quot;4&quot;,&quot;slides_per_view_mobile&quot;:&quot;2&quot;,&quot;skin&quot;:&quot;carousel&quot;,&quot;effect&quot;:&quot;slide&quot;,&quot;speed&quot;:500,&quot;autoplay&quot;:&quot;yes&quot;,&quot;autoplay_speed&quot;:5000,&quot;loop&quot;:&quot;yes&quot;,&quot;pause_on_hover&quot;:&quot;yes&quot;,&quot;pause_on_interaction&quot;:&quot;yes&quot;,&quot;space_between&quot;:{&quot;unit&quot;:&quot;px&quot;,&quot;size&quot;:10,&quot;sizes&quot;:[]},&quot;space_between_tablet&quot;:{&quot;unit&quot;:&quot;px&quot;,&quot;size&quot;:10,&quot;sizes&quot;:[]},&quot;space_between_mobile&quot;:{&quot;unit&quot;:&quot;px&quot;,&quot;size&quot;:10,&quot;sizes&quot;:[]}}\" data-widget_type=\"media-carousel.default\">\n\t\t\t\t<div class=\"elementor-widget-container\">\n\t\t\t\t\t<div class=\"elementor-swiper\">\n\t\t\t<div class=\"elementor-main-swiper swiper\">\n\t\t\t\t<div class=\"swiper-wrapper\">\n\t\t\t\t\t\t\t\t\t\t\t<div class=\"swiper-slide\">\n\t\t\t\t\t\t\t\t\t<div class=\"elementor-carousel-image\" role=\"img\" aria-label=\"1756803359-Malaysian customers-5\" style=\"background-image: url(&#039;https:\/\/www.chuxin-smt.com\/wp-content\/uploads\/2025\/09\/1756803359-Malaysian-customers-5.jpg&#039;)\">\n\n\t\t\t\n\t\t\t\t\t<\/div>\n\t\t\t\t\t\t\t\t<\/div>\n\t\t\t\t\t\t\t\t\t\t\t<div class=\"swiper-slide\">\n\t\t\t\t\t\t\t\t\t<div class=\"elementor-carousel-image\" role=\"img\" aria-label=\"1756778979-customers-2\" style=\"background-image: url(&#039;https:\/\/www.chuxin-smt.com\/wp-content\/uploads\/2025\/09\/1756778979-customers-2.jpg&#039;)\">\n\n\t\t\t\n\t\t\t\t\t<\/div>\n\t\t\t\t\t\t\t\t<\/div>\n\t\t\t\t\t\t\t\t\t\t\t<div class=\"swiper-slide\">\n\t\t\t\t\t\t\t\t\t<div class=\"elementor-carousel-image\" role=\"img\" aria-label=\"1756803354-Malaysian customers-3\" style=\"background-image: url(&#039;https:\/\/www.chuxin-smt.com\/wp-content\/uploads\/2025\/09\/1756803354-Malaysian-customers-3.jpg&#039;)\">\n\n\t\t\t\n\t\t\t\t\t<\/div>\n\t\t\t\t\t\t\t\t<\/div>\n\t\t\t\t\t\t\t\t\t\t\t<div class=\"swiper-slide\">\n\t\t\t\t\t\t\t\t\t<div class=\"elementor-carousel-image\" role=\"img\" aria-label=\"1756803348-Clienti malesi\" style=\"background-image: url(&#039;https:\/\/www.chuxin-smt.com\/wp-content\/uploads\/2025\/09\/1756803348-Malaysian-customers.jpg&#039;)\">\n\n\t\t\t\n\t\t\t\t\t<\/div>\n\t\t\t\t\t\t\t\t<\/div>\n\t\t\t\t\t\t\t\t\t\t\t<div class=\"swiper-slide\">\n\t\t\t\t\t\t\t\t\t<div class=\"elementor-carousel-image\" role=\"img\" aria-label=\"1756803352-Malaysian customers-2\" style=\"background-image: url(&#039;https:\/\/www.chuxin-smt.com\/wp-content\/uploads\/2025\/09\/1756803352-Malaysian-customers-2.jpg&#039;)\">\n\n\t\t\t\n\t\t\t\t\t<\/div>\n\t\t\t\t\t\t\t\t<\/div>\n\t\t\t\t\t\t\t\t\t\t\t<div class=\"swiper-slide\">\n\t\t\t\t\t\t\t\t\t<div class=\"elementor-carousel-image\" role=\"img\" aria-label=\"1756803345-Clienti Foxconn-3\" style=\"background-image: url(&#039;https:\/\/www.chuxin-smt.com\/wp-content\/uploads\/2025\/09\/1756803345-Foxconn-customers-3.jpg&#039;)\">\n\n\t\t\t\n\t\t\t\t\t<\/div>\n\t\t\t\t\t\t\t\t<\/div>\n\t\t\t\t\t\t\t\t\t\t\t<div class=\"swiper-slide\">\n\t\t\t\t\t\t\t\t\t<div class=\"elementor-carousel-image\" role=\"img\" aria-label=\"1756803335 Clienti Foxconn\" style=\"background-image: url(&#039;https:\/\/www.chuxin-smt.com\/wp-content\/uploads\/2025\/09\/1756803335-Foxconn-customers.jpg&#039;)\">\n\n\t\t\t\n\t\t\t\t\t<\/div>\n\t\t\t\t\t\t\t\t<\/div>\n\t\t\t\t\t\t\t\t\t<\/div>\n\t\t\t\t\t\t\t\t\t\t\t\t\t\t\t\t\t\t\t\t\t<\/div>\n\t\t<\/div>\n\t\t\t\t<\/div>\n\t\t\t\t<\/div>\n\t\t\t\t\t<\/div>\n\t\t\t\t<\/div>\n\t\t<div class=\"elementor-element elementor-element-780589e e-con-full e-flex e-con e-parent\" data-id=\"780589e\" data-element_type=\"container\">\n\t\t\t\t<div class=\"elementor-element elementor-element-88ed574 elementor-cta--layout-image-right elementor-cta--mobile-layout-image-above elementor-cta--skin-classic elementor-animated-content elementor-bg-transform elementor-bg-transform-zoom-in elementor-widget elementor-widget-call-to-action\" data-id=\"88ed574\" data-element_type=\"widget\" data-widget_type=\"call-to-action.default\">\n\t\t\t\t<div class=\"elementor-widget-container\">\n\t\t\t\t\t<div class=\"elementor-cta\">\n\t\t\t\t\t<div class=\"elementor-cta__bg-wrapper\">\n\t\t\t\t<div class=\"elementor-cta__bg elementor-bg\" style=\"background-image: url(https:\/\/www.chuxin-smt.com\/wp-content\/uploads\/2025\/04\/1744707680-\u6c5f\u95e8\u5de5\u5382.jpg);\" role=\"img\" aria-label=\"FABBRICA S&amp;M\"><\/div>\n\t\t\t\t<div class=\"elementor-cta__bg-overlay\"><\/div>\n\t\t\t<\/div>\n\t\t\t\t\t\t\t<div class=\"elementor-cta__content\">\n\t\t\t\t\n\t\t\t\t\t\t\t\t\t<span class=\"elementor-cta__title elementor-cta__content-item elementor-content-item\">\n\t\t\t\t\t\tAvete bisogno di attrezzature SMT?\t\t\t\t\t<\/span>\n\t\t\t\t\n\t\t\t\t\t\t\t\t\t<div class=\"elementor-cta__description elementor-cta__content-item elementor-content-item\">\n\t\t\t\t\t\tRichiedete una consulenza gratuita e un preventivo\t\t\t\t\t<\/div>\n\t\t\t\t\n\t\t\t\t\t\t\t\t\t<div class=\"elementor-cta__button-wrapper elementor-cta__content-item elementor-content-item\">\n\t\t\t\t\t<a class=\"elementor-cta__button elementor-button elementor-size-md\" href=\"https:\/\/www.chuxin-smt.com\/it\/contacts\/\">\n\t\t\t\t\t\tContatto\t\t\t\t\t<\/a>\n\t\t\t\t\t<\/div>\n\t\t\t\t\t\t\t<\/div>\n\t\t\t\t\t\t<\/div>\n\t\t\t\t<\/div>\n\t\t\t\t<\/div>\n\t\t\t\t<\/div>\n\t\t\t\t<\/div>","protected":false},"excerpt":{"rendered":"<p>OUTLINE 1) Industry background: Intelligent hardware and mobile terminals are developing rapidly 2) The role of SMT equipment in high-density [&hellip;]<\/p>","protected":false},"author":1,"featured_media":0,"parent":0,"menu_order":0,"comment_status":"closed","ping_status":"closed","template":"","meta":{"_acf_changed":false,"site-sidebar-layout":"no-sidebar","site-content-layout":"","ast-site-content-layout":"full-width-container","site-content-style":"default","site-sidebar-style":"default","ast-global-header-display":"","ast-banner-title-visibility":"","ast-main-header-display":"","ast-hfb-above-header-display":"","ast-hfb-below-header-display":"","ast-hfb-mobile-header-display":"","site-post-title":"disabled","ast-breadcrumbs-content":"","ast-featured-img":"disabled","footer-sml-layout":"","theme-transparent-header-meta":"default","adv-header-id-meta":"","stick-header-meta":"","header-above-stick-meta":"","header-main-stick-meta":"","header-below-stick-meta":"","astra-migrate-meta-layouts":"set","ast-page-background-enabled":"default","ast-page-background-meta":{"desktop":{"background-color":"var(--ast-global-color-4)","background-image":"","background-repeat":"repeat","background-position":"center center","background-size":"auto","background-attachment":"scroll","background-type":"","background-media":"","overlay-type":"","overlay-color":"","overlay-opacity":"","overlay-gradient":""},"tablet":{"background-color":"","background-image":"","background-repeat":"repeat","background-position":"center center","background-size":"auto","background-attachment":"scroll","background-type":"","background-media":"","overlay-type":"","overlay-color":"","overlay-opacity":"","overlay-gradient":""},"mobile":{"background-color":"","background-image":"","background-repeat":"repeat","background-position":"center center","background-size":"auto","background-attachment":"scroll","background-type":"","background-media":"","overlay-type":"","overlay-color":"","overlay-opacity":"","overlay-gradient":""}},"ast-content-background-meta":{"desktop":{"background-color":"var(--ast-global-color-5)","background-image":"","background-repeat":"repeat","background-position":"center center","background-size":"auto","background-attachment":"scroll","background-type":"","background-media":"","overlay-type":"","overlay-color":"","overlay-opacity":"","overlay-gradient":""},"tablet":{"background-color":"var(--ast-global-color-5)","background-image":"","background-repeat":"repeat","background-position":"center center","background-size":"auto","background-attachment":"scroll","background-type":"","background-media":"","overlay-type":"","overlay-color":"","overlay-opacity":"","overlay-gradient":""},"mobile":{"background-color":"var(--ast-global-color-5)","background-image":"","background-repeat":"repeat","background-position":"center center","background-size":"auto","background-attachment":"scroll","background-type":"","background-media":"","overlay-type":"","overlay-color":"","overlay-opacity":"","overlay-gradient":""}}},"class_list":["post-2873","page","type-page","status-publish","hentry"],"acf":[],"_links":{"self":[{"href":"https:\/\/www.chuxin-smt.com\/it\/wp-json\/wp\/v2\/pages\/2873","targetHints":{"allow":["GET"]}}],"collection":[{"href":"https:\/\/www.chuxin-smt.com\/it\/wp-json\/wp\/v2\/pages"}],"about":[{"href":"https:\/\/www.chuxin-smt.com\/it\/wp-json\/wp\/v2\/types\/page"}],"author":[{"embeddable":true,"href":"https:\/\/www.chuxin-smt.com\/it\/wp-json\/wp\/v2\/users\/1"}],"replies":[{"embeddable":true,"href":"https:\/\/www.chuxin-smt.com\/it\/wp-json\/wp\/v2\/comments?post=2873"}],"version-history":[{"count":0,"href":"https:\/\/www.chuxin-smt.com\/it\/wp-json\/wp\/v2\/pages\/2873\/revisions"}],"wp:attachment":[{"href":"https:\/\/www.chuxin-smt.com\/it\/wp-json\/wp\/v2\/media?parent=2873"}],"curies":[{"name":"wp","href":"https:\/\/api.w.org\/{rel}","templated":true}]}}