{"id":2897,"date":"2025-09-03T13:03:53","date_gmt":"2025-09-03T05:03:53","guid":{"rendered":"https:\/\/www.chuxin-smt.com\/?page_id=2897"},"modified":"2025-09-05T16:08:40","modified_gmt":"2025-09-05T08:08:40","slug":"home-appliances-smart-home","status":"publish","type":"page","link":"https:\/\/www.chuxin-smt.com\/it\/home-appliances-smart-home\/","title":{"rendered":"Elettrodomestici e Smart Home"},"content":{"rendered":"<div data-elementor-type=\"wp-page\" data-elementor-id=\"2897\" class=\"elementor elementor-2897\" data-elementor-post-type=\"page\">\n\t\t\t\t<div class=\"elementor-element elementor-element-56864aa2 e-con-full e-flex e-con e-parent\" data-id=\"56864aa2\" data-element_type=\"container\" data-settings=\"{&quot;background_background&quot;:&quot;classic&quot;}\">\n\t\t<div class=\"elementor-element elementor-element-6c7da674 e-con-full e-flex e-con e-child\" data-id=\"6c7da674\" data-element_type=\"container\">\n\t\t\t\t<div class=\"elementor-element elementor-element-5e5a1a35 elementor-widget elementor-widget-heading\" data-id=\"5e5a1a35\" data-element_type=\"widget\" data-widget_type=\"heading.default\">\n\t\t\t\t<div class=\"elementor-widget-container\">\n\t\t\t<h2 class=\"elementor-heading-title elementor-size-default\">ESTERNO<\/h2>\t\t<\/div>\n\t\t\t\t<\/div>\n\t\t\t\t<div class=\"elementor-element elementor-element-3c0b9f4e elementor-widget__width-initial elementor-absolute elementor-widget-tablet__width-initial elementor-widget-mobile__width-initial elementor-widget elementor-widget-spacer\" data-id=\"3c0b9f4e\" data-element_type=\"widget\" data-settings=\"{&quot;_position&quot;:&quot;absolute&quot;}\" data-widget_type=\"spacer.default\">\n\t\t\t\t<div class=\"elementor-widget-container\">\n\t\t\t\t\t<div class=\"elementor-spacer\">\n\t\t\t<div class=\"elementor-spacer-inner\"><\/div>\n\t\t<\/div>\n\t\t\t\t<\/div>\n\t\t\t\t<\/div>\n\t\t<div class=\"elementor-element elementor-element-26a498cf e-con-full e-flex e-con e-child\" data-id=\"26a498cf\" data-element_type=\"container\">\n\t\t\t\t<div class=\"elementor-element elementor-element-13d952d0 elementor-widget elementor-widget-text-editor\" data-id=\"13d952d0\" data-element_type=\"widget\" data-widget_type=\"text-editor.default\">\n\t\t\t\t<div class=\"elementor-widget-container\">\n\t\t\t\t\t\t\t<p>1) Tendenze del mercato degli elettrodomestici e della casa intelligente<\/p><p>2) Il ruolo delle apparecchiature SMT nella produzione di schede di controllo e moduli di comunicazione<\/p><p>3) Requisiti del prodotto: stabilit\u00e0, capacit\u00e0 di produzione in serie<\/p><p>4) L'applicabilit\u00e0 e i vantaggi delle nostre apparecchiature di saldatura a riflusso, a onda, a onda selettiva e periferiche.<\/p><p>5\uff09Casi reali: frigoriferi intelligenti, pannelli di controllo dell'aria condizionata, moduli IoT<\/p>\t\t\t\t\t\t<\/div>\n\t\t\t\t<\/div>\n\t\t\t\t<div class=\"elementor-element elementor-element-7a847515 elementor-button-align-stretch elementor-widget elementor-widget-form\" data-id=\"7a847515\" data-element_type=\"widget\" data-settings=\"{&quot;step_next_label&quot;:&quot;Next&quot;,&quot;step_previous_label&quot;:&quot;Previous&quot;,&quot;button_width&quot;:&quot;40&quot;,&quot;step_type&quot;:&quot;number_text&quot;,&quot;step_icon_shape&quot;:&quot;circle&quot;}\" data-widget_type=\"form.default\">\n\t\t\t\t<div class=\"elementor-widget-container\">\n\t\t\t\t\t<form class=\"elementor-form\" method=\"post\" name=\"Newsletter\" action=\"\">\n\t\t\t<input type=\"hidden\" name=\"post_id\" value=\"2897\"\/>\n\t\t\t<input type=\"hidden\" name=\"form_id\" value=\"7a847515\"\/>\n\t\t\t<input type=\"hidden\" name=\"referer_title\" value=\"Home Appliances &#038;Smart Home\" \/>\n\n\t\t\t\t\t\t\t<input type=\"hidden\" name=\"queried_id\" value=\"2897\"\/>\n\t\t\t\n\t\t\t<div class=\"elementor-form-fields-wrapper elementor-labels-\">\n\t\t\t\t\t\t\t\t<div class=\"elementor-field-type-email elementor-field-group elementor-column elementor-field-group-email elementor-col-60 elementor-field-required\">\n\t\t\t\t\t\t\t\t\t\t\t\t<label for=\"form-field-email\" class=\"elementor-field-label elementor-screen-only\">\n\t\t\t\t\t\t\t\tEmail\t\t\t\t\t\t\t<\/label>\n\t\t\t\t\t\t\t\t\t\t\t\t\t\t<input size=\"1\" type=\"email\" name=\"form_fields[email]\" id=\"form-field-email\" class=\"elementor-field elementor-size-sm  elementor-field-textual\" placeholder=\"Email\" required=\"required\" aria-required=\"true\">\n\t\t\t\t\t\t\t\t\t\t\t<\/div>\n\t\t\t\t\t\t\t\t<div class=\"elementor-field-group elementor-column elementor-field-type-submit elementor-col-40 e-form__buttons\">\n\t\t\t\t\t<button class=\"elementor-button elementor-size-sm\" type=\"submit\">\n\t\t\t\t\t\t<span class=\"elementor-button-content-wrapper\">\n\t\t\t\t\t\t\t\t\t\t\t\t\t\t\t\t\t\t\t\t\t\t<span class=\"elementor-button-text\">Abbonarsi <\/span>\n\t\t\t\t\t\t\t\t\t\t\t\t\t<\/span>\n\t\t\t\t\t<\/button>\n\t\t\t\t<\/div>\n\t\t\t<\/div>\n\t\t<input type=\"hidden\" name=\"trp-form-language\" value=\"it\"\/><\/form>\n\t\t\t\t<\/div>\n\t\t\t\t<\/div>\n\t\t\t\t<\/div>\n\t\t\t\t<\/div>\n\t\t<div class=\"elementor-element elementor-element-69d5169a e-con-full e-flex e-con e-child\" data-id=\"69d5169a\" data-element_type=\"container\" data-settings=\"{&quot;background_background&quot;:&quot;classic&quot;}\">\n\t\t\t\t<\/div>\n\t\t\t\t<\/div>\n\t\t<div class=\"elementor-element elementor-element-71870e0e e-flex e-con-boxed e-con e-parent\" data-id=\"71870e0e\" data-element_type=\"container\">\n\t\t\t\t\t<div class=\"e-con-inner\">\n\t\t\t\t<div class=\"elementor-element elementor-element-417a7840 elementor-widget elementor-widget-heading\" data-id=\"417a7840\" data-element_type=\"widget\" data-widget_type=\"heading.default\">\n\t\t\t\t<div class=\"elementor-widget-container\">\n\t\t\t<h2 class=\"elementor-heading-title elementor-size-default\">Applicazione delle apparecchiature S&amp;M SMT negli elettrodomestici e nella casa intelligente<\/h2>\t\t<\/div>\n\t\t\t\t<\/div>\n\t\t\t\t\t<\/div>\n\t\t\t\t<\/div>\n\t\t<div class=\"elementor-element elementor-element-13454bc1 e-flex e-con-boxed e-con e-parent\" data-id=\"13454bc1\" data-element_type=\"container\">\n\t\t\t\t\t<div class=\"e-con-inner\">\n\t\t\t\t<div class=\"elementor-element elementor-element-64dc8214 elementor-widget elementor-widget-text-editor\" data-id=\"64dc8214\" data-element_type=\"widget\" data-widget_type=\"text-editor.default\">\n\t\t\t\t<div class=\"elementor-widget-container\">\n\t\t\t\t\t\t\t<p>Con l'evoluzione del settore degli elettrodomestici verso l'intelligenza e l'IoT, la domanda di mercato di frigoriferi, condizionatori, lavatrici e TV intelligenti continua a crescere. Le iterazioni dei prodotti non solo perseguono prestazioni elevate e multifunzionalit\u00e0, ma richiedono anche moduli di controllo e comunicazione pi\u00f9 piccoli, pi\u00f9 sottili e pi\u00f9 affidabili.<\/p><p><span style=\"color: #ff0000;\"><strong>Haier, Midea, Gree e TCL,<\/strong><\/span> I marchi di elettrodomestici di fama mondiale stanno aggiornando i loro prodotti per la casa intelligente, richiedendo capacit\u00e0 di produzione elettronica su larga scala, stabile e di alta precisione. S&amp;M fornisce ai clienti soluzioni di linea complete, dall'SMT e dalla saldatura alla gestione delle periferiche intelligenti, supportando la produzione efficiente e affidabile di elettrodomestici intelligenti. In questo contesto, le apparecchiature SMT di S&amp;M offrono un'elevata affidabilit\u00e0.<\/p>\t\t\t\t\t\t<\/div>\n\t\t\t\t<\/div>\n\t\t\t\t\t<\/div>\n\t\t\t\t<\/div>\n\t\t<div class=\"elementor-element elementor-element-7a79fe4a e-flex e-con-boxed e-con e-parent\" data-id=\"7a79fe4a\" data-element_type=\"container\">\n\t\t\t\t\t<div class=\"e-con-inner\">\n\t\t<div class=\"elementor-element elementor-element-5a49e714 e-con-full e-flex e-con e-child\" data-id=\"5a49e714\" data-element_type=\"container\">\n\t\t\t\t<div class=\"elementor-element elementor-element-169a2900 elementor-widget elementor-widget-heading\" data-id=\"169a2900\" data-element_type=\"widget\" data-widget_type=\"heading.default\">\n\t\t\t\t<div class=\"elementor-widget-container\">\n\t\t\t<h2 class=\"elementor-heading-title elementor-size-default\">Il ruolo delle apparecchiature SMT nella produzione di schede di controllo e moduli di comunicazione<\/h2>\t\t<\/div>\n\t\t\t\t<\/div>\n\t\t\t\t<\/div>\n\t\t\t\t\t<\/div>\n\t\t\t\t<\/div>\n\t\t<div class=\"elementor-element elementor-element-4352c9c7 e-flex e-con-boxed e-con e-parent\" data-id=\"4352c9c7\" data-element_type=\"container\">\n\t\t\t\t\t<div class=\"e-con-inner\">\n\t\t\t\t<div class=\"elementor-element elementor-element-7843e1 elementor-widget elementor-widget-text-editor\" data-id=\"7843e1\" data-element_type=\"widget\" data-widget_type=\"text-editor.default\">\n\t\t\t\t<div class=\"elementor-widget-container\">\n\t\t\t\t\t\t\t<p>Le schede di controllo e i moduli di comunicazione sono il \"cervello\" degli elettrodomestici intelligenti. Queste schede richiedono spesso componenti densamente popolati e capacit\u00e0 di comunicazione stabili.<\/p><p><span style=\"color: #ff0000;\"><strong>Haier<\/strong><\/span>\u00a0utilizza le apparecchiature di saldatura a rifusione S&amp;M nella produzione di schede di controllo per i suoi frigoriferi IoT e le lavatrici intelligenti, garantendo una saldatura affidabile di PCB complessi.<\/p><p><strong><span style=\"color: #ff0000;\">Midea e Gree<\/span><\/strong>\u00a0utilizzano le macchine di carico e scarico e le stazioni di aggancio completamente automatiche di S&amp;M nella produzione di schede di controllo principali per condizionatori d'aria e moduli Wi-Fi, garantendo un trasferimento fluido delle schede e un'ispezione in tempo reale sulle linee di produzione ad alta velocit\u00e0.<\/p><p><strong><span style=\"color: #ff0000;\">S&amp;M<\/span><\/strong> Le apparecchiature SMT aiutano i clienti a garantire la stabilit\u00e0 della produzione di massa e l'affidabilit\u00e0 di ogni scheda di controllo.<\/p>\t\t\t\t\t\t<\/div>\n\t\t\t\t<\/div>\n\t\t\t\t\t<\/div>\n\t\t\t\t<\/div>\n\t\t<div class=\"elementor-element elementor-element-55e9a910 e-flex e-con-boxed e-con e-parent\" data-id=\"55e9a910\" data-element_type=\"container\">\n\t\t\t\t\t<div class=\"e-con-inner\">\n\t\t\t\t<div class=\"elementor-element elementor-element-611b3087 elementor-widget elementor-widget-heading\" data-id=\"611b3087\" data-element_type=\"widget\" data-widget_type=\"heading.default\">\n\t\t\t\t<div class=\"elementor-widget-container\">\n\t\t\t<h2 class=\"elementor-heading-title elementor-size-default\">Requisiti del prodotto: stabilit\u00e0, capacit\u00e0 di produzione di massa<\/h2>\t\t<\/div>\n\t\t\t\t<\/div>\n\t\t\t\t<div class=\"elementor-element elementor-element-80c0adb elementor-widget elementor-widget-text-editor\" data-id=\"80c0adb\" data-element_type=\"widget\" data-widget_type=\"text-editor.default\">\n\t\t\t\t<div class=\"elementor-widget-container\">\n\t\t\t\t\t\t\t<p>I pannelli di controllo degli elettrodomestici pongono requisiti estremamente elevati alla continuit\u00e0 della linea di produzione e alla capacit\u00e0 di produzione di massa. Qualsiasi arresto della linea o difetto di saldatura ha un impatto diretto sulle spedizioni e sull'esperienza dell'utente.<\/p><p><strong><span style=\"color: #ff0000;\">Gree e TCL<\/span><\/strong> Le linee di produzione di condizionatori d'aria e smart TV operano con carichi elevati tutto l'anno, richiedendo apparecchiature con elevata stabilit\u00e0, alta resa e capacit\u00e0 di cambiare rapidamente linea.<\/p><p>Le soluzioni complete della linea SMT di S&amp;M, che comprendono riflusso, saldatura a onda, saldatura a onda selettiva e apparecchiature periferiche intelligenti, supportano un funzionamento stabile 24 ore su 24, 7 giorni su 7, per soddisfare le esigenze di produzione su larga scala e a lungo termine dei clienti.<\/p>\t\t\t\t\t\t<\/div>\n\t\t\t\t<\/div>\n\t\t\t\t\t<\/div>\n\t\t\t\t<\/div>\n\t\t<div class=\"elementor-element elementor-element-762a4234 e-flex e-con-boxed e-con e-parent\" data-id=\"762a4234\" data-element_type=\"container\">\n\t\t\t\t\t<div class=\"e-con-inner\">\n\t\t\t\t<div class=\"elementor-element elementor-element-107be8d5 elementor-widget elementor-widget-heading\" data-id=\"107be8d5\" data-element_type=\"widget\" data-widget_type=\"heading.default\">\n\t\t\t\t<div class=\"elementor-widget-container\">\n\t\t\t<h2 class=\"elementor-heading-title elementor-size-default\">L'applicabilit\u00e0 e i vantaggi delle nostre apparecchiature per la saldatura a riflusso, la saldatura a onda, la saldatura a onda selettiva e la trasmissione intelligente<\/h2>\t\t<\/div>\n\t\t\t\t<\/div>\n\t\t<div class=\"elementor-element elementor-element-5a090948 e-con-full e-flex e-con e-child\" data-id=\"5a090948\" data-element_type=\"container\">\n\t\t\t\t<div class=\"elementor-element elementor-element-410cd17 elementor-widget elementor-widget-text-editor\" data-id=\"410cd17\" data-element_type=\"widget\" data-widget_type=\"text-editor.default\">\n\t\t\t\t<div class=\"elementor-widget-container\">\n\t\t\t\t\t\t\t<p>S&amp;M fornisce una suite completa di apparecchiature di saldatura e trasferimento intelligente per la produzione di elettrodomestici e prodotti smart home:<\/p><p><strong><span style=\"color: #ff6600;\"><a style=\"color: #ff6600;\" href=\"https:\/\/www.chuxin-smt.com\/it\/reflow-oven\/\">Saldatura a riflusso<\/a><\/span><\/strong>: Assicura l'affidabilit\u00e0 della saldatura e riduce i vuoti sulle schede di controllo anche in caso di assemblaggio ad alta densit\u00e0.<\/p><p><a href=\"https:\/\/www.chuxin-smt.com\/it\/wave-solder\/\"><strong><span style=\"color: #ff6600;\">Saldatura a onda e saldatura a onda selettiva<\/span><\/strong><\/a><strong><span style=\"color: #ff6600;\">g<\/span><\/strong>: Adatto per la saldatura in batch di componenti a foro passante, come le schede di alimentazione di condizionatori e frigoriferi e le schede rel\u00e8.<\/p><p>Apparecchiature di trasferimento intelligenti: Include macchine per il carico e lo scarico dei pannelli, macchine per lo stoccaggio temporaneo e stazioni di attracco, che assicurano un funzionamento regolare della linea di produzione e riducono al minimo l'intervento manuale.<\/p>\t\t\t\t\t\t<\/div>\n\t\t\t\t<\/div>\n\t\t\t\t<div class=\"elementor-element elementor-element-9e1a9a0 elementor-widget elementor-widget-heading\" data-id=\"9e1a9a0\" data-element_type=\"widget\" data-widget_type=\"heading.default\">\n\t\t\t\t<div class=\"elementor-widget-container\">\n\t\t\t<h2 class=\"elementor-heading-title elementor-size-default\">Casi concreti: frigoriferi intelligenti, pannelli di controllo dell'aria condizionata, moduli IoT<\/h2>\t\t<\/div>\n\t\t\t\t<\/div>\n\t\t\t\t<div class=\"elementor-element elementor-element-7b34908 elementor-widget elementor-widget-text-editor\" data-id=\"7b34908\" data-element_type=\"widget\" data-widget_type=\"text-editor.default\">\n\t\t\t\t<div class=\"elementor-widget-container\">\n\t\t\t\t\t\t\t<p>Le apparecchiature di S&amp;M sono state collaudate nella produzione di elettrodomestici intelligenti per diversi clienti:<\/p><p><strong><span style=\"color: #ff0000;\">Haier<\/span> <\/strong>La linea di produzione di schede di controllo per frigoriferi IoT utilizza le apparecchiature di saldatura a rifusione e periferiche di S&amp;M, raggiungendo una produzione efficiente e stabile di un milione di schede di controllo all'anno;<\/p><p><strong><span style=\"color: #ff0000;\">Midea e Gree<\/span> <\/strong>I progetti relativi alle schede di controllo dei condizionatori d'aria e ai moduli Wi-Fi utilizzano la nostra tecnologia di saldatura a onda e di saldatura a onda selettiva per ottenere una saldatura altamente affidabile di schede ad alta potenza;<\/p><p><strong><span style=\"color: #ff0000;\">TCL<\/span><\/strong> La produzione di schede di controllo principali per smart TV utilizza le linee di produzione automatizzate di S&amp;M, consentendo un passaggio flessibile tra pi\u00f9 modelli e la consegna di volumi elevati.<\/p><p>Attraverso questi casi di applicazione pratica, S&amp;M non solo dimostra la sua forza tecnologica nei settori degli elettrodomestici e della casa intelligente, ma aiuta anche i clienti a raggiungere obiettivi di produzione intelligenti e scalabili con le sue apparecchiature efficienti e affidabili.<\/p>\t\t\t\t\t\t<\/div>\n\t\t\t\t<\/div>\n\t\t\t\t<\/div>\n\t\t\t\t\t<\/div>\n\t\t\t\t<\/div>\n\t\t<div class=\"elementor-element elementor-element-548398cd e-flex e-con-boxed e-con e-parent\" data-id=\"548398cd\" data-element_type=\"container\" data-settings=\"{&quot;background_background&quot;:&quot;classic&quot;}\">\n\t\t\t\t\t<div class=\"e-con-inner\">\n\t\t\t\t<div class=\"elementor-element elementor-element-14da8751 elementor-widget elementor-widget-heading\" data-id=\"14da8751\" data-element_type=\"widget\" data-widget_type=\"heading.default\">\n\t\t\t\t<div class=\"elementor-widget-container\">\n\t\t\t<h2 class=\"elementor-heading-title elementor-size-default\">Valore di applicazione<\/h2>\t\t<\/div>\n\t\t\t\t<\/div>\n\t\t\t\t<div class=\"elementor-element elementor-element-251e4fd8 elementor-widget elementor-widget-text-editor\" data-id=\"251e4fd8\" data-element_type=\"widget\" data-widget_type=\"text-editor.default\">\n\t\t\t\t<div class=\"elementor-widget-container\">\n\t\t\t\t\t\t\t<p>Valore applicativo: Migliorando l'automazione delle linee di produzione, riducendo i tassi di difettosit\u00e0 e supportando l'espansione flessibile della produzione, S&amp;M aiuta i clienti a mantenere un vantaggio competitivo nel mercato globale dell'hardware intelligente.<\/p>\t\t\t\t\t\t<\/div>\n\t\t\t\t<\/div>\n\t\t\t\t<div class=\"elementor-element elementor-element-756b69e0 elementor-skin-carousel elementor-widget elementor-widget-media-carousel\" data-id=\"756b69e0\" data-element_type=\"widget\" data-settings=\"{&quot;slides_per_view&quot;:&quot;5&quot;,&quot;slides_to_scroll&quot;:&quot;1&quot;,&quot;slides_per_view_tablet&quot;:&quot;4&quot;,&quot;slides_per_view_mobile&quot;:&quot;2&quot;,&quot;skin&quot;:&quot;carousel&quot;,&quot;effect&quot;:&quot;slide&quot;,&quot;speed&quot;:500,&quot;autoplay&quot;:&quot;yes&quot;,&quot;autoplay_speed&quot;:5000,&quot;loop&quot;:&quot;yes&quot;,&quot;pause_on_hover&quot;:&quot;yes&quot;,&quot;pause_on_interaction&quot;:&quot;yes&quot;,&quot;space_between&quot;:{&quot;unit&quot;:&quot;px&quot;,&quot;size&quot;:10,&quot;sizes&quot;:[]},&quot;space_between_tablet&quot;:{&quot;unit&quot;:&quot;px&quot;,&quot;size&quot;:10,&quot;sizes&quot;:[]},&quot;space_between_mobile&quot;:{&quot;unit&quot;:&quot;px&quot;,&quot;size&quot;:10,&quot;sizes&quot;:[]}}\" data-widget_type=\"media-carousel.default\">\n\t\t\t\t<div class=\"elementor-widget-container\">\n\t\t\t\t\t<div class=\"elementor-swiper\">\n\t\t\t<div class=\"elementor-main-swiper swiper\">\n\t\t\t\t<div class=\"swiper-wrapper\">\n\t\t\t\t\t\t\t\t\t\t\t<div class=\"swiper-slide\">\n\t\t\t\t\t\t\t\t\t<div class=\"elementor-carousel-image\" role=\"img\" aria-label=\"1756803359-Malaysian customers-5\" style=\"background-image: url(&#039;https:\/\/www.chuxin-smt.com\/wp-content\/uploads\/2025\/09\/1756803359-Malaysian-customers-5.jpg&#039;)\">\n\n\t\t\t\n\t\t\t\t\t<\/div>\n\t\t\t\t\t\t\t\t<\/div>\n\t\t\t\t\t\t\t\t\t\t\t<div class=\"swiper-slide\">\n\t\t\t\t\t\t\t\t\t<div class=\"elementor-carousel-image\" role=\"img\" aria-label=\"1756876477-\u91cd\u5e86\u6d77\u5c14\u6ce2\u5cf0\u710a\" style=\"background-image: url(&#039;https:\/\/www.chuxin-smt.com\/wp-content\/uploads\/2025\/09\/1756876477-\u91cd\u5e86\u6d77\u5c14\u6ce2\u5cf0\u710a-scaled.jpg&#039;)\">\n\n\t\t\t\n\t\t\t\t\t<\/div>\n\t\t\t\t\t\t\t\t<\/div>\n\t\t\t\t\t\t\t\t\t\t\t<div class=\"swiper-slide\">\n\t\t\t\t\t\t\t\t\t<div class=\"elementor-carousel-image\" role=\"img\" aria-label=\"1756803354-Malaysian customers-3\" style=\"background-image: url(&#039;https:\/\/www.chuxin-smt.com\/wp-content\/uploads\/2025\/09\/1756803354-Malaysian-customers-3.jpg&#039;)\">\n\n\t\t\t\n\t\t\t\t\t<\/div>\n\t\t\t\t\t\t\t\t<\/div>\n\t\t\t\t\t\t\t\t\t\t\t<div class=\"swiper-slide\">\n\t\t\t\t\t\t\t\t\t<div class=\"elementor-carousel-image\" role=\"img\" aria-label=\"1756803348-Clienti malesi\" style=\"background-image: url(&#039;https:\/\/www.chuxin-smt.com\/wp-content\/uploads\/2025\/09\/1756803348-Malaysian-customers.jpg&#039;)\">\n\n\t\t\t\n\t\t\t\t\t<\/div>\n\t\t\t\t\t\t\t\t<\/div>\n\t\t\t\t\t\t\t\t\t\t\t<div class=\"swiper-slide\">\n\t\t\t\t\t\t\t\t\t<div class=\"elementor-carousel-image\" role=\"img\" aria-label=\"1756803352-Malaysian customers-2\" style=\"background-image: url(&#039;https:\/\/www.chuxin-smt.com\/wp-content\/uploads\/2025\/09\/1756803352-Malaysian-customers-2.jpg&#039;)\">\n\n\t\t\t\n\t\t\t\t\t<\/div>\n\t\t\t\t\t\t\t\t<\/div>\n\t\t\t\t\t\t\t\t\t\t\t<div class=\"swiper-slide\">\n\t\t\t\t\t\t\t\t\t<div class=\"elementor-carousel-image\" role=\"img\" aria-label=\"1756803345-Clienti Foxconn-3\" style=\"background-image: url(&#039;https:\/\/www.chuxin-smt.com\/wp-content\/uploads\/2025\/09\/1756803345-Foxconn-customers-3.jpg&#039;)\">\n\n\t\t\t\n\t\t\t\t\t<\/div>\n\t\t\t\t\t\t\t\t<\/div>\n\t\t\t\t\t\t\t\t\t\t\t<div class=\"swiper-slide\">\n\t\t\t\t\t\t\t\t\t<div class=\"elementor-carousel-image\" role=\"img\" aria-label=\"1756876488-\u91cd\u5e86\u6d77\u5c14\u5468\u8fb9\u8bbe\u5907\" style=\"background-image: url(&#039;https:\/\/www.chuxin-smt.com\/wp-content\/uploads\/2025\/09\/1756876488-\u91cd\u5e86\u6d77\u5c14\u5468\u8fb9\u8bbe\u5907-scaled.jpg&#039;)\">\n\n\t\t\t\n\t\t\t\t\t<\/div>\n\t\t\t\t\t\t\t\t<\/div>\n\t\t\t\t\t\t\t\t\t<\/div>\n\t\t\t\t\t\t\t\t\t\t\t\t\t\t\t\t\t\t\t\t\t<\/div>\n\t\t<\/div>\n\t\t\t\t<\/div>\n\t\t\t\t<\/div>\n\t\t\t\t\t<\/div>\n\t\t\t\t<\/div>\n\t\t<div class=\"elementor-element elementor-element-1119417e e-con-full e-flex e-con e-parent\" data-id=\"1119417e\" data-element_type=\"container\">\n\t\t\t\t<div class=\"elementor-element elementor-element-1c9fa082 elementor-cta--layout-image-right elementor-cta--mobile-layout-image-above elementor-cta--skin-classic elementor-animated-content elementor-bg-transform elementor-bg-transform-zoom-in elementor-widget elementor-widget-call-to-action\" data-id=\"1c9fa082\" data-element_type=\"widget\" data-widget_type=\"call-to-action.default\">\n\t\t\t\t<div class=\"elementor-widget-container\">\n\t\t\t\t\t<div class=\"elementor-cta\">\n\t\t\t\t\t<div class=\"elementor-cta__bg-wrapper\">\n\t\t\t\t<div class=\"elementor-cta__bg elementor-bg\" style=\"background-image: url(https:\/\/www.chuxin-smt.com\/wp-content\/uploads\/2025\/04\/1744707680-\u6c5f\u95e8\u5de5\u5382.jpg);\" role=\"img\" aria-label=\"FABBRICA S&amp;M\"><\/div>\n\t\t\t\t<div class=\"elementor-cta__bg-overlay\"><\/div>\n\t\t\t<\/div>\n\t\t\t\t\t\t\t<div class=\"elementor-cta__content\">\n\t\t\t\t\n\t\t\t\t\t\t\t\t\t<span class=\"elementor-cta__title elementor-cta__content-item elementor-content-item\">\n\t\t\t\t\t\tAvete bisogno di attrezzature SMT?\t\t\t\t\t<\/span>\n\t\t\t\t\n\t\t\t\t\t\t\t\t\t<div class=\"elementor-cta__description elementor-cta__content-item elementor-content-item\">\n\t\t\t\t\t\tRichiedete una consulenza gratuita e un preventivo\t\t\t\t\t<\/div>\n\t\t\t\t\n\t\t\t\t\t\t\t\t\t<div class=\"elementor-cta__button-wrapper elementor-cta__content-item elementor-content-item\">\n\t\t\t\t\t<a class=\"elementor-cta__button elementor-button elementor-size-md\" href=\"https:\/\/www.chuxin-smt.com\/it\/contacts\/\">\n\t\t\t\t\t\tContatto\t\t\t\t\t<\/a>\n\t\t\t\t\t<\/div>\n\t\t\t\t\t\t\t<\/div>\n\t\t\t\t\t\t<\/div>\n\t\t\t\t<\/div>\n\t\t\t\t<\/div>\n\t\t\t\t<\/div>\n\t\t\t\t<\/div>","protected":false},"excerpt":{"rendered":"<p>OUTLINE 1) Home Appliances and Smart Home Market Trends 2) The role of SMT equipment in the production of control [&hellip;]<\/p>","protected":false},"author":1,"featured_media":0,"parent":0,"menu_order":0,"comment_status":"closed","ping_status":"closed","template":"","meta":{"_acf_changed":false,"site-sidebar-layout":"no-sidebar","site-content-layout":"","ast-site-content-layout":"full-width-container","site-content-style":"default","site-sidebar-style":"default","ast-global-header-display":"","ast-banner-title-visibility":"","ast-main-header-display":"","ast-hfb-above-header-display":"","ast-hfb-below-header-display":"","ast-hfb-mobile-header-display":"","site-post-title":"disabled","ast-breadcrumbs-content":"","ast-featured-img":"disabled","footer-sml-layout":"","theme-transparent-header-meta":"default","adv-header-id-meta":"","stick-header-meta":"","header-above-stick-meta":"","header-main-stick-meta":"","header-below-stick-meta":"","astra-migrate-meta-layouts":"set","ast-page-background-enabled":"default","ast-page-background-meta":{"desktop":{"background-color":"var(--ast-global-color-4)","background-image":"","background-repeat":"repeat","background-position":"center center","background-size":"auto","background-attachment":"scroll","background-type":"","background-media":"","overlay-type":"","overlay-color":"","overlay-opacity":"","overlay-gradient":""},"tablet":{"background-color":"","background-image":"","background-repeat":"repeat","background-position":"center center","background-size":"auto","background-attachment":"scroll","background-type":"","background-media":"","overlay-type":"","overlay-color":"","overlay-opacity":"","overlay-gradient":""},"mobile":{"background-color":"","background-image":"","background-repeat":"repeat","background-position":"center center","background-size":"auto","background-attachment":"scroll","background-type":"","background-media":"","overlay-type":"","overlay-color":"","overlay-opacity":"","overlay-gradient":""}},"ast-content-background-meta":{"desktop":{"background-color":"var(--ast-global-color-5)","background-image":"","background-repeat":"repeat","background-position":"center center","background-size":"auto","background-attachment":"scroll","background-type":"","background-media":"","overlay-type":"","overlay-color":"","overlay-opacity":"","overlay-gradient":""},"tablet":{"background-color":"var(--ast-global-color-5)","background-image":"","background-repeat":"repeat","background-position":"center center","background-size":"auto","background-attachment":"scroll","background-type":"","background-media":"","overlay-type":"","overlay-color":"","overlay-opacity":"","overlay-gradient":""},"mobile":{"background-color":"var(--ast-global-color-5)","background-image":"","background-repeat":"repeat","background-position":"center center","background-size":"auto","background-attachment":"scroll","background-type":"","background-media":"","overlay-type":"","overlay-color":"","overlay-opacity":"","overlay-gradient":""}}},"class_list":["post-2897","page","type-page","status-publish","hentry"],"acf":[],"_links":{"self":[{"href":"https:\/\/www.chuxin-smt.com\/it\/wp-json\/wp\/v2\/pages\/2897","targetHints":{"allow":["GET"]}}],"collection":[{"href":"https:\/\/www.chuxin-smt.com\/it\/wp-json\/wp\/v2\/pages"}],"about":[{"href":"https:\/\/www.chuxin-smt.com\/it\/wp-json\/wp\/v2\/types\/page"}],"author":[{"embeddable":true,"href":"https:\/\/www.chuxin-smt.com\/it\/wp-json\/wp\/v2\/users\/1"}],"replies":[{"embeddable":true,"href":"https:\/\/www.chuxin-smt.com\/it\/wp-json\/wp\/v2\/comments?post=2897"}],"version-history":[{"count":0,"href":"https:\/\/www.chuxin-smt.com\/it\/wp-json\/wp\/v2\/pages\/2897\/revisions"}],"wp:attachment":[{"href":"https:\/\/www.chuxin-smt.com\/it\/wp-json\/wp\/v2\/media?parent=2897"}],"curies":[{"name":"wp","href":"https:\/\/api.w.org\/{rel}","templated":true}]}}