{"id":2902,"date":"2025-09-03T13:44:23","date_gmt":"2025-09-03T05:44:23","guid":{"rendered":"https:\/\/www.chuxin-smt.com\/?page_id=2902"},"modified":"2025-09-05T16:10:49","modified_gmt":"2025-09-05T08:10:49","slug":"mini-led-smart-displayminiled","status":"publish","type":"page","link":"https:\/\/www.chuxin-smt.com\/pl\/mini-led-smart-displayminiled\/","title":{"rendered":"Inteligentny wy\u015bwietlacz Mini LED&amp;MiniLED"},"content":{"rendered":"<div data-elementor-type=\"wp-page\" data-elementor-id=\"2902\" class=\"elementor elementor-2902\" data-elementor-post-type=\"page\">\n\t\t\t\t<div class=\"elementor-element elementor-element-55ada3c8 e-con-full e-flex e-con e-parent\" data-id=\"55ada3c8\" data-element_type=\"container\" data-settings=\"{&quot;background_background&quot;:&quot;classic&quot;}\">\n\t\t<div class=\"elementor-element elementor-element-281af913 e-con-full e-flex e-con e-child\" data-id=\"281af913\" data-element_type=\"container\">\n\t\t\t\t<div class=\"elementor-element elementor-element-4908fc73 elementor-widget elementor-widget-heading\" data-id=\"4908fc73\" data-element_type=\"widget\" data-widget_type=\"heading.default\">\n\t\t\t\t<div class=\"elementor-widget-container\">\n\t\t\t<h2 class=\"elementor-heading-title elementor-size-default\">ZARYS<\/h2>\t\t<\/div>\n\t\t\t\t<\/div>\n\t\t\t\t<div class=\"elementor-element elementor-element-14949236 elementor-widget__width-initial elementor-absolute elementor-widget-tablet__width-initial elementor-widget-mobile__width-initial elementor-widget elementor-widget-spacer\" data-id=\"14949236\" data-element_type=\"widget\" data-settings=\"{&quot;_position&quot;:&quot;absolute&quot;}\" data-widget_type=\"spacer.default\">\n\t\t\t\t<div class=\"elementor-widget-container\">\n\t\t\t\t\t<div class=\"elementor-spacer\">\n\t\t\t<div class=\"elementor-spacer-inner\"><\/div>\n\t\t<\/div>\n\t\t\t\t<\/div>\n\t\t\t\t<\/div>\n\t\t<div class=\"elementor-element elementor-element-299961f2 e-con-full e-flex e-con e-child\" data-id=\"299961f2\" data-element_type=\"container\">\n\t\t\t\t<div class=\"elementor-element elementor-element-7a9736aa elementor-widget elementor-widget-text-editor\" data-id=\"7a9736aa\" data-element_type=\"widget\" data-widget_type=\"text-editor.default\">\n\t\t\t\t<div class=\"elementor-widget-container\">\n\t\t\t\t\t\t\t<p>1) Rozw\u00f3j technologiczny wy\u015bwietlaczy MiniLED i Smart Display<\/p><p>2) Rola urz\u0105dze\u0144 SMT w produkcji precyzyjnych paneli o du\u017cych rozmiarach<\/p><p>3) Wymagania techniczne: niski wska\u017anik wad, kontrola wydajno\u015bci<\/p><p>4) Udane przypadki i przysz\u0142e kierunki rozwoju<\/p>\t\t\t\t\t\t<\/div>\n\t\t\t\t<\/div>\n\t\t\t\t<div class=\"elementor-element elementor-element-67dbb19 elementor-button-align-stretch elementor-widget elementor-widget-form\" data-id=\"67dbb19\" data-element_type=\"widget\" data-settings=\"{&quot;step_next_label&quot;:&quot;Next&quot;,&quot;step_previous_label&quot;:&quot;Previous&quot;,&quot;button_width&quot;:&quot;40&quot;,&quot;step_type&quot;:&quot;number_text&quot;,&quot;step_icon_shape&quot;:&quot;circle&quot;}\" data-widget_type=\"form.default\">\n\t\t\t\t<div class=\"elementor-widget-container\">\n\t\t\t\t\t<form class=\"elementor-form\" method=\"post\" name=\"Newsletter\" action=\"\">\n\t\t\t<input type=\"hidden\" name=\"post_id\" value=\"2902\"\/>\n\t\t\t<input type=\"hidden\" name=\"form_id\" value=\"67dbb19\"\/>\n\t\t\t<input type=\"hidden\" name=\"referer_title\" value=\"Mini LED Smart Display&#038;MiniLED\" \/>\n\n\t\t\t\t\t\t\t<input type=\"hidden\" name=\"queried_id\" value=\"2902\"\/>\n\t\t\t\n\t\t\t<div class=\"elementor-form-fields-wrapper elementor-labels-\">\n\t\t\t\t\t\t\t\t<div class=\"elementor-field-type-email elementor-field-group elementor-column elementor-field-group-email elementor-col-60 elementor-field-required\">\n\t\t\t\t\t\t\t\t\t\t\t\t<label for=\"form-field-email\" class=\"elementor-field-label elementor-screen-only\">\n\t\t\t\t\t\t\t\tE-mail\t\t\t\t\t\t\t<\/label>\n\t\t\t\t\t\t\t\t\t\t\t\t\t\t<input size=\"1\" type=\"email\" name=\"form_fields[email]\" id=\"form-field-email\" class=\"elementor-field elementor-size-sm  elementor-field-textual\" placeholder=\"E-mail\" required=\"required\" aria-required=\"true\">\n\t\t\t\t\t\t\t\t\t\t\t<\/div>\n\t\t\t\t\t\t\t\t<div class=\"elementor-field-group elementor-column elementor-field-type-submit elementor-col-40 e-form__buttons\">\n\t\t\t\t\t<button class=\"elementor-button elementor-size-sm\" type=\"submit\">\n\t\t\t\t\t\t<span class=\"elementor-button-content-wrapper\">\n\t\t\t\t\t\t\t\t\t\t\t\t\t\t\t\t\t\t\t\t\t\t<span class=\"elementor-button-text\">Subskrybuj <\/span>\n\t\t\t\t\t\t\t\t\t\t\t\t\t<\/span>\n\t\t\t\t\t<\/button>\n\t\t\t\t<\/div>\n\t\t\t<\/div>\n\t\t<input type=\"hidden\" name=\"trp-form-language\" value=\"pl\"\/><\/form>\n\t\t\t\t<\/div>\n\t\t\t\t<\/div>\n\t\t\t\t<\/div>\n\t\t\t\t<\/div>\n\t\t<div class=\"elementor-element elementor-element-1ac06b56 e-con-full e-flex e-con e-child\" data-id=\"1ac06b56\" data-element_type=\"container\" data-settings=\"{&quot;background_background&quot;:&quot;classic&quot;}\">\n\t\t\t\t<\/div>\n\t\t\t\t<\/div>\n\t\t<div class=\"elementor-element elementor-element-15cf4ca7 e-flex e-con-boxed e-con e-parent\" data-id=\"15cf4ca7\" data-element_type=\"container\">\n\t\t\t\t\t<div class=\"e-con-inner\">\n\t\t\t\t<div class=\"elementor-element elementor-element-1906c7b3 elementor-widget elementor-widget-heading\" data-id=\"1906c7b3\" data-element_type=\"widget\" data-widget_type=\"heading.default\">\n\t\t\t\t<div class=\"elementor-widget-container\">\n\t\t\t<h2 class=\"elementor-heading-title elementor-size-default\">Zastosowanie sprz\u0119tu S&amp;M SMT w dziedzinie inteligentnych wy\u015bwietlaczy i MiniLED<\/h2>\t\t<\/div>\n\t\t\t\t<\/div>\n\t\t\t\t\t<\/div>\n\t\t\t\t<\/div>\n\t\t<div class=\"elementor-element elementor-element-45ab32ce e-flex e-con-boxed e-con e-parent\" data-id=\"45ab32ce\" data-element_type=\"container\">\n\t\t\t\t\t<div class=\"e-con-inner\">\n\t\t\t\t<div class=\"elementor-element elementor-element-6306a712 elementor-widget elementor-widget-text-editor\" data-id=\"6306a712\" data-element_type=\"widget\" data-widget_type=\"text-editor.default\">\n\t\t\t\t<div class=\"elementor-widget-container\">\n\t\t\t\t\t\t\t<p>Wraz z szybk\u0105 ewolucj\u0105 technologii wy\u015bwietlaczy, MiniLED i inteligentne wy\u015bwietlacze sta\u0142y si\u0119 kluczowymi trendami w bran\u017cy. MiniLED, charakteryzuj\u0105cy si\u0119 wy\u017csz\u0105 jasno\u015bci\u0105, wy\u017cszym kontrastem i d\u0142u\u017csz\u0105 \u017cywotno\u015bci\u0105, jest szeroko stosowany w telewizorach, wy\u015bwietlaczach komercyjnych, wy\u015bwietlaczach samochodowych i profesjonalnym nadzorze.<\/p><p><strong><span style=\"color: #ff0000;\">BOE,<\/span><\/strong> wiod\u0105ca globalna firma zajmuj\u0105ca si\u0119 technologi\u0105 wy\u015bwietlaczy, aktywnie rozwija MiniLED i wysokiej klasy inteligentne wy\u015bwietlacze. Nak\u0142ada to niezwykle wysokie wymagania na procesy produkcyjne: zapewnienie jednolitej jasno\u015bci paneli wy\u015bwietlaczy przy jednoczesnym zapewnieniu niezawodno\u015bci ka\u017cdego po\u0142\u0105czenia lutowanego.<\/p><p>Wykorzystuj\u0105c wieloletnie do\u015bwiadczenie w rozwoju sprz\u0119tu SMT, S&amp;M zapewnia klientom kompletne rozwi\u0105zania liniowe, kt\u00f3re spe\u0142niaj\u0105 ich potrzeby w zakresie precyzyjnej, masowej produkcji, pomagaj\u0105c im utrzyma\u0107 wiod\u0105c\u0105 pozycj\u0119 w technologii wy\u015bwietlaczy nowej generacji.<\/p>\t\t\t\t\t\t<\/div>\n\t\t\t\t<\/div>\n\t\t\t\t\t<\/div>\n\t\t\t\t<\/div>\n\t\t<div class=\"elementor-element elementor-element-5e2142ab e-flex e-con-boxed e-con e-parent\" data-id=\"5e2142ab\" data-element_type=\"container\">\n\t\t\t\t\t<div class=\"e-con-inner\">\n\t\t<div class=\"elementor-element elementor-element-53ddd9c e-con-full e-flex e-con e-child\" data-id=\"53ddd9c\" data-element_type=\"container\">\n\t\t\t\t<div class=\"elementor-element elementor-element-1970679a elementor-widget elementor-widget-heading\" data-id=\"1970679a\" data-element_type=\"widget\" data-widget_type=\"heading.default\">\n\t\t\t\t<div class=\"elementor-widget-container\">\n\t\t\t<h2 class=\"elementor-heading-title elementor-size-default\">Rola urz\u0105dze\u0144 SMT w produkcji precyzyjnych paneli o du\u017cych rozmiarach<\/h2>\t\t<\/div>\n\t\t\t\t<\/div>\n\t\t\t\t<\/div>\n\t\t\t\t\t<\/div>\n\t\t\t\t<\/div>\n\t\t<div class=\"elementor-element elementor-element-2f05c6c2 e-flex e-con-boxed e-con e-parent\" data-id=\"2f05c6c2\" data-element_type=\"container\">\n\t\t\t\t\t<div class=\"e-con-inner\">\n\t\t\t\t<div class=\"elementor-element elementor-element-f57f714 elementor-widget elementor-widget-text-editor\" data-id=\"f57f714\" data-element_type=\"widget\" data-widget_type=\"text-editor.default\">\n\t\t\t\t<div class=\"elementor-widget-container\">\n\t\t\t\t\t\t\t<p>Inteligentne wy\u015bwietlacze i produkty MiniLED powszechnie wykorzystuj\u0105 wielkoskalowe projekty paneli PCB, wymagaj\u0105ce bardzo precyzyjnego rozmieszczenia i stabilnych system\u00f3w transmisji.<\/p><p>S&amp;M, dzi\u0119ki swojemu precyzyjnemu sprz\u0119towi, pomaga klientom osi\u0105gn\u0105\u0107 wydajn\u0105 produkcj\u0119 masow\u0105 i stabiln\u0105 jako\u015b\u0107 w produkcji wielkoskalowych paneli wy\u015bwietlaczy o du\u017cej g\u0119sto\u015bci.<\/p>\t\t\t\t\t\t<\/div>\n\t\t\t\t<\/div>\n\t\t\t\t\t<\/div>\n\t\t\t\t<\/div>\n\t\t<div class=\"elementor-element elementor-element-2f134027 e-flex e-con-boxed e-con e-parent\" data-id=\"2f134027\" data-element_type=\"container\">\n\t\t\t\t\t<div class=\"e-con-inner\">\n\t\t\t\t<div class=\"elementor-element elementor-element-5257af63 elementor-widget elementor-widget-heading\" data-id=\"5257af63\" data-element_type=\"widget\" data-widget_type=\"heading.default\">\n\t\t\t\t<div class=\"elementor-widget-container\">\n\t\t\t<h2 class=\"elementor-heading-title elementor-size-default\">Wymagania techniczne: niski wska\u017anik defekt\u00f3w, kontrola wydajno\u015bci<\/h2>\t\t<\/div>\n\t\t\t\t<\/div>\n\t\t\t\t<div class=\"elementor-element elementor-element-2966c20 elementor-widget elementor-widget-text-editor\" data-id=\"2966c20\" data-element_type=\"widget\" data-widget_type=\"text-editor.default\">\n\t\t\t\t<div class=\"elementor-widget-container\">\n\t\t\t\t\t\t\t<p>Produkty MiniLED wymagaj\u0105 bardzo wysokiej wydajno\u015bci. Ka\u017cdy najmniejszy defekt z\u0142\u0105cza lutowniczego mo\u017ce spowodowa\u0107 nieprawid\u0142owo\u015bci w wy\u015bwietlaniu lub skr\u00f3ci\u0107 \u017cywotno\u015b\u0107. Klienci musz\u0105 \u015bci\u015ble kontrolowa\u0107 wska\u017aniki defekt\u00f3w w monta\u017cu o du\u017cej g\u0119sto\u015bci i produkcji PCB na du\u017c\u0105 skal\u0119.<\/p><p><strong><span style=\"color: #ff0000;\">BOE<\/span><\/strong> linie produkcyjne wykorzystuj\u0105 zautomatyzowane rozwi\u0105zania SMT firmy S&amp;M, osi\u0105gaj\u0105c pe\u0142n\u0105 kontrol\u0119 wydajno\u015bci procesu:<\/p><p>Lutowanie rozp\u0142ywowe redukuje puste przestrzenie lutownicze i poprawia og\u00f3ln\u0105 niezawodno\u015b\u0107.<\/p><p>\u015arodki te znacznie zmniejszaj\u0105 liczb\u0119 defekt\u00f3w w produkcji masowej, pomagaj\u0105c klientom utrzyma\u0107 wysokie mo\u017cliwo\u015bci dostaw w wymagaj\u0105cej bran\u017cy wy\u015bwietlaczy.<\/p>\t\t\t\t\t\t<\/div>\n\t\t\t\t<\/div>\n\t\t\t\t\t<\/div>\n\t\t\t\t<\/div>\n\t\t<div class=\"elementor-element elementor-element-32224b71 e-flex e-con-boxed e-con e-parent\" data-id=\"32224b71\" data-element_type=\"container\">\n\t\t\t\t\t<div class=\"e-con-inner\">\n\t\t\t\t<div class=\"elementor-element elementor-element-1fb65a3e elementor-widget elementor-widget-heading\" data-id=\"1fb65a3e\" data-element_type=\"widget\" data-widget_type=\"heading.default\">\n\t\t\t\t<div class=\"elementor-widget-container\">\n\t\t\t<h2 class=\"elementor-heading-title elementor-size-default\">Udane przypadki i przysz\u0142e kierunki rozwoju<\/h2>\t\t<\/div>\n\t\t\t\t<\/div>\n\t\t<div class=\"elementor-element elementor-element-5e8a30b3 e-con-full e-flex e-con e-child\" data-id=\"5e8a30b3\" data-element_type=\"container\">\n\t\t\t\t<div class=\"elementor-element elementor-element-616d7ab6 elementor-widget elementor-widget-text-editor\" data-id=\"616d7ab6\" data-element_type=\"widget\" data-widget_type=\"text-editor.default\">\n\t\t\t\t<div class=\"elementor-widget-container\">\n\t\t\t\t\t\t\t<p>Rozwi\u0105zania S&amp;M w dziedzinie inteligentnych wy\u015bwietlaczy i MiniLED zosta\u0142y z powodzeniem wdro\u017cone przez kilku znanych klient\u00f3w, w tym BOE, Unilumin i Goertek.<\/p><p>Wraz z dalszym rozwojem technologii MicroLED i wy\u015bwietlaczy o ultrawysokiej rozdzielczo\u015bci, S&amp;M b\u0119dzie nadal optymalizowa\u0107 swoje kompletne rozwi\u0105zania linii SMT, zapewniaj\u0105c klientom wy\u017csz\u0105 precyzj\u0119, wy\u017csz\u0105 niezawodno\u015b\u0107 i bardziej inteligentne mo\u017cliwo\u015bci produkcyjne.<\/p>\t\t\t\t\t\t<\/div>\n\t\t\t\t<\/div>\n\t\t\t\t<\/div>\n\t\t\t\t\t<\/div>\n\t\t\t\t<\/div>\n\t\t<div class=\"elementor-element elementor-element-38bc1f73 e-flex e-con-boxed e-con e-parent\" data-id=\"38bc1f73\" data-element_type=\"container\" data-settings=\"{&quot;background_background&quot;:&quot;classic&quot;}\">\n\t\t\t\t\t<div class=\"e-con-inner\">\n\t\t\t\t<div class=\"elementor-element elementor-element-635422a9 elementor-widget elementor-widget-heading\" data-id=\"635422a9\" data-element_type=\"widget\" data-widget_type=\"heading.default\">\n\t\t\t\t<div class=\"elementor-widget-container\">\n\t\t\t<h2 class=\"elementor-heading-title elementor-size-default\">Warto\u015b\u0107 aplikacji<\/h2>\t\t<\/div>\n\t\t\t\t<\/div>\n\t\t\t\t<div class=\"elementor-element elementor-element-43889042 elementor-widget elementor-widget-text-editor\" data-id=\"43889042\" data-element_type=\"widget\" data-widget_type=\"text-editor.default\">\n\t\t\t\t<div class=\"elementor-widget-container\">\n\t\t\t\t\t\t\t<p>Warto\u015b\u0107 aplikacji: Poprawiaj\u0105c automatyzacj\u0119 linii produkcyjnej, zmniejszaj\u0105c liczb\u0119 defekt\u00f3w i wspieraj\u0105c elastyczn\u0105 ekspansj\u0119 produkcji, S&amp;M pomaga klientom utrzyma\u0107 przewag\u0119 konkurencyjn\u0105 na globalnym rynku inteligentnego sprz\u0119tu.<\/p>\t\t\t\t\t\t<\/div>\n\t\t\t\t<\/div>\n\t\t\t\t<div class=\"elementor-element elementor-element-46bfc79 elementor-skin-carousel elementor-widget elementor-widget-media-carousel\" data-id=\"46bfc79\" data-element_type=\"widget\" data-settings=\"{&quot;slides_per_view&quot;:&quot;5&quot;,&quot;slides_to_scroll&quot;:&quot;1&quot;,&quot;slides_per_view_tablet&quot;:&quot;4&quot;,&quot;slides_per_view_mobile&quot;:&quot;2&quot;,&quot;skin&quot;:&quot;carousel&quot;,&quot;effect&quot;:&quot;slide&quot;,&quot;speed&quot;:500,&quot;autoplay&quot;:&quot;yes&quot;,&quot;autoplay_speed&quot;:5000,&quot;loop&quot;:&quot;yes&quot;,&quot;pause_on_hover&quot;:&quot;yes&quot;,&quot;pause_on_interaction&quot;:&quot;yes&quot;,&quot;space_between&quot;:{&quot;unit&quot;:&quot;px&quot;,&quot;size&quot;:10,&quot;sizes&quot;:[]},&quot;space_between_tablet&quot;:{&quot;unit&quot;:&quot;px&quot;,&quot;size&quot;:10,&quot;sizes&quot;:[]},&quot;space_between_mobile&quot;:{&quot;unit&quot;:&quot;px&quot;,&quot;size&quot;:10,&quot;sizes&quot;:[]}}\" data-widget_type=\"media-carousel.default\">\n\t\t\t\t<div class=\"elementor-widget-container\">\n\t\t\t\t\t<div class=\"elementor-swiper\">\n\t\t\t<div class=\"elementor-main-swiper swiper\">\n\t\t\t\t<div class=\"swiper-wrapper\">\n\t\t\t\t\t\t\t\t\t\t\t<div class=\"swiper-slide\">\n\t\t\t\t\t\t\t\t\t<div class=\"elementor-carousel-image\" role=\"img\" aria-label=\"1756803359-Malaysian customers-5\" style=\"background-image: url(&#039;https:\/\/www.chuxin-smt.com\/wp-content\/uploads\/2025\/09\/1756803359-Malaysian-customers-5.jpg&#039;)\">\n\n\t\t\t\n\t\t\t\t\t<\/div>\n\t\t\t\t\t\t\t\t<\/div>\n\t\t\t\t\t\t\t\t\t\t\t<div class=\"swiper-slide\">\n\t\t\t\t\t\t\t\t\t<div class=\"elementor-carousel-image\" role=\"img\" aria-label=\"1756778979-customers-2\" style=\"background-image: url(&#039;https:\/\/www.chuxin-smt.com\/wp-content\/uploads\/2025\/09\/1756778979-customers-2.jpg&#039;)\">\n\n\t\t\t\n\t\t\t\t\t<\/div>\n\t\t\t\t\t\t\t\t<\/div>\n\t\t\t\t\t\t\t\t\t\t\t<div class=\"swiper-slide\">\n\t\t\t\t\t\t\t\t\t<div class=\"elementor-carousel-image\" role=\"img\" aria-label=\"1756803354-Malaysian customers-3\" style=\"background-image: url(&#039;https:\/\/www.chuxin-smt.com\/wp-content\/uploads\/2025\/09\/1756803354-Malaysian-customers-3.jpg&#039;)\">\n\n\t\t\t\n\t\t\t\t\t<\/div>\n\t\t\t\t\t\t\t\t<\/div>\n\t\t\t\t\t\t\t\t\t\t\t<div class=\"swiper-slide\">\n\t\t\t\t\t\t\t\t\t<div class=\"elementor-carousel-image\" role=\"img\" aria-label=\"1756803348 - klienci z Malezji\" style=\"background-image: url(&#039;https:\/\/www.chuxin-smt.com\/wp-content\/uploads\/2025\/09\/1756803348-Malaysian-customers.jpg&#039;)\">\n\n\t\t\t\n\t\t\t\t\t<\/div>\n\t\t\t\t\t\t\t\t<\/div>\n\t\t\t\t\t\t\t\t\t\t\t<div class=\"swiper-slide\">\n\t\t\t\t\t\t\t\t\t<div class=\"elementor-carousel-image\" role=\"img\" aria-label=\"1756803352-Malaysian customers-2\" style=\"background-image: url(&#039;https:\/\/www.chuxin-smt.com\/wp-content\/uploads\/2025\/09\/1756803352-Malaysian-customers-2.jpg&#039;)\">\n\n\t\t\t\n\t\t\t\t\t<\/div>\n\t\t\t\t\t\t\t\t<\/div>\n\t\t\t\t\t\t\t\t\t\t\t<div class=\"swiper-slide\">\n\t\t\t\t\t\t\t\t\t<div class=\"elementor-carousel-image\" role=\"img\" aria-label=\"1756803345-Foxconn-klienci-3\" style=\"background-image: url(&#039;https:\/\/www.chuxin-smt.com\/wp-content\/uploads\/2025\/09\/1756803345-Foxconn-customers-3.jpg&#039;)\">\n\n\t\t\t\n\t\t\t\t\t<\/div>\n\t\t\t\t\t\t\t\t<\/div>\n\t\t\t\t\t\t\t\t\t\t\t<div class=\"swiper-slide\">\n\t\t\t\t\t\t\t\t\t<div class=\"elementor-carousel-image\" role=\"img\" aria-label=\"1756803335 - klienci Foxconn\" style=\"background-image: url(&#039;https:\/\/www.chuxin-smt.com\/wp-content\/uploads\/2025\/09\/1756803335-Foxconn-customers.jpg&#039;)\">\n\n\t\t\t\n\t\t\t\t\t<\/div>\n\t\t\t\t\t\t\t\t<\/div>\n\t\t\t\t\t\t\t\t\t<\/div>\n\t\t\t\t\t\t\t\t\t\t\t\t\t\t\t\t\t\t\t\t\t<\/div>\n\t\t<\/div>\n\t\t\t\t<\/div>\n\t\t\t\t<\/div>\n\t\t\t\t\t<\/div>\n\t\t\t\t<\/div>\n\t\t<div class=\"elementor-element elementor-element-761fe67c e-con-full e-flex e-con e-parent\" data-id=\"761fe67c\" data-element_type=\"container\">\n\t\t\t\t<div class=\"elementor-element elementor-element-22b9962f elementor-cta--layout-image-right elementor-cta--mobile-layout-image-above elementor-cta--skin-classic elementor-animated-content elementor-bg-transform elementor-bg-transform-zoom-in elementor-widget elementor-widget-call-to-action\" data-id=\"22b9962f\" data-element_type=\"widget\" data-widget_type=\"call-to-action.default\">\n\t\t\t\t<div class=\"elementor-widget-container\">\n\t\t\t\t\t<div class=\"elementor-cta\">\n\t\t\t\t\t<div class=\"elementor-cta__bg-wrapper\">\n\t\t\t\t<div class=\"elementor-cta__bg elementor-bg\" style=\"background-image: url(https:\/\/www.chuxin-smt.com\/wp-content\/uploads\/2025\/04\/1744707680-\u6c5f\u95e8\u5de5\u5382.jpg);\" role=\"img\" aria-label=\"S&amp;M FACTORY\"><\/div>\n\t\t\t\t<div class=\"elementor-cta__bg-overlay\"><\/div>\n\t\t\t<\/div>\n\t\t\t\t\t\t\t<div class=\"elementor-cta__content\">\n\t\t\t\t\n\t\t\t\t\t\t\t\t\t<span class=\"elementor-cta__title elementor-cta__content-item elementor-content-item\">\n\t\t\t\t\t\tPotrzebujesz sprz\u0119tu SMT?\t\t\t\t\t<\/span>\n\t\t\t\t\n\t\t\t\t\t\t\t\t\t<div class=\"elementor-cta__description elementor-cta__content-item elementor-content-item\">\n\t\t\t\t\t\tPopro\u015b o bezp\u0142atn\u0105 konsultacj\u0119 i wycen\u0119\t\t\t\t\t<\/div>\n\t\t\t\t\n\t\t\t\t\t\t\t\t\t<div class=\"elementor-cta__button-wrapper elementor-cta__content-item elementor-content-item\">\n\t\t\t\t\t<a class=\"elementor-cta__button elementor-button elementor-size-md\" href=\"https:\/\/www.chuxin-smt.com\/pl\/contacts\/\">\n\t\t\t\t\t\tKontakt\t\t\t\t\t<\/a>\n\t\t\t\t\t<\/div>\n\t\t\t\t\t\t\t<\/div>\n\t\t\t\t\t\t<\/div>\n\t\t\t\t<\/div>\n\t\t\t\t<\/div>\n\t\t\t\t<\/div>\n\t\t\t\t<\/div>","protected":false},"excerpt":{"rendered":"<p>OUTLINE 1) Technological Development of MiniLED and Smart Display 2) The role of SMT equipment in the production of high-precision [&hellip;]<\/p>","protected":false},"author":1,"featured_media":0,"parent":0,"menu_order":0,"comment_status":"closed","ping_status":"closed","template":"","meta":{"_acf_changed":false,"site-sidebar-layout":"no-sidebar","site-content-layout":"","ast-site-content-layout":"full-width-container","site-content-style":"default","site-sidebar-style":"default","ast-global-header-display":"","ast-banner-title-visibility":"","ast-main-header-display":"","ast-hfb-above-header-display":"","ast-hfb-below-header-display":"","ast-hfb-mobile-header-display":"","site-post-title":"disabled","ast-breadcrumbs-content":"","ast-featured-img":"disabled","footer-sml-layout":"","theme-transparent-header-meta":"default","adv-header-id-meta":"","stick-header-meta":"","header-above-stick-meta":"","header-main-stick-meta":"","header-below-stick-meta":"","astra-migrate-meta-layouts":"set","ast-page-background-enabled":"default","ast-page-background-meta":{"desktop":{"background-color":"var(--ast-global-color-4)","background-image":"","background-repeat":"repeat","background-position":"center center","background-size":"auto","background-attachment":"scroll","background-type":"","background-media":"","overlay-type":"","overlay-color":"","overlay-opacity":"","overlay-gradient":""},"tablet":{"background-color":"","background-image":"","background-repeat":"repeat","background-position":"center center","background-size":"auto","background-attachment":"scroll","background-type":"","background-media":"","overlay-type":"","overlay-color":"","overlay-opacity":"","overlay-gradient":""},"mobile":{"background-color":"","background-image":"","background-repeat":"repeat","background-position":"center center","background-size":"auto","background-attachment":"scroll","background-type":"","background-media":"","overlay-type":"","overlay-color":"","overlay-opacity":"","overlay-gradient":""}},"ast-content-background-meta":{"desktop":{"background-color":"var(--ast-global-color-5)","background-image":"","background-repeat":"repeat","background-position":"center center","background-size":"auto","background-attachment":"scroll","background-type":"","background-media":"","overlay-type":"","overlay-color":"","overlay-opacity":"","overlay-gradient":""},"tablet":{"background-color":"var(--ast-global-color-5)","background-image":"","background-repeat":"repeat","background-position":"center center","background-size":"auto","background-attachment":"scroll","background-type":"","background-media":"","overlay-type":"","overlay-color":"","overlay-opacity":"","overlay-gradient":""},"mobile":{"background-color":"var(--ast-global-color-5)","background-image":"","background-repeat":"repeat","background-position":"center center","background-size":"auto","background-attachment":"scroll","background-type":"","background-media":"","overlay-type":"","overlay-color":"","overlay-opacity":"","overlay-gradient":""}}},"class_list":["post-2902","page","type-page","status-publish","hentry"],"acf":[],"_links":{"self":[{"href":"https:\/\/www.chuxin-smt.com\/pl\/wp-json\/wp\/v2\/pages\/2902","targetHints":{"allow":["GET"]}}],"collection":[{"href":"https:\/\/www.chuxin-smt.com\/pl\/wp-json\/wp\/v2\/pages"}],"about":[{"href":"https:\/\/www.chuxin-smt.com\/pl\/wp-json\/wp\/v2\/types\/page"}],"author":[{"embeddable":true,"href":"https:\/\/www.chuxin-smt.com\/pl\/wp-json\/wp\/v2\/users\/1"}],"replies":[{"embeddable":true,"href":"https:\/\/www.chuxin-smt.com\/pl\/wp-json\/wp\/v2\/comments?post=2902"}],"version-history":[{"count":0,"href":"https:\/\/www.chuxin-smt.com\/pl\/wp-json\/wp\/v2\/pages\/2902\/revisions"}],"wp:attachment":[{"href":"https:\/\/www.chuxin-smt.com\/pl\/wp-json\/wp\/v2\/media?parent=2902"}],"curies":[{"name":"wp","href":"https:\/\/api.w.org\/{rel}","templated":true}]}}