{"id":2915,"date":"2025-09-03T14:56:47","date_gmt":"2025-09-03T06:56:47","guid":{"rendered":"https:\/\/www.chuxin-smt.com\/?page_id=2915"},"modified":"2025-09-05T16:08:55","modified_gmt":"2025-09-05T08:08:55","slug":"automotive-electronics-industry","status":"publish","type":"page","link":"https:\/\/www.chuxin-smt.com\/pl\/automotive-electronics-industry\/","title":{"rendered":"Przemys\u0142 elektroniki samochodowej"},"content":{"rendered":"<div data-elementor-type=\"wp-page\" data-elementor-id=\"2915\" class=\"elementor elementor-2915\" data-elementor-post-type=\"page\">\n\t\t\t\t<div class=\"elementor-element elementor-element-2a71609b e-con-full e-flex e-con e-parent\" data-id=\"2a71609b\" data-element_type=\"container\" data-settings=\"{&quot;background_background&quot;:&quot;classic&quot;}\">\n\t\t<div class=\"elementor-element elementor-element-38f3ca48 e-con-full e-flex e-con e-child\" data-id=\"38f3ca48\" data-element_type=\"container\">\n\t\t\t\t<div class=\"elementor-element elementor-element-4a98c7bc elementor-widget elementor-widget-heading\" data-id=\"4a98c7bc\" data-element_type=\"widget\" data-widget_type=\"heading.default\">\n\t\t\t\t<div class=\"elementor-widget-container\">\n\t\t\t<h2 class=\"elementor-heading-title elementor-size-default\">ZARYS<\/h2>\t\t<\/div>\n\t\t\t\t<\/div>\n\t\t\t\t<div class=\"elementor-element elementor-element-a25e392 elementor-widget elementor-widget-heading\" data-id=\"a25e392\" data-element_type=\"widget\" data-widget_type=\"heading.default\">\n\t\t\t\t<div class=\"elementor-widget-container\">\n\t\t\t<h2 class=\"elementor-heading-title elementor-size-default\">Zastosowanie sprz\u0119tu S&amp;M SMT w elektronice samochodowej<\/h2>\t\t<\/div>\n\t\t\t\t<\/div>\n\t\t\t\t<div class=\"elementor-element elementor-element-62e76be1 elementor-widget__width-initial elementor-absolute elementor-widget-tablet__width-initial elementor-widget-mobile__width-initial elementor-widget elementor-widget-spacer\" data-id=\"62e76be1\" data-element_type=\"widget\" data-settings=\"{&quot;_position&quot;:&quot;absolute&quot;}\" data-widget_type=\"spacer.default\">\n\t\t\t\t<div class=\"elementor-widget-container\">\n\t\t\t\t\t<div class=\"elementor-spacer\">\n\t\t\t<div class=\"elementor-spacer-inner\"><\/div>\n\t\t<\/div>\n\t\t\t\t<\/div>\n\t\t\t\t<\/div>\n\t\t<div class=\"elementor-element elementor-element-3c8bd0a3 e-con-full e-flex e-con e-child\" data-id=\"3c8bd0a3\" data-element_type=\"container\">\n\t\t\t\t<div class=\"elementor-element elementor-element-7b266143 elementor-widget elementor-widget-text-editor\" data-id=\"7b266143\" data-element_type=\"widget\" data-widget_type=\"text-editor.default\">\n\t\t\t\t<div class=\"elementor-widget-container\">\n\t\t\t\t\t\t\t<p>1) Wymagania i trendy w bran\u017cy elektroniki samochodowej: inteligencja i niezawodno\u015b\u0107 klasy motoryzacyjnej<\/p><p>2) Zastosowanie sprz\u0119tu SMT w ECU, ADAS i tablicach kontrolnych \u015bwiate\u0142 samochodowych<\/p><p>3) Kluczowe wymagania: zerowy wska\u017anik defekt\u00f3w, odporno\u015b\u0107 na trz\u0119sienia ziemi i odporno\u015b\u0107 na r\u00f3\u017cnice temperatur<\/p><p>4) Najwa\u017cniejsze cechy naszego sprz\u0119tu: piec rozp\u0142ywowy, inteligentny sprz\u0119t transmisyjny<\/p><p>5) Udane przypadki i wsparcie certyfikacji motoryzacyjnej<\/p>\t\t\t\t\t\t<\/div>\n\t\t\t\t<\/div>\n\t\t\t\t<div class=\"elementor-element elementor-element-11e3b6de elementor-button-align-stretch elementor-widget elementor-widget-form\" data-id=\"11e3b6de\" data-element_type=\"widget\" data-settings=\"{&quot;step_next_label&quot;:&quot;Next&quot;,&quot;step_previous_label&quot;:&quot;Previous&quot;,&quot;button_width&quot;:&quot;40&quot;,&quot;step_type&quot;:&quot;number_text&quot;,&quot;step_icon_shape&quot;:&quot;circle&quot;}\" data-widget_type=\"form.default\">\n\t\t\t\t<div class=\"elementor-widget-container\">\n\t\t\t\t\t<form class=\"elementor-form\" method=\"post\" name=\"Newsletter\" novalidate=\"\" action=\"\">\n\t\t\t<input type=\"hidden\" name=\"post_id\" value=\"2915\"\/>\n\t\t\t<input type=\"hidden\" name=\"form_id\" value=\"11e3b6de\"\/>\n\t\t\t<input type=\"hidden\" name=\"referer_title\" value=\"Automotive Electronics Industry\" \/>\n\n\t\t\t\t\t\t\t<input type=\"hidden\" name=\"queried_id\" value=\"2915\"\/>\n\t\t\t\n\t\t\t<div class=\"elementor-form-fields-wrapper elementor-labels-\">\n\t\t\t\t\t\t\t\t<div class=\"elementor-field-type-email elementor-field-group elementor-column elementor-field-group-email elementor-col-60 elementor-field-required\">\n\t\t\t\t\t\t\t\t\t\t\t\t<label for=\"form-field-email\" class=\"elementor-field-label elementor-screen-only\">\n\t\t\t\t\t\t\t\tE-mail\t\t\t\t\t\t\t<\/label>\n\t\t\t\t\t\t\t\t\t\t\t\t\t\t<input size=\"1\" type=\"email\" name=\"form_fields[email]\" id=\"form-field-email\" class=\"elementor-field elementor-size-sm  elementor-field-textual\" placeholder=\"E-mail\" required=\"required\" aria-required=\"true\">\n\t\t\t\t\t\t\t\t\t\t\t<\/div>\n\t\t\t\t\t\t\t\t<div class=\"elementor-field-group elementor-column elementor-field-type-submit elementor-col-40 e-form__buttons\">\n\t\t\t\t\t<button class=\"elementor-button elementor-size-sm\" type=\"submit\">\n\t\t\t\t\t\t<span class=\"elementor-button-content-wrapper\">\n\t\t\t\t\t\t\t\t\t\t\t\t\t\t\t\t\t\t\t\t\t\t<span class=\"elementor-button-text\">Subskrybuj <\/span>\n\t\t\t\t\t\t\t\t\t\t\t\t\t<\/span>\n\t\t\t\t\t<\/button>\n\t\t\t\t<\/div>\n\t\t\t<\/div>\n\t\t<input type=\"hidden\" name=\"trp-form-language\" value=\"pl\"\/><\/form>\n\t\t\t\t<\/div>\n\t\t\t\t<\/div>\n\t\t\t\t<\/div>\n\t\t\t\t<\/div>\n\t\t<div class=\"elementor-element elementor-element-66101b87 e-con-full e-flex e-con e-child\" data-id=\"66101b87\" data-element_type=\"container\" data-settings=\"{&quot;background_background&quot;:&quot;classic&quot;}\">\n\t\t\t\t<\/div>\n\t\t\t\t<\/div>\n\t\t<div class=\"elementor-element elementor-element-5e6e39f5 e-flex e-con-boxed e-con e-parent\" data-id=\"5e6e39f5\" data-element_type=\"container\">\n\t\t\t\t\t<div class=\"e-con-inner\">\n\t\t\t\t<div class=\"elementor-element elementor-element-51a31d93 elementor-widget elementor-widget-heading\" data-id=\"51a31d93\" data-element_type=\"widget\" data-widget_type=\"heading.default\">\n\t\t\t\t<div class=\"elementor-widget-container\">\n\t\t\t<h2 class=\"elementor-heading-title elementor-size-default\">Wymagania i trendy w bran\u017cy elektroniki samochodowej: inteligencja i niezawodno\u015b\u0107 klasy motoryzacyjnej<\/h2>\t\t<\/div>\n\t\t\t\t<\/div>\n\t\t\t\t\t<\/div>\n\t\t\t\t<\/div>\n\t\t<div class=\"elementor-element elementor-element-79f6c0a9 e-flex e-con-boxed e-con e-parent\" data-id=\"79f6c0a9\" data-element_type=\"container\">\n\t\t\t\t\t<div class=\"e-con-inner\">\n\t\t\t\t<div class=\"elementor-element elementor-element-3f656f20 elementor-widget elementor-widget-text-editor\" data-id=\"3f656f20\" data-element_type=\"widget\" data-widget_type=\"text-editor.default\">\n\t\t\t\t<div class=\"elementor-widget-container\">\n\t\t\t\t\t\t\t<p>Wraz z ewolucj\u0105 pojazd\u00f3w w kierunku inteligentnych i nowych technologii energetycznych, udzia\u0142 elektronicznych jednostek steruj\u0105cych (ECU), zaawansowanych system\u00f3w wspomagania kierowcy (ADAS), inteligentnego o\u015bwietlenia i system\u00f3w zarz\u0105dzania akumulatorami w pojazdach gwa\u0142townie ro\u015bnie. Produkty klasy motoryzacyjnej musz\u0105 zachowa\u0107 stabilno\u015b\u0107 w wysokich i niskich temperaturach, wibracjach i d\u0142ugotrwa\u0142ych warunkach pracy, przy czym kluczowym celem jest zero usterek.<\/p><p><strong><span style=\"color: #ff0000;\">BYD i Bosch Auto<\/span><\/strong>jako wiod\u0105cy \u015bwiatowi producenci samochod\u00f3w i cz\u0119\u015bci, stawiaj\u0105 niezwykle wysokie wymagania w zakresie stabilno\u015bci, automatyzacji i identyfikowalno\u015bci produkt\u00f3w na swoich liniach produkcyjnych SMT. S&amp;M, dzi\u0119ki swoim wysoce niezawodnym kompletnym rozwi\u0105zaniom linii SMT, pomaga klientom budowa\u0107 inteligentne linie produkcyjne, kt\u00f3re spe\u0142niaj\u0105 standardy motoryzacyjne.<\/p>\t\t\t\t\t\t<\/div>\n\t\t\t\t<\/div>\n\t\t\t\t\t<\/div>\n\t\t\t\t<\/div>\n\t\t<div class=\"elementor-element elementor-element-3ff5d8fe e-flex e-con-boxed e-con e-parent\" data-id=\"3ff5d8fe\" data-element_type=\"container\">\n\t\t\t\t\t<div class=\"e-con-inner\">\n\t\t<div class=\"elementor-element elementor-element-58301b63 e-con-full e-flex e-con e-child\" data-id=\"58301b63\" data-element_type=\"container\">\n\t\t\t\t<div class=\"elementor-element elementor-element-51386c48 elementor-widget elementor-widget-heading\" data-id=\"51386c48\" data-element_type=\"widget\" data-widget_type=\"heading.default\">\n\t\t\t\t<div class=\"elementor-widget-container\">\n\t\t\t<h2 class=\"elementor-heading-title elementor-size-default\">Zastosowanie sprz\u0119tu SMT w ECU, ADAS i tablicach kontrolnych \u015bwiate\u0142 samochodowych<\/h2>\t\t<\/div>\n\t\t\t\t<\/div>\n\t\t\t\t<\/div>\n\t\t\t\t\t<\/div>\n\t\t\t\t<\/div>\n\t\t<div class=\"elementor-element elementor-element-1087b2af e-flex e-con-boxed e-con e-parent\" data-id=\"1087b2af\" data-element_type=\"container\">\n\t\t\t\t\t<div class=\"e-con-inner\">\n\t\t\t\t<div class=\"elementor-element elementor-element-1685fb0c elementor-widget elementor-widget-text-editor\" data-id=\"1685fb0c\" data-element_type=\"widget\" data-widget_type=\"text-editor.default\">\n\t\t\t\t<div class=\"elementor-widget-container\">\n\t\t\t\t\t\t\t<p>Elektronika samochodowa wymaga znacznie wy\u017cszej jako\u015bci monta\u017cu PCB ni\u017c elektronika u\u017cytkowa.<\/p><p><a href=\"https:\/\/www.boschautoparts.com\/es\/\"><strong><span style=\"color: #ff0000;\">Bosch Automotive<\/span><\/strong><\/a>\u00a0wykorzystuje inteligentne maszyny do za\u0142adunku i roz\u0142adunku PCB oraz stacje dokuj\u0105ce S&amp;M w produkcji modu\u0142\u00f3w steruj\u0105cych radaru ADAS, aby osi\u0105gn\u0105\u0107 wielostanowiskow\u0105 ci\u0105g\u0142\u0105 prac\u0119, zapewniaj\u0105c wydajne dzia\u0142anie ca\u0142ej linii produkcyjnej.<\/p><p>Sprz\u0119t S&amp;M pomaga klientom osi\u0105gn\u0105\u0107 wysok\u0105 wydajno\u015b\u0107 i zero defekt\u00f3w w z\u0142o\u017conej produkcji elektroniki samochodowej o wysokim standardzie.<\/p>\t\t\t\t\t\t<\/div>\n\t\t\t\t<\/div>\n\t\t\t\t\t<\/div>\n\t\t\t\t<\/div>\n\t\t<div class=\"elementor-element elementor-element-4add5d51 e-flex e-con-boxed e-con e-parent\" data-id=\"4add5d51\" data-element_type=\"container\">\n\t\t\t\t\t<div class=\"e-con-inner\">\n\t\t\t\t<div class=\"elementor-element elementor-element-5ecb525f elementor-widget elementor-widget-heading\" data-id=\"5ecb525f\" data-element_type=\"widget\" data-widget_type=\"heading.default\">\n\t\t\t\t<div class=\"elementor-widget-container\">\n\t\t\t<h2 class=\"elementor-heading-title elementor-size-default\">Kluczowe wymagania: zerowy wska\u017anik defekt\u00f3w, odporno\u015b\u0107 na trz\u0119sienia ziemi i r\u00f3\u017cnice temperatur<\/h2>\t\t<\/div>\n\t\t\t\t<\/div>\n\t\t\t\t<div class=\"elementor-element elementor-element-3032568b elementor-widget elementor-widget-text-editor\" data-id=\"3032568b\" data-element_type=\"widget\" data-widget_type=\"text-editor.default\">\n\t\t\t\t<div class=\"elementor-widget-container\">\n\t\t\t\t\t\t\t<p>Produkty klasy motoryzacyjnej musz\u0105 spe\u0142nia\u0107 wymagania dotycz\u0105ce braku usterek i wysokiej niezawodno\u015bci:<\/p><p>Po\u0142\u0105czenia lutowane musz\u0105 wytrzymywa\u0107 cykle wysokiej i niskiej temperatury oraz d\u0142ugotrwa\u0142e wibracje.<\/p><p>Ka\u017cda drobna pustka, s\u0142abe po\u0142\u0105czenie lutowane lub niewsp\u00f3\u0142osiowo\u015b\u0107 mo\u017ce mie\u0107 wp\u0142yw na \u017cywotno\u015b\u0107 i bezpiecze\u0144stwo produktu.<\/p>\t\t\t\t\t\t<\/div>\n\t\t\t\t<\/div>\n\t\t\t\t\t<\/div>\n\t\t\t\t<\/div>\n\t\t<div class=\"elementor-element elementor-element-17017158 e-flex e-con-boxed e-con e-parent\" data-id=\"17017158\" data-element_type=\"container\">\n\t\t\t\t\t<div class=\"e-con-inner\">\n\t\t\t\t<div class=\"elementor-element elementor-element-13166d95 elementor-widget elementor-widget-heading\" data-id=\"13166d95\" data-element_type=\"widget\" data-widget_type=\"heading.default\">\n\t\t\t\t<div class=\"elementor-widget-container\">\n\t\t\t<h2 class=\"elementor-heading-title elementor-size-default\">Nasz sprz\u0119t wyr\u00f3\u017cnia si\u0119: piec rozp\u0142ywowy, inteligentny sprz\u0119t transmisyjny<\/h2>\t\t<\/div>\n\t\t\t\t<\/div>\n\t\t<div class=\"elementor-element elementor-element-19077595 e-con-full e-flex e-con e-child\" data-id=\"19077595\" data-element_type=\"container\">\n\t\t\t\t<div class=\"elementor-element elementor-element-49e3196e elementor-widget elementor-widget-text-editor\" data-id=\"49e3196e\" data-element_type=\"widget\" data-widget_type=\"text-editor.default\">\n\t\t\t\t<div class=\"elementor-widget-container\">\n\t\t\t\t\t\t\t<p>Sprz\u0119t SMT firmy S&amp;M zapewnia kompleksowe wsparcie dla elektroniki samochodowej. Najwa\u017cniejsze z nich to:<\/p><p><a href=\"https:\/\/www.chuxin-smt.com\/pl\/reflow-oven\/\"><strong><span style=\"color: #ff6600;\">Rozp\u0142yw pr\u00f3\u017cniowy<\/span><\/strong><\/a>Znacz\u0105co zmniejsza wsp\u00f3\u0142czynnik pustek i poprawia niezawodno\u015b\u0107 po\u0142\u0105cze\u0144 lutowanych w ekstremalnych warunkach temperaturowych i wibracyjnych;<\/p><p>Inteligentny sprz\u0119t transportowy: \u0142adowarka i roz\u0142adowarka p\u0142yt, bufor i stacje dokuj\u0105ce do kontroli umo\u017cliwiaj\u0105 ci\u0105g\u0142\u0105 prac\u0119 linii produkcyjnej i elastyczny uk\u0142ad produkcji;<\/p><p>Systemy kontroli pe\u0142nego procesu i identyfikowalno\u015bci: zapewniaj\u0105 kontrolowan\u0105 wydajno\u015b\u0107 produktu i spe\u0142niaj\u0105 wymagania certyfikacji motoryzacyjnej, takie jak IATF 16949.<\/p><p>W projekcie deski kontrolnej reflektor\u00f3w Desay Group, kompletne rozwi\u0105zanie liniowe S&amp;M nie tylko poprawi\u0142o wydajno\u015b\u0107 produkcji, ale tak\u017ce umo\u017cliwi\u0142o elastyczne prze\u0142\u0105czanie mi\u0119dzy wieloma modelami, znacznie skracaj\u0105c czas zmiany i r\u0119czn\u0105 interwencj\u0119.<\/p>\t\t\t\t\t\t<\/div>\n\t\t\t\t<\/div>\n\t\t\t\t<div class=\"elementor-element elementor-element-e0b9f43 elementor-widget elementor-widget-heading\" data-id=\"e0b9f43\" data-element_type=\"widget\" data-widget_type=\"heading.default\">\n\t\t\t\t<div class=\"elementor-widget-container\">\n\t\t\t<h2 class=\"elementor-heading-title elementor-size-default\">Udane przypadki i wsparcie w zakresie certyfikacji motoryzacyjnej<\/h2>\t\t<\/div>\n\t\t\t\t<\/div>\n\t\t\t\t<div class=\"elementor-element elementor-element-53334fcb elementor-widget elementor-widget-text-editor\" data-id=\"53334fcb\" data-element_type=\"widget\" data-widget_type=\"text-editor.default\">\n\t\t\t\t<div class=\"elementor-widget-container\">\n\t\t\t\t\t\t\t<p>Firma S&amp;M dostarczy\u0142a kompletne rozwi\u0105zania SMT w standardzie motoryzacyjnym wielu klientom z bran\u017cy elektroniki samochodowej, z powodzeniem stosowane w produkcji podstawowych komponent\u00f3w do nowych pojazd\u00f3w energetycznych i inteligentnych samochod\u00f3w:<\/p><p><strong><span style=\"color: #ff0000;\">BYD<\/span> <\/strong>Linie produkcyjne p\u0142ytek steruj\u0105cych ECU i BMS wykorzystuj\u0105 pr\u00f3\u017cniowe piece rozp\u0142ywowe S&amp;M i inteligentne urz\u0105dzenia peryferyjne, aby osi\u0105gn\u0105\u0107 wysok\u0105 wydajno\u015b\u0107 i nisk\u0105 utrat\u0119 masy;<\/p><p><strong><span style=\"color: #ff0000;\">Bosch Automotive<\/span><\/strong>\u00a0wykorzystuje sprz\u0119t S&amp;M do produkcji modu\u0142\u00f3w radarowych ADAS, zapewniaj\u0105c zgodno\u015b\u0107 produktu z mi\u0119dzynarodowymi przepisami motoryzacyjnymi i zwi\u0119kszaj\u0105c moce produkcyjne;<\/p><p><span style=\"color: #ff0000;\"><a style=\"color: #ff0000;\" href=\"https:\/\/es.desaygroup.com\/\"><strong>Grupa Desay<\/strong> <\/a><\/span>oraz <span style=\"color: #ff0000;\"><a style=\"color: #ff0000;\" href=\"https:\/\/www.msi.com\/index.php\"><strong>Technologia MSI <\/strong><\/a><\/span>Linie produkcyjne o\u015bwietlenia i wielofunkcyjnych modu\u0142\u00f3w steruj\u0105cych wykorzystuj\u0105 kompletne rozwi\u0105zania liniowe S&amp;M, aby osi\u0105gn\u0105\u0107 elastyczn\u0105, wysoce sp\u00f3jn\u0105 i stabiln\u0105 produkcj\u0119 masow\u0105.<\/p><p>Dzi\u0119ki bogatemu do\u015bwiadczeniu w produkcji dla przemys\u0142u motoryzacyjnego i niezawodnemu wsparciu technicznemu, firma S&amp;M sta\u0142a si\u0119 zaufanym partnerem w dziedzinie elektroniki samochodowej, pomagaj\u0105c klientom tworzy\u0107 inteligentne, bezpieczne i wydajne produkty motoryzacyjne.<\/p>\t\t\t\t\t\t<\/div>\n\t\t\t\t<\/div>\n\t\t\t\t<\/div>\n\t\t\t\t\t<\/div>\n\t\t\t\t<\/div>\n\t\t<div class=\"elementor-element elementor-element-3f7cc448 e-flex e-con-boxed e-con e-parent\" data-id=\"3f7cc448\" data-element_type=\"container\" data-settings=\"{&quot;background_background&quot;:&quot;classic&quot;}\">\n\t\t\t\t\t<div class=\"e-con-inner\">\n\t\t\t\t<div class=\"elementor-element elementor-element-6d25be8 elementor-widget elementor-widget-heading\" data-id=\"6d25be8\" data-element_type=\"widget\" data-widget_type=\"heading.default\">\n\t\t\t\t<div class=\"elementor-widget-container\">\n\t\t\t<h2 class=\"elementor-heading-title elementor-size-default\">Warto\u015b\u0107 aplikacji<\/h2>\t\t<\/div>\n\t\t\t\t<\/div>\n\t\t\t\t<div class=\"elementor-element elementor-element-19110911 elementor-widget elementor-widget-text-editor\" data-id=\"19110911\" data-element_type=\"widget\" data-widget_type=\"text-editor.default\">\n\t\t\t\t<div class=\"elementor-widget-container\">\n\t\t\t\t\t\t\t<p>Warto\u015b\u0107 aplikacji: Poprawiaj\u0105c automatyzacj\u0119 linii produkcyjnej, zmniejszaj\u0105c liczb\u0119 defekt\u00f3w i wspieraj\u0105c elastyczn\u0105 ekspansj\u0119 produkcji, S&amp;M pomaga klientom utrzyma\u0107 przewag\u0119 konkurencyjn\u0105 na globalnym rynku inteligentnego sprz\u0119tu.<\/p>\t\t\t\t\t\t<\/div>\n\t\t\t\t<\/div>\n\t\t\t\t<div class=\"elementor-element elementor-element-7d660a10 elementor-skin-carousel elementor-widget elementor-widget-media-carousel\" data-id=\"7d660a10\" data-element_type=\"widget\" data-settings=\"{&quot;slides_per_view&quot;:&quot;5&quot;,&quot;slides_to_scroll&quot;:&quot;1&quot;,&quot;slides_per_view_tablet&quot;:&quot;4&quot;,&quot;slides_per_view_mobile&quot;:&quot;2&quot;,&quot;skin&quot;:&quot;carousel&quot;,&quot;effect&quot;:&quot;slide&quot;,&quot;speed&quot;:500,&quot;autoplay&quot;:&quot;yes&quot;,&quot;autoplay_speed&quot;:5000,&quot;loop&quot;:&quot;yes&quot;,&quot;pause_on_hover&quot;:&quot;yes&quot;,&quot;pause_on_interaction&quot;:&quot;yes&quot;,&quot;space_between&quot;:{&quot;unit&quot;:&quot;px&quot;,&quot;size&quot;:10,&quot;sizes&quot;:[]},&quot;space_between_tablet&quot;:{&quot;unit&quot;:&quot;px&quot;,&quot;size&quot;:10,&quot;sizes&quot;:[]},&quot;space_between_mobile&quot;:{&quot;unit&quot;:&quot;px&quot;,&quot;size&quot;:10,&quot;sizes&quot;:[]}}\" data-widget_type=\"media-carousel.default\">\n\t\t\t\t<div class=\"elementor-widget-container\">\n\t\t\t\t\t<div class=\"elementor-swiper\">\n\t\t\t<div class=\"elementor-main-swiper swiper\">\n\t\t\t\t<div class=\"swiper-wrapper\">\n\t\t\t\t\t\t\t\t\t\t\t<div class=\"swiper-slide\">\n\t\t\t\t\t\t\t\t\t<div class=\"elementor-carousel-image\" role=\"img\" aria-label=\"1756803359-Malaysian customers-5\" style=\"background-image: url(&#039;https:\/\/www.chuxin-smt.com\/wp-content\/uploads\/2025\/09\/1756803359-Malaysian-customers-5.jpg&#039;)\">\n\n\t\t\t\n\t\t\t\t\t<\/div>\n\t\t\t\t\t\t\t\t<\/div>\n\t\t\t\t\t\t\t\t\t\t\t<div class=\"swiper-slide\">\n\t\t\t\t\t\t\t\t\t<div class=\"elementor-carousel-image\" role=\"img\" aria-label=\"1756778979-customers-2\" style=\"background-image: url(&#039;https:\/\/www.chuxin-smt.com\/wp-content\/uploads\/2025\/09\/1756778979-customers-2.jpg&#039;)\">\n\n\t\t\t\n\t\t\t\t\t<\/div>\n\t\t\t\t\t\t\t\t<\/div>\n\t\t\t\t\t\t\t\t\t\t\t<div class=\"swiper-slide\">\n\t\t\t\t\t\t\t\t\t<div class=\"elementor-carousel-image\" role=\"img\" aria-label=\"1756803354-Malaysian customers-3\" style=\"background-image: url(&#039;https:\/\/www.chuxin-smt.com\/wp-content\/uploads\/2025\/09\/1756803354-Malaysian-customers-3.jpg&#039;)\">\n\n\t\t\t\n\t\t\t\t\t<\/div>\n\t\t\t\t\t\t\t\t<\/div>\n\t\t\t\t\t\t\t\t\t\t\t<div class=\"swiper-slide\">\n\t\t\t\t\t\t\t\t\t<div class=\"elementor-carousel-image\" role=\"img\" aria-label=\"1756803348 - klienci z Malezji\" style=\"background-image: url(&#039;https:\/\/www.chuxin-smt.com\/wp-content\/uploads\/2025\/09\/1756803348-Malaysian-customers.jpg&#039;)\">\n\n\t\t\t\n\t\t\t\t\t<\/div>\n\t\t\t\t\t\t\t\t<\/div>\n\t\t\t\t\t\t\t\t\t\t\t<div class=\"swiper-slide\">\n\t\t\t\t\t\t\t\t\t<div class=\"elementor-carousel-image\" role=\"img\" aria-label=\"1756803352-Malaysian customers-2\" style=\"background-image: url(&#039;https:\/\/www.chuxin-smt.com\/wp-content\/uploads\/2025\/09\/1756803352-Malaysian-customers-2.jpg&#039;)\">\n\n\t\t\t\n\t\t\t\t\t<\/div>\n\t\t\t\t\t\t\t\t<\/div>\n\t\t\t\t\t\t\t\t\t\t\t<div class=\"swiper-slide\">\n\t\t\t\t\t\t\t\t\t<div class=\"elementor-carousel-image\" role=\"img\" aria-label=\"1756803345-Foxconn-klienci-3\" style=\"background-image: url(&#039;https:\/\/www.chuxin-smt.com\/wp-content\/uploads\/2025\/09\/1756803345-Foxconn-customers-3.jpg&#039;)\">\n\n\t\t\t\n\t\t\t\t\t<\/div>\n\t\t\t\t\t\t\t\t<\/div>\n\t\t\t\t\t\t\t\t\t\t\t<div class=\"swiper-slide\">\n\t\t\t\t\t\t\t\t\t<div class=\"elementor-carousel-image\" role=\"img\" aria-label=\"1756803335 - klienci Foxconn\" style=\"background-image: url(&#039;https:\/\/www.chuxin-smt.com\/wp-content\/uploads\/2025\/09\/1756803335-Foxconn-customers.jpg&#039;)\">\n\n\t\t\t\n\t\t\t\t\t<\/div>\n\t\t\t\t\t\t\t\t<\/div>\n\t\t\t\t\t\t\t\t\t<\/div>\n\t\t\t\t\t\t\t\t\t\t\t\t\t\t\t\t\t\t\t\t\t<\/div>\n\t\t<\/div>\n\t\t\t\t<\/div>\n\t\t\t\t<\/div>\n\t\t\t\t\t<\/div>\n\t\t\t\t<\/div>\n\t\t<div class=\"elementor-element elementor-element-7ae20c9b e-con-full e-flex e-con e-parent\" data-id=\"7ae20c9b\" data-element_type=\"container\">\n\t\t\t\t<div class=\"elementor-element elementor-element-3f3e5bd7 elementor-cta--layout-image-right elementor-cta--mobile-layout-image-above elementor-cta--skin-classic elementor-animated-content elementor-bg-transform elementor-bg-transform-zoom-in elementor-widget elementor-widget-call-to-action\" data-id=\"3f3e5bd7\" data-element_type=\"widget\" data-widget_type=\"call-to-action.default\">\n\t\t\t\t<div class=\"elementor-widget-container\">\n\t\t\t\t\t<div class=\"elementor-cta\">\n\t\t\t\t\t<div class=\"elementor-cta__bg-wrapper\">\n\t\t\t\t<div class=\"elementor-cta__bg elementor-bg\" style=\"background-image: url(https:\/\/www.chuxin-smt.com\/wp-content\/uploads\/2025\/04\/1744707680-\u6c5f\u95e8\u5de5\u5382.jpg);\" role=\"img\" aria-label=\"S&amp;M FACTORY\"><\/div>\n\t\t\t\t<div class=\"elementor-cta__bg-overlay\"><\/div>\n\t\t\t<\/div>\n\t\t\t\t\t\t\t<div class=\"elementor-cta__content\">\n\t\t\t\t\n\t\t\t\t\t\t\t\t\t<span class=\"elementor-cta__title elementor-cta__content-item elementor-content-item\">\n\t\t\t\t\t\tPotrzebujesz sprz\u0119tu SMT?\t\t\t\t\t<\/span>\n\t\t\t\t\n\t\t\t\t\t\t\t\t\t<div class=\"elementor-cta__description elementor-cta__content-item elementor-content-item\">\n\t\t\t\t\t\tPopro\u015b o bezp\u0142atn\u0105 konsultacj\u0119 i wycen\u0119\t\t\t\t\t<\/div>\n\t\t\t\t\n\t\t\t\t\t\t\t\t\t<div class=\"elementor-cta__button-wrapper elementor-cta__content-item elementor-content-item\">\n\t\t\t\t\t<a class=\"elementor-cta__button elementor-button elementor-size-md\" href=\"https:\/\/www.chuxin-smt.com\/pl\/contacts\/\">\n\t\t\t\t\t\tKontakt\t\t\t\t\t<\/a>\n\t\t\t\t\t<\/div>\n\t\t\t\t\t\t\t<\/div>\n\t\t\t\t\t\t<\/div>\n\t\t\t\t<\/div>\n\t\t\t\t<\/div>\n\t\t\t\t<\/div>\n\t\t\t\t<\/div>","protected":false},"excerpt":{"rendered":"<p>OUTLINE Application of S&#038;M SMT equipment in automotive electronics 1) Automotive electronics industry demands and trends: intelligence and automotive-grade reliability [&hellip;]<\/p>","protected":false},"author":1,"featured_media":0,"parent":0,"menu_order":0,"comment_status":"closed","ping_status":"closed","template":"","meta":{"_acf_changed":false,"site-sidebar-layout":"no-sidebar","site-content-layout":"","ast-site-content-layout":"full-width-container","site-content-style":"default","site-sidebar-style":"default","ast-global-header-display":"","ast-banner-title-visibility":"","ast-main-header-display":"","ast-hfb-above-header-display":"","ast-hfb-below-header-display":"","ast-hfb-mobile-header-display":"","site-post-title":"disabled","ast-breadcrumbs-content":"","ast-featured-img":"disabled","footer-sml-layout":"","theme-transparent-header-meta":"default","adv-header-id-meta":"","stick-header-meta":"","header-above-stick-meta":"","header-main-stick-meta":"","header-below-stick-meta":"","astra-migrate-meta-layouts":"set","ast-page-background-enabled":"default","ast-page-background-meta":{"desktop":{"background-color":"var(--ast-global-color-4)","background-image":"","background-repeat":"repeat","background-position":"center center","background-size":"auto","background-attachment":"scroll","background-type":"","background-media":"","overlay-type":"","overlay-color":"","overlay-opacity":"","overlay-gradient":""},"tablet":{"background-color":"","background-image":"","background-repeat":"repeat","background-position":"center center","background-size":"auto","background-attachment":"scroll","background-type":"","background-media":"","overlay-type":"","overlay-color":"","overlay-opacity":"","overlay-gradient":""},"mobile":{"background-color":"","background-image":"","background-repeat":"repeat","background-position":"center center","background-size":"auto","background-attachment":"scroll","background-type":"","background-media":"","overlay-type":"","overlay-color":"","overlay-opacity":"","overlay-gradient":""}},"ast-content-background-meta":{"desktop":{"background-color":"var(--ast-global-color-5)","background-image":"","background-repeat":"repeat","background-position":"center center","background-size":"auto","background-attachment":"scroll","background-type":"","background-media":"","overlay-type":"","overlay-color":"","overlay-opacity":"","overlay-gradient":""},"tablet":{"background-color":"var(--ast-global-color-5)","background-image":"","background-repeat":"repeat","background-position":"center center","background-size":"auto","background-attachment":"scroll","background-type":"","background-media":"","overlay-type":"","overlay-color":"","overlay-opacity":"","overlay-gradient":""},"mobile":{"background-color":"var(--ast-global-color-5)","background-image":"","background-repeat":"repeat","background-position":"center center","background-size":"auto","background-attachment":"scroll","background-type":"","background-media":"","overlay-type":"","overlay-color":"","overlay-opacity":"","overlay-gradient":""}}},"class_list":["post-2915","page","type-page","status-publish","hentry"],"acf":[],"_links":{"self":[{"href":"https:\/\/www.chuxin-smt.com\/pl\/wp-json\/wp\/v2\/pages\/2915","targetHints":{"allow":["GET"]}}],"collection":[{"href":"https:\/\/www.chuxin-smt.com\/pl\/wp-json\/wp\/v2\/pages"}],"about":[{"href":"https:\/\/www.chuxin-smt.com\/pl\/wp-json\/wp\/v2\/types\/page"}],"author":[{"embeddable":true,"href":"https:\/\/www.chuxin-smt.com\/pl\/wp-json\/wp\/v2\/users\/1"}],"replies":[{"embeddable":true,"href":"https:\/\/www.chuxin-smt.com\/pl\/wp-json\/wp\/v2\/comments?post=2915"}],"version-history":[{"count":0,"href":"https:\/\/www.chuxin-smt.com\/pl\/wp-json\/wp\/v2\/pages\/2915\/revisions"}],"wp:attachment":[{"href":"https:\/\/www.chuxin-smt.com\/pl\/wp-json\/wp\/v2\/media?parent=2915"}],"curies":[{"name":"wp","href":"https:\/\/api.w.org\/{rel}","templated":true}]}}