{"id":2912,"date":"2025-09-03T14:13:25","date_gmt":"2025-09-03T06:13:25","guid":{"rendered":"https:\/\/www.chuxin-smt.com\/?page_id=2912"},"modified":"2025-09-05T16:11:11","modified_gmt":"2025-09-05T08:11:11","slug":"new-energy-industry","status":"publish","type":"page","link":"https:\/\/www.chuxin-smt.com\/sl\/new-energy-industry\/","title":{"rendered":"Nova energetska industrija"},"content":{"rendered":"<div data-elementor-type=\"wp-page\" data-elementor-id=\"2912\" class=\"elementor elementor-2912\" data-elementor-post-type=\"page\">\n\t\t\t\t<div class=\"elementor-element elementor-element-29f777a2 e-con-full e-flex e-con e-parent\" data-id=\"29f777a2\" data-element_type=\"container\" data-settings=\"{&quot;background_background&quot;:&quot;classic&quot;}\">\n\t\t<div class=\"elementor-element elementor-element-2b3f0871 e-con-full e-flex e-con e-child\" data-id=\"2b3f0871\" data-element_type=\"container\">\n\t\t\t\t<div class=\"elementor-element elementor-element-2d8ad3bf elementor-widget elementor-widget-heading\" data-id=\"2d8ad3bf\" data-element_type=\"widget\" data-widget_type=\"heading.default\">\n\t\t\t\t<div class=\"elementor-widget-container\">\n\t\t\t<h2 class=\"elementor-heading-title elementor-size-default\">NA\u010cRT<\/h2>\t\t<\/div>\n\t\t\t\t<\/div>\n\t\t\t\t<div class=\"elementor-element elementor-element-c8d710b elementor-widget elementor-widget-heading\" data-id=\"c8d710b\" data-element_type=\"widget\" data-widget_type=\"heading.default\">\n\t\t\t\t<div class=\"elementor-widget-container\">\n\t\t\t<h2 class=\"elementor-heading-title elementor-size-default\">Uporaba opreme S&amp;M SMT na podro\u010dju nove energije<\/h2>\t\t<\/div>\n\t\t\t\t<\/div>\n\t\t\t\t<div class=\"elementor-element elementor-element-6785a2b4 elementor-widget__width-initial elementor-absolute elementor-widget-tablet__width-initial elementor-widget-mobile__width-initial elementor-widget elementor-widget-spacer\" data-id=\"6785a2b4\" data-element_type=\"widget\" data-settings=\"{&quot;_position&quot;:&quot;absolute&quot;}\" data-widget_type=\"spacer.default\">\n\t\t\t\t<div class=\"elementor-widget-container\">\n\t\t\t\t\t<div class=\"elementor-spacer\">\n\t\t\t<div class=\"elementor-spacer-inner\"><\/div>\n\t\t<\/div>\n\t\t\t\t<\/div>\n\t\t\t\t<\/div>\n\t\t<div class=\"elementor-element elementor-element-699123ca e-con-full e-flex e-con e-child\" data-id=\"699123ca\" data-element_type=\"container\">\n\t\t\t\t<div class=\"elementor-element elementor-element-4c0d7ee4 elementor-widget elementor-widget-text-editor\" data-id=\"4c0d7ee4\" data-element_type=\"widget\" data-widget_type=\"text-editor.default\">\n\t\t\t\t<div class=\"elementor-widget-container\">\n\t\t\t\t\t\t\t<p>1) Razvoj nove energetske industrije: fotovoltaika, shranjevanje energije, baterijski sistem BMS<\/p><p>2) Vloga opreme SMT v napajalnih modulih in nadzornih plo\u0161\u010dah<\/p><p>3) Tipi\u010dni primeri uporabe: pametne ure, slu\u0161alke, mati\u010dne plo\u0161\u010de za mobilne telefone<\/p><p>4) Na\u0161e re\u0161itve: dvotirna pe\u010d za prelivanje, inteligentna oprema za prenos<\/p><p>5\uff09Primer stranke: Inverter za shranjevanje energije in BMS za nova energetska vozila<\/p>\t\t\t\t\t\t<\/div>\n\t\t\t\t<\/div>\n\t\t\t\t<div class=\"elementor-element elementor-element-4c52c4ab elementor-button-align-stretch elementor-widget elementor-widget-form\" data-id=\"4c52c4ab\" data-element_type=\"widget\" data-settings=\"{&quot;step_next_label&quot;:&quot;Next&quot;,&quot;step_previous_label&quot;:&quot;Previous&quot;,&quot;button_width&quot;:&quot;40&quot;,&quot;step_type&quot;:&quot;number_text&quot;,&quot;step_icon_shape&quot;:&quot;circle&quot;}\" data-widget_type=\"form.default\">\n\t\t\t\t<div class=\"elementor-widget-container\">\n\t\t\t\t\t<form class=\"elementor-form\" method=\"post\" name=\"Newsletter\" action=\"\">\n\t\t\t<input type=\"hidden\" name=\"post_id\" value=\"2912\"\/>\n\t\t\t<input type=\"hidden\" name=\"form_id\" value=\"4c52c4ab\"\/>\n\t\t\t<input type=\"hidden\" name=\"referer_title\" value=\"New Energy Industry\" \/>\n\n\t\t\t\t\t\t\t<input type=\"hidden\" name=\"queried_id\" value=\"2912\"\/>\n\t\t\t\n\t\t\t<div class=\"elementor-form-fields-wrapper elementor-labels-\">\n\t\t\t\t\t\t\t\t<div class=\"elementor-field-type-email elementor-field-group elementor-column elementor-field-group-email elementor-col-60 elementor-field-required\">\n\t\t\t\t\t\t\t\t\t\t\t\t<label for=\"form-field-email\" class=\"elementor-field-label elementor-screen-only\">\n\t\t\t\t\t\t\t\tE-po\u0161ta\t\t\t\t\t\t\t<\/label>\n\t\t\t\t\t\t\t\t\t\t\t\t\t\t<input size=\"1\" type=\"email\" name=\"form_fields[email]\" id=\"form-field-email\" class=\"elementor-field elementor-size-sm  elementor-field-textual\" placeholder=\"E-po\u0161ta\" required=\"required\" aria-required=\"true\">\n\t\t\t\t\t\t\t\t\t\t\t<\/div>\n\t\t\t\t\t\t\t\t<div class=\"elementor-field-group elementor-column elementor-field-type-submit elementor-col-40 e-form__buttons\">\n\t\t\t\t\t<button class=\"elementor-button elementor-size-sm\" type=\"submit\">\n\t\t\t\t\t\t<span class=\"elementor-button-content-wrapper\">\n\t\t\t\t\t\t\t\t\t\t\t\t\t\t\t\t\t\t\t\t\t\t<span class=\"elementor-button-text\">Naro\u010dite se na <\/span>\n\t\t\t\t\t\t\t\t\t\t\t\t\t<\/span>\n\t\t\t\t\t<\/button>\n\t\t\t\t<\/div>\n\t\t\t<\/div>\n\t\t<input type=\"hidden\" name=\"trp-form-language\" value=\"sl\"\/><\/form>\n\t\t\t\t<\/div>\n\t\t\t\t<\/div>\n\t\t\t\t<\/div>\n\t\t\t\t<\/div>\n\t\t<div class=\"elementor-element elementor-element-39b82f08 e-con-full e-flex e-con e-child\" data-id=\"39b82f08\" data-element_type=\"container\" data-settings=\"{&quot;background_background&quot;:&quot;classic&quot;}\">\n\t\t\t\t<\/div>\n\t\t\t\t<\/div>\n\t\t<div class=\"elementor-element elementor-element-7ff75538 e-flex e-con-boxed e-con e-parent\" data-id=\"7ff75538\" data-element_type=\"container\">\n\t\t\t\t\t<div class=\"e-con-inner\">\n\t\t\t\t<div class=\"elementor-element elementor-element-649a20f1 elementor-widget elementor-widget-heading\" data-id=\"649a20f1\" data-element_type=\"widget\" data-widget_type=\"heading.default\">\n\t\t\t\t<div class=\"elementor-widget-container\">\n\t\t\t<h2 class=\"elementor-heading-title elementor-size-default\">Razvoj nove energetske industrije: fotovoltaika, skladi\u0161\u010denje energije, baterija BMS<\/h2>\t\t<\/div>\n\t\t\t\t<\/div>\n\t\t\t\t\t<\/div>\n\t\t\t\t<\/div>\n\t\t<div class=\"elementor-element elementor-element-2acd4319 e-flex e-con-boxed e-con e-parent\" data-id=\"2acd4319\" data-element_type=\"container\">\n\t\t\t\t\t<div class=\"e-con-inner\">\n\t\t\t\t<div class=\"elementor-element elementor-element-5801ddf2 elementor-widget elementor-widget-text-editor\" data-id=\"5801ddf2\" data-element_type=\"widget\" data-widget_type=\"text-editor.default\">\n\t\t\t\t<div class=\"elementor-widget-container\">\n\t\t\t\t\t\t\t<p>Zaradi globalnega energetskega prehoda in doseganja ciljev oglji\u010dne nevtralnosti se industrija nove energije hitro razvija. Fotovoltai\u010dna proizvodnja elektri\u010dne energije, sistemi za shranjevanje energije in sistemi za upravljanje baterij (BMS) za vozila na novo energijo so postali klju\u010dni elementi te industrije.<\/p><p><strong><span style=\"color: #ff0000;\"><a style=\"color: #ff0000;\" href=\"https:\/\/www.catl.com\/\">CATL<\/a>, <a style=\"color: #ff0000;\" href=\"https:\/\/www.byd.com\/es-es\">BYD<\/a>in <a href=\"https:\/\/www.sunwoda.com\/\">Sunwoda<\/a>,<\/span><\/strong> kot vodilni svetovni proizvajalci baterij za napajanje in shranjevanje energije, imajo izredno visoke zahteve glede zanesljivosti in proizvodne zmogljivosti v proizvodnji elektronike. Amphenol dejavno spodbuja tudi proizvodnjo po visokih standardih v proizvodnji novih energetskih priklju\u010dkov in modulov.<\/p><p>Dru\u017eba S&amp;M s svojimi naprednimi re\u0161itvami celotne linije SMT zagotavlja stabilno in u\u010dinkovito podporo proizvodnim linijam za industrijo nove energije ter pospe\u0161uje uvajanje pametne proizvodnje in izdelkov za zeleno energijo.<\/p>\t\t\t\t\t\t<\/div>\n\t\t\t\t<\/div>\n\t\t\t\t\t<\/div>\n\t\t\t\t<\/div>\n\t\t<div class=\"elementor-element elementor-element-427e3b8 e-flex e-con-boxed e-con e-parent\" data-id=\"427e3b8\" data-element_type=\"container\">\n\t\t\t\t\t<div class=\"e-con-inner\">\n\t\t<div class=\"elementor-element elementor-element-5fa0fab8 e-con-full e-flex e-con e-child\" data-id=\"5fa0fab8\" data-element_type=\"container\">\n\t\t\t\t<div class=\"elementor-element elementor-element-51da86f9 elementor-widget elementor-widget-heading\" data-id=\"51da86f9\" data-element_type=\"widget\" data-widget_type=\"heading.default\">\n\t\t\t\t<div class=\"elementor-widget-container\">\n\t\t\t<h2 class=\"elementor-heading-title elementor-size-default\">Vloga opreme SMT v napajalnih modulih in nadzornih plo\u0161\u010dah<\/h2>\t\t<\/div>\n\t\t\t\t<\/div>\n\t\t\t\t<\/div>\n\t\t\t\t\t<\/div>\n\t\t\t\t<\/div>\n\t\t<div class=\"elementor-element elementor-element-5b631fb8 e-flex e-con-boxed e-con e-parent\" data-id=\"5b631fb8\" data-element_type=\"container\">\n\t\t\t\t\t<div class=\"e-con-inner\">\n\t\t\t\t<div class=\"elementor-element elementor-element-1b4eb24f elementor-widget elementor-widget-text-editor\" data-id=\"1b4eb24f\" data-element_type=\"widget\" data-widget_type=\"text-editor.default\">\n\t\t\t\t<div class=\"elementor-widget-container\">\n\t\t\t\t\t\t\t<p>V industriji nove energije so napajalni moduli in nadzorne plo\u0161\u010de klju\u010dni sestavni deli fotonapetostnih pretvornikov, sistemov za shranjevanje energije in sistemov za upravljanje baterij (BMS). Delujejo v okoljih z visokim tokom in visoko napetostjo, kar postavlja izjemno visoke zahteve glede kakovosti spajkanja in zanesljivosti plo\u0161\u010d.<\/p><p><strong><span style=\"color: #ff0000;\">BYD\u00a0<\/span><\/strong>uporablja popolnoma samodejne stroje za natovarjanje in raztovarjanje plo\u0161\u010d ter inteligentne priklju\u010dne postaje za krmilne module pretvornikov za shranjevanje energije podjetja S&amp;M, ki omogo\u010dajo visoko u\u010dinkovito mno\u017ei\u010dno proizvodnjo z malo ro\u010dnimi posegi.<\/p><p>S&amp;M-ova oprema SMT omogo\u010da u\u010dinkovito in zanesljivo proizvodnjo elektronskih modulov za stranke s podro\u010dja novih virov energije ter podpira njihovo obse\u017eno tr\u017eno \u0161iritev.<\/p>\t\t\t\t\t\t<\/div>\n\t\t\t\t<\/div>\n\t\t\t\t\t<\/div>\n\t\t\t\t<\/div>\n\t\t<div class=\"elementor-element elementor-element-17d53afe e-flex e-con-boxed e-con e-parent\" data-id=\"17d53afe\" data-element_type=\"container\">\n\t\t\t\t\t<div class=\"e-con-inner\">\n\t\t\t\t<div class=\"elementor-element elementor-element-181e23d1 elementor-widget elementor-widget-heading\" data-id=\"181e23d1\" data-element_type=\"widget\" data-widget_type=\"heading.default\">\n\t\t\t\t<div class=\"elementor-widget-container\">\n\t\t\t<h2 class=\"elementor-heading-title elementor-size-default\">Tehni\u010dne zahteve: visok tok, visoka stabilnost, sposobnost upravljanja toplote<\/h2>\t\t<\/div>\n\t\t\t\t<\/div>\n\t\t\t\t<div class=\"elementor-element elementor-element-6da5dde8 elementor-widget elementor-widget-text-editor\" data-id=\"6da5dde8\" data-element_type=\"widget\" data-widget_type=\"text-editor.default\">\n\t\t\t\t<div class=\"elementor-widget-container\">\n\t\t\t\t\t\t\t<p>Nove energetske napajalne plo\u0161\u010de in nadzorne plo\u0161\u010de BMS so med delovanjem izpostavljene visokim tokovnim in energetskim obremenitvam, kar postavlja izjemno visoke zahteve glede postopkov spajkanja in zmogljivosti za upravljanje toplote.<\/p><p>Za <span style=\"color: #ff0000;\"><strong><span style=\"color: #ff0000;\"><a style=\"color: #ff0000;\" href=\"https:\/\/www.sunwoda.com\/\">Sunwoda<\/a>\u00a0<\/span><\/strong><span style=\"color: #000000;\">in .<\/span><strong> <span style=\"color: #ff0000;\"><a style=\"color: #ff0000;\" href=\"https:\/\/www.byd.com\/es-es\">BYD<\/a><\/span><\/strong><\/span> S&amp;M SMT oprema je te tehni\u010dne zahteve izpolnjevala z naslednjimi metodami:<\/p><p>Dvotirno spajkanje s ponovnim topljenjem zagotavlja enakomeren nadzor temperature in u\u010dinkovito spajkanje velikih plo\u0161\u010d, kar ustreza zahtevam mno\u017ei\u010dne proizvodnje.<\/p><p>Z natan\u010dnim nadzorom temperature in visoko stabilno opremo lahko stranke zagotovijo zanesljivo delovanje izdelka tudi v zapletenih pogojih delovanja.<\/p>\t\t\t\t\t\t<\/div>\n\t\t\t\t<\/div>\n\t\t\t\t\t<\/div>\n\t\t\t\t<\/div>\n\t\t<div class=\"elementor-element elementor-element-79ad3dca e-flex e-con-boxed e-con e-parent\" data-id=\"79ad3dca\" data-element_type=\"container\">\n\t\t\t\t\t<div class=\"e-con-inner\">\n\t\t\t\t<div class=\"elementor-element elementor-element-29ed92d3 elementor-widget elementor-widget-heading\" data-id=\"29ed92d3\" data-element_type=\"widget\" data-widget_type=\"heading.default\">\n\t\t\t\t<div class=\"elementor-widget-container\">\n\t\t\t<h2 class=\"elementor-heading-title elementor-size-default\">Na\u0161e re\u0161itve: dvotirna pe\u010d za prelivanje, inteligentna oprema za prenos<\/h2>\t\t<\/div>\n\t\t\t\t<\/div>\n\t\t<div class=\"elementor-element elementor-element-5207bef4 e-con-full e-flex e-con e-child\" data-id=\"5207bef4\" data-element_type=\"container\">\n\t\t\t\t<div class=\"elementor-element elementor-element-6e2d3f83 elementor-widget elementor-widget-text-editor\" data-id=\"6e2d3f83\" data-element_type=\"widget\" data-widget_type=\"text-editor.default\">\n\t\t\t\t<div class=\"elementor-widget-container\">\n\t\t\t\t\t\t\t<p>Dru\u017eba S&amp;M ponuja optimizirane celovite re\u0161itve za plo\u0161\u010de velikih dimenzij in visoke proizvodne zmogljivosti, ki jih zahteva industrija nove energije:<\/p><p>Dvotirno prepihovanje: Podpira tiskane plo\u0161\u010de velikih dimenzij in vzporedno proizvodnjo z dvema linijama, kar izbolj\u0161a u\u010dinkovitost proizvodnje in zmanj\u0161a porabo energije;<\/p><p>Inteligentna transportna oprema: Vklju\u010duje stroje za nakladanje in razkladanje plo\u0161\u010d, postaje za odlaganje in priklju\u010dne postaje, ki omogo\u010dajo dolgoro\u010dno neprekinjeno delovanje in prilagodljivo postavitev proizvodne linije;<\/p><p>V projektu sodelovanja med <strong><span style=\"color: #ff0000;\">CATL in Amphenol<\/span><\/strong>, S&amp;M-ova dvotirna prelivna in inteligentna periferna oprema sta stranki pomagali vzpostaviti visoko avtomatizirano in prilagodljivo proizvodno linijo za nove energije, ki u\u010dinkovito podpira \u0161iritev zmogljivosti.<\/p>\t\t\t\t\t\t<\/div>\n\t\t\t\t<\/div>\n\t\t\t\t<div class=\"elementor-element elementor-element-91793cc elementor-widget elementor-widget-heading\" data-id=\"91793cc\" data-element_type=\"widget\" data-widget_type=\"heading.default\">\n\t\t\t\t<div class=\"elementor-widget-container\">\n\t\t\t<h2 class=\"elementor-heading-title elementor-size-default\">Primer stranke: Inverter za shranjevanje energije in BMS za vozila na novo energijo<\/h2>\t\t<\/div>\n\t\t\t\t<\/div>\n\t\t\t\t<div class=\"elementor-element elementor-element-625951cc elementor-widget elementor-widget-text-editor\" data-id=\"625951cc\" data-element_type=\"widget\" data-widget_type=\"text-editor.default\">\n\t\t\t\t<div class=\"elementor-widget-container\">\n\t\t\t\t\t\t\t<p>Oprema SMT podjetja S&amp;M je bila uspe\u0161no uporabljena v \u0161tevilnih aplikacijah za novo energijo:<\/p><p><strong><span style=\"color: #ff0000;\">CATL<\/span><\/strong> proizvodna linija za krmilne plo\u0161\u010de BMS napajalnih baterij, ki uporablja dvotirno prelivanje S&amp;M in inteligentno opremo za prenos, omogo\u010da mno\u017ei\u010dno proizvodnjo z visokim donosom in zagotavlja dolgoro\u010dno stabilnost izdelka.<\/p><p><strong><span style=\"color: #ff0000;\">Sunwoda in Amphenol<\/span><\/strong> priklju\u010dni moduli in krmilne enote za vozila na novo energijo uporabljajo proizvodne linije S&amp;M, ki omogo\u010dajo prilagodljivo proizvodnjo in sledljivost podatkov celotnega procesa ter izpolnjujejo visoke standarde mednarodnega trga.<\/p>\t\t\t\t\t\t<\/div>\n\t\t\t\t<\/div>\n\t\t\t\t<\/div>\n\t\t\t\t\t<\/div>\n\t\t\t\t<\/div>\n\t\t<div class=\"elementor-element elementor-element-26f46d54 e-flex e-con-boxed e-con e-parent\" data-id=\"26f46d54\" data-element_type=\"container\" data-settings=\"{&quot;background_background&quot;:&quot;classic&quot;}\">\n\t\t\t\t\t<div class=\"e-con-inner\">\n\t\t\t\t<div class=\"elementor-element elementor-element-4fac9313 elementor-widget elementor-widget-heading\" data-id=\"4fac9313\" data-element_type=\"widget\" data-widget_type=\"heading.default\">\n\t\t\t\t<div class=\"elementor-widget-container\">\n\t\t\t<h2 class=\"elementor-heading-title elementor-size-default\">Vrednost uporabe<\/h2>\t\t<\/div>\n\t\t\t\t<\/div>\n\t\t\t\t<div class=\"elementor-element elementor-element-12ad2d1e elementor-widget elementor-widget-text-editor\" data-id=\"12ad2d1e\" data-element_type=\"widget\" data-widget_type=\"text-editor.default\">\n\t\t\t\t<div class=\"elementor-widget-container\">\n\t\t\t\t\t\t\t<p>S temi uspe\u0161nimi primeri je podjetje S&amp;M postalo zaupanja vreden partner za vrhunske proizvodne linije SMT na podro\u010dju nove energije, ki strankam pomaga dose\u010di visokokakovostno mno\u017ei\u010dno proizvodnjo izdelkov za zeleno energijo.<\/p>\t\t\t\t\t\t<\/div>\n\t\t\t\t<\/div>\n\t\t\t\t<div class=\"elementor-element elementor-element-28b67b58 elementor-skin-carousel elementor-widget elementor-widget-media-carousel\" data-id=\"28b67b58\" data-element_type=\"widget\" data-settings=\"{&quot;slides_per_view&quot;:&quot;5&quot;,&quot;slides_to_scroll&quot;:&quot;1&quot;,&quot;slides_per_view_tablet&quot;:&quot;4&quot;,&quot;slides_per_view_mobile&quot;:&quot;2&quot;,&quot;skin&quot;:&quot;carousel&quot;,&quot;effect&quot;:&quot;slide&quot;,&quot;speed&quot;:500,&quot;autoplay&quot;:&quot;yes&quot;,&quot;autoplay_speed&quot;:5000,&quot;loop&quot;:&quot;yes&quot;,&quot;pause_on_hover&quot;:&quot;yes&quot;,&quot;pause_on_interaction&quot;:&quot;yes&quot;,&quot;space_between&quot;:{&quot;unit&quot;:&quot;px&quot;,&quot;size&quot;:10,&quot;sizes&quot;:[]},&quot;space_between_tablet&quot;:{&quot;unit&quot;:&quot;px&quot;,&quot;size&quot;:10,&quot;sizes&quot;:[]},&quot;space_between_mobile&quot;:{&quot;unit&quot;:&quot;px&quot;,&quot;size&quot;:10,&quot;sizes&quot;:[]}}\" data-widget_type=\"media-carousel.default\">\n\t\t\t\t<div class=\"elementor-widget-container\">\n\t\t\t\t\t<div class=\"elementor-swiper\">\n\t\t\t<div class=\"elementor-main-swiper swiper\">\n\t\t\t\t<div class=\"swiper-wrapper\">\n\t\t\t\t\t\t\t\t\t\t\t<div class=\"swiper-slide\">\n\t\t\t\t\t\t\t\t\t<div class=\"elementor-carousel-image\" role=\"img\" aria-label=\"1756803359-Malaysian customers-5\" style=\"background-image: url(&#039;https:\/\/www.chuxin-smt.com\/wp-content\/uploads\/2025\/09\/1756803359-Malaysian-customers-5.jpg&#039;)\">\n\n\t\t\t\n\t\t\t\t\t<\/div>\n\t\t\t\t\t\t\t\t<\/div>\n\t\t\t\t\t\t\t\t\t\t\t<div class=\"swiper-slide\">\n\t\t\t\t\t\t\t\t\t<div class=\"elementor-carousel-image\" role=\"img\" aria-label=\"1756778979-customers-2\" style=\"background-image: url(&#039;https:\/\/www.chuxin-smt.com\/wp-content\/uploads\/2025\/09\/1756778979-customers-2.jpg&#039;)\">\n\n\t\t\t\n\t\t\t\t\t<\/div>\n\t\t\t\t\t\t\t\t<\/div>\n\t\t\t\t\t\t\t\t\t\t\t<div class=\"swiper-slide\">\n\t\t\t\t\t\t\t\t\t<div class=\"elementor-carousel-image\" role=\"img\" aria-label=\"1756803354-Malaysian customers-3\" style=\"background-image: url(&#039;https:\/\/www.chuxin-smt.com\/wp-content\/uploads\/2025\/09\/1756803354-Malaysian-customers-3.jpg&#039;)\">\n\n\t\t\t\n\t\t\t\t\t<\/div>\n\t\t\t\t\t\t\t\t<\/div>\n\t\t\t\t\t\t\t\t\t\t\t<div class=\"swiper-slide\">\n\t\t\t\t\t\t\t\t\t<div class=\"elementor-carousel-image\" role=\"img\" aria-label=\"1756803348-Malajzijske stranke\" style=\"background-image: url(&#039;https:\/\/www.chuxin-smt.com\/wp-content\/uploads\/2025\/09\/1756803348-Malaysian-customers.jpg&#039;)\">\n\n\t\t\t\n\t\t\t\t\t<\/div>\n\t\t\t\t\t\t\t\t<\/div>\n\t\t\t\t\t\t\t\t\t\t\t<div class=\"swiper-slide\">\n\t\t\t\t\t\t\t\t\t<div class=\"elementor-carousel-image\" role=\"img\" aria-label=\"1756803352-Malaysian customers-2\" style=\"background-image: url(&#039;https:\/\/www.chuxin-smt.com\/wp-content\/uploads\/2025\/09\/1756803352-Malaysian-customers-2.jpg&#039;)\">\n\n\t\t\t\n\t\t\t\t\t<\/div>\n\t\t\t\t\t\t\t\t<\/div>\n\t\t\t\t\t\t\t\t\t\t\t<div class=\"swiper-slide\">\n\t\t\t\t\t\t\t\t\t<div class=\"elementor-carousel-image\" role=\"img\" aria-label=\"1756803345-Foxconn stranke-3\" style=\"background-image: url(&#039;https:\/\/www.chuxin-smt.com\/wp-content\/uploads\/2025\/09\/1756803345-Foxconn-customers-3.jpg&#039;)\">\n\n\t\t\t\n\t\t\t\t\t<\/div>\n\t\t\t\t\t\t\t\t<\/div>\n\t\t\t\t\t\t\t\t\t\t\t<div class=\"swiper-slide\">\n\t\t\t\t\t\t\t\t\t<div class=\"elementor-carousel-image\" role=\"img\" aria-label=\"1756803335-Foxconnove stranke\" style=\"background-image: url(&#039;https:\/\/www.chuxin-smt.com\/wp-content\/uploads\/2025\/09\/1756803335-Foxconn-customers.jpg&#039;)\">\n\n\t\t\t\n\t\t\t\t\t<\/div>\n\t\t\t\t\t\t\t\t<\/div>\n\t\t\t\t\t\t\t\t\t<\/div>\n\t\t\t\t\t\t\t\t\t\t\t\t\t\t\t\t\t\t\t\t\t<\/div>\n\t\t<\/div>\n\t\t\t\t<\/div>\n\t\t\t\t<\/div>\n\t\t\t\t\t<\/div>\n\t\t\t\t<\/div>\n\t\t<div class=\"elementor-element elementor-element-e09826a e-con-full e-flex e-con e-parent\" data-id=\"e09826a\" data-element_type=\"container\">\n\t\t\t\t<div class=\"elementor-element elementor-element-1e16bdca elementor-cta--layout-image-right elementor-cta--mobile-layout-image-above elementor-cta--skin-classic elementor-animated-content elementor-bg-transform elementor-bg-transform-zoom-in elementor-widget elementor-widget-call-to-action\" data-id=\"1e16bdca\" data-element_type=\"widget\" data-widget_type=\"call-to-action.default\">\n\t\t\t\t<div class=\"elementor-widget-container\">\n\t\t\t\t\t<div class=\"elementor-cta\">\n\t\t\t\t\t<div class=\"elementor-cta__bg-wrapper\">\n\t\t\t\t<div class=\"elementor-cta__bg elementor-bg\" style=\"background-image: url(https:\/\/www.chuxin-smt.com\/wp-content\/uploads\/2025\/04\/1744707680-\u6c5f\u95e8\u5de5\u5382.jpg);\" role=\"img\" aria-label=\"S&amp;M FACTORY\"><\/div>\n\t\t\t\t<div class=\"elementor-cta__bg-overlay\"><\/div>\n\t\t\t<\/div>\n\t\t\t\t\t\t\t<div class=\"elementor-cta__content\">\n\t\t\t\t\n\t\t\t\t\t\t\t\t\t<span class=\"elementor-cta__title elementor-cta__content-item elementor-content-item\">\n\t\t\t\t\t\tPotrebujete opremo SMT?\t\t\t\t\t<\/span>\n\t\t\t\t\n\t\t\t\t\t\t\t\t\t<div class=\"elementor-cta__description elementor-cta__content-item elementor-content-item\">\n\t\t\t\t\t\tZahtevajte brezpla\u010dno svetovanje in cenovno oceno\t\t\t\t\t<\/div>\n\t\t\t\t\n\t\t\t\t\t\t\t\t\t<div class=\"elementor-cta__button-wrapper elementor-cta__content-item elementor-content-item\">\n\t\t\t\t\t<a class=\"elementor-cta__button elementor-button elementor-size-md\" href=\"https:\/\/www.chuxin-smt.com\/sl\/contacts\/\">\n\t\t\t\t\t\tPi\u0161ite nam\t\t\t\t\t<\/a>\n\t\t\t\t\t<\/div>\n\t\t\t\t\t\t\t<\/div>\n\t\t\t\t\t\t<\/div>\n\t\t\t\t<\/div>\n\t\t\t\t<\/div>\n\t\t\t\t<\/div>\n\t\t\t\t<\/div>","protected":false},"excerpt":{"rendered":"<p>OUTLINE Application of S&#038;M SMT equipment in the field of new energy 1) New energy industry development: photovoltaics, energy storage, [&hellip;]<\/p>","protected":false},"author":1,"featured_media":0,"parent":0,"menu_order":0,"comment_status":"closed","ping_status":"closed","template":"","meta":{"_acf_changed":false,"site-sidebar-layout":"no-sidebar","site-content-layout":"","ast-site-content-layout":"full-width-container","site-content-style":"default","site-sidebar-style":"default","ast-global-header-display":"","ast-banner-title-visibility":"","ast-main-header-display":"","ast-hfb-above-header-display":"","ast-hfb-below-header-display":"","ast-hfb-mobile-header-display":"","site-post-title":"disabled","ast-breadcrumbs-content":"","ast-featured-img":"disabled","footer-sml-layout":"","theme-transparent-header-meta":"default","adv-header-id-meta":"","stick-header-meta":"","header-above-stick-meta":"","header-main-stick-meta":"","header-below-stick-meta":"","astra-migrate-meta-layouts":"set","ast-page-background-enabled":"default","ast-page-background-meta":{"desktop":{"background-color":"var(--ast-global-color-4)","background-image":"","background-repeat":"repeat","background-position":"center center","background-size":"auto","background-attachment":"scroll","background-type":"","background-media":"","overlay-type":"","overlay-color":"","overlay-opacity":"","overlay-gradient":""},"tablet":{"background-color":"","background-image":"","background-repeat":"repeat","background-position":"center center","background-size":"auto","background-attachment":"scroll","background-type":"","background-media":"","overlay-type":"","overlay-color":"","overlay-opacity":"","overlay-gradient":""},"mobile":{"background-color":"","background-image":"","background-repeat":"repeat","background-position":"center center","background-size":"auto","background-attachment":"scroll","background-type":"","background-media":"","overlay-type":"","overlay-color":"","overlay-opacity":"","overlay-gradient":""}},"ast-content-background-meta":{"desktop":{"background-color":"var(--ast-global-color-5)","background-image":"","background-repeat":"repeat","background-position":"center center","background-size":"auto","background-attachment":"scroll","background-type":"","background-media":"","overlay-type":"","overlay-color":"","overlay-opacity":"","overlay-gradient":""},"tablet":{"background-color":"var(--ast-global-color-5)","background-image":"","background-repeat":"repeat","background-position":"center center","background-size":"auto","background-attachment":"scroll","background-type":"","background-media":"","overlay-type":"","overlay-color":"","overlay-opacity":"","overlay-gradient":""},"mobile":{"background-color":"var(--ast-global-color-5)","background-image":"","background-repeat":"repeat","background-position":"center center","background-size":"auto","background-attachment":"scroll","background-type":"","background-media":"","overlay-type":"","overlay-color":"","overlay-opacity":"","overlay-gradient":""}}},"class_list":["post-2912","page","type-page","status-publish","hentry"],"acf":[],"_links":{"self":[{"href":"https:\/\/www.chuxin-smt.com\/sl\/wp-json\/wp\/v2\/pages\/2912","targetHints":{"allow":["GET"]}}],"collection":[{"href":"https:\/\/www.chuxin-smt.com\/sl\/wp-json\/wp\/v2\/pages"}],"about":[{"href":"https:\/\/www.chuxin-smt.com\/sl\/wp-json\/wp\/v2\/types\/page"}],"author":[{"embeddable":true,"href":"https:\/\/www.chuxin-smt.com\/sl\/wp-json\/wp\/v2\/users\/1"}],"replies":[{"embeddable":true,"href":"https:\/\/www.chuxin-smt.com\/sl\/wp-json\/wp\/v2\/comments?post=2912"}],"version-history":[{"count":0,"href":"https:\/\/www.chuxin-smt.com\/sl\/wp-json\/wp\/v2\/pages\/2912\/revisions"}],"wp:attachment":[{"href":"https:\/\/www.chuxin-smt.com\/sl\/wp-json\/wp\/v2\/media?parent=2912"}],"curies":[{"name":"wp","href":"https:\/\/api.w.org\/{rel}","templated":true}]}}