{"id":2902,"date":"2025-09-03T13:44:23","date_gmt":"2025-09-03T05:44:23","guid":{"rendered":"https:\/\/www.chuxin-smt.com\/?page_id=2902"},"modified":"2025-09-05T16:10:49","modified_gmt":"2025-09-05T08:10:49","slug":"mini-led-smart-displayminiled","status":"publish","type":"page","link":"https:\/\/www.chuxin-smt.com\/vi\/mini-led-smart-displayminiled\/","title":{"rendered":"M\u00e0n h\u00ecnh th\u00f4ng minh Mini LED &amp; MiniLED"},"content":{"rendered":"<div data-elementor-type=\"wp-page\" data-elementor-id=\"2902\" class=\"elementor elementor-2902\" data-elementor-post-type=\"page\">\n\t\t\t\t<div class=\"elementor-element elementor-element-55ada3c8 e-con-full e-flex e-con e-parent\" data-id=\"55ada3c8\" data-element_type=\"container\" data-settings=\"{&quot;background_background&quot;:&quot;classic&quot;}\">\n\t\t<div class=\"elementor-element elementor-element-281af913 e-con-full e-flex e-con e-child\" data-id=\"281af913\" data-element_type=\"container\">\n\t\t\t\t<div class=\"elementor-element elementor-element-4908fc73 elementor-widget elementor-widget-heading\" data-id=\"4908fc73\" data-element_type=\"widget\" data-widget_type=\"heading.default\">\n\t\t\t\t<div class=\"elementor-widget-container\">\n\t\t\t<h2 class=\"elementor-heading-title elementor-size-default\">\u0110\u1ec0 C\u01af\u01a0NG<\/h2>\t\t<\/div>\n\t\t\t\t<\/div>\n\t\t\t\t<div class=\"elementor-element elementor-element-14949236 elementor-widget__width-initial elementor-absolute elementor-widget-tablet__width-initial elementor-widget-mobile__width-initial elementor-widget elementor-widget-spacer\" data-id=\"14949236\" data-element_type=\"widget\" data-settings=\"{&quot;_position&quot;:&quot;absolute&quot;}\" data-widget_type=\"spacer.default\">\n\t\t\t\t<div class=\"elementor-widget-container\">\n\t\t\t\t\t<div class=\"elementor-spacer\">\n\t\t\t<div class=\"elementor-spacer-inner\"><\/div>\n\t\t<\/div>\n\t\t\t\t<\/div>\n\t\t\t\t<\/div>\n\t\t<div class=\"elementor-element elementor-element-299961f2 e-con-full e-flex e-con e-child\" data-id=\"299961f2\" data-element_type=\"container\">\n\t\t\t\t<div class=\"elementor-element elementor-element-7a9736aa elementor-widget elementor-widget-text-editor\" data-id=\"7a9736aa\" data-element_type=\"widget\" data-widget_type=\"text-editor.default\">\n\t\t\t\t<div class=\"elementor-widget-container\">\n\t\t\t\t\t\t\t<p>1) Ph\u00e1t tri\u1ec3n c\u00f4ng ngh\u1ec7 MiniLED v\u00e0 m\u00e0n h\u00ecnh th\u00f4ng minh<\/p><p>2) Vai tr\u00f2 c\u1ee7a thi\u1ebft b\u1ecb SMT trong s\u1ea3n xu\u1ea5t c\u00e1c t\u1ea5m panel c\u00f3 \u0111\u1ed9 ch\u00ednh x\u00e1c cao v\u00e0 k\u00edch th\u01b0\u1edbc l\u1edbn.<\/p><p>3) Y\u00eau c\u1ea7u k\u1ef9 thu\u1eadt: t\u1ef7 l\u1ec7 l\u1ed7i th\u1ea5p, ki\u1ec3m so\u00e1t n\u0103ng su\u1ea5t.<\/p><p>4) C\u00e1c tr\u01b0\u1eddng h\u1ee3p th\u00e0nh c\u00f4ng v\u00e0 h\u01b0\u1edbng ph\u00e1t tri\u1ec3n trong t\u01b0\u01a1ng lai<\/p>\t\t\t\t\t\t<\/div>\n\t\t\t\t<\/div>\n\t\t\t\t<div class=\"elementor-element elementor-element-67dbb19 elementor-button-align-stretch elementor-widget elementor-widget-form\" data-id=\"67dbb19\" data-element_type=\"widget\" data-settings=\"{&quot;step_next_label&quot;:&quot;Next&quot;,&quot;step_previous_label&quot;:&quot;Previous&quot;,&quot;button_width&quot;:&quot;40&quot;,&quot;step_type&quot;:&quot;number_text&quot;,&quot;step_icon_shape&quot;:&quot;circle&quot;}\" data-widget_type=\"form.default\">\n\t\t\t\t<div class=\"elementor-widget-container\">\n\t\t\t\t\t<form class=\"elementor-form\" method=\"post\" name=\"Newsletter\" action=\"\">\n\t\t\t<input type=\"hidden\" name=\"post_id\" value=\"2902\"\/>\n\t\t\t<input type=\"hidden\" name=\"form_id\" value=\"67dbb19\"\/>\n\t\t\t<input type=\"hidden\" name=\"referer_title\" value=\"\" \/>\n\n\t\t\t\n\t\t\t<div class=\"elementor-form-fields-wrapper elementor-labels-\">\n\t\t\t\t\t\t\t\t<div class=\"elementor-field-type-email elementor-field-group elementor-column elementor-field-group-email elementor-col-60 elementor-field-required\">\n\t\t\t\t\t\t\t\t\t\t\t\t<label for=\"form-field-email\" class=\"elementor-field-label elementor-screen-only\">\n\t\t\t\t\t\t\t\tTh\u01b0 \u0111i\u1ec7n t\u1eed\t\t\t\t\t\t\t<\/label>\n\t\t\t\t\t\t\t\t\t\t\t\t\t\t<input size=\"1\" type=\"email\" name=\"form_fields[email]\" id=\"form-field-email\" class=\"elementor-field elementor-size-sm  elementor-field-textual\" placeholder=\"Th\u01b0 \u0111i\u1ec7n t\u1eed\" required=\"required\" aria-required=\"true\">\n\t\t\t\t\t\t\t\t\t\t\t<\/div>\n\t\t\t\t\t\t\t\t<div class=\"elementor-field-group elementor-column elementor-field-type-submit elementor-col-40 e-form__buttons\">\n\t\t\t\t\t<button class=\"elementor-button elementor-size-sm\" type=\"submit\">\n\t\t\t\t\t\t<span class=\"elementor-button-content-wrapper\">\n\t\t\t\t\t\t\t\t\t\t\t\t\t\t\t\t\t\t\t\t\t\t<span class=\"elementor-button-text\">\u0110\u0103ng k\u00fd <\/span>\n\t\t\t\t\t\t\t\t\t\t\t\t\t<\/span>\n\t\t\t\t\t<\/button>\n\t\t\t\t<\/div>\n\t\t\t<\/div>\n\t\t<input type=\"hidden\" name=\"trp-form-language\" value=\"vi\"\/><\/form>\n\t\t\t\t<\/div>\n\t\t\t\t<\/div>\n\t\t\t\t<\/div>\n\t\t\t\t<\/div>\n\t\t<div class=\"elementor-element elementor-element-1ac06b56 e-con-full e-flex e-con e-child\" data-id=\"1ac06b56\" data-element_type=\"container\" data-settings=\"{&quot;background_background&quot;:&quot;classic&quot;}\">\n\t\t\t\t<\/div>\n\t\t\t\t<\/div>\n\t\t<div class=\"elementor-element elementor-element-15cf4ca7 e-flex e-con-boxed e-con e-parent\" data-id=\"15cf4ca7\" data-element_type=\"container\">\n\t\t\t\t\t<div class=\"e-con-inner\">\n\t\t\t\t<div class=\"elementor-element elementor-element-1906c7b3 elementor-widget elementor-widget-heading\" data-id=\"1906c7b3\" data-element_type=\"widget\" data-widget_type=\"heading.default\">\n\t\t\t\t<div class=\"elementor-widget-container\">\n\t\t\t<h2 class=\"elementor-heading-title elementor-size-default\">\u1ee8ng d\u1ee5ng thi\u1ebft b\u1ecb S&amp;M SMT trong l\u0129nh v\u1ef1c m\u00e0n h\u00ecnh th\u00f4ng minh v\u00e0 MiniLED<\/h2>\t\t<\/div>\n\t\t\t\t<\/div>\n\t\t\t\t\t<\/div>\n\t\t\t\t<\/div>\n\t\t<div class=\"elementor-element elementor-element-45ab32ce e-flex e-con-boxed e-con e-parent\" data-id=\"45ab32ce\" data-element_type=\"container\">\n\t\t\t\t\t<div class=\"e-con-inner\">\n\t\t\t\t<div class=\"elementor-element elementor-element-6306a712 elementor-widget elementor-widget-text-editor\" data-id=\"6306a712\" data-element_type=\"widget\" data-widget_type=\"text-editor.default\">\n\t\t\t\t<div class=\"elementor-widget-container\">\n\t\t\t\t\t\t\t<p>V\u1edbi s\u1ef1 ph\u00e1t tri\u1ec3n nhanh ch\u00f3ng c\u1ee7a c\u00f4ng ngh\u1ec7 hi\u1ec3n th\u1ecb, MiniLED v\u00e0 m\u00e0n h\u00ecnh th\u00f4ng minh \u0111\u00e3 tr\u1edf th\u00e0nh xu h\u01b0\u1edbng ch\u1ee7 \u0111\u1ea1o trong ng\u00e0nh. MiniLED, v\u1edbi \u0111\u1eb7c \u0111i\u1ec3m n\u1ed5i b\u1eadt l\u00e0 \u0111\u1ed9 s\u00e1ng cao h\u01a1n, t\u1ef7 l\u1ec7 t\u01b0\u01a1ng ph\u1ea3n cao h\u01a1n v\u00e0 tu\u1ed5i th\u1ecd d\u00e0i h\u01a1n, \u0111\u01b0\u1ee3c \u1ee9ng d\u1ee5ng r\u1ed9ng r\u00e3i trong c\u00e1c s\u1ea3n ph\u1ea9m nh\u01b0 tivi, m\u00e0n h\u00ecnh th\u01b0\u01a1ng m\u1ea1i, m\u00e0n h\u00ecnh \u00f4 t\u00f4 v\u00e0 h\u1ec7 th\u1ed1ng gi\u00e1m s\u00e1t chuy\u00ean nghi\u1ec7p.<\/p><p><strong><span style=\"color: #ff0000;\">BOE,<\/span><\/strong> M\u1ed9t c\u00f4ng ty h\u00e0ng \u0111\u1ea7u th\u1ebf gi\u1edbi v\u1ec1 c\u00f4ng ngh\u1ec7 hi\u1ec3n th\u1ecb \u0111ang t\u00edch c\u1ef1c ph\u00e1t tri\u1ec3n c\u00e1c s\u1ea3n ph\u1ea9m MiniLED v\u00e0 m\u00e0n h\u00ecnh th\u00f4ng minh cao c\u1ea5p. \u0110i\u1ec1u n\u00e0y \u0111\u1eb7t ra nh\u1eefng y\u00eau c\u1ea7u c\u1ef1c k\u1ef3 cao \u0111\u1ed1i v\u1edbi quy tr\u00ecnh s\u1ea3n xu\u1ea5t: \u0111\u1ea3m b\u1ea3o \u0111\u1ed9 s\u00e1ng \u0111\u1ed3ng \u0111\u1ec1u tr\u00ean to\u00e0n b\u1ed9 b\u1ea3ng hi\u1ec3n th\u1ecb \u0111\u1ed3ng th\u1eddi \u0111\u1ea3m b\u1ea3o \u0111\u1ed9 tin c\u1eady c\u1ee7a t\u1eebng m\u1ed1i h\u00e0n.<\/p><p>V\u1edbi nhi\u1ec1u n\u0103m kinh nghi\u1ec7m trong l\u0129nh v\u1ef1c ph\u00e1t tri\u1ec3n thi\u1ebft b\u1ecb SMT, S&amp;M cung c\u1ea5p cho kh\u00e1ch h\u00e0ng c\u00e1c gi\u1ea3i ph\u00e1p d\u00e2y chuy\u1ec1n s\u1ea3n xu\u1ea5t ho\u00e0n ch\u1ec9nh, \u0111\u00e1p \u1ee9ng nhu c\u1ea7u s\u1ea3n xu\u1ea5t h\u00e0ng lo\u1ea1t v\u1edbi \u0111\u1ed9 ch\u00ednh x\u00e1c cao, gi\u00fap h\u1ecd duy tr\u00ec v\u1ecb th\u1ebf d\u1eabn \u0111\u1ea7u trong c\u00f4ng ngh\u1ec7 hi\u1ec3n th\u1ecb th\u1ebf h\u1ec7 m\u1edbi.<\/p>\t\t\t\t\t\t<\/div>\n\t\t\t\t<\/div>\n\t\t\t\t\t<\/div>\n\t\t\t\t<\/div>\n\t\t<div class=\"elementor-element elementor-element-5e2142ab e-flex e-con-boxed e-con e-parent\" data-id=\"5e2142ab\" data-element_type=\"container\">\n\t\t\t\t\t<div class=\"e-con-inner\">\n\t\t<div class=\"elementor-element elementor-element-53ddd9c e-con-full e-flex e-con e-child\" data-id=\"53ddd9c\" data-element_type=\"container\">\n\t\t\t\t<div class=\"elementor-element elementor-element-1970679a elementor-widget elementor-widget-heading\" data-id=\"1970679a\" data-element_type=\"widget\" data-widget_type=\"heading.default\">\n\t\t\t\t<div class=\"elementor-widget-container\">\n\t\t\t<h2 class=\"elementor-heading-title elementor-size-default\">Vai tr\u00f2 c\u1ee7a thi\u1ebft b\u1ecb SMT trong s\u1ea3n xu\u1ea5t c\u00e1c t\u1ea5m panel c\u00f3 \u0111\u1ed9 ch\u00ednh x\u00e1c cao v\u00e0 k\u00edch th\u01b0\u1edbc l\u1edbn<\/h2>\t\t<\/div>\n\t\t\t\t<\/div>\n\t\t\t\t<\/div>\n\t\t\t\t\t<\/div>\n\t\t\t\t<\/div>\n\t\t<div class=\"elementor-element elementor-element-2f05c6c2 e-flex e-con-boxed e-con e-parent\" data-id=\"2f05c6c2\" data-element_type=\"container\">\n\t\t\t\t\t<div class=\"e-con-inner\">\n\t\t\t\t<div class=\"elementor-element elementor-element-f57f714 elementor-widget elementor-widget-text-editor\" data-id=\"f57f714\" data-element_type=\"widget\" data-widget_type=\"text-editor.default\">\n\t\t\t\t<div class=\"elementor-widget-container\">\n\t\t\t\t\t\t\t<p>C\u00e1c s\u1ea3n ph\u1ea9m m\u00e0n h\u00ecnh th\u00f4ng minh v\u00e0 MiniLED th\u01b0\u1eddng s\u1eed d\u1ee5ng thi\u1ebft k\u1ebf b\u1ea3ng m\u1ea1ch in (PCB) quy m\u00f4 l\u1edbn, \u0111\u00f2i h\u1ecfi k\u1ef9 thu\u1eadt \u0111\u1eb7t linh ki\u1ec7n ch\u00ednh x\u00e1c cao v\u00e0 h\u1ec7 th\u1ed1ng truy\u1ec1n d\u1eabn \u1ed5n \u0111\u1ecbnh.<\/p><p>S&amp;M, th\u00f4ng qua thi\u1ebft b\u1ecb ch\u00ednh x\u00e1c c\u1ee7a m\u00ecnh, gi\u00fap kh\u00e1ch h\u00e0ng \u0111\u1ea1t \u0111\u01b0\u1ee3c s\u1ea3n xu\u1ea5t h\u00e0ng lo\u1ea1t hi\u1ec7u qu\u1ea3 v\u00e0 ch\u1ea5t l\u01b0\u1ee3ng \u1ed5n \u0111\u1ecbnh trong qu\u00e1 tr\u00ecnh s\u1ea3n xu\u1ea5t c\u00e1c t\u1ea5m hi\u1ec3n th\u1ecb quy m\u00f4 l\u1edbn, m\u1eadt \u0111\u1ed9 cao.<\/p>\t\t\t\t\t\t<\/div>\n\t\t\t\t<\/div>\n\t\t\t\t\t<\/div>\n\t\t\t\t<\/div>\n\t\t<div class=\"elementor-element elementor-element-2f134027 e-flex e-con-boxed e-con e-parent\" data-id=\"2f134027\" data-element_type=\"container\">\n\t\t\t\t\t<div class=\"e-con-inner\">\n\t\t\t\t<div class=\"elementor-element elementor-element-5257af63 elementor-widget elementor-widget-heading\" data-id=\"5257af63\" data-element_type=\"widget\" data-widget_type=\"heading.default\">\n\t\t\t\t<div class=\"elementor-widget-container\">\n\t\t\t<h2 class=\"elementor-heading-title elementor-size-default\">Y\u00eau c\u1ea7u k\u1ef9 thu\u1eadt: T\u1ef7 l\u1ec7 l\u1ed7i th\u1ea5p, ki\u1ec3m so\u00e1t n\u0103ng su\u1ea5t.<\/h2>\t\t<\/div>\n\t\t\t\t<\/div>\n\t\t\t\t<div class=\"elementor-element elementor-element-2966c20 elementor-widget elementor-widget-text-editor\" data-id=\"2966c20\" data-element_type=\"widget\" data-widget_type=\"text-editor.default\">\n\t\t\t\t<div class=\"elementor-widget-container\">\n\t\t\t\t\t\t\t<p>S\u1ea3n ph\u1ea9m MiniLED \u0111\u00f2i h\u1ecfi t\u1ef7 l\u1ec7 thu h\u1ed3i c\u1ef1c cao. B\u1ea5t k\u1ef3 khuy\u1ebft t\u1eadt nh\u1ecf n\u00e0o \u1edf m\u1ed1i h\u00e0n c\u0169ng c\u00f3 th\u1ec3 g\u00e2y ra hi\u1ec7n t\u01b0\u1ee3ng hi\u1ec3n th\u1ecb b\u1ea5t th\u01b0\u1eddng ho\u1eb7c l\u00e0m gi\u1ea3m tu\u1ed5i th\u1ecd s\u1ea3n ph\u1ea9m. Kh\u00e1ch h\u00e0ng ph\u1ea3i ki\u1ec3m so\u00e1t nghi\u00eam ng\u1eb7t t\u1ef7 l\u1ec7 khuy\u1ebft t\u1eadt trong qu\u00e1 tr\u00ecnh l\u1eafp r\u00e1p m\u1eadt \u0111\u1ed9 cao v\u00e0 s\u1ea3n xu\u1ea5t PCB quy m\u00f4 l\u1edbn.<\/p><p><strong><span style=\"color: #ff0000;\">BOE\u2019s<\/span><\/strong> C\u00e1c d\u00e2y chuy\u1ec1n s\u1ea3n xu\u1ea5t s\u1eed d\u1ee5ng c\u00e1c gi\u1ea3i ph\u00e1p SMT t\u1ef1 \u0111\u1ed9ng c\u1ee7a S&amp;M, \u0111\u1ea1t \u0111\u01b0\u1ee3c ki\u1ec3m so\u00e1t n\u0103ng su\u1ea5t to\u00e0n b\u1ed9 quy tr\u00ecnh:<\/p><p>H\u00e0n ch\u1ea3y l\u1ea1i gi\u00fap gi\u1ea3m c\u00e1c l\u1ed7 r\u1ed7ng trong m\u1ed1i h\u00e0n v\u00e0 n\u00e2ng cao \u0111\u1ed9 tin c\u1eady t\u1ed5ng th\u1ec3.<\/p><p>C\u00e1c bi\u1ec7n ph\u00e1p n\u00e0y gi\u00fap gi\u1ea3m \u0111\u00e1ng k\u1ec3 t\u1ef7 l\u1ec7 l\u1ed7i trong s\u1ea3n xu\u1ea5t h\u00e0ng lo\u1ea1t, h\u1ed7 tr\u1ee3 kh\u00e1ch h\u00e0ng duy tr\u00ec kh\u1ea3 n\u0103ng giao h\u00e0ng cao trong ng\u00e0nh c\u00f4ng nghi\u1ec7p hi\u1ec3n th\u1ecb \u0111\u00f2i h\u1ecfi kh\u1eaft khe.<\/p>\t\t\t\t\t\t<\/div>\n\t\t\t\t<\/div>\n\t\t\t\t\t<\/div>\n\t\t\t\t<\/div>\n\t\t<div class=\"elementor-element elementor-element-32224b71 e-flex e-con-boxed e-con e-parent\" data-id=\"32224b71\" data-element_type=\"container\">\n\t\t\t\t\t<div class=\"e-con-inner\">\n\t\t\t\t<div class=\"elementor-element elementor-element-1fb65a3e elementor-widget elementor-widget-heading\" data-id=\"1fb65a3e\" data-element_type=\"widget\" data-widget_type=\"heading.default\">\n\t\t\t\t<div class=\"elementor-widget-container\">\n\t\t\t<h2 class=\"elementor-heading-title elementor-size-default\">C\u00e1c tr\u01b0\u1eddng h\u1ee3p th\u00e0nh c\u00f4ng v\u00e0 h\u01b0\u1edbng ph\u00e1t tri\u1ec3n trong t\u01b0\u01a1ng lai<\/h2>\t\t<\/div>\n\t\t\t\t<\/div>\n\t\t<div class=\"elementor-element elementor-element-5e8a30b3 e-con-full e-flex e-con e-child\" data-id=\"5e8a30b3\" data-element_type=\"container\">\n\t\t\t\t<div class=\"elementor-element elementor-element-616d7ab6 elementor-widget elementor-widget-text-editor\" data-id=\"616d7ab6\" data-element_type=\"widget\" data-widget_type=\"text-editor.default\">\n\t\t\t\t<div class=\"elementor-widget-container\">\n\t\t\t\t\t\t\t<p>C\u00e1c gi\u1ea3i ph\u00e1p c\u1ee7a S&amp;M trong l\u0129nh v\u1ef1c m\u00e0n h\u00ecnh th\u00f4ng minh v\u00e0 MiniLED \u0111\u00e3 \u0111\u01b0\u1ee3c tri\u1ec3n khai th\u00e0nh c\u00f4ng b\u1edfi nhi\u1ec1u kh\u00e1ch h\u00e0ng n\u1ed5i ti\u1ebfng, bao g\u1ed3m BOE, Unilumin v\u00e0 Goertek.<\/p><p>Khi c\u00f4ng ngh\u1ec7 MicroLED v\u00e0 m\u00e0n h\u00ecnh si\u00eau n\u00e9t ti\u1ebfp t\u1ee5c ph\u00e1t tri\u1ec3n, S&amp;M s\u1ebd ti\u1ebfp t\u1ee5c t\u1ed1i \u01b0u h\u00f3a c\u00e1c gi\u1ea3i ph\u00e1p d\u00e2y chuy\u1ec1n SMT ho\u00e0n ch\u1ec9nh c\u1ee7a m\u00ecnh, mang \u0111\u1ebfn cho kh\u00e1ch h\u00e0ng \u0111\u1ed9 ch\u00ednh x\u00e1c cao h\u01a1n, \u0111\u1ed9 tin c\u1eady cao h\u01a1n v\u00e0 kh\u1ea3 n\u0103ng s\u1ea3n xu\u1ea5t th\u00f4ng minh h\u01a1n.<\/p>\t\t\t\t\t\t<\/div>\n\t\t\t\t<\/div>\n\t\t\t\t<\/div>\n\t\t\t\t\t<\/div>\n\t\t\t\t<\/div>\n\t\t<div class=\"elementor-element elementor-element-38bc1f73 e-flex e-con-boxed e-con e-parent\" data-id=\"38bc1f73\" data-element_type=\"container\" data-settings=\"{&quot;background_background&quot;:&quot;classic&quot;}\">\n\t\t\t\t\t<div class=\"e-con-inner\">\n\t\t\t\t<div class=\"elementor-element elementor-element-635422a9 elementor-widget elementor-widget-heading\" data-id=\"635422a9\" data-element_type=\"widget\" data-widget_type=\"heading.default\">\n\t\t\t\t<div class=\"elementor-widget-container\">\n\t\t\t<h2 class=\"elementor-heading-title elementor-size-default\">Gi\u00e1 tr\u1ecb \u1ee9ng d\u1ee5ng<\/h2>\t\t<\/div>\n\t\t\t\t<\/div>\n\t\t\t\t<div class=\"elementor-element elementor-element-43889042 elementor-widget elementor-widget-text-editor\" data-id=\"43889042\" data-element_type=\"widget\" data-widget_type=\"text-editor.default\">\n\t\t\t\t<div class=\"elementor-widget-container\">\n\t\t\t\t\t\t\t<p>Gi\u00e1 tr\u1ecb \u1ee9ng d\u1ee5ng: B\u1eb1ng c\u00e1ch n\u00e2ng cao t\u1ef1 \u0111\u1ed9ng h\u00f3a d\u00e2y chuy\u1ec1n s\u1ea3n xu\u1ea5t, gi\u1ea3m t\u1ef7 l\u1ec7 l\u1ed7i v\u00e0 h\u1ed7 tr\u1ee3 m\u1edf r\u1ed9ng s\u1ea3n xu\u1ea5t linh ho\u1ea1t, S&amp;M gi\u00fap kh\u00e1ch h\u00e0ng duy tr\u00ec l\u1ee3i th\u1ebf c\u1ea1nh tranh tr\u00ean th\u1ecb tr\u01b0\u1eddng thi\u1ebft b\u1ecb th\u00f4ng minh to\u00e0n c\u1ea7u.<\/p>\t\t\t\t\t\t<\/div>\n\t\t\t\t<\/div>\n\t\t\t\t<div class=\"elementor-element elementor-element-46bfc79 elementor-skin-carousel elementor-widget elementor-widget-media-carousel\" data-id=\"46bfc79\" data-element_type=\"widget\" data-settings=\"{&quot;slides_per_view&quot;:&quot;5&quot;,&quot;slides_to_scroll&quot;:&quot;1&quot;,&quot;slides_per_view_tablet&quot;:&quot;4&quot;,&quot;slides_per_view_mobile&quot;:&quot;2&quot;,&quot;skin&quot;:&quot;carousel&quot;,&quot;effect&quot;:&quot;slide&quot;,&quot;speed&quot;:500,&quot;autoplay&quot;:&quot;yes&quot;,&quot;autoplay_speed&quot;:5000,&quot;loop&quot;:&quot;yes&quot;,&quot;pause_on_hover&quot;:&quot;yes&quot;,&quot;pause_on_interaction&quot;:&quot;yes&quot;,&quot;space_between&quot;:{&quot;unit&quot;:&quot;px&quot;,&quot;size&quot;:10,&quot;sizes&quot;:[]},&quot;space_between_tablet&quot;:{&quot;unit&quot;:&quot;px&quot;,&quot;size&quot;:10,&quot;sizes&quot;:[]},&quot;space_between_mobile&quot;:{&quot;unit&quot;:&quot;px&quot;,&quot;size&quot;:10,&quot;sizes&quot;:[]}}\" data-widget_type=\"media-carousel.default\">\n\t\t\t\t<div class=\"elementor-widget-container\">\n\t\t\t\t\t<div class=\"elementor-swiper\">\n\t\t\t<div class=\"elementor-main-swiper swiper\">\n\t\t\t\t<div class=\"swiper-wrapper\">\n\t\t\t\t\t\t\t\t\t\t\t<div class=\"swiper-slide\">\n\t\t\t\t\t\t\t\t\t<div class=\"elementor-carousel-image\" role=\"img\" aria-label=\"1756803359-Kh\u00e1ch h\u00e0ng Malaysia-5\" style=\"background-image: url(&#039;https:\/\/www.chuxin-smt.com\/wp-content\/uploads\/2025\/09\/1756803359-Malaysian-customers-5.jpg&#039;)\">\n\n\t\t\t\n\t\t\t\t\t<\/div>\n\t\t\t\t\t\t\t\t<\/div>\n\t\t\t\t\t\t\t\t\t\t\t<div class=\"swiper-slide\">\n\t\t\t\t\t\t\t\t\t<div class=\"elementor-carousel-image\" role=\"img\" aria-label=\"1756778979-kh\u00e1ch h\u00e0ng-2\" style=\"background-image: url(&#039;https:\/\/www.chuxin-smt.com\/wp-content\/uploads\/2025\/09\/1756778979-customers-2.jpg&#039;)\">\n\n\t\t\t\n\t\t\t\t\t<\/div>\n\t\t\t\t\t\t\t\t<\/div>\n\t\t\t\t\t\t\t\t\t\t\t<div class=\"swiper-slide\">\n\t\t\t\t\t\t\t\t\t<div class=\"elementor-carousel-image\" role=\"img\" aria-label=\"1756803354-Kh\u00e1ch h\u00e0ng Malaysia-3\" style=\"background-image: url(&#039;https:\/\/www.chuxin-smt.com\/wp-content\/uploads\/2025\/09\/1756803354-Malaysian-customers-3.jpg&#039;)\">\n\n\t\t\t\n\t\t\t\t\t<\/div>\n\t\t\t\t\t\t\t\t<\/div>\n\t\t\t\t\t\t\t\t\t\t\t<div class=\"swiper-slide\">\n\t\t\t\t\t\t\t\t\t<div class=\"elementor-carousel-image\" role=\"img\" aria-label=\"1756803348 - Kh\u00e1ch h\u00e0ng Malaysia\" style=\"background-image: url(&#039;https:\/\/www.chuxin-smt.com\/wp-content\/uploads\/2025\/09\/1756803348-Malaysian-customers.jpg&#039;)\">\n\n\t\t\t\n\t\t\t\t\t<\/div>\n\t\t\t\t\t\t\t\t<\/div>\n\t\t\t\t\t\t\t\t\t\t\t<div class=\"swiper-slide\">\n\t\t\t\t\t\t\t\t\t<div class=\"elementor-carousel-image\" role=\"img\" aria-label=\"1756803352-Kh\u00e1ch h\u00e0ng Malaysia-2\" style=\"background-image: url(&#039;https:\/\/www.chuxin-smt.com\/wp-content\/uploads\/2025\/09\/1756803352-Malaysian-customers-2.jpg&#039;)\">\n\n\t\t\t\n\t\t\t\t\t<\/div>\n\t\t\t\t\t\t\t\t<\/div>\n\t\t\t\t\t\t\t\t\t\t\t<div class=\"swiper-slide\">\n\t\t\t\t\t\t\t\t\t<div class=\"elementor-carousel-image\" role=\"img\" aria-label=\"1756803345-Kh\u00e1ch h\u00e0ng c\u1ee7a Foxconn-3\" style=\"background-image: url(&#039;https:\/\/www.chuxin-smt.com\/wp-content\/uploads\/2025\/09\/1756803345-Foxconn-customers-3.jpg&#039;)\">\n\n\t\t\t\n\t\t\t\t\t<\/div>\n\t\t\t\t\t\t\t\t<\/div>\n\t\t\t\t\t\t\t\t\t\t\t<div class=\"swiper-slide\">\n\t\t\t\t\t\t\t\t\t<div class=\"elementor-carousel-image\" role=\"img\" aria-label=\"1756803335-Kh\u00e1ch h\u00e0ng c\u1ee7a Foxconn\" style=\"background-image: url(&#039;https:\/\/www.chuxin-smt.com\/wp-content\/uploads\/2025\/09\/1756803335-Foxconn-customers.jpg&#039;)\">\n\n\t\t\t\n\t\t\t\t\t<\/div>\n\t\t\t\t\t\t\t\t<\/div>\n\t\t\t\t\t\t\t\t\t<\/div>\n\t\t\t\t\t\t\t\t\t\t\t\t\t\t\t\t\t\t\t\t\t<\/div>\n\t\t<\/div>\n\t\t\t\t<\/div>\n\t\t\t\t<\/div>\n\t\t\t\t\t<\/div>\n\t\t\t\t<\/div>\n\t\t<div class=\"elementor-element elementor-element-761fe67c e-con-full e-flex e-con e-parent\" data-id=\"761fe67c\" data-element_type=\"container\">\n\t\t\t\t<div class=\"elementor-element elementor-element-22b9962f elementor-cta--layout-image-right elementor-cta--mobile-layout-image-above elementor-cta--skin-classic elementor-animated-content elementor-bg-transform elementor-bg-transform-zoom-in elementor-widget elementor-widget-call-to-action\" data-id=\"22b9962f\" data-element_type=\"widget\" data-widget_type=\"call-to-action.default\">\n\t\t\t\t<div class=\"elementor-widget-container\">\n\t\t\t\t\t<div class=\"elementor-cta\">\n\t\t\t\t\t<div class=\"elementor-cta__bg-wrapper\">\n\t\t\t\t<div class=\"elementor-cta__bg elementor-bg\" style=\"background-image: url(https:\/\/www.chuxin-smt.com\/wp-content\/uploads\/2025\/04\/1744707680-\u6c5f\u95e8\u5de5\u5382.jpg);\" role=\"img\" aria-label=\"Nh\u00e0 m\u00e1y S&amp;M\"><\/div>\n\t\t\t\t<div class=\"elementor-cta__bg-overlay\"><\/div>\n\t\t\t<\/div>\n\t\t\t\t\t\t\t<div class=\"elementor-cta__content\">\n\t\t\t\t\n\t\t\t\t\t\t\t\t\t<span class=\"elementor-cta__title elementor-cta__content-item elementor-content-item\">\n\t\t\t\t\t\tC\u1ea7n thi\u1ebft b\u1ecb SMT?\t\t\t\t\t<\/span>\n\t\t\t\t\n\t\t\t\t\t\t\t\t\t<div class=\"elementor-cta__description elementor-cta__content-item elementor-content-item\">\n\t\t\t\t\t\tY\u00eau c\u1ea7u t\u01b0 v\u1ea5n mi\u1ec5n ph\u00ed v\u00e0 b\u00e1o gi\u00e1.\t\t\t\t\t<\/div>\n\t\t\t\t\n\t\t\t\t\t\t\t\t\t<div class=\"elementor-cta__button-wrapper elementor-cta__content-item elementor-content-item\">\n\t\t\t\t\t<a class=\"elementor-cta__button elementor-button elementor-size-md\" href=\"https:\/\/www.chuxin-smt.com\/vi\/contacts\/\">\n\t\t\t\t\t\tLi\u00ean h\u1ec7 v\u1edbi ch\u00fang t\u00f4i\t\t\t\t\t<\/a>\n\t\t\t\t\t<\/div>\n\t\t\t\t\t\t\t<\/div>\n\t\t\t\t\t\t<\/div>\n\t\t\t\t<\/div>\n\t\t\t\t<\/div>\n\t\t\t\t<\/div>\n\t\t\t\t<\/div>","protected":false},"excerpt":{"rendered":"<p>OUTLINE 1) Technological Development of MiniLED and Smart Display 2) The role of SMT equipment in the production of high-precision [&hellip;]<\/p>","protected":false},"author":1,"featured_media":0,"parent":0,"menu_order":0,"comment_status":"closed","ping_status":"closed","template":"","meta":{"_acf_changed":false,"site-sidebar-layout":"no-sidebar","site-content-layout":"","ast-site-content-layout":"full-width-container","site-content-style":"default","site-sidebar-style":"default","ast-global-header-display":"","ast-banner-title-visibility":"","ast-main-header-display":"","ast-hfb-above-header-display":"","ast-hfb-below-header-display":"","ast-hfb-mobile-header-display":"","site-post-title":"disabled","ast-breadcrumbs-content":"","ast-featured-img":"disabled","footer-sml-layout":"","theme-transparent-header-meta":"default","adv-header-id-meta":"","stick-header-meta":"","header-above-stick-meta":"","header-main-stick-meta":"","header-below-stick-meta":"","astra-migrate-meta-layouts":"set","ast-page-background-enabled":"default","ast-page-background-meta":{"desktop":{"background-color":"var(--ast-global-color-4)","background-image":"","background-repeat":"repeat","background-position":"center center","background-size":"auto","background-attachment":"scroll","background-type":"","background-media":"","overlay-type":"","overlay-color":"","overlay-opacity":"","overlay-gradient":""},"tablet":{"background-color":"","background-image":"","background-repeat":"repeat","background-position":"center center","background-size":"auto","background-attachment":"scroll","background-type":"","background-media":"","overlay-type":"","overlay-color":"","overlay-opacity":"","overlay-gradient":""},"mobile":{"background-color":"","background-image":"","background-repeat":"repeat","background-position":"center center","background-size":"auto","background-attachment":"scroll","background-type":"","background-media":"","overlay-type":"","overlay-color":"","overlay-opacity":"","overlay-gradient":""}},"ast-content-background-meta":{"desktop":{"background-color":"var(--ast-global-color-5)","background-image":"","background-repeat":"repeat","background-position":"center center","background-size":"auto","background-attachment":"scroll","background-type":"","background-media":"","overlay-type":"","overlay-color":"","overlay-opacity":"","overlay-gradient":""},"tablet":{"background-color":"var(--ast-global-color-5)","background-image":"","background-repeat":"repeat","background-position":"center center","background-size":"auto","background-attachment":"scroll","background-type":"","background-media":"","overlay-type":"","overlay-color":"","overlay-opacity":"","overlay-gradient":""},"mobile":{"background-color":"var(--ast-global-color-5)","background-image":"","background-repeat":"repeat","background-position":"center center","background-size":"auto","background-attachment":"scroll","background-type":"","background-media":"","overlay-type":"","overlay-color":"","overlay-opacity":"","overlay-gradient":""}}},"class_list":["post-2902","page","type-page","status-publish","hentry"],"acf":[],"_links":{"self":[{"href":"https:\/\/www.chuxin-smt.com\/vi\/wp-json\/wp\/v2\/pages\/2902","targetHints":{"allow":["GET"]}}],"collection":[{"href":"https:\/\/www.chuxin-smt.com\/vi\/wp-json\/wp\/v2\/pages"}],"about":[{"href":"https:\/\/www.chuxin-smt.com\/vi\/wp-json\/wp\/v2\/types\/page"}],"author":[{"embeddable":true,"href":"https:\/\/www.chuxin-smt.com\/vi\/wp-json\/wp\/v2\/users\/1"}],"replies":[{"embeddable":true,"href":"https:\/\/www.chuxin-smt.com\/vi\/wp-json\/wp\/v2\/comments?post=2902"}],"version-history":[{"count":0,"href":"https:\/\/www.chuxin-smt.com\/vi\/wp-json\/wp\/v2\/pages\/2902\/revisions"}],"wp:attachment":[{"href":"https:\/\/www.chuxin-smt.com\/vi\/wp-json\/wp\/v2\/media?parent=2902"}],"curies":[{"name":"wp","href":"https:\/\/api.w.org\/{rel}","templated":true}]}}